{"id":850,"date":"2017-10-27T21:30:59","date_gmt":"2017-10-27T14:30:59","guid":{"rendered":"https:\/\/demo.bmconnect.vn\/inbat\/?page_id=850"},"modified":"2017-10-27T21:33:35","modified_gmt":"2017-10-27T14:33:35","slug":"in-bien-quang-cao","status":"publish","type":"page","link":"https:\/\/demo.bmconnect.vn\/inbat\/in-bien-quang-cao\/","title":{"rendered":"In bi\u1ec3n qu\u1ea3ng c\u00e1o"},"content":{"rendered":"<h1><strong>In bi\u1ec3n qu\u1ea3ng c\u00e1o<\/strong><\/h1>\n<p>M\u1ed9t doanh nghi\u1ec7p &#8211; nh\u1ea5t l\u00e0 doanh nghi\u1ec7p l\u1edbn th\u00ec vi\u1ec7c qu\u1ea3ng b\u00e1 g\u00e2y \u1ea5n t\u01b0\u1ee3ng s\u00e2u \u0111\u1eadm v\u1edbi Kh\u00e1ch h\u00e0ng v\u1ec1 th\u01b0\u01a1ng hi\u1ec7u l\u00e0 v\u00f4 c\u00f9ng quan tr\u1ecdng. R\u1ea5t nhi\u1ec1u c\u00e1c h\u00ecnh th\u1ee9c qu\u1ea3ng b\u00e1, qu\u1ea3ng c\u00e1o m\u1edbi \u0111\u00e3, \u0111ang ra \u0111\u1eddi v\u00e0 ph\u00e1t tri\u1ec3n, song B\u1ea3ng, Bi\u1ec3n Qu\u1ea3ng C\u00e1o v\u1eabn t\u1ecf ra l\u00e0 h\u00ecnh th\u1ee9c qu\u1ea3ng c\u00e1o thi\u1ebft th\u1ef1c, hi\u1ec7u qu\u1ea3 nh\u1ea5t trong vi\u1ec7c t\u1ea1o \u1ea5n t\u01b0\u1ee3ng v\u1edbi Kh\u00e1ch H\u00e0ng.<\/p>\n<p>Thi\u00ean H\u00e0 cung c\u1ea5p D\u1ecbch v\u1ee5 thi\u1ebft k\u1ebf, thi c\u00f4ng Bi\u1ec3n Qu\u1ea3ng C\u00e1o chuy\u00ean nghi\u1ec7p v\u1edbi mong mu\u1ed1n, m\u1ed7i Bi\u1ec3n Qu\u1ea3ng C\u00e1o c\u1ee7a ch\u00fang t\u00f4i \u0111\u1ec1u ch\u1ee9a \u0111\u1ef1ng trong \u0111\u00f3 m\u1ed9t ph\u1ea7n &#8220;h\u1ed3n&#8221; c\u1ee7a Doanh nghi\u1ec7p. H\u00ecnh \u1ea3nh c\u1ee7a b\u1ea1n ch\u00ednh l\u00e0 h\u00ecnh \u1ea3nh c\u1ee7a ch\u00fang t\u00f4i.<\/p>\n\n  \n    <div class=\"row large-columns-3 medium-columns-1 small-columns-1\">\n  \t\t<div class=\"col post-item\" >\n\t\t\t<div class=\"col-inner\">\n\t\t\t<a href=\"https:\/\/demo.bmconnect.vn\/inbat\/dich-vu-in-bat-quang-cao-kho-lon-sieu-net-sieu-re\/\" class=\"plain\">\n\t\t\t\t<div class=\"box box-normal box-text-bottom box-blog-post has-hover\">\n            \t\t\t\t\t<div class=\"box-image\" >\n  \t\t\t\t\t\t<div class=\"image-cover\" style=\"padding-top:56.25%;\">\n  \t\t\t\t\t\t\t<img width=\"300\" height=\"191\" src=\"https:\/\/demo.bmconnect.vn\/inbat\/wp-content\/uploads\/2017\/10\/dich-vu-on-bat-quang-cao-kho-lon-sieu-net-sieu-re-02-300x191.jpg\" class=\"attachment-medium size-medium wp-post-image\" alt=\"\" loading=\"lazy\" srcset=\"https:\/\/demo.bmconnect.vn\/inbat\/wp-content\/uploads\/2017\/10\/dich-vu-on-bat-quang-cao-kho-lon-sieu-net-sieu-re-02-300x191.jpg 300w, https:\/\/demo.bmconnect.vn\/inbat\/wp-content\/uploads\/2017\/10\/dich-vu-on-bat-quang-cao-kho-lon-sieu-net-sieu-re-02-768x489.jpg 768w, https:\/\/demo.bmconnect.vn\/inbat\/wp-content\/uploads\/2017\/10\/dich-vu-on-bat-quang-cao-kho-lon-sieu-net-sieu-re-02.jpg 800w\" sizes=\"(max-width: 300px) 100vw, 300px\" \/>  \t\t\t\t\t\t\t  \t\t\t\t\t\t\t  \t\t\t\t\t\t<\/div>\n  \t\t\t\t\t\t  \t\t\t\t\t<\/div><!-- .box-image -->\n          \t\t\t\t\t<div class=\"box-text text-center\" >\n\t\t\t\t\t<div class=\"box-text-inner blog-post-inner\">\n\n\t\t\t\t\t\n\t\t\t\t\t\t\t\t\t\t<h5 class=\"post-title is-large \">D\u1ecbch v\u1ee5 in b\u1ea1t qu\u1ea3ng c\u00e1o kh\u1ed5 l\u1edbn si\u00eau n\u00e9t, si\u00eau r\u1ebb<\/h5>\n\t\t\t\t\t\t\t\t\t\t<div class=\"is-divider\"><\/div>\n\t\t\t\t\t\t\t\t\t\t<p class=\"from_the_blog_excerpt \">Nh\u1eb1m \u0111\u00e1p \u1ee9ng nhu c\u1ea7u qu\u1ea3ng c\u00e1o ng\u00e0y c\u00e0ng cao cho c\u00e1c doanh nghi\u1ec7p, c\u00f4ng [...]\t\t\t\t\t<\/p>\n\t\t\t\t\t                    \n\t\t\t\t\t\n\t\t\t\t\t\n\t\t\t\t\t<\/div><!-- .box-text-inner -->\n\t\t\t\t\t<\/div><!-- .box-text -->\n\t\t\t\t\t\t\t\t\t<\/div><!-- .box -->\n\t\t\t\t<\/a><!-- .link -->\n\t\t\t<\/div><!-- .col-inner -->\n\t\t<\/div><!-- .col -->\n\t\t<div class=\"col post-item\" >\n\t\t\t<div class=\"col-inner\">\n\t\t\t<a href=\"https:\/\/demo.bmconnect.vn\/inbat\/in-bien-quang-cao-cat-toc-nghe-thuat\/\" class=\"plain\">\n\t\t\t\t<div class=\"box box-normal box-text-bottom box-blog-post has-hover\">\n            \t\t\t\t\t<div class=\"box-image\" >\n  \t\t\t\t\t\t<div class=\"image-cover\" style=\"padding-top:56.25%;\">\n  \t\t\t\t\t\t\t<img width=\"300\" height=\"257\" src=\"https:\/\/demo.bmconnect.vn\/inbat\/wp-content\/uploads\/2017\/10\/in-bien-quang-cao-cho-quan-cat-toc-nghe-thuat-01-300x257.jpg\" class=\"attachment-medium size-medium wp-post-image\" alt=\"\" loading=\"lazy\" srcset=\"https:\/\/demo.bmconnect.vn\/inbat\/wp-content\/uploads\/2017\/10\/in-bien-quang-cao-cho-quan-cat-toc-nghe-thuat-01-300x257.jpg 300w, https:\/\/demo.bmconnect.vn\/inbat\/wp-content\/uploads\/2017\/10\/in-bien-quang-cao-cho-quan-cat-toc-nghe-thuat-01-768x659.jpg 768w, https:\/\/demo.bmconnect.vn\/inbat\/wp-content\/uploads\/2017\/10\/in-bien-quang-cao-cho-quan-cat-toc-nghe-thuat-01.jpg 800w\" sizes=\"(max-width: 300px) 100vw, 300px\" \/>  \t\t\t\t\t\t\t  \t\t\t\t\t\t\t  \t\t\t\t\t\t<\/div>\n  \t\t\t\t\t\t  \t\t\t\t\t<\/div><!-- .box-image -->\n          \t\t\t\t\t<div class=\"box-text text-center\" >\n\t\t\t\t\t<div class=\"box-text-inner blog-post-inner\">\n\n\t\t\t\t\t\n\t\t\t\t\t\t\t\t\t\t<h5 class=\"post-title is-large \">In bi\u1ec3n qu\u1ea3ng c\u00e1o c\u1eaft t\u00f3c ngh\u1ec7 thu\u1eadt<\/h5>\n\t\t\t\t\t\t\t\t\t\t<div class=\"is-divider\"><\/div>\n\t\t\t\t\t\t\t\t\t\t<p class=\"from_the_blog_excerpt \">B\u1ea1n \u0111ang s\u1edf h\u1eefu m\u1ed9t qu\u00e1n c\u1eaft t\u00f3c ngh\u1ec7 thu\u1eadt, b\u1ea1n mu\u1ed1n h\u00fat kh\u00e1ch \u0111\u1ebfn [...]\t\t\t\t\t<\/p>\n\t\t\t\t\t                    \n\t\t\t\t\t\n\t\t\t\t\t\n\t\t\t\t\t<\/div><!-- .box-text-inner -->\n\t\t\t\t\t<\/div><!-- .box-text -->\n\t\t\t\t\t\t\t\t\t<\/div><!-- .box -->\n\t\t\t\t<\/a><!-- .link -->\n\t\t\t<\/div><!-- .col-inner -->\n\t\t<\/div><!-- .col -->\n\t\t<div class=\"col post-item\" >\n\t\t\t<div class=\"col-inner\">\n\t\t\t<a href=\"https:\/\/demo.bmconnect.vn\/inbat\/can-tim-dia-chi-in-bien-quang-cao-uy-tin-chuyen-nghiep-nhat-ha-noi\/\" class=\"plain\">\n\t\t\t\t<div class=\"box box-normal box-text-bottom box-blog-post has-hover\">\n            \t\t\t\t\t<div class=\"box-image\" >\n  \t\t\t\t\t\t<div class=\"image-cover\" style=\"padding-top:56.25%;\">\n  \t\t\t\t\t\t\t<img width=\"300\" height=\"225\" src=\"https:\/\/demo.bmconnect.vn\/inbat\/wp-content\/uploads\/2017\/10\/can-tim-dia-chi-in-bien-quang-cao-uy-tin-chuyen-nghiep-nhat-ha-noi-02-300x225.jpg\" class=\"attachment-medium size-medium wp-post-image\" alt=\"\" loading=\"lazy\" srcset=\"https:\/\/demo.bmconnect.vn\/inbat\/wp-content\/uploads\/2017\/10\/can-tim-dia-chi-in-bien-quang-cao-uy-tin-chuyen-nghiep-nhat-ha-noi-02-300x225.jpg 300w, https:\/\/demo.bmconnect.vn\/inbat\/wp-content\/uploads\/2017\/10\/can-tim-dia-chi-in-bien-quang-cao-uy-tin-chuyen-nghiep-nhat-ha-noi-02-768x576.jpg 768w, https:\/\/demo.bmconnect.vn\/inbat\/wp-content\/uploads\/2017\/10\/can-tim-dia-chi-in-bien-quang-cao-uy-tin-chuyen-nghiep-nhat-ha-noi-02.jpg 800w\" sizes=\"(max-width: 300px) 100vw, 300px\" \/>  \t\t\t\t\t\t\t  \t\t\t\t\t\t\t  \t\t\t\t\t\t<\/div>\n  \t\t\t\t\t\t  \t\t\t\t\t<\/div><!-- .box-image -->\n          \t\t\t\t\t<div class=\"box-text text-center\" >\n\t\t\t\t\t<div class=\"box-text-inner blog-post-inner\">\n\n\t\t\t\t\t\n\t\t\t\t\t\t\t\t\t\t<h5 class=\"post-title is-large \">C\u1ea7n t\u00ecm \u0111\u1ecba ch\u1ec9 in bi\u1ec3n qu\u1ea3ng c\u00e1o uy t\u00edn, chuy\u00ean nghi\u1ec7p nh\u1ea5t H\u00e0 N\u1ed9i<\/h5>\n\t\t\t\t\t\t\t\t\t\t<div class=\"is-divider\"><\/div>\n\t\t\t\t\t\t\t\t\t\t<p class=\"from_the_blog_excerpt \">B\u1ea1n \u0111ang c\u00f3 nhu c\u1ea7u s\u1eed d\u1ee5ng d\u1ecbch v\u1ee5 in \u1ea5n bi\u1ec3n qu\u1ea3ng c\u00e1o \u0111\u1ec3 [...]\t\t\t\t\t<\/p>\n\t\t\t\t\t                    \n\t\t\t\t\t\n\t\t\t\t\t\n\t\t\t\t\t<\/div><!-- .box-text-inner -->\n\t\t\t\t\t<\/div><!-- .box-text -->\n\t\t\t\t\t\t\t\t\t<\/div><!-- .box -->\n\t\t\t\t<\/a><!-- .link -->\n\t\t\t<\/div><!-- .col-inner -->\n\t\t<\/div><!-- .col -->\n<\/div>\n","protected":false},"excerpt":{"rendered":"<p>In bi\u1ec3n qu\u1ea3ng c\u00e1o M\u1ed9t doanh nghi\u1ec7p &#8211; nh\u1ea5t l\u00e0 doanh nghi\u1ec7p l\u1edbn th\u00ec vi\u1ec7c qu\u1ea3ng b\u00e1 g\u00e2y \u1ea5n t\u01b0\u1ee3ng s\u00e2u \u0111\u1eadm v\u1edbi Kh\u00e1ch h\u00e0ng v\u1ec1 th\u01b0\u01a1ng hi\u1ec7u l\u00e0 v\u00f4 c\u00f9ng quan tr\u1ecdng. R\u1ea5t nhi\u1ec1u c\u00e1c h\u00ecnh th\u1ee9c qu\u1ea3ng b\u00e1, qu\u1ea3ng c\u00e1o m\u1edbi \u0111\u00e3, \u0111ang ra \u0111\u1eddi v\u00e0 ph\u00e1t tri\u1ec3n, song B\u1ea3ng, Bi\u1ec3n Qu\u1ea3ng C\u00e1o [&#8230;]\n","protected":false},"author":1,"featured_media":0,"parent":0,"menu_order":0,"comment_status":"closed","ping_status":"closed","template":"page-left-sidebar.php","meta":[],"_links":{"self":[{"href":"https:\/\/demo.bmconnect.vn\/inbat\/wp-json\/wp\/v2\/pages\/850"}],"collection":[{"href":"https:\/\/demo.bmconnect.vn\/inbat\/wp-json\/wp\/v2\/pages"}],"about":[{"href":"https:\/\/demo.bmconnect.vn\/inbat\/wp-json\/wp\/v2\/types\/page"}],"author":[{"embeddable":true,"href":"https:\/\/demo.bmconnect.vn\/inbat\/wp-json\/wp\/v2\/users\/1"}],"replies":[{"embeddable":true,"href":"https:\/\/demo.bmconnect.vn\/inbat\/wp-json\/wp\/v2\/comments?post=850"}],"version-history":[{"count":2,"href":"https:\/\/demo.bmconnect.vn\/inbat\/wp-json\/wp\/v2\/pages\/850\/revisions"}],"predecessor-version":[{"id":861,"href":"https:\/\/demo.bmconnect.vn\/inbat\/wp-json\/wp\/v2\/pages\/850\/revisions\/861"}],"wp:attachment":[{"href":"https:\/\/demo.bmconnect.vn\/inbat\/wp-json\/wp\/v2\/media?parent=850"}],"curies":[{"name":"wp","href":"https:\/\/api.w.org\/{rel}","templated":true}]}}