{"id":847,"date":"2017-10-27T21:30:25","date_gmt":"2017-10-27T14:30:25","guid":{"rendered":"https:\/\/demo.bmconnect.vn\/inbat\/?page_id=847"},"modified":"2017-10-27T21:30:25","modified_gmt":"2017-10-27T14:30:25","slug":"in-decal-3m","status":"publish","type":"page","link":"https:\/\/demo.bmconnect.vn\/inbat\/in-decal-3m\/","title":{"rendered":"In decal 3M"},"content":{"rendered":"<div class=\"itemListCategoriesBlock\">\n<div class=\"itemListCategory\">\n<h1><strong>In decal 3M<\/strong><\/h1>\n<p>C\u00f4ng ty TNHH Th\u01b0\u01a1ng m\u1ea1i Qu\u1ea3ng c\u00e1o Thi\u00ean H\u00e0 l\u00e0 nh\u00e0 ph\u00e2n ph\u1ed1i ch\u00ednh th\u1ee9c c\u00e1c s\u1ea3n ph\u1ea9m c\u1ee7a H\u00e3ng 3M t\u1ea1i Vi\u1ec7t Nam v\u1edbi l\u0129nh v\u1ef1c ch\u00ednh : V\u1eadt li\u1ec7u chuy\u00ean ng\u00e0nh qu\u1ea3ng c\u00e1o.<\/p>\n<p>3M chi\u1ebfm h\u01a1n 60% th\u1ecb ph\u1ea7n tr\u00ean to\u00e0n th\u1ebf gi\u1edbi v\u1ec1 v\u1eadt li\u1ec7u d\u00f9ng trong l\u0129nh v\u1ef1c Qu\u1ea3ng c\u00e1o &amp; Giao th\u00f4ng. Chi\u1ebfm kho\u1ea3ng 98% v\u1eadt li\u1ec7u d\u00f9ng trong giao th\u00f4ng ri\u00eang t\u1ea1i Vi\u1ec7t Nam (Bi\u1ec3n b\u00e1o &amp; an to\u00e0n giao th\u00f4ng).<\/p>\n<p>Ph\u00e1t tri\u1ec5n theo xu h\u01b0\u1edbng gia nh\u1eadp WTO &amp; \u0111\u00e1p \u1ee9ng nhu c\u1ea7u ng\u00e0y c\u00e0ng cao c\u1ee7a c\u00e1c doanh nghi\u1ec7p trong v\u00e0 ngo\u00e0i n\u01b0\u1edbc v\u1ec1 c\u00f4ng t\u00e1c qu\u1ea3ng b\u00e1 s\u1ea3n ph\u1ea9m, th\u01b0\u01a1ng hi\u1ec7u v\u00e0 h\u00ecnh \u1ea3nh c\u00f4ng ty r\u1ed9ng r\u00e3i \u0111\u1ebfnc\u00e1c kh\u00e1ch h\u00e0ng v\u00e0 c\u00e1c \u0111\u1ed1i t\u00e1c. V\u1eadt li\u1ec7u chuy\u00ean ng\u00e0nh qu\u1ea3ng c\u00e1o 3M l\u00e0 m\u1ed9t l\u1ef1a ch\u1ecdn \u0111\u00fang \u0111\u1eafn v\u00ec c\u00f3 th\u1ec3 \u0111\u00e1p \u1ee9ng t\u1ed1t nh\u1eefng y\u00eau c\u1ea7u kh\u1eaft khe v\u00e0 ri\u00eang bi\u1ec7t c\u1ee7a t\u1eebng kh\u00e1ch h\u00e0ng nh\u01b0 \u0111\u1ed9 b\u1ec1n v\u1ec1 m\u00e0u s\u1eafc, c\u00e1c t\u00ednh n\u0103ng \u0111a d\u1ea1ng s\u1eed d\u1ee5ng \u0111\u01b0\u1ee3c \u1edf nhi\u1ec1u m\u00f4i tr\u01b0\u1eddng kh\u00e1c nhau, d\u1ec5 s\u1eed d\u1ee5ng &amp; th\u00e1o b\u1ecf kh\u00f4ng \u1ea3nh h\u01b0\u1edfng b\u1ec1 m\u1eb7t ti\u1ebfp x\u00fac trong th\u1eddi gian d\u00e0i.<\/p>\n<p>\u0110\u01b0\u1ee3c c\u00e1c c\u00f4ng ty h\u00e0ng \u0111\u1ea7u th\u1ebf gi\u1edbi trong h\u1ea7u h\u1ebft c\u00e1c l\u0129nh v\u01b0c tin d\u00f9ng nh\u01b0 : HP, Dell, Apple, IBM, Sony, Nike, ANZ, Castrol ..vv&#8230;<\/p>\n<p>Ch\u00fang t\u00f4i v\u1edbi \u0111\u1ed9i ng\u0169 nh\u00e2n vi\u00ean, chuy\u00ean vi\u00ean chuy\u00ean nghi\u1ec7p, nhi\u1ec7t t\u00ecnh v\u00e0 gi\u00e0u kinh nghi\u1ec7m lu\u00f4n s\u1eb5n s\u00e0ng t\u01b0 v\u1ea5n &amp; h\u1ed7 tr\u1ee3 \u0111\u1ec3 gi\u00fap Qu\u00fd Kh\u00e1ch c\u00f3 \u0111\u01b0\u1ee3c s\u1ef1 l\u1ef1a ch\u1ecdn nh\u1eefng s\u1ea3n ph\u1ea9m ph\u00f9 h\u1ee3p v\u00e0 hi\u1ec7u qu\u1ea3 nh\u1ea5t.<\/p>\n<\/div>\n<\/div>\n<div class=\"itemList\"><\/div>\n","protected":false},"excerpt":{"rendered":"<p>In decal 3M C\u00f4ng ty TNHH Th\u01b0\u01a1ng m\u1ea1i Qu\u1ea3ng c\u00e1o Thi\u00ean H\u00e0 l\u00e0 nh\u00e0 ph\u00e2n ph\u1ed1i ch\u00ednh th\u1ee9c c\u00e1c s\u1ea3n ph\u1ea9m c\u1ee7a H\u00e3ng 3M t\u1ea1i Vi\u1ec7t Nam v\u1edbi l\u0129nh v\u1ef1c ch\u00ednh : V\u1eadt li\u1ec7u chuy\u00ean ng\u00e0nh qu\u1ea3ng c\u00e1o. 3M chi\u1ebfm h\u01a1n 60% th\u1ecb ph\u1ea7n tr\u00ean to\u00e0n th\u1ebf gi\u1edbi v\u1ec1 v\u1eadt li\u1ec7u d\u00f9ng trong l\u0129nh v\u1ef1c [&#8230;]\n","protected":false},"author":1,"featured_media":848,"parent":0,"menu_order":0,"comment_status":"closed","ping_status":"closed","template":"page-left-sidebar.php","meta":[],"_links":{"self":[{"href":"https:\/\/demo.bmconnect.vn\/inbat\/wp-json\/wp\/v2\/pages\/847"}],"collection":[{"href":"https:\/\/demo.bmconnect.vn\/inbat\/wp-json\/wp\/v2\/pages"}],"about":[{"href":"https:\/\/demo.bmconnect.vn\/inbat\/wp-json\/wp\/v2\/types\/page"}],"author":[{"embeddable":true,"href":"https:\/\/demo.bmconnect.vn\/inbat\/wp-json\/wp\/v2\/users\/1"}],"replies":[{"embeddable":true,"href":"https:\/\/demo.bmconnect.vn\/inbat\/wp-json\/wp\/v2\/comments?post=847"}],"version-history":[{"count":1,"href":"https:\/\/demo.bmconnect.vn\/inbat\/wp-json\/wp\/v2\/pages\/847\/revisions"}],"predecessor-version":[{"id":849,"href":"https:\/\/demo.bmconnect.vn\/inbat\/wp-json\/wp\/v2\/pages\/847\/revisions\/849"}],"wp:featuredmedia":[{"embeddable":true,"href":"https:\/\/demo.bmconnect.vn\/inbat\/wp-json\/wp\/v2\/media\/848"}],"wp:attachment":[{"href":"https:\/\/demo.bmconnect.vn\/inbat\/wp-json\/wp\/v2\/media?parent=847"}],"curies":[{"name":"wp","href":"https:\/\/api.w.org\/{rel}","templated":true}]}}