{"id":835,"date":"2017-10-27T21:26:24","date_gmt":"2017-10-27T14:26:24","guid":{"rendered":"https:\/\/demo.bmconnect.vn\/inbat\/?page_id=835"},"modified":"2017-10-27T21:29:10","modified_gmt":"2017-10-27T14:29:10","slug":"in-decal-nhua","status":"publish","type":"page","link":"https:\/\/demo.bmconnect.vn\/inbat\/in-decal-nhua\/","title":{"rendered":"In Decal nh\u1ef1a"},"content":{"rendered":"<p><strong>Decal d\u00e1n s\u00e0n &#8211; Qu\u1ea3ng c\u00e1o tr\u00ean n\u1ec1n nh\u00e0 &#8211; Floor sticker<\/strong><\/p>\n<p><strong>Decal d\u00e1n s\u00e0n l\u00e0 g\u00ec?<\/strong><\/p>\n<p>Decan d\u00e1n s\u00e0n c\u00f3 kh\u1ea3 n\u0103ng ch\u1ed1ng x\u01b0\u1edbc cao, hay t\u1ea1o kh\u00f4ng gian s\u00e0n th\u00e0nh khu v\u1ef1c gi\u1edbi thi\u1ec7u s\u1ea3n ph\u1ea9m qu\u1ea3ng c\u00e1o cho th\u01b0\u01a1ng hi\u1ec7u c\u1ee7a m\u00ecnh.<\/p>\n<p>Bi\u1ebfn c\u00e1c kho\u1ea3ng tr\u1ed1ng tr\u00ean s\u00e0n nh\u00e0 th\u00e0nh n\u01a1i qu\u1ea3ng b\u00e1 kinh doanh s\u1ea3n ph\u1ea9m c\u1ee7a b\u1ea1n b\u1eb1ng c\u00e1ch s\u1eed d\u1ee5ng decal d\u00e1n s\u00e0n<\/p>\n<p>Decan d\u00e1n s\u00e0n c\u00f3 kh\u1ea3 n\u0103ng ch\u1ed1ng x\u01b0\u1edbc cao, d\u1ec5 d\u00e0ng th\u00e1o g\u1ee1 v\u00e0 d\u1ec5 d\u00e0ng \u0111\u1ec3 thay th\u1ebf. Cty Thi\u00ean H\u00e0 se \u0111em \u0111\u1ebfn cho doanh nghi\u1ec7p c\u1ee7a b\u1ea1n s\u1ea3n ph\u1ea9m \u0111\u1ed9c \u0111\u00e1o t\u1eeb decan d\u00e1n s\u00e0n, t\u1eeb v\u1eadt li\u1ec7u n\u00e0y ch\u00fang t\u00f4i c\u00f3 th\u1ec3 in nh\u1eefng h\u00ecnh \u1ea3nh qu\u1ea3ng b\u00e1 th\u01b0\u01a1ng hi\u1ec7u s\u1ea3n ph\u1ea9m, nh\u1eb1m \u0111em \u0111\u1ebfn m\u1ed9t c\u00e1i nh\u00ecn \u0111\u1ed9c \u0111\u00e1o h\u01a1n v\u1ec1 ng\u00e0nh qu\u1ea3ng c\u00e1o tr\u00ean decan d\u00e1n s\u00e0n.<\/p>\n<p>Nh\u1eefng n\u01a1i th\u00edch h\u1ee3p nh\u1ea5t cho l\u1ef1a ch\u1ecdn \u0111\u1ed3 h\u1ecda s\u00e0n nh\u01b0: si\u00eau th\u1ecb, showroom tr\u01b0ng b\u00e0y s\u1ea3n ph\u1ea9m h\u00e0ng ti\u00eau d\u00f9ng v\u00e0 th\u1ef1c ph\u1ea9m, nh\u1eefng n\u01a1i kh\u00f4ng gian gi\u1edbi h\u1ea1n. Thi\u1ebft k\u1ebf l\u1ea1 m\u1eaft v\u00e0 m\u00e0u s\u1eafc t\u01b0\u01a1i s\u00e1ng b\u1eaft m\u1eaft l\u00e0 m\u1ed9t trong nh\u1eefng y\u1ebfu t\u1ed1 quan tr\u1ecdng \u0111\u1ec3 \u0111em \u0111\u1ebfn hi\u1ec7u qu\u1ea3 cao.<\/p>\n<p>\u0110\u1ed3 h\u1ecda s\u00e0n c\u00f3 \u0111\u1ed9 b\u1ec1n cao v\u00e0 th\u1eadm ch\u00ed c\u00f3 th\u1ec3 \u0111\u01b0\u1ee3c s\u1eed d\u1ee5ng ngo\u00e0i tr\u1eddi tr\u00ean b\u1ec1 m\u1eb7t \u0111\u01b0\u1eddng s\u1eb5n x\u1ee5i, v\u1edbi m\u1ed9t l\u1edbp ph\u1ee7 b\u1ea3o v\u1ec7 h\u00ecnh \u1ea3nh, decan d\u00e1n s\u00e0n ch\u1ed1ng r\u00e1ch v\u00e0 tr\u00e0y s\u1ee9c cao.<br \/>\nNhi\u1ec1u l\u00fd do \u0111\u1ec3 ch\u00fang ta ngh\u0129 r\u1eb1ng qu\u1ea3ng c\u00e1o d\u00e1n s\u00e0n r\u1ea5t d\u1ec5 bong ch\u1ed1c v\u00e0 bay m\u00e0u do xe v\u00e0 ng\u01b0\u1eddi \u0111i qua l\u1ea1i s\u1ebd l\u00e0m m\u00e0i m\u00f2n \u0111i h\u00ecnh \u1ea3nh, v\u00ec nh\u1eefng l\u00fd do n\u00e0y cty Thi\u00ean H\u00e0 s\u1ebd cung c\u1ea5p cho doanh nghi\u1ec7p c\u1ee7a b\u1ea1n nhi\u1ec1u s\u1ef1 l\u1ef1a ch\u1ecdn nh\u01b0: \u0111\u1ed3 h\u1ecda s\u00e0n s\u1ef1 ki\u1ec7n t\u1ea1m th\u1eddi, \u0111\u1ed3 h\u1ecda s\u00e0n \u0111\u1ecbnh h\u01b0\u1edbng, decan t\u1ea7ng an to\u00e0n, decan t\u1ea7ng \u0111\u1ec3 xe v\u00e0 c\u00e1c chi\u1ebfn d\u1ecbch qu\u1ea3ng c\u00e1o \u0111\u1eb7c bi\u1ec7t.<\/p>\n<p>Ch\u00fang t\u00f4i \u0111\u1ea3m b\u1ea3o \u0111\u1ed9 ch\u1ed1ng x\u01b0\u1edbc cho b\u1ec1 m\u1eb7t v\u1edbi th\u1eddi gian \u00edt nh\u1ea5t 6 th\u00e1ng.<\/p>\n<p>Gi\u00e1: Xin vui l\u00f2ng g\u1ecdi<br \/>\nCu\u1ed9n chi\u1ec1u r\u1ed9ng: 1.27m<\/p>\n<p><strong>In decal trong kh\u1ed5 l\u1edbn<\/strong><\/p>\n<p>\u0110a ph\u1ea7n nh\u1eefng decal trong \u0111\u1ef1c in v\u1edbi c\u00f4ng ngh\u1ec7 in hi\u1ec7n \u0111\u1ea1i. C\u00f3 hai lo\u1ea1i decal trong ph\u1ed5 bi\u1ebfn : decal nh\u1ef1a tr\u1eafng trong v\u00e0 tr\u1eafng \u0111\u1ee5c. B\u00ean c\u1ea1nh vi\u1ec7c c\u1ea3i ti\u1ebfn ch\u1ea5t l\u01b0\u1ee3ng s\u1ea3n ph\u1ea9m in, c\u00e1c c\u00f4ng ty in \u1ea5n c\u00f2n ch\u00fa tr\u1ecdng<br \/>\nn\u00e2ng cao ch\u1ea5t l\u01b0\u1ee3ng d\u1ecbch v\u1ee5, ch\u1ea5t l\u01b0\u1ee3ng in decal trong kh\u1ed5 l\u1edbn, kh\u1ed5 nh\u1ecf\u2026 \u0111\u1ec3 \u0111\u00e1p \u1ee9ng nhu c\u1ea7u kh\u00e1ch h\u00e0ng.<\/p>\n<p><strong>In decal trong gi\u00e1 r\u1ebb<\/strong><\/p>\n<p>C\u00e1c c\u00f4ng ty in \u1ea5n trang b\u1ecb nh\u1eefng c\u00f4ng ngh\u1ec7 in hi\u1ec7n \u0111\u1ea1i c\u00f3 th\u1ec3 in ra nh\u1eefng s\u1ea3n ph\u1ea7m ch\u1ea5t l\u01b0\u1ee3ng ao m\u00e0 ti\u1ebft ki\u1ec7m t\u1ed1i \u0111a chi ph\u00ed\u2026<br \/>\nNg\u00e0y nay, th\u1ecb tr\u01b0\u1eddng in decal trong kh\u00e1 \u0111a d\u1ea1ng v\u1edbi nhi\u1ec1u lo\u1ea1i decal d\u00e0nh cho t\u1eebng m\u1ee5c \u0111\u00edch s\u1eed d\u1ee5ng kh\u00e1c nhau nh\u01b0: in decal d\u00e1n xe, decal d\u00e1n b\u00ecnh \u0111\u1ef1ng n\u01b0\u1edbc, logo d\u00e1n n\u00f3n b\u1ea3o hi\u1ec3m, logo d\u00e1n m\u00e1y ATM, nh\u00e3n d\u00e1n m\u1ef9 ph\u1ea9m\u2026Nh\u1eefng lo\u1ea1i decal n\u00e0y th\u01b0\u1eddng c\u00f3 gi\u00e1 th\u00e0nh trugn b\u00ecnh, ph\u00f9 h\u1ee3p cho nhi\u1ec1u \u0111\u1ed1i t\u01b0\u1ee3ng s\u1eed d\u1ee5ng.<\/p>\n<p>C\u00e1c c\u00f4ng ty in \u1ea5n trang b\u1ecb nh\u1eefng c\u00f4ng ngh\u1ec7 in hi\u1ec7n \u0111\u1ea1i c\u00f3 th\u1ec3 in ra nh\u1eefng s\u1ea3n ph\u1ea7m ch\u1ea5t l\u01b0\u1ee3ng ao m\u00e0 ti\u1ebft ki\u1ec7m t\u1ed1i \u0111a chi ph\u00ed. Do \u0111\u00f3, in decal tong gi\u00e1 r\u1ebb l\u00e0 m\u1ed9t trong nh\u1eefng th\u1ebf m\u1ea1nh c\u1ee7a l\u0129nh v\u1ef1c n\u00e0y. In decal trong gi\u00e1 r\u1ebb t\u1ea1i H\u00e0 N\u1ed9i l\u00e0 gi\u1ea3i ph\u00e1p h\u00e0ng \u0111\u1ea7u cho doanh nghi\u1ec7p ti\u1ebft ki\u1ec7m chi ph\u00ed s\u1ea3n xu\u1ea5t m\u00e0 v\u1eabn \u0111\u1ea3m b\u1ea3o \u0111\u01b0\u1ee3c \u1ea5n t\u01b0\u1ee3ng v\u1edbi kh\u00e1ch h\u00e0ng.<\/p>\n<p>Thi\u00ean H\u00e0 cam k\u1ebft \u0111\u1ed3ng h\u00e0nh c\u00f9ng Qu\u00fd \u0111\u1ed1i t\u00e1c v\u00e0 Qu\u00fd kh\u00e1ch h\u00e0ng trong s\u1ee9 m\u1ec7nh c\u1ee7a m\u1ed9t nh\u00e0 t\u01b0 v\u1ea5n v\u00e0 thi\u1ebft k\u1ebf thi c\u00f4ng c\u00e1c c\u00f4ng tr\u00ecnh decal, n\u1ed9i th\u1ea5t, b\u1ea3ng hi\u1ec7u qu\u1ea3ng c\u00e1o.<\/p>\n<p><img loading=\"lazy\" src=\"http:\/\/inbat.com.vn\/images\/in-decal-dan-in-decal-nhua-in-decal-trong.jpg\" alt=\"in-decal-dan-in-decal-nhua-in-decal-trong\" width=\"600\" height=\"500\" \/><\/p>\n<p>V\u1edbi mong mu\u1ed1n mang l\u1ea1i \u201cs\u1ef1 h\u00e0i l\u00f2ng cao nh\u1ea5t\u201d cho nh\u1eefng nhu c\u1ea7u c\u1ee7a Qu\u00fd kh\u00e1ch h\u00e0ng, Ch\u00fang t\u00f4i kh\u00f4ng ng\u1eebng c\u1ea3i ti\u1ebfn, \u0111a d\u1ea1ng v\u1ec1 m\u1eabu c\u00e1c s\u1ea3n ph\u1ea9m decal.<\/p>\n<p>Thi\u00ean H\u00e0 nh\u1eadn T\u01b0 v\u1ea5n, thi\u1ebft k\u1ebf, thi c\u00f4ng decal v\u0103n ph\u00f2ng, c\u00e1c nh\u00e0 h\u00e0ng, kh\u00e1ch s\u1ea1n, c\u00e1c showroom, c\u1eeda h\u00e0ng hay theo b\u1ea5t c\u1ee9 y\u00eau c\u1ea7u n\u00e0o c\u1ee7a Qu\u00fd kh\u00e1ch\u2026v\u1edbi c\u00e1c s\u1ea3n ph\u1ea9m ch\u00ednh: Decal m\u1edd d\u00e1n k\u00ednh, Decal d\u00e1n t\u01b0\u1eddng, Decal in Logo, in VP Logo, Thi c\u00f4ng Decal Logo, Thi c\u00f4ng meca trong ho\u1eb7c k\u00ednh l\u00e0m n\u1ec1n Logo, in decal trong l\u00e0m n\u1ec1n b\u1ea3ng hi\u1ec7u, In decal d\u00e1n ng\u01b0\u1ee3c tr\u00ean k\u00ednh, In logo d\u00e1n xe, In decal l\u01b0\u1edbi, in v\u00e0 thi c\u00f4ng backlite film\u2026<\/p>\n<p>\u0110a d\u1ea1ng v\u1ec1 m\u1eabu m\u00e3 v\u00e0 ch\u1ee7ng lo\u1ea1i c\u00f9ng v\u1edbi m\u00e1y m\u00f3c thi\u1ebft b\u1ecb hi\u1ec7n \u0111\u1ea1i, Thi\u00ean H\u00e0 cam k\u1ebft ch\u1ea5t l\u01b0\u1ee3ngt\u1eeb kh\u00e2u in \u1ea5n, c\u1eaft, v\u00e0 thi c\u00f4ng Decal nh\u1eb1m mang l\u1ea1i s\u1ef1 h\u00e0i l\u00f2ng cao nh\u1ea5t cho nh\u1eefng y\u00eau c\u1ea7u kh\u1eaft khe nh\u1ea5t v\u1ec1 ch\u1ea5t l\u01b0\u1ee3ng.<\/p>\n<p>V\u1edbi nh\u1eefng nh\u00e2n vi\u00ean n\u0103ng \u0111\u1ed9ng, nhi\u1ec1u n\u0103m kinh nghi\u1ec7m trong t\u01b0 v\u1ea5n, thi\u1ebft k\u1ebf v\u00e0 Thi c\u00f4ng, ch\u00fang t\u00f4i mong mu\u1ed1n \u0111\u01b0\u1ee3c h\u1ee3p t\u00e1c \u0111\u1ec3 th\u1ef1c hi\u1ec7n nh\u1eefng d\u1ecbch v\u1ee5 t\u1ed1t nh\u1ea5t v\u00e0 tin t\u01b0\u1edfng s\u1ebd \u0111em l\u1ea1i cho Qu\u00fd kh\u00e1ch\u201cTr\u00ean c\u1ea3 S\u1ef1 h\u00e0i l\u00f2ng\u201d.<\/p>\n\n  \n    <div class=\"row large-columns-3 medium-columns-1 small-columns-1\">\n  \t\t<div class=\"col post-item\" >\n\t\t\t<div class=\"col-inner\">\n\t\t\t<a href=\"https:\/\/demo.bmconnect.vn\/inbat\/n-decal-nhua-chuyen-nghiep\/\" class=\"plain\">\n\t\t\t\t<div class=\"box box-normal box-text-bottom box-blog-post has-hover\">\n            \t\t\t\t\t<div class=\"box-image\" >\n  \t\t\t\t\t\t<div class=\"image-cover\" style=\"padding-top:56.25%;\">\n  \t\t\t\t\t\t\t<img width=\"300\" height=\"182\" src=\"https:\/\/demo.bmconnect.vn\/inbat\/wp-content\/uploads\/2017\/10\/mau-decal-nhua-300x182.jpg\" class=\"attachment-medium size-medium wp-post-image\" alt=\"\" loading=\"lazy\" srcset=\"https:\/\/demo.bmconnect.vn\/inbat\/wp-content\/uploads\/2017\/10\/mau-decal-nhua-300x182.jpg 300w, https:\/\/demo.bmconnect.vn\/inbat\/wp-content\/uploads\/2017\/10\/mau-decal-nhua.jpg 745w\" sizes=\"(max-width: 300px) 100vw, 300px\" \/>  \t\t\t\t\t\t\t  \t\t\t\t\t\t\t  \t\t\t\t\t\t<\/div>\n  \t\t\t\t\t\t  \t\t\t\t\t<\/div><!-- .box-image -->\n          \t\t\t\t\t<div class=\"box-text text-center\" >\n\t\t\t\t\t<div class=\"box-text-inner blog-post-inner\">\n\n\t\t\t\t\t\n\t\t\t\t\t\t\t\t\t\t<h5 class=\"post-title is-large \">n decal nh\u1ef1a chuy\u00ean nghi\u1ec7p<\/h5>\n\t\t\t\t\t\t\t\t\t\t<div class=\"is-divider\"><\/div>\n\t\t\t\t\t\t\t\t\t\t<p class=\"from_the_blog_excerpt \">C\u00e1c h\u00ecnh th\u1ee9c in decal nh\u1ef1a l\u1ea5y ngay, in decal nh\u1ef1a gi\u00e1 r\u1ebb lu\u00f4n l\u00e0 [...]\t\t\t\t\t<\/p>\n\t\t\t\t\t                    \n\t\t\t\t\t\n\t\t\t\t\t\n\t\t\t\t\t<\/div><!-- .box-text-inner -->\n\t\t\t\t\t<\/div><!-- .box-text -->\n\t\t\t\t\t\t\t\t\t<\/div><!-- .box -->\n\t\t\t\t<\/a><!-- .link -->\n\t\t\t<\/div><!-- .col-inner -->\n\t\t<\/div><!-- .col -->\n\t\t<div class=\"col post-item\" >\n\t\t\t<div class=\"col-inner\">\n\t\t\t<a href=\"https:\/\/demo.bmconnect.vn\/inbat\/dia-chi-in-decal-nhua-gia-re-nhat-ha-noi\/\" class=\"plain\">\n\t\t\t\t<div class=\"box box-normal box-text-bottom box-blog-post has-hover\">\n            \t\t\t\t\t<div class=\"box-image\" >\n  \t\t\t\t\t\t<div class=\"image-cover\" style=\"padding-top:56.25%;\">\n  \t\t\t\t\t\t\t<img width=\"300\" height=\"176\" src=\"https:\/\/demo.bmconnect.vn\/inbat\/wp-content\/uploads\/2017\/10\/dia-chi-in-decal-nhua-gia-re-nhat-ha-noi-02-300x176.jpg\" class=\"attachment-medium size-medium wp-post-image\" alt=\"\" loading=\"lazy\" srcset=\"https:\/\/demo.bmconnect.vn\/inbat\/wp-content\/uploads\/2017\/10\/dia-chi-in-decal-nhua-gia-re-nhat-ha-noi-02-300x176.jpg 300w, https:\/\/demo.bmconnect.vn\/inbat\/wp-content\/uploads\/2017\/10\/dia-chi-in-decal-nhua-gia-re-nhat-ha-noi-02-768x449.jpg 768w, https:\/\/demo.bmconnect.vn\/inbat\/wp-content\/uploads\/2017\/10\/dia-chi-in-decal-nhua-gia-re-nhat-ha-noi-02.jpg 800w\" sizes=\"(max-width: 300px) 100vw, 300px\" \/>  \t\t\t\t\t\t\t  \t\t\t\t\t\t\t  \t\t\t\t\t\t<\/div>\n  \t\t\t\t\t\t  \t\t\t\t\t<\/div><!-- .box-image -->\n          \t\t\t\t\t<div class=\"box-text text-center\" >\n\t\t\t\t\t<div class=\"box-text-inner blog-post-inner\">\n\n\t\t\t\t\t\n\t\t\t\t\t\t\t\t\t\t<h5 class=\"post-title is-large \">\u0110\u1ecba ch\u1ec9 in decal nh\u1ef1a gi\u00e1 r\u1ebb nh\u1ea5t H\u00e0 N\u1ed9i<\/h5>\n\t\t\t\t\t\t\t\t\t\t<div class=\"is-divider\"><\/div>\n\t\t\t\t\t\t\t\t\t\t<p class=\"from_the_blog_excerpt \">B\u1ea1n \u0111ang c\u1ea7n t\u00ecm \u0111\u1ecba ch\u1ec9 in decal nh\u1ef1a gi\u00e1 r\u1ebb, ch\u1ea5t l\u01b0\u1ee3ng. Ch\u00fang t\u00f4i [...]\t\t\t\t\t<\/p>\n\t\t\t\t\t                    \n\t\t\t\t\t\n\t\t\t\t\t\n\t\t\t\t\t<\/div><!-- .box-text-inner -->\n\t\t\t\t\t<\/div><!-- .box-text -->\n\t\t\t\t\t\t\t\t\t<\/div><!-- .box -->\n\t\t\t\t<\/a><!-- .link -->\n\t\t\t<\/div><!-- .col-inner -->\n\t\t<\/div><!-- .col -->\n\t\t<div class=\"col post-item\" >\n\t\t\t<div class=\"col-inner\">\n\t\t\t<a href=\"https:\/\/demo.bmconnect.vn\/inbat\/in-decal-nhua-gia-re-lay-ngay-tai-ha-noi\/\" class=\"plain\">\n\t\t\t\t<div class=\"box box-normal box-text-bottom box-blog-post has-hover\">\n            \t\t\t\t\t<div class=\"box-image\" >\n  \t\t\t\t\t\t<div class=\"image-cover\" style=\"padding-top:56.25%;\">\n  \t\t\t\t\t\t\t<img width=\"232\" height=\"300\" src=\"https:\/\/demo.bmconnect.vn\/inbat\/wp-content\/uploads\/2017\/10\/in-decal-nhua-gia-re-lay-ngay-tai-ha-noi-02-232x300.jpg\" class=\"attachment-medium size-medium wp-post-image\" alt=\"\" loading=\"lazy\" srcset=\"https:\/\/demo.bmconnect.vn\/inbat\/wp-content\/uploads\/2017\/10\/in-decal-nhua-gia-re-lay-ngay-tai-ha-noi-02-232x300.jpg 232w, https:\/\/demo.bmconnect.vn\/inbat\/wp-content\/uploads\/2017\/10\/in-decal-nhua-gia-re-lay-ngay-tai-ha-noi-02-768x992.jpg 768w, https:\/\/demo.bmconnect.vn\/inbat\/wp-content\/uploads\/2017\/10\/in-decal-nhua-gia-re-lay-ngay-tai-ha-noi-02-793x1024.jpg 793w, https:\/\/demo.bmconnect.vn\/inbat\/wp-content\/uploads\/2017\/10\/in-decal-nhua-gia-re-lay-ngay-tai-ha-noi-02.jpg 800w\" sizes=\"(max-width: 232px) 100vw, 232px\" \/>  \t\t\t\t\t\t\t  \t\t\t\t\t\t\t  \t\t\t\t\t\t<\/div>\n  \t\t\t\t\t\t  \t\t\t\t\t<\/div><!-- .box-image -->\n          \t\t\t\t\t<div class=\"box-text text-center\" >\n\t\t\t\t\t<div class=\"box-text-inner blog-post-inner\">\n\n\t\t\t\t\t\n\t\t\t\t\t\t\t\t\t\t<h5 class=\"post-title is-large \">In decal nh\u1ef1a gi\u00e1 r\u1ebb, l\u1ea5y ngay t\u1ea1i H\u00e0 N\u1ed9i<\/h5>\n\t\t\t\t\t\t\t\t\t\t<div class=\"is-divider\"><\/div>\n\t\t\t\t\t\t\t\t\t\t<p class=\"from_the_blog_excerpt \">n decal nh\u1ef1a gi\u00e1 r\u1ebb, l\u1ea5y ngay l\u00e0 m\u1ed9t trong nh\u1eefng d\u1ecbch v\u1ee5 in \u1ea5n [...]\t\t\t\t\t<\/p>\n\t\t\t\t\t                    \n\t\t\t\t\t\n\t\t\t\t\t\n\t\t\t\t\t<\/div><!-- .box-text-inner -->\n\t\t\t\t\t<\/div><!-- .box-text -->\n\t\t\t\t\t\t\t\t\t<\/div><!-- .box -->\n\t\t\t\t<\/a><!-- .link -->\n\t\t\t<\/div><!-- .col-inner -->\n\t\t<\/div><!-- .col -->\n<\/div>\n","protected":false},"excerpt":{"rendered":"<p>Decal d\u00e1n s\u00e0n &#8211; Qu\u1ea3ng c\u00e1o tr\u00ean n\u1ec1n nh\u00e0 &#8211; Floor sticker Decal d\u00e1n s\u00e0n l\u00e0 g\u00ec? Decan d\u00e1n s\u00e0n c\u00f3 kh\u1ea3 n\u0103ng ch\u1ed1ng x\u01b0\u1edbc cao, hay t\u1ea1o kh\u00f4ng gian s\u00e0n th\u00e0nh khu v\u1ef1c gi\u1edbi thi\u1ec7u s\u1ea3n ph\u1ea9m qu\u1ea3ng c\u00e1o cho th\u01b0\u01a1ng hi\u1ec7u c\u1ee7a m\u00ecnh. Bi\u1ebfn c\u00e1c kho\u1ea3ng tr\u1ed1ng tr\u00ean s\u00e0n nh\u00e0 th\u00e0nh n\u01a1i qu\u1ea3ng [&#8230;]\n","protected":false},"author":1,"featured_media":0,"parent":0,"menu_order":0,"comment_status":"closed","ping_status":"closed","template":"page-left-sidebar.php","meta":[],"_links":{"self":[{"href":"https:\/\/demo.bmconnect.vn\/inbat\/wp-json\/wp\/v2\/pages\/835"}],"collection":[{"href":"https:\/\/demo.bmconnect.vn\/inbat\/wp-json\/wp\/v2\/pages"}],"about":[{"href":"https:\/\/demo.bmconnect.vn\/inbat\/wp-json\/wp\/v2\/types\/page"}],"author":[{"embeddable":true,"href":"https:\/\/demo.bmconnect.vn\/inbat\/wp-json\/wp\/v2\/users\/1"}],"replies":[{"embeddable":true,"href":"https:\/\/demo.bmconnect.vn\/inbat\/wp-json\/wp\/v2\/comments?post=835"}],"version-history":[{"count":2,"href":"https:\/\/demo.bmconnect.vn\/inbat\/wp-json\/wp\/v2\/pages\/835\/revisions"}],"predecessor-version":[{"id":846,"href":"https:\/\/demo.bmconnect.vn\/inbat\/wp-json\/wp\/v2\/pages\/835\/revisions\/846"}],"wp:attachment":[{"href":"https:\/\/demo.bmconnect.vn\/inbat\/wp-json\/wp\/v2\/media?parent=835"}],"curies":[{"name":"wp","href":"https:\/\/api.w.org\/{rel}","templated":true}]}}