{"id":833,"date":"2017-10-27T21:25:44","date_gmt":"2017-10-27T14:25:44","guid":{"rendered":"https:\/\/demo.bmconnect.vn\/inbat\/?page_id=833"},"modified":"2017-10-27T21:25:44","modified_gmt":"2017-10-27T14:25:44","slug":"in-decal-giay","status":"publish","type":"page","link":"https:\/\/demo.bmconnect.vn\/inbat\/in-decal-giay\/","title":{"rendered":"In decal gi\u1ea5y"},"content":{"rendered":"<h1 class=\"itemTitle\">In decal gi\u1ea5y uy t\u00edn, chuy\u00ean nghi\u1ec7p nh\u1ea5t C\u1ea7n Th\u01a1<\/h1>\n<p>C\u00d4NG TY CP QU\u1ea2NG C\u00c1O THI\u00caN H\u00c0 nh\u1eadn<strong> in Decal gi\u1ea5y<\/strong> c\u00e1c lo\u1ea1i, THI\u00caN H\u00c0 xin cam k\u1ebft in Decal gi\u1ea5y gi\u00e1 r\u1ebb nh\u1ea5t, ch\u1ea5t l\u01b0\u1ee3ng t\u1ed1t nh\u1ea5t, th\u1eddi gian nhanh nh\u1ea5t.<\/p>\n<p>Decal gi\u1ea5y l\u00e0 s\u1ea3n ph\u1ea9m \u0111\u01b0\u1ee3c s\u1eed d\u1ee5ng nhi\u1ec1u trong c\u00e1c m\u1eb7t h\u00e0ng c\u1ea7n \u0111\u1ebfn Tem \u2013 Nh\u00e3n: Th\u1ef1c ph\u1ea9m, m\u1ef9 ph\u1ea9m, d\u01b0\u1ee3c ph\u1ea9m, n\u1ed9i \u2013 ngo\u1ea1i th\u1ea5t, kim kh\u00ed \u0111i\u1ec7n m\u00e1y, c\u00e1c s\u1ea3n ph\u1ea9m \u0111\u00f3ng g\u00f3i \u2013 \u0111\u00f3ng h\u1ed9p,\u2026 Decal gi\u1ea5y nh\u00ecn m\u1eb7t ngo\u00e0i gi\u1ed1ng nh\u01b0 ch\u1ea5t li\u1ec7u b\u1eb1ng gi\u1ea5y, nh\u01b0ng \u01b0u \u0111i\u1ec3m l\u00e0 \u0111\u01b0\u1ee3c ph\u1ee7 m\u1ed9t l\u1edbp keo \u1edf m\u1eb7t sau \u0111\u1ec3 ti\u1ec7n cho vi\u1ec7c s\u1eed d\u1ee5ng d\u00e1n v\u00e0o s\u1ea3n ph\u1ea9m. Decal gi\u1ea5y c\u00f3 th\u1ec3 d\u00e1n \u0111\u01b0\u1ee3c tr\u00ean nhi\u1ec1u ch\u1ea5t li\u1ec7u kh\u00e1c nhau: Nh\u1ef1a, g\u1ed5, PV, PCV, Mica, Th\u1ee7y tinh, nil\u00f4ng,\u2026 Decal gi\u1ea5y c\u00f3 th\u1ec3 in \u0111\u01b0\u1ee3c v\u1edbi nhi\u1ec1u m\u00e0u s\u1eafc b\u1eaft m\u1eaft v\u00e0 \u0111\u01b0\u1ee3c t\u1ed3n t\u1ea1i \u1edf nh\u1eefng m\u00f4i tr\u01b0\u1eddng kh\u1eafc nghi\u1ec7t kh\u00e1c nhau nh\u01b0: Ngo\u00e0i tr\u1eddi, t\u1ee7 \u0111\u00f4ng,\u2026 Khi \u0111\u01b0\u1ee3c in lo\u1ea1i m\u1ef1c cao c\u1ea5p v\u00e0 \u0111\u01b0\u1ee3c ph\u1ee7 l\u1edbp m\u00e0ng.<\/p>\n<p><strong>Mr Th\u1ecd Hotline: 0929 66 2222<\/strong><\/p>\n<p><img loading=\"lazy\" src=\"http:\/\/inbat.com.vn\/images\/in-decal-giay.jpg\" alt=\"in-decal-giay\" width=\"600\" height=\"284\" \/><\/p>\n<p>Nh\u00e3n Decal Gi\u1ea5y<\/p>\n<p>THI\u00caN H\u00c0 l\u00e0 c\u00f4ng ty chuy\u00ean in \u1ea5n Offset tr\u00ean ch\u1ea5t li\u1ec7u Decal, v\u1edbi nhi\u1ec1u m\u1eabu m\u1ea3 \u0111a d\u1ea1ng v\u00e0 phong ph\u00fa v\u1ec1 ch\u1ee7ng lo\u1ea1i. Hi\u1ec7n t\u1ea1i THI\u00caN H\u00c0 \u0111ang cung c\u1ea5p Tem \u2013 Nh\u00e3n cho th\u1ecb tr\u01b0\u1eddng v\u1edbi nhi\u1ec1u l\u0129nh v\u1ef1c kh\u00e1c nhau v\u00e0 h\u01a1n 100 ch\u1ee7ng lo\u1ea1i Decal kh\u00e1c nhau. Khi \u0111\u1eb7c h\u00e0ng t\u1ea1i C\u00f4ng ty in \u1ea5n Decal THI\u00caN H\u00c0 qu\u00fd kh\u00e1ch h\u00e0ng c\u00f3 th\u1ec3 ho\u00e0n to\u00e0n y\u00ean t\u00e2m v\u00e0 ch\u1ea5t l\u01b0\u1ee3ng v\u00ec ch\u00fang t\u00f4i c\u00f3 \u0111\u1ed9i ng\u1ee7 c\u00f4ng nh\u00e2n vi\u00ean nhi\u1ec1u n\u0103m kinh nghi\u1ec7m trong l\u0129nh v\u1ef1c in \u1ea5n v\u00e0 s\u1ea3n xu\u1ea5t Decal gi\u1ea5y.<\/p>\n<p>\u0110i\u1ec1u \u0111\u1eb7c bi\u1ec7t l\u00e0 C\u00f4ng ty in \u1ea5n THI\u00caN H\u00c0 cam k\u1ebft c\u00f3 nh\u1eefng ch\u00ednh s\u00e1ch h\u1eadu m\u00e3i \u0111\u1eb7c bi\u1ec7t d\u00e0nh cho kh\u00e1ch h\u00e0ng th\u01b0\u1eddng xuy\u00ean v\u00e0 Cam k\u1ebft v\u1edbi gi\u00e1 r\u1ebd nh\u1ea5t. V\u1edbi \u0111\u1ed9i ng\u1ee7 nh\u00e2n vi\u00ean gi\u00e0u kinh nghi\u1ec7m ch\u0103m s\u00f3c kh\u00e1ch h\u00e0ng s\u1ebd t\u01b0 v\u1ea5n cho qu\u00fd kh\u00e1ch h\u00e0ng nh\u1eefng s\u1ea3n ph\u1ea9m ch\u1ea5t l\u01b0\u1ee3ng v\u00e0 ti\u1ebft ki\u1ec7m nh\u1ea5t.<\/p>\n<p>Khi \u0111\u1eb7t h\u00e0ng t\u1ea1i C\u00f4ng ty in \u1ea5n Decal THI\u00caN H\u00c0, qu\u00fd kh\u00e1ch h\u00e0ng s\u1ebd \u0111\u01b0\u1ee3c mi\u1ec5n ph\u00ed ho\u00e0n to\u00e0n chi ph\u00ed thi\u1ebft k\u1ebf.<\/p>\n<p>N\u1ebfu c\u00f4ng ty b\u1ea1n \u0111ang c\u1ea7n t\u00ecm m\u1ed9t nh\u00e0 cung c\u1ea5p Decal gi\u1ea5y chuy\u00ean nghi\u1ec7p v\u00e0 l\u00e2u d\u00e0i th\u00ec THI\u00caN H\u00c0 l\u00e0 l\u1ef1a ch\u1ecdn \u0111\u00fang \u0111\u1eafn cho b\u1ea1n.<\/p>\n<p>THI\u00caN H\u00c0 t\u1ef1 h\u00e0o l\u00e0 \u0111\u01a1n v\u1ecb in \u1ea5n Decal chuy\u00ean nghi\u1ec7p v\u1edbi gi\u00e1 th\u00e0nh c\u1ea1nh tranh nh\u1ea5t.<\/p>\n","protected":false},"excerpt":{"rendered":"<p>In decal gi\u1ea5y uy t\u00edn, chuy\u00ean nghi\u1ec7p nh\u1ea5t C\u1ea7n Th\u01a1 C\u00d4NG TY CP QU\u1ea2NG C\u00c1O THI\u00caN H\u00c0 nh\u1eadn in Decal gi\u1ea5y c\u00e1c lo\u1ea1i, THI\u00caN H\u00c0 xin cam k\u1ebft in Decal gi\u1ea5y gi\u00e1 r\u1ebb nh\u1ea5t, ch\u1ea5t l\u01b0\u1ee3ng t\u1ed1t nh\u1ea5t, th\u1eddi gian nhanh nh\u1ea5t. Decal gi\u1ea5y l\u00e0 s\u1ea3n ph\u1ea9m \u0111\u01b0\u1ee3c s\u1eed d\u1ee5ng nhi\u1ec1u trong c\u00e1c m\u1eb7t h\u00e0ng [&#8230;]\n","protected":false},"author":1,"featured_media":0,"parent":0,"menu_order":0,"comment_status":"closed","ping_status":"closed","template":"page-left-sidebar.php","meta":[],"_links":{"self":[{"href":"https:\/\/demo.bmconnect.vn\/inbat\/wp-json\/wp\/v2\/pages\/833"}],"collection":[{"href":"https:\/\/demo.bmconnect.vn\/inbat\/wp-json\/wp\/v2\/pages"}],"about":[{"href":"https:\/\/demo.bmconnect.vn\/inbat\/wp-json\/wp\/v2\/types\/page"}],"author":[{"embeddable":true,"href":"https:\/\/demo.bmconnect.vn\/inbat\/wp-json\/wp\/v2\/users\/1"}],"replies":[{"embeddable":true,"href":"https:\/\/demo.bmconnect.vn\/inbat\/wp-json\/wp\/v2\/comments?post=833"}],"version-history":[{"count":1,"href":"https:\/\/demo.bmconnect.vn\/inbat\/wp-json\/wp\/v2\/pages\/833\/revisions"}],"predecessor-version":[{"id":834,"href":"https:\/\/demo.bmconnect.vn\/inbat\/wp-json\/wp\/v2\/pages\/833\/revisions\/834"}],"wp:attachment":[{"href":"https:\/\/demo.bmconnect.vn\/inbat\/wp-json\/wp\/v2\/media?parent=833"}],"curies":[{"name":"wp","href":"https:\/\/api.w.org\/{rel}","templated":true}]}}