{"id":831,"date":"2017-10-27T21:24:47","date_gmt":"2017-10-27T14:24:47","guid":{"rendered":"https:\/\/demo.bmconnect.vn\/inbat\/?page_id=831"},"modified":"2017-10-27T21:24:47","modified_gmt":"2017-10-27T14:24:47","slug":"in-decal-dan-kinh-dan-xe-tot-nhat-ha-noi","status":"publish","type":"page","link":"https:\/\/demo.bmconnect.vn\/inbat\/in-decal-dan-kinh-dan-xe-tot-nhat-ha-noi\/","title":{"rendered":"In decal d\u00e1n k\u00ednh, d\u00e1n xe t\u1ed1t nh\u1ea5t H\u00e0 N\u1ed9i"},"content":{"rendered":"<div class=\"itemHeader\">\n<div class=\"itemToolbar\">\n<h1 class=\"itemTitle\">In decal d\u00e1n k\u00ednh, d\u00e1n xe t\u1ed1t nh\u1ea5t H\u00e0 N\u1ed9i 0929 66 2222<\/h1>\n<div class=\"clr\"><\/div>\n<\/div>\n<\/div>\n<div class=\"itemBody\">\n<div class=\"itemFullText\">\n<p><img loading=\"lazy\" src=\"http:\/\/inbat.com.vn\/images\/in-decal-dan-xe-kinh.jpg\" alt=\"in-decal-dan-xe-kinh\" width=\"600\" height=\"300\" \/><\/p>\n<p>Ch\u00fa \u00fd: B\u00e1o gi\u00e1 n\u00e0y c\u00f3 th\u1ec3 \u0111\u00e3 c\u0169 v\u00e0 \u0111\u01b0\u1ee3c thay \u0111\u1ed5i. Xin vui l\u00f2ng li\u00ean h\u1ec7 tr\u1ef1c ti\u1ebfp \u0111\u1ec3 c\u00f3 b\u00e1o gi\u00e1 m\u1edbi nh\u1ea5t. C\u00e1m \u01a1n!<\/p>\n<p><strong>Cam k\u1ebft ch\u1ea5t l\u01b0\u1ee3ng s\u1ea3n ph\u1ea9m t\u1ed1t nh\u1ea5t H\u00e0 N\u1ed9i &#8211; Gi\u00e1 r\u1ebb nh\u1ea5t H\u00e0 N\u1ed9i &#8211; Mr Th\u1ecd 0929 66 2222<\/strong><\/p>\n<p><strong>+ B\u1ea3ng Gi\u00e1 Decal K\u00ednh m\u1edd:<\/strong><\/p>\n<p>* D\u00e1n decal n\u00ean k\u00ednh (decal k\u00ednh + c\u00f4ng d\u00e1n decal)<\/p>\n<p>&#8211; D\u00e1n Decal K\u00ednh m\u1edd Gi\u00e1 80.000 VN\u0110\/m2<\/p>\n<p>&#8211; S\u1ed1 l\u01b0\u1ee3ng D\u00e1n Decal K\u00ednh m\u1edd d\u01b0\u1edbi 5m2 ph\u1ee5 thu th\u00eam 100.000 VN\u0110<\/p>\n<p>&#8211; S\u1ed1 l\u01b0\u1ee3ng D\u00e1n Decal K\u00ednh m\u1edd tr\u00ean 30m2 gi\u1ea3m 10% t\u1ed5ng \u0111\u01a1n h\u00e0ng ch\u1ec9 c\u00f2n gi\u00e1 72.000 VN\u0110\/m2<\/p>\n<p>&#8211; S\u1ed1 l\u01b0\u1ee3ng D\u00e1n Decal K\u00ednh m\u1edd tr\u00ean 70m2 gi\u1ea3m 25% t\u1ed5ng \u0111\u01a1n h\u00e0ng ch\u1ec9 c\u00f2n gi\u00e1 64.000 VN\u0110\/m2<\/p>\n<p>* C\u1eaft theo y\u00eau c\u1ea7u kh\u1ed5 cao 1.2m d\u00e0i kh\u00f4ng qu\u00e1 50m m\u1ed9t t\u1ea5m [ d\u00e0i h\u01a1n ph\u1ea3i n\u1ed1i decal ] &#8211; (decal k\u00ednh + c\u00f4ng d\u00e1n + c\u1eaft m\u00e1y decal)<\/p>\n<p>&#8211; Gi\u00e1 150.000 VN\u0110\/m2<\/p>\n<p>&#8211; S\u1ed1 l\u01b0\u1ee3ng d\u01b0\u1edbi 5m2 ph\u1ee5 thu th\u00eam 100.000 VN\u0110<\/p>\n<p>&#8211; S\u1ed1 l\u01b0\u1ee3ng decal k\u00ednh tr\u00ean 30m2 gi\u1ea3m 10% t\u1ed5ng \u0111\u01a1n h\u00e0ng ch\u1ec9 c\u00f2n gi\u00e1 135.000 VN\u0110\/m2<\/p>\n<p>&#8211; S\u1ed1 l\u01b0\u1ee3ng decal k\u00ednh tr\u00ean 70m2 gi\u1ea3m 20% t\u1ed5ng \u0111\u01a1n h\u00e0ng ch\u1ec9 c\u00f2n gi\u00e1 120.000 VN\u0110\/m2<\/p>\n<p>* c\u1eaft theo y\u00eau c\u1ea7u kh\u1ed5 cao 0.6m d\u00e0i kh\u00f4ng qu\u00e1 50m [ d\u00e0i h\u01a1n ph\u1ea3i n\u1ed1i decal ] (decal k\u00ednh + c\u00f4ng d\u00e1n + c\u1eaft m\u00e1y decal)<\/p>\n<p>Gi\u00e1 100.000 VN\u0110\/m2<\/p>\n<p>S\u1ed1 l\u01b0\u1ee3ng d\u01b0\u1edbi 5m2 ph\u1ee5 thu th\u00eam 100.000 VN\u0110<\/p>\n<p>S\u1ed1 l\u01b0\u1ee3ng tr\u00ean 30m2 gi\u1ea3m 10% t\u1ed5ng \u0111\u01a1n h\u00e0ng ch\u1ec9 c\u00f2n gi\u00e1 72.000 VN\u0110\/m2<\/p>\n<p>S\u1ed1 l\u01b0\u1ee3ng tr\u00ean 100m2 gi\u1ea3m 20% t\u1ed5ng \u0111\u01a1n h\u00e0ng ch\u1ec9 c\u00f2n gi\u00e1 64.000 VN\u0110\/m2<\/p>\n<p><strong>+ B\u1ea3ng Gi\u00e1 Decal Qu\u1ea3ng C\u00e1o C\u1eaft d\u00e1n c\u00e1c ch\u1ea5t li\u1ec7u:<\/strong><\/p>\n<p>&#8211; D\u00e1n Decal Qu\u1ea3ng C\u00e1o Gi\u00e1 100.000 VN\u0110\/m2<\/p>\n<p>&#8211; S\u1ed1 l\u01b0\u1ee3ng D\u00e1n Decal Qu\u1ea3ng C\u00e1o d\u01b0\u1edbi 5m2 ph\u1ee5 thu th\u00eam 100.000 VN\u0110<\/p>\n<p>&#8211; S\u1ed1 l\u01b0\u1ee3ng D\u00e1n Decal Qu\u1ea3ng C\u00e1o tr\u00ean 20m2 gi\u1ea3m 10% t\u1ed5ng \u0111\u01a1n h\u00e0ng ch\u1ec9 c\u00f2n gi\u00e1 117.000 VN\u0110\/m2<\/p>\n<p>&#8211; S\u1ed1 l\u01b0\u1ee3ng D\u00e1n Decal Qu\u1ea3ng C\u00e1o tr\u00ean 70m2 gi\u1ea3m 20% t\u1ed5ng \u0111\u01a1n h\u00e0ng ch\u1ec9 c\u00f2n gi\u00e1 104.000 VN\u0110\/m2<\/p>\n<p><strong>+ B\u1ea3ng Gi\u00e1 in Decal d\u00e1n c\u00e1c ch\u1ea5t li\u1ec7u:<\/strong><\/p>\n<p>* In decal Trong d\u00e1n k\u00ednh + c\u00e1c n\u1ec1n m\u00e0u tr\u1eafng nh\u01b0 h\u1ed9p \u0111\u00e8n \u00e1nh s\u00e1ng xuy\u00ean v\u00e0o ban \u0111\u00eam ( In decal + c\u00f4ng d\u00e1n)<\/p>\n<p>Gi\u00e1 150.000 VN\u0110\/m2<\/p>\n<p>S\u1ed1 l\u01b0\u1ee3ng d\u01b0\u1edbi 5m2 ph\u1ee5 thu th\u00eam 100.000 VN\u0110<\/p>\n<p>S\u1ed1 l\u01b0\u1ee3ng tr\u00ean 30m2 gi\u1ea3m 10% t\u1ed5ng \u0111\u01a1n h\u00e0ng ch\u1ec9 c\u00f2n gi\u00e1 135.000 VN\u0110\/m2<\/p>\n<p>S\u1ed1 l\u01b0\u1ee3ng tr\u00ean 70m2 gi\u1ea3m 20% t\u1ed5ng \u0111\u01a1n h\u00e0ng ch\u1ec9 c\u00f2n gi\u00e1 120.000 VN\u0110\/m2<\/p>\n<p>* In decal d\u00e1n ng\u01b0\u1ee3c \u0111\u1ec3 nh\u00ecn th\u1ea5y h\u00ecnh xuy\u00ean qua m\u1eb7t k\u00ednh ch\u1ed1ng tr\u1ea7y ho\u1eb7c bong Decal ( In decal + c\u00f4ng d\u00e1n)<\/p>\n<p>Gi\u00e1 150.000 VN\u0110\/m2<\/p>\n<p>S\u1ed1 l\u01b0\u1ee3ng d\u01b0\u1edbi 5m2 ph\u1ee5 thu th\u00eam 100.000 VN\u0110<\/p>\n<p>S\u1ed1 l\u01b0\u1ee3ng tr\u00ean 30m2 gi\u1ea3m 10% t\u1ed5ng \u0111\u01a1n h\u00e0ng ch\u1ec9 c\u00f2n gi\u00e1 145.000 VN\u0110\/m2<\/p>\n<p>S\u1ed1 l\u01b0\u1ee3ng tr\u00ean 70m2 gi\u1ea3m 20% t\u1ed5ng \u0111\u01a1n h\u00e0ng ch\u1ec9 c\u00f2n gi\u00e1 130.000 VN\u0110\/m2<\/p>\n<\/div>\n<\/div>\n","protected":false},"excerpt":{"rendered":"<p>In decal d\u00e1n k\u00ednh, d\u00e1n xe t\u1ed1t nh\u1ea5t H\u00e0 N\u1ed9i 0929 66 2222 Ch\u00fa \u00fd: B\u00e1o gi\u00e1 n\u00e0y c\u00f3 th\u1ec3 \u0111\u00e3 c\u0169 v\u00e0 \u0111\u01b0\u1ee3c thay \u0111\u1ed5i. Xin vui l\u00f2ng li\u00ean h\u1ec7 tr\u1ef1c ti\u1ebfp \u0111\u1ec3 c\u00f3 b\u00e1o gi\u00e1 m\u1edbi nh\u1ea5t. C\u00e1m \u01a1n! Cam k\u1ebft ch\u1ea5t l\u01b0\u1ee3ng s\u1ea3n ph\u1ea9m t\u1ed1t nh\u1ea5t H\u00e0 N\u1ed9i &#8211; Gi\u00e1 r\u1ebb nh\u1ea5t [&#8230;]\n","protected":false},"author":1,"featured_media":0,"parent":0,"menu_order":0,"comment_status":"closed","ping_status":"closed","template":"page-left-sidebar.php","meta":[],"_links":{"self":[{"href":"https:\/\/demo.bmconnect.vn\/inbat\/wp-json\/wp\/v2\/pages\/831"}],"collection":[{"href":"https:\/\/demo.bmconnect.vn\/inbat\/wp-json\/wp\/v2\/pages"}],"about":[{"href":"https:\/\/demo.bmconnect.vn\/inbat\/wp-json\/wp\/v2\/types\/page"}],"author":[{"embeddable":true,"href":"https:\/\/demo.bmconnect.vn\/inbat\/wp-json\/wp\/v2\/users\/1"}],"replies":[{"embeddable":true,"href":"https:\/\/demo.bmconnect.vn\/inbat\/wp-json\/wp\/v2\/comments?post=831"}],"version-history":[{"count":1,"href":"https:\/\/demo.bmconnect.vn\/inbat\/wp-json\/wp\/v2\/pages\/831\/revisions"}],"predecessor-version":[{"id":832,"href":"https:\/\/demo.bmconnect.vn\/inbat\/wp-json\/wp\/v2\/pages\/831\/revisions\/832"}],"wp:attachment":[{"href":"https:\/\/demo.bmconnect.vn\/inbat\/wp-json\/wp\/v2\/media?parent=831"}],"curies":[{"name":"wp","href":"https:\/\/api.w.org\/{rel}","templated":true}]}}