{"id":829,"date":"2017-10-27T21:23:57","date_gmt":"2017-10-27T14:23:57","guid":{"rendered":"https:\/\/demo.bmconnect.vn\/inbat\/?page_id=829"},"modified":"2017-10-27T21:23:57","modified_gmt":"2017-10-27T14:23:57","slug":"in-bang-ron-quang-cao","status":"publish","type":"page","link":"https:\/\/demo.bmconnect.vn\/inbat\/in-bang-ron-quang-cao\/","title":{"rendered":"In b\u0103ng r\u00f4n qu\u1ea3ng c\u00e1o"},"content":{"rendered":"<div class=\"itemHeader\">\n<div class=\"itemToolbar\">\n<h1 class=\"itemTitle\">In b\u0103ng r\u00f4n qu\u1ea3ng c\u00e1o C\u1ea7n Th\u01a1<\/h1>\n<div class=\"clr\"><\/div>\n<\/div>\n<\/div>\n<div class=\"itemBody\">\n<div class=\"itemFullText\">\n<p><strong>Hotline: 0929 66 2222, 0966 273 339 &#8211; Nh\u1eadn h\u1ee3p \u0111\u1ed3ng in s\u1ed1 l\u01b0\u1ee3ng l\u1edbn &#8211; Gi\u00e1 c\u1ea1nh tranh!<\/strong><\/p>\n<p>V\u1edbi th\u1ebf l\u00e0 h\u1ec7 th\u1ed1ng m\u00e1y in Hiflex &#8211; in b\u1ea1t &#8211; <strong>in b\u0103ng r\u00f4n qu\u1ea3ng c\u00e1o<\/strong> &#8211; in bandroll k\u1ef9 thu\u1eadt s\u1ed1 kh\u1ed5 l\u1edbn hi\u1ec7n \u0111\u1ea1i,<\/p>\n<p>T\u1ed1c \u0111\u1ed9 in b\u0103ng r\u00f4n qu\u1ea3ng c\u00e1o nhanh v\u00e0 ch\u1ea5t l\u01b0\u1ee3ng h\u00ecnh \u1ea3nh tuy\u1ec7t \u0111\u1eb9p, \u0111\u00e3 v\u00e0 \u0111ang l\u00e0 \u0111\u1ed1i t\u00e1c in \u1ea5n cho nhi\u1ec1u<\/p>\n<p>c\u00f4ng ty qu\u1ea3ng c\u00e1o, c\u00f4ng ty kinh doanh th\u01b0\u01a1ng m\u1ea1i trong c\u0169ng nh\u01b0 ngo\u00e0i th\u00e0nh ph\u1ed1.<\/p>\n<p>C\u00f4ng ty ch\u00fang t\u00f4i hi\u1ec7n \u0111\u00e1p \u1ee9ng nhu c\u1ea7u <strong>in bang ron quang cao<\/strong> c\u00e1c ch\u1ea5t li\u1ec7u sau:<\/p>\n<p>* Hiflex<\/p>\n<p>* Silk<\/p>\n<p>* PP keo, PP kh\u00f4ng keo<\/p>\n<p>* Decal tr\u1eafng, Decal trong m\u1ef1c d\u1ea7u, Decal trong m\u1ef1c n\u01b0\u1edbc<\/p>\n<p>* Backlite film c\u00f3 keo, kh\u00f4ng keo<\/p>\n<p>* V\u1ea3i canvas ( in tranh v\u1ea3i b\u1ed1)<\/p>\n<p>* C\u00e1c lo\u1ea1i ch\u1ea5t li\u1ec7u qu\u1ea3ng c\u00e1o kh\u00e1c.<\/p>\n<p>\u0110\u1ed9 ph\u00e2n gi\u1ea3i c\u1ee7a b\u1ea3n in t\u00f9y y\u00eau c\u1ea7u th\u1ef1c t\u1ebf c\u1ee7a kh\u00e1ch h\u00e0ng ( t\u1eeb 720 DPI \u0111\u1ebfn 1.440 DPI).<\/p>\n<p>Ngo\u00e0i ra, ch\u00fang t\u00f4i c\u0169ng \u0111\u00e1p \u1ee9ng y\u00eau c\u1ea7u in c\u1ef1c \u0111\u1eb9p (ch\u1ea5t l\u01b0\u1ee3ng \u1ea3nh) \u0111\u1ed1i v\u1edbi c\u00e1c \u0111\u01a1n h\u00e0ng \u0111\u1eb7c bi\u1ec7t.<\/p>\n<p>Ch\u00fang t\u00f4i c\u00f3 gi\u00e1 \u01b0u \u0111\u00e3i cho c\u00e1c ch\u01b0\u01a1ng tr\u00ecnh truy\u1ec1n th\u00f4ng v\u00e0 s\u1ef1 ki\u1ec7n, \u0111\u1eb7c bi\u1ec7t th\u01b0\u1eddng xuy\u00ean t\u00e0i tr\u1ee3<\/p>\n<p>c\u00e1c ch\u01b0\u01a1ng tr\u00ecnh t\u1eeb thi\u1ec7n v\u00ec c\u1ed9ng \u0111\u1ed3ng. \u0110\u1ec3 c\u00f3 m\u1ee9c gi\u00e1 in \u1ea5n t\u1ed1t nh\u1ea5t, xin vui l\u00f2ng li\u00ean h\u1ec7 tr\u1ef1c ti\u1ebfp v\u1edbi ch\u00fang t\u00f4i.<\/p>\n<\/div>\n<\/div>\n","protected":false},"excerpt":{"rendered":"<p>In b\u0103ng r\u00f4n qu\u1ea3ng c\u00e1o C\u1ea7n Th\u01a1 Hotline: 0929 66 2222, 0966 273 339 &#8211; Nh\u1eadn h\u1ee3p \u0111\u1ed3ng in s\u1ed1 l\u01b0\u1ee3ng l\u1edbn &#8211; Gi\u00e1 c\u1ea1nh tranh! V\u1edbi th\u1ebf l\u00e0 h\u1ec7 th\u1ed1ng m\u00e1y in Hiflex &#8211; in b\u1ea1t &#8211; in b\u0103ng r\u00f4n qu\u1ea3ng c\u00e1o &#8211; in bandroll k\u1ef9 thu\u1eadt s\u1ed1 kh\u1ed5 l\u1edbn hi\u1ec7n \u0111\u1ea1i, T\u1ed1c \u0111\u1ed9 [&#8230;]\n","protected":false},"author":1,"featured_media":0,"parent":0,"menu_order":0,"comment_status":"closed","ping_status":"closed","template":"page-left-sidebar.php","meta":[],"_links":{"self":[{"href":"https:\/\/demo.bmconnect.vn\/inbat\/wp-json\/wp\/v2\/pages\/829"}],"collection":[{"href":"https:\/\/demo.bmconnect.vn\/inbat\/wp-json\/wp\/v2\/pages"}],"about":[{"href":"https:\/\/demo.bmconnect.vn\/inbat\/wp-json\/wp\/v2\/types\/page"}],"author":[{"embeddable":true,"href":"https:\/\/demo.bmconnect.vn\/inbat\/wp-json\/wp\/v2\/users\/1"}],"replies":[{"embeddable":true,"href":"https:\/\/demo.bmconnect.vn\/inbat\/wp-json\/wp\/v2\/comments?post=829"}],"version-history":[{"count":1,"href":"https:\/\/demo.bmconnect.vn\/inbat\/wp-json\/wp\/v2\/pages\/829\/revisions"}],"predecessor-version":[{"id":830,"href":"https:\/\/demo.bmconnect.vn\/inbat\/wp-json\/wp\/v2\/pages\/829\/revisions\/830"}],"wp:attachment":[{"href":"https:\/\/demo.bmconnect.vn\/inbat\/wp-json\/wp\/v2\/media?parent=829"}],"curies":[{"name":"wp","href":"https:\/\/api.w.org\/{rel}","templated":true}]}}