{"id":826,"date":"2017-10-27T21:22:10","date_gmt":"2017-10-27T14:22:10","guid":{"rendered":"https:\/\/demo.bmconnect.vn\/inbat\/?page_id=826"},"modified":"2017-10-27T21:23:09","modified_gmt":"2017-10-27T14:23:09","slug":"in-phong-san-khau","status":"publish","type":"page","link":"https:\/\/demo.bmconnect.vn\/inbat\/in-phong-san-khau\/","title":{"rendered":"In ph\u00f4ng s\u00e2n kh\u1ea5u"},"content":{"rendered":"<p>D\u1ecbch v\u1ee5 in b\u1ea1t c\u01b0\u1edbi, l\u00e0m b\u1ea1t \u0111\u00e1m c\u01b0\u1edbi, trang tr\u00ed thi c\u00f4ng ph\u00f4ng s\u00e2n kh\u1ea5u chuy\u00ean nghi\u1ec7p do c\u00f4ng ty SONG \u0110\u1ec8NH th\u1ef1c hi\u1ec7n, ch\u00fang t\u00f4i chuy\u00ean<strong><em>\u00a0in ph\u00f4ng s\u00e2n kh\u1ea5u<\/em><\/strong>, in ph\u00f4ng n\u1ec1n s\u00e2n kh\u1ea5u,<strong><em>in backdrop<\/em><\/strong> \u0111\u00e1m c\u01b0\u1edbi, \u00a0<em><strong>in b\u1ea1t \u0111\u00e1m c\u01b0\u1edbi<\/strong><\/em> t\u1ea1i tp.hcm, d\u1ecbch v\u1ee5 in ph\u00f4ng s\u00e2n kh\u1ea5u chuy\u00ean nghi\u1ec7p, in ph\u00f4ng s\u00e2n kh\u1ea5u T\u00e2n B\u00ecnh, <strong><em>thi c\u00f4ng backdrop<\/em><\/strong>, in ph\u00f4ng s\u00e2n kh\u1ea5u qu\u1eadn 1, <strong><em>in backdrop\u00a0<\/em><\/strong>gi\u00e1 r\u1ebb ch\u1ec9 18 ng\u00e0n\/m2.<\/p>\n<p>c\u00f4ng ty SONG \u0110\u1ec8NH chuy\u00ean thi\u1ebft k\u1ebf <em>in ph\u00f4ng n\u1ec1n s\u00e2n kh\u1ea5u<\/em>\u00a0, <em><strong>in b\u1ea1t \u0111\u00e1m c\u01b0\u1edbi<\/strong><\/em> gi\u00e1 r\u1ebb- uy t\u00edn- ch\u1ea5t l\u01b0\u1ee3ng.<\/p>\n<p><img src=\"http:\/\/www.inbackdrop.com\/sta\/u\/w\/23233\/backdropcuoihoagiay.jpg\" alt=\"in ph\u00f4ng s\u00e2n kh\u1ea5u\" \/><\/p>\n<p>Ph\u00f4ng n\u1ec1n s\u00e2n kh\u1ea5u \u2013 m\u1ed9t trong nh\u1eefng d\u1ecbch v\u1ee5 kh\u00f4ng th\u1ec3 thi\u1ebfu t\u1ea1i c\u00e1c s\u1ef1 ki\u1ec7n, h\u1ed9i ngh\u1ecb,\u2026qua \u0111\u00f3 g\u00f3p ph\u1ea7n t\u1ea1o d\u1ef1ng h\u00ecnh \u1ea3nh c\u00f4ng ty m\u1ed9t c\u00e1ch chuy\u00ean nghi\u1ec7p v\u00e0 g\u00e2y \u1ea5n t\u01b0\u1ee3ng m\u1ea1nh v\u1edbi kh\u00e1ch h\u00e0ng th\u00f4ng qua h\u00ecnh \u1ea3nh, n\u00f4i dung \u0111\u01b0\u1ee3c in tr\u00ean \u0111\u00f3.<\/p>\n<p>V\u1edbi h\u1ec7 th\u1ed1ng m\u00e1y in k\u1ef9 thu\u1eadt s\u1ed1 hi\u1ec7n \u0111\u1ea1i nh\u1ea5t hi\u1ec7n nay, C\u00f4ng ty ch\u00fang t\u00f4i \u0111\u1ea3m b\u1ea3o cho ra nh\u1eefng ph\u00f4ng n\u1ec1n s\u00e2n kh\u1ea5u v\u1edbi m\u00e0u s\u1eafc \u0111\u1eb9p m\u1eaft, m\u1ecbn v\u00e0 b\u1ec1n \u0111\u1eb9p. Ph\u1ed1i h\u1ee3p v\u1edbi \u0111\u1ed9i ng\u0169 thi\u1ebft k\u1ebf v\u00e0 thi c\u00f4ng chuy\u00ean nghi\u1ec7p h\u1ee9a h\u1eb9n s\u1ebd \u0111em l\u1ea1i cho kh\u00e1ch h\u00e0ng nh\u1eefng ph\u00f4ng n\u1ec1n s\u00e2n kh\u1ea5u ho\u00e0n h\u1ea3o nh\u1ea5t.<\/p>\n<p><img src=\"http:\/\/www.inbackdrop.com\/sta\/u\/w\/23233\/thi%20cong%20backdrop(1).jpg\" alt=\"in ph\u00f4ng s\u00e2n kh\u1ea5u\" \/><\/p>\n<p>Ngo\u00e0i ra, C\u00f4ng ty c\u00f3 nh\u00e2n thi c\u00f4ng banner, backdrop, <strong><em>in ph\u00f4ng s\u00e2n kh\u1ea5u<\/em><\/strong>,\u2026<\/p>\n<p>H\u00e3y nhanh tay li\u00ean h\u1ec7 v\u1edbi C\u00f4ng ty ch\u00fang t\u00f4i \u0111\u1ec3 \u0111\u01b0\u1ee3c ph\u1ee5c v\u1ee5 t\u1eadn t\u00ecnh, t\u01b0 v\u1ea5n v\u00e0 b\u00e1o gi\u00e1 s\u1edbm nh\u1ea5t.<\/p>\n","protected":false},"excerpt":{"rendered":"<p>D\u1ecbch v\u1ee5 in b\u1ea1t c\u01b0\u1edbi, l\u00e0m b\u1ea1t \u0111\u00e1m c\u01b0\u1edbi, trang tr\u00ed thi c\u00f4ng ph\u00f4ng s\u00e2n kh\u1ea5u chuy\u00ean nghi\u1ec7p do c\u00f4ng ty SONG \u0110\u1ec8NH th\u1ef1c hi\u1ec7n, ch\u00fang t\u00f4i chuy\u00ean\u00a0in ph\u00f4ng s\u00e2n kh\u1ea5u, in ph\u00f4ng n\u1ec1n s\u00e2n kh\u1ea5u,in backdrop \u0111\u00e1m c\u01b0\u1edbi, \u00a0in b\u1ea1t \u0111\u00e1m c\u01b0\u1edbi t\u1ea1i tp.hcm, d\u1ecbch v\u1ee5 in ph\u00f4ng s\u00e2n kh\u1ea5u chuy\u00ean nghi\u1ec7p, in ph\u00f4ng [&#8230;]\n","protected":false},"author":1,"featured_media":705,"parent":0,"menu_order":0,"comment_status":"closed","ping_status":"closed","template":"page-left-sidebar.php","meta":[],"_links":{"self":[{"href":"https:\/\/demo.bmconnect.vn\/inbat\/wp-json\/wp\/v2\/pages\/826"}],"collection":[{"href":"https:\/\/demo.bmconnect.vn\/inbat\/wp-json\/wp\/v2\/pages"}],"about":[{"href":"https:\/\/demo.bmconnect.vn\/inbat\/wp-json\/wp\/v2\/types\/page"}],"author":[{"embeddable":true,"href":"https:\/\/demo.bmconnect.vn\/inbat\/wp-json\/wp\/v2\/users\/1"}],"replies":[{"embeddable":true,"href":"https:\/\/demo.bmconnect.vn\/inbat\/wp-json\/wp\/v2\/comments?post=826"}],"version-history":[{"count":2,"href":"https:\/\/demo.bmconnect.vn\/inbat\/wp-json\/wp\/v2\/pages\/826\/revisions"}],"predecessor-version":[{"id":828,"href":"https:\/\/demo.bmconnect.vn\/inbat\/wp-json\/wp\/v2\/pages\/826\/revisions\/828"}],"wp:featuredmedia":[{"embeddable":true,"href":"https:\/\/demo.bmconnect.vn\/inbat\/wp-json\/wp\/v2\/media\/705"}],"wp:attachment":[{"href":"https:\/\/demo.bmconnect.vn\/inbat\/wp-json\/wp\/v2\/media?parent=826"}],"curies":[{"name":"wp","href":"https:\/\/api.w.org\/{rel}","templated":true}]}}