{"id":824,"date":"2017-10-27T21:21:04","date_gmt":"2017-10-27T14:21:04","guid":{"rendered":"https:\/\/demo.bmconnect.vn\/inbat\/?page_id=824"},"modified":"2017-10-27T21:21:04","modified_gmt":"2017-10-27T14:21:04","slug":"in-an-quang-cao","status":"publish","type":"page","link":"https:\/\/demo.bmconnect.vn\/inbat\/in-an-quang-cao\/","title":{"rendered":"In \u1ea5n qu\u1ea3ng c\u00e1o"},"content":{"rendered":"<div class=\"itemHeader\">\n<div class=\"itemToolbar\">\n<div class=\"clr\"><span style=\"color: #555555; line-height: inherit; font-size: 14.4px;\">C\u00d4NG TY IN QU\u1ea2NG C\u00c1O &#8211; <\/span><span style=\"color: #555555; line-height: inherit; font-size: 14.4px;\">IN \u1ea4N QU\u1ea2NG C\u00c1O<\/span><span style=\"color: #555555; line-height: inherit; font-size: 14.4px;\"> &#8211; QU\u1ea2NG C\u00c1O NGO\u00c0I TR\u1edcI\u00a0<\/span><strong style=\"color: #555555; line-height: inherit; font-size: 14.4px;\">Hotline: 0929.662.222 &#8211; 0983.256.709<\/strong><\/div>\n<\/div>\n<\/div>\n<div class=\"itemBody\">\n<div class=\"itemFullText\">\n<p>B\u1ea3ng bi\u1ec3n qu\u1ea3ng c\u00e1o t\u1ea5m l\u1edbn, in qu\u1ea3ng c\u00e1o ngo\u00e0i tr\u1eddi l\u00e0 m\u1ed9t lo\u1ea1i h\u00ecnh b\u1ea3ng \u0111\u1eb7c bi\u1ec7t, c\u00f3 k\u00edch th\u01b0\u1edbc l\u1edbn, t\u1eeb kho\u1ea3ng 80m2 (b\u1ea3ng trong n\u1ed9i th\u00e0nh) \u0111\u1ebfn 250m2 (b\u1ea3ng bi\u1ec3n tr\u00ean \u0111\u01b0\u1eddng cao t\u1ed1c, \u0111\u01b0\u1eddng qu\u1ed1c l\u1ed9, qu\u1ea3ng c\u00e1o ngo\u00e0i tr\u1eddi).<\/p>\n<p>V\u1ec1 m\u1eb7t k\u1ebft c\u1ea5u, b\u1ea3ng bi\u1ec3n qu\u1ea3ng c\u00e1o t\u1ea5m l\u1edbn, in \u1ea5n qu\u1ea3ng c\u00e1o ngo\u00e0i tr\u1eddi \u0111\u01b0\u1ee3c l\u1eafp d\u1ef1ng b\u1edfi h\u1ec7 th\u1ed1ng c\u1ed9t c\u1ee9ng, ch\u00e2n c\u1ed9t \u0111\u01b0\u1ee3c ch\u00f4n s\u00e2u, \u0111\u1ed5 b\u00ea t\u00f4ng. Khung b\u1ea3ng b\u1eb1ng s\u1eaft vu\u00f4ng ho\u1eb7c tr\u00f2n, h\u00e0n k\u1ebft c\u1ea5u c\u1ee9ng. M\u1eb7t b\u1ea3ng th\u01b0\u1eddng d\u00f9ng b\u1ea1t Hiflex in phun. Ngo\u00e0ira, b\u1ea3ng bi\u1ec3n qu\u1ea3ng c\u00e1o t\u1ea5m l\u1edbn, khi in qu\u1ea3ng c\u00e1o ngo\u00e0i tr\u1eddi c\u00f2n \u0111\u01b0\u1ee3c thu\u00ea c\u1ed7 \u0111\u1eb7t tr\u00ean c\u00e1c b\u1ee9c t\u01b0\u1eddng c\u00e1c c\u0103n nh\u00e0 cao t\u1ea7ng c\u00f3 v\u1ecb tr\u00ed \u0111\u1eb9p, thu\u1eadn ti\u1ec7n cho vi\u1ec7c in \u1ea5n qu\u1ea3ng c\u00e1o (qu\u1ea3ng c\u00e1o ngo\u00e0i tr\u1eddi).<\/p>\n<p>Qu\u1ea3ng c\u00e1o ngo\u00e0i tr\u1eddi th\u01b0\u1eddng \u00e1p d\u1ee5ng cho c\u00e1c c\u00f4ng tr\u00ecnh x\u00e2y d\u1ef1ng, xung quanh c\u00e1c cao \u1ed1c, v\u0103n ph\u00f2ng \u0111ang x\u00e2y d\u1ef1ng nh\u1eb1m qu\u1ea3ng b\u00e1 d\u1ecbch v\u1ee5 c\u1ee7a to\u00e0n nh\u00e0 ho\u1eb7c hotline li\u00ean h\u1ec7 \u0111\u1ec3 thu\u00ea t\u00f2a nh\u00e0 ho\u1eb7c v\u0103n ph\u00f2ng.<\/p>\n<p>Thi\u1ebft k\u1ebf in \u1ea5n Qu\u1ea3ng c\u00e1o ngo\u00e0i tr\u1eddi c\u00f2n l\u00e0m t\u0103ng th\u00eam v\u1ebb m\u1ef9 quan c\u1ee7a c\u00e1c c\u00f4ng tr\u00ecnh x\u00e2y d\u1ef1ng. V\u00ec c\u00e1c l\u00fd do an to\u00e0n v\u00e0 th\u1ea9m m\u1ef9 chung, b\u1ea3ng bi\u1ec3n qu\u1ea3ng c\u00e1o t\u1ea5m l\u1edbn (Pano, pa n\u00f4, billboard) l\u00e0 m\u1ed9t trong nh\u1eefng h\u00ecnh th\u1ee9c b\u1ea3ng hi\u1ec7u \u0111\u01b0\u1ee3c qu\u1ea3n l\u00fd ch\u1eb7t ch\u1ebd v\u00e0 c\u00f3 quy ho\u1ea1ch ch\u00ednh th\u1ee9c c\u1ee7a c\u00e1c c\u01a1 quan ch\u1ee9c n\u0103ng.<\/p>\n<p>Hi\u1ec7n t\u1ea1i, ch\u00fang t\u00f4i l\u00e0 m\u1ed9t trong c\u00e1c \u0111\u01a1n v\u1ecb qu\u1ea3ng c\u00e1o c\u1ee7a th\u00e0nh ph\u1ed1 \u0111\u00e1p \u1ee9ng c\u00e1c y\u00eau c\u1ea7u kh\u1eaft khe v\u1ec1 gi\u1ea5y ph\u00e9p, \u0111\u1ed9 an to\u00e0n v\u00e0 t\u00ednh th\u1ea9m m\u1ef9 \u0111\u1ed1i v\u1edbi vi\u1ec7c thi\u1ebft k\u1ebf v\u00e0 thi c\u00f4ng c\u00e1c c\u00f4ng tr\u00ecnh b\u1ea3ng bi\u1ec3n qu\u1ea3ng c\u00e1o t\u1ea5m l\u1edbn (Pano, pa n\u00f4, billboard).<\/p>\n<p>Xin vui l\u00f2ng li\u00ean h\u1ec7 tr\u1ef1c ti\u1ebfp v\u1edbi ch\u00fang t\u00f4i \u0111\u1ec3 \u0111\u01b0\u1ee3c t\u01b0 v\u1ea5n chi ti\u1ebft, hi\u1ec7u qu\u1ea3 nh\u1ea5t khi qu\u00fd kh\u00e1ch h\u00e0ng mu\u1ed1n l\u1eafp \u0111\u1eb7t b\u1ea3ng bi\u1ec3n qu\u1ea3ng c\u00e1o t\u1ea5m l\u1edbn (Pano, pa n\u00f4, billboard).<\/p>\n<p>C\u00f4ng ty In \u1ea5n Qu\u1ea3ng c\u00e1o Thi\u00ean H\u00e0 &#8211; \u0110\u1ecba ch\u1ec9 in qu\u1ea3ng c\u00e1o uy t\u00edn t\u1ea1i H\u00e0 N\u1ed9i<\/p>\n<p><strong>Li\u00ean h\u1ec7 \u0111\u1eb7t h\u00e0ng: Mr Th\u1ecd<\/strong><\/p>\n<p><strong>\u0110i\u1ec7n tho\u1ea1i: 04.62962979<\/strong><\/p>\n<p><strong>Hotline: 0929.662.222 &#8211; 0983.256.709 <\/strong><\/p>\n<p><strong>Skype: thienha_3d<\/strong><\/p>\n<p><strong>Email: quangcao_thienha@yahoo.com<\/strong><\/p>\n<\/div>\n<\/div>\n","protected":false},"excerpt":{"rendered":"<p>C\u00d4NG TY IN QU\u1ea2NG C\u00c1O &#8211; IN \u1ea4N QU\u1ea2NG C\u00c1O &#8211; QU\u1ea2NG C\u00c1O NGO\u00c0I TR\u1edcI\u00a0Hotline: 0929.662.222 &#8211; 0983.256.709 B\u1ea3ng bi\u1ec3n qu\u1ea3ng c\u00e1o t\u1ea5m l\u1edbn, in qu\u1ea3ng c\u00e1o ngo\u00e0i tr\u1eddi l\u00e0 m\u1ed9t lo\u1ea1i h\u00ecnh b\u1ea3ng \u0111\u1eb7c bi\u1ec7t, c\u00f3 k\u00edch th\u01b0\u1edbc l\u1edbn, t\u1eeb kho\u1ea3ng 80m2 (b\u1ea3ng trong n\u1ed9i th\u00e0nh) \u0111\u1ebfn 250m2 (b\u1ea3ng bi\u1ec3n tr\u00ean \u0111\u01b0\u1eddng cao t\u1ed1c, [&#8230;]\n","protected":false},"author":1,"featured_media":565,"parent":0,"menu_order":0,"comment_status":"closed","ping_status":"closed","template":"page-left-sidebar.php","meta":[],"_links":{"self":[{"href":"https:\/\/demo.bmconnect.vn\/inbat\/wp-json\/wp\/v2\/pages\/824"}],"collection":[{"href":"https:\/\/demo.bmconnect.vn\/inbat\/wp-json\/wp\/v2\/pages"}],"about":[{"href":"https:\/\/demo.bmconnect.vn\/inbat\/wp-json\/wp\/v2\/types\/page"}],"author":[{"embeddable":true,"href":"https:\/\/demo.bmconnect.vn\/inbat\/wp-json\/wp\/v2\/users\/1"}],"replies":[{"embeddable":true,"href":"https:\/\/demo.bmconnect.vn\/inbat\/wp-json\/wp\/v2\/comments?post=824"}],"version-history":[{"count":1,"href":"https:\/\/demo.bmconnect.vn\/inbat\/wp-json\/wp\/v2\/pages\/824\/revisions"}],"predecessor-version":[{"id":825,"href":"https:\/\/demo.bmconnect.vn\/inbat\/wp-json\/wp\/v2\/pages\/824\/revisions\/825"}],"wp:featuredmedia":[{"embeddable":true,"href":"https:\/\/demo.bmconnect.vn\/inbat\/wp-json\/wp\/v2\/media\/565"}],"wp:attachment":[{"href":"https:\/\/demo.bmconnect.vn\/inbat\/wp-json\/wp\/v2\/media?parent=824"}],"curies":[{"name":"wp","href":"https:\/\/api.w.org\/{rel}","templated":true}]}}