{"id":821,"date":"2017-10-27T21:19:45","date_gmt":"2017-10-27T14:19:45","guid":{"rendered":"https:\/\/demo.bmconnect.vn\/inbat\/?page_id=821"},"modified":"2017-10-27T21:19:50","modified_gmt":"2017-10-27T14:19:50","slug":"in-bat-kho-lon","status":"publish","type":"page","link":"https:\/\/demo.bmconnect.vn\/inbat\/in-bat-kho-lon\/","title":{"rendered":"In b\u1ea1t kh\u1ed5 l\u1edbn"},"content":{"rendered":"<p>In b\u1ea1t kh\u1ed5 l\u1edbn ch\u1ea5t l\u01b0\u1ee3ng, gi\u00e1 c\u1ea1nh tranh t\u1ea1i H\u00e0 N\u1ed9i. X\u01b0\u1edfng in ph\u00f4ng\u00a0b\u1ea1t kh\u1ed5 l\u1edbn l\u1ea5y nhanh \u1edf hn c\u1ee7a In \u1ea4n Vi\u1ec7t B\u1eafc. \u0110C:185 H\u1ed3 T\u00f9ng M\u1eadu, C\u1ea7u Gi\u1ea5y &#8211; M\u1ef9 \u0110\u00ecnh, H\u00e0 N\u1ed9i<\/p>\n<p><strong>In Phun b\u1ea1t\u00a0kh\u1ed5 l\u1edbn<\/strong>\u00a0hay c\u00f2n g\u1ecdi l\u00e0 In phun Qu\u1ea3ng c\u00e1o l\u00e0 m\u1ed9t tr\u1ecdng nh\u1eefng d\u1ecbch v\u1ee5 In ph\u00e1t tri\u1ec3n m\u1ea1nh m\u1ebd v\u00e0 s\u00f4i \u0111\u1ed9ng tr\u00ean th\u1ecb tr\u01b0\u1eddng in \u1ea5n qu\u1ea3ng c\u00e1o hi\u1ec7n nay &#8211; ph\u1ee5c v\u1ee5 cho c\u00e1c nhu c\u1ea7u\u00a0<strong><em>in b\u1ea1t hiflex, in pp,\u00a0in decal\u00a0hay in backlit film<\/em>,<\/strong>\u2026 s\u1eed d\u1ee5ng l\u00e0m c\u00e1c bi\u1ec3n qu\u1ea3ng c\u00e1o, banner, hay h\u1ed9p \u0111\u00e8n qu\u1ea3ng c\u00e1o\u2026<\/p>\n<p><strong>X\u01af\u1edeNG IN K\u1ef8 THU\u1eacT S\u1ed0 KH\u1ed4 L\u1edaN PH\u00c1T T\u00cdN<\/strong><\/p>\n<p>\u0110\u1ecba ch\u1ec9: S\u1ed1 3510, QL 80, Th\u1ea1nh Ti\u1ebfn, V\u0129nh Th\u1ea1nh, Tp. C\u1ea7n Th\u01a1<\/p>\n<p>\u0110i\u1ec7n Tho\u1ea1i: 02926.510.777 &#8211; \u00a0Di \u0111\u1ed9ng: 0947.010.777<\/p>\n<p>Email: inphattin@gmail.com<\/p>\n<p>Facebook: www.facebook.com\/inphattin &#8211;\u00a0Skype: inphattin<\/p>\n<p>Website: www.inphattin.com<\/p>\n","protected":false},"excerpt":{"rendered":"<p>In b\u1ea1t kh\u1ed5 l\u1edbn ch\u1ea5t l\u01b0\u1ee3ng, gi\u00e1 c\u1ea1nh tranh t\u1ea1i H\u00e0 N\u1ed9i. X\u01b0\u1edfng in ph\u00f4ng\u00a0b\u1ea1t kh\u1ed5 l\u1edbn l\u1ea5y nhanh \u1edf hn c\u1ee7a In \u1ea4n Vi\u1ec7t B\u1eafc. \u0110C:185 H\u1ed3 T\u00f9ng M\u1eadu, C\u1ea7u Gi\u1ea5y &#8211; M\u1ef9 \u0110\u00ecnh, H\u00e0 N\u1ed9i In Phun b\u1ea1t\u00a0kh\u1ed5 l\u1edbn\u00a0hay c\u00f2n g\u1ecdi l\u00e0 In phun Qu\u1ea3ng c\u00e1o l\u00e0 m\u1ed9t tr\u1ecdng nh\u1eefng d\u1ecbch v\u1ee5 In [&#8230;]\n","protected":false},"author":1,"featured_media":0,"parent":0,"menu_order":0,"comment_status":"closed","ping_status":"closed","template":"page-left-sidebar.php","meta":[],"_links":{"self":[{"href":"https:\/\/demo.bmconnect.vn\/inbat\/wp-json\/wp\/v2\/pages\/821"}],"collection":[{"href":"https:\/\/demo.bmconnect.vn\/inbat\/wp-json\/wp\/v2\/pages"}],"about":[{"href":"https:\/\/demo.bmconnect.vn\/inbat\/wp-json\/wp\/v2\/types\/page"}],"author":[{"embeddable":true,"href":"https:\/\/demo.bmconnect.vn\/inbat\/wp-json\/wp\/v2\/users\/1"}],"replies":[{"embeddable":true,"href":"https:\/\/demo.bmconnect.vn\/inbat\/wp-json\/wp\/v2\/comments?post=821"}],"version-history":[{"count":2,"href":"https:\/\/demo.bmconnect.vn\/inbat\/wp-json\/wp\/v2\/pages\/821\/revisions"}],"predecessor-version":[{"id":823,"href":"https:\/\/demo.bmconnect.vn\/inbat\/wp-json\/wp\/v2\/pages\/821\/revisions\/823"}],"wp:attachment":[{"href":"https:\/\/demo.bmconnect.vn\/inbat\/wp-json\/wp\/v2\/media?parent=821"}],"curies":[{"name":"wp","href":"https:\/\/api.w.org\/{rel}","templated":true}]}}