{"id":795,"date":"2017-10-27T21:11:41","date_gmt":"2017-10-27T14:11:41","guid":{"rendered":"https:\/\/demo.bmconnect.vn\/inbat\/?page_id=795"},"modified":"2017-10-27T21:14:46","modified_gmt":"2017-10-27T14:14:46","slug":"tranh-lua-dan-tuong","status":"publish","type":"page","link":"https:\/\/demo.bmconnect.vn\/inbat\/tranh-lua-dan-tuong\/","title":{"rendered":"Tranh l\u1ee5a d\u00e1n t\u01b0\u1eddng"},"content":{"rendered":"<p>Hi\u1ec7n nay, tr\u00ean th\u1ecb tr\u01b0\u1eddng c\u00f3 kh\u00e1 nhi\u1ec1u \u0111\u01a1n v\u1ecb cung \u1ee9ng d\u1ecbch v\u1ee5 in tranh l\u1ee5a 3D d\u00e1n t\u01b0\u1eddng v\u1edbi \u0111a d\u1ea1ng m\u1eabu m\u00e3 v\u00e0 m\u1ee9c gi\u00e1 kh\u00e1c nhau. Tuy nhi\u00ean, n\u1eb1m trong s\u1ed1 \u0111\u00f3 th\u00ec h\u1ec7 th\u1ed1ng x\u01b0\u1edfng in cao c\u1ea5p c\u1ee7a c\u00f4ng ty TNHH \u0111\u1ea7u t\u01b0 qu\u1ea3ng c\u00e1o Thi\u00ean H\u00e0 \u0111\u01b0\u1ee3c kh\u00e1ch h\u00e0ng bi\u1ebft \u0111\u1ebfn nhi\u1ec1u h\u01a1n c\u1ea3. B\u1edfi th\u1ebf n\u1ebfu nh\u01b0\u2026<\/p>\n<p>V\u1edbi h\u1ec7 th\u1ed1ng m\u00e1y in m\u00e0u c\u00f4ng ngh\u1ec7 cao c\u00f9ng \u0111\u1ed9i ng\u0169 chuy\u00ean gia k\u1ef9 thu\u1eadt gi\u00e0u kinh nghi\u1ec7m, c\u00f4ng ty TNHH \u0111\u1ea7u t\u01b0 qu\u1ea3ng c\u00e1o Thi\u00ean H\u00e0 nh\u1eadn in tranh l\u1ee5a d\u00e1n t\u01b0\u1eddng si\u00eau t\u1ed1c, gi\u00e1 r\u1ebb. Theo \u0111\u00f3, d\u1ecbch v\u1ee5 c\u1ee7a ch\u00fang t\u00f4i bao g\u1ed3m c\u00e1c ti\u1ec7n \u00edch sau: T\u01b0 v\u1ea5n mi\u1ec5n ph\u00ed v\u1ec1 c\u00e1ch l\u1ef1a ch\u1ecdn m\u1eabu tranh, k\u00edch th\u01b0\u1edbc tranh sao\u2026<\/p>\n<p>N\u1eafm b\u1eaft \u0111\u01b0\u1ee3c nhu c\u1ea7u trang ho\u00e0ng nh\u00e0 c\u1eeda, c\u1ea3i thi\u1ec7n kh\u00f4ng gian n\u1ed9i th\u1ea5t d\u1ecbp cu\u1ed1i n\u0103m c\u1ee7a \u0111\u00f4ng \u0111\u1ea3o kh\u00e1ch h\u00e0ng, c\u00f4ng ty TNHH \u0111\u1ea7u t\u01b0 qu\u1ea3ng c\u00e1o Thi\u00ean H\u00e0 cho ra \u0111\u1eddi d\u1ecbch v\u1ee5 in tranh l\u1ee5a d\u00e1n t\u01b0\u1eddng kh\u1ed5 l\u1edbn theo y\u00eau c\u1ea7u gi\u00e1 r\u1ebb. H\u00e3y c\u00f9ng ch\u00fang t\u00f4i t\u00ecm hi\u1ec3u th\u00eam m\u1ed9t s\u1ed1 th\u00f4ng tin chi ti\u1ebft v\u1ec1 d\u1ecbch v\u1ee5\u2026<\/p>\n\n  \n    <div class=\"row large-columns-3 medium-columns-1 small-columns-1\">\n  \t\t<div class=\"col post-item\" >\n\t\t\t<div class=\"col-inner\">\n\t\t\t<a href=\"https:\/\/demo.bmconnect.vn\/inbat\/tuyen-tap-mau-tranh-lua-dan-tuong-chao-xuan-2017-cuc-chat\/\" class=\"plain\">\n\t\t\t\t<div class=\"box box-normal box-text-bottom box-blog-post has-hover\">\n            \t\t\t\t\t<div class=\"box-image\" >\n  \t\t\t\t\t\t<div class=\"image-cover\" style=\"padding-top:56.25%;\">\n  \t\t\t\t\t\t\t<img width=\"300\" height=\"220\" src=\"https:\/\/demo.bmconnect.vn\/inbat\/wp-content\/uploads\/2017\/10\/tuyen-tap-mau-tranh-lua-dan-tuong-chao-xuan-2017-cuc-chat-04-300x220.jpg\" class=\"attachment-medium size-medium wp-post-image\" alt=\"\" loading=\"lazy\" srcset=\"https:\/\/demo.bmconnect.vn\/inbat\/wp-content\/uploads\/2017\/10\/tuyen-tap-mau-tranh-lua-dan-tuong-chao-xuan-2017-cuc-chat-04-300x220.jpg 300w, https:\/\/demo.bmconnect.vn\/inbat\/wp-content\/uploads\/2017\/10\/tuyen-tap-mau-tranh-lua-dan-tuong-chao-xuan-2017-cuc-chat-04-768x564.jpg 768w, https:\/\/demo.bmconnect.vn\/inbat\/wp-content\/uploads\/2017\/10\/tuyen-tap-mau-tranh-lua-dan-tuong-chao-xuan-2017-cuc-chat-04.jpg 800w\" sizes=\"(max-width: 300px) 100vw, 300px\" \/>  \t\t\t\t\t\t\t  \t\t\t\t\t\t\t  \t\t\t\t\t\t<\/div>\n  \t\t\t\t\t\t  \t\t\t\t\t<\/div><!-- .box-image -->\n          \t\t\t\t\t<div class=\"box-text text-center\" >\n\t\t\t\t\t<div class=\"box-text-inner blog-post-inner\">\n\n\t\t\t\t\t\n\t\t\t\t\t\t\t\t\t\t<h5 class=\"post-title is-large \">Tuy\u1ec3n t\u1eadp m\u1eabu tranh l\u1ee5a d\u00e1n t\u01b0\u1eddng ch\u00e0o xu\u00e2n 2017 c\u1ef1c ch\u1ea5t<\/h5>\n\t\t\t\t\t\t\t\t\t\t<div class=\"is-divider\"><\/div>\n\t\t\t\t\t\t\t\t\t\t<p class=\"from_the_blog_excerpt \">M\u1ed7i d\u1ecbp t\u1ebft \u0111\u1ebfn xu\u00e2n v\u1ec1, vi\u1ec7c trang ho\u00e0ng cho nh\u00e0 c\u1eeda lu\u00f4n l\u00e0 \u0111i\u1ec1u [...]\t\t\t\t\t<\/p>\n\t\t\t\t\t                    \n\t\t\t\t\t\n\t\t\t\t\t\n\t\t\t\t\t<\/div><!-- .box-text-inner -->\n\t\t\t\t\t<\/div><!-- .box-text -->\n\t\t\t\t\t\t\t\t\t<\/div><!-- .box -->\n\t\t\t\t<\/a><!-- .link -->\n\t\t\t<\/div><!-- .col-inner -->\n\t\t<\/div><!-- .col -->\n\t\t<div class=\"col post-item\" >\n\t\t\t<div class=\"col-inner\">\n\t\t\t<a href=\"https:\/\/demo.bmconnect.vn\/inbat\/mau-tranh-lua-dan-tuong-cho-be-sieu-doc-dao\/\" class=\"plain\">\n\t\t\t\t<div class=\"box box-normal box-text-bottom box-blog-post has-hover\">\n            \t\t\t\t\t<div class=\"box-image\" >\n  \t\t\t\t\t\t<div class=\"image-cover\" style=\"padding-top:56.25%;\">\n  \t\t\t\t\t\t\t<img width=\"300\" height=\"188\" src=\"https:\/\/demo.bmconnect.vn\/inbat\/wp-content\/uploads\/2017\/10\/mau-tranh-lua-dan-tuong-cho-be-sieu-doc-dao-03-300x188.jpg\" class=\"attachment-medium size-medium wp-post-image\" alt=\"\" loading=\"lazy\" srcset=\"https:\/\/demo.bmconnect.vn\/inbat\/wp-content\/uploads\/2017\/10\/mau-tranh-lua-dan-tuong-cho-be-sieu-doc-dao-03-300x188.jpg 300w, https:\/\/demo.bmconnect.vn\/inbat\/wp-content\/uploads\/2017\/10\/mau-tranh-lua-dan-tuong-cho-be-sieu-doc-dao-03-768x480.jpg 768w, https:\/\/demo.bmconnect.vn\/inbat\/wp-content\/uploads\/2017\/10\/mau-tranh-lua-dan-tuong-cho-be-sieu-doc-dao-03.jpg 800w\" sizes=\"(max-width: 300px) 100vw, 300px\" \/>  \t\t\t\t\t\t\t  \t\t\t\t\t\t\t  \t\t\t\t\t\t<\/div>\n  \t\t\t\t\t\t  \t\t\t\t\t<\/div><!-- .box-image -->\n          \t\t\t\t\t<div class=\"box-text text-center\" >\n\t\t\t\t\t<div class=\"box-text-inner blog-post-inner\">\n\n\t\t\t\t\t\n\t\t\t\t\t\t\t\t\t\t<h5 class=\"post-title is-large \">M\u1eabu tranh l\u1ee5a d\u00e1n t\u01b0\u1eddng cho b\u00e9 si\u00eau \u0111\u1ed9c \u0111\u00e1o<\/h5>\n\t\t\t\t\t\t\t\t\t\t<div class=\"is-divider\"><\/div>\n\t\t\t\t\t\t\t\t\t\t<p class=\"from_the_blog_excerpt \">N\u0103m m\u1edbi \u0111\u00e3 c\u1eadn k\u1ec1, vi\u1ec7c trang ho\u00e0ng cho nh\u00e0 c\u1eeda \u1edf th\u1eddi \u0111i\u1ec3m n\u00e0y [...]\t\t\t\t\t<\/p>\n\t\t\t\t\t                    \n\t\t\t\t\t\n\t\t\t\t\t\n\t\t\t\t\t<\/div><!-- .box-text-inner -->\n\t\t\t\t\t<\/div><!-- .box-text -->\n\t\t\t\t\t\t\t\t\t<\/div><!-- .box -->\n\t\t\t\t<\/a><!-- .link -->\n\t\t\t<\/div><!-- .col-inner -->\n\t\t<\/div><!-- .col -->\n\t\t<div class=\"col post-item\" >\n\t\t\t<div class=\"col-inner\">\n\t\t\t<a href=\"https:\/\/demo.bmconnect.vn\/inbat\/dia-chi-in-tranh-lua-3d-dan-tuong-uy-tin-nhat\/\" class=\"plain\">\n\t\t\t\t<div class=\"box box-normal box-text-bottom box-blog-post has-hover\">\n            \t\t\t\t\t<div class=\"box-image\" >\n  \t\t\t\t\t\t<div class=\"image-cover\" style=\"padding-top:56.25%;\">\n  \t\t\t\t\t\t\t<img width=\"300\" height=\"188\" src=\"https:\/\/demo.bmconnect.vn\/inbat\/wp-content\/uploads\/2017\/10\/dia-chi-in-tranh-lua-3d-dan-tuong-uy-tin-nhata-04-300x188.jpg\" class=\"attachment-medium size-medium wp-post-image\" alt=\"\" loading=\"lazy\" srcset=\"https:\/\/demo.bmconnect.vn\/inbat\/wp-content\/uploads\/2017\/10\/dia-chi-in-tranh-lua-3d-dan-tuong-uy-tin-nhata-04-300x188.jpg 300w, https:\/\/demo.bmconnect.vn\/inbat\/wp-content\/uploads\/2017\/10\/dia-chi-in-tranh-lua-3d-dan-tuong-uy-tin-nhata-04-768x480.jpg 768w, https:\/\/demo.bmconnect.vn\/inbat\/wp-content\/uploads\/2017\/10\/dia-chi-in-tranh-lua-3d-dan-tuong-uy-tin-nhata-04.jpg 800w\" sizes=\"(max-width: 300px) 100vw, 300px\" \/>  \t\t\t\t\t\t\t  \t\t\t\t\t\t\t  \t\t\t\t\t\t<\/div>\n  \t\t\t\t\t\t  \t\t\t\t\t<\/div><!-- .box-image -->\n          \t\t\t\t\t<div class=\"box-text text-center\" >\n\t\t\t\t\t<div class=\"box-text-inner blog-post-inner\">\n\n\t\t\t\t\t\n\t\t\t\t\t\t\t\t\t\t<h5 class=\"post-title is-large \">\u0110\u1ecba ch\u1ec9 in tranh l\u1ee5a 3D d\u00e1n t\u01b0\u1eddng uy t\u00edn nh\u1ea5t<\/h5>\n\t\t\t\t\t\t\t\t\t\t<div class=\"is-divider\"><\/div>\n\t\t\t\t\t\t\t\t\t\t<p class=\"from_the_blog_excerpt \">Hi\u1ec7n nay, tr\u00ean th\u1ecb tr\u01b0\u1eddng c\u00f3 kh\u00e1 nhi\u1ec1u \u0111\u01a1n v\u1ecb cung \u1ee9ng d\u1ecbch v\u1ee5 in [...]\t\t\t\t\t<\/p>\n\t\t\t\t\t                    \n\t\t\t\t\t\n\t\t\t\t\t\n\t\t\t\t\t<\/div><!-- .box-text-inner -->\n\t\t\t\t\t<\/div><!-- .box-text -->\n\t\t\t\t\t\t\t\t\t<\/div><!-- .box -->\n\t\t\t\t<\/a><!-- .link -->\n\t\t\t<\/div><!-- .col-inner -->\n\t\t<\/div><!-- .col -->\n<\/div>\n","protected":false},"excerpt":{"rendered":"<p>Hi\u1ec7n nay, tr\u00ean th\u1ecb tr\u01b0\u1eddng c\u00f3 kh\u00e1 nhi\u1ec1u \u0111\u01a1n v\u1ecb cung \u1ee9ng d\u1ecbch v\u1ee5 in tranh l\u1ee5a 3D d\u00e1n t\u01b0\u1eddng v\u1edbi \u0111a d\u1ea1ng m\u1eabu m\u00e3 v\u00e0 m\u1ee9c gi\u00e1 kh\u00e1c nhau. Tuy nhi\u00ean, n\u1eb1m trong s\u1ed1 \u0111\u00f3 th\u00ec h\u1ec7 th\u1ed1ng x\u01b0\u1edfng in cao c\u1ea5p c\u1ee7a c\u00f4ng ty TNHH \u0111\u1ea7u t\u01b0 qu\u1ea3ng c\u00e1o Thi\u00ean H\u00e0 \u0111\u01b0\u1ee3c kh\u00e1ch [&#8230;]\n","protected":false},"author":1,"featured_media":0,"parent":0,"menu_order":0,"comment_status":"closed","ping_status":"closed","template":"page-left-sidebar.php","meta":[],"_links":{"self":[{"href":"https:\/\/demo.bmconnect.vn\/inbat\/wp-json\/wp\/v2\/pages\/795"}],"collection":[{"href":"https:\/\/demo.bmconnect.vn\/inbat\/wp-json\/wp\/v2\/pages"}],"about":[{"href":"https:\/\/demo.bmconnect.vn\/inbat\/wp-json\/wp\/v2\/types\/page"}],"author":[{"embeddable":true,"href":"https:\/\/demo.bmconnect.vn\/inbat\/wp-json\/wp\/v2\/users\/1"}],"replies":[{"embeddable":true,"href":"https:\/\/demo.bmconnect.vn\/inbat\/wp-json\/wp\/v2\/comments?post=795"}],"version-history":[{"count":4,"href":"https:\/\/demo.bmconnect.vn\/inbat\/wp-json\/wp\/v2\/pages\/795\/revisions"}],"predecessor-version":[{"id":808,"href":"https:\/\/demo.bmconnect.vn\/inbat\/wp-json\/wp\/v2\/pages\/795\/revisions\/808"}],"wp:attachment":[{"href":"https:\/\/demo.bmconnect.vn\/inbat\/wp-json\/wp\/v2\/media?parent=795"}],"curies":[{"name":"wp","href":"https:\/\/api.w.org\/{rel}","templated":true}]}}