{"id":752,"date":"2017-10-27T20:57:24","date_gmt":"2017-10-27T13:57:24","guid":{"rendered":"https:\/\/demo.bmconnect.vn\/inbat\/?page_id=752"},"modified":"2017-10-27T20:57:24","modified_gmt":"2017-10-27T13:57:24","slug":"in-bang-ron-mung-nam-moi-chat-luong-cao-gia-re","status":"publish","type":"page","link":"https:\/\/demo.bmconnect.vn\/inbat\/in-bang-ron-mung-nam-moi-chat-luong-cao-gia-re\/","title":{"rendered":"In b\u0103ng r\u00f4n m\u1eebng n\u0103m m\u1edbi ch\u1ea5t l\u01b0\u1ee3ng cao, gi\u00e1 r\u1ebb"},"content":{"rendered":"<p>V\u1edbi s\u1ef1 uy t\u00edn c\u00f9ng b\u1ec1 d\u00e0y kinh nghi\u1ec7m c\u1ee7a m\u00ecnh trong l\u0129nh v\u1ef1c in \u1ea5n qu\u1ea3ng c\u00e1o, Thi\u00ean H\u00e0 \u0111\u1ea3m b\u1ea3o s\u1ebd mang l\u1ea1i cho qu\u00fd kh\u00e1ch h\u00e0ng d\u1ecbch v\u1ee5 in b\u0103n r\u00f4n m\u1eebng n\u0103m m\u1edbi nhanh, r\u1ebb, \u0111\u1eb9p.<\/p>\n<p>H\u00e3y tranh th\u1ee7 nh\u1eefng th\u1eddi \u0111i\u1ec3m ngh\u1ec9 t\u1ebft \u0111\u1ec3 thu h\u00fat c\u00e1c kh\u00e1ch h\u00e0ng \u0111\u1ebfn v\u1edbi c\u1eeda h\u00e0ng c\u1ee7a m\u00ecnh nhi\u1ec1u h\u01a1n b\u1eb1ng nh\u1eefng ch\u01b0\u01a1ng tr\u00ecnh gi\u1ea3m gi\u00e1, khuy\u1ebfn m\u00e3i. \u0110\u1ed9i ng\u0169 k\u1ef9 thu\u1eadt in c\u1ee7a c\u00f4ng ty TNHH \u0111\u1ea7u t\u01b0 qu\u1ea3ng c\u00e1o Thi\u00ean H\u00e0 s\u1ebd h\u1ed7 tr\u1ee3 b\u1ea1n h\u1ebft m\u00ecnh trong vi\u1ec7c t\u1ea1o n\u00ean nh\u1eefng th\u00e0nh ph\u1ea9m b\u0103ng r\u00f4n \u1ea5n t\u01b0\u1ee3ng nh\u1ea5t.<\/p>\n<p>H\u01a1n h\u1ebft, \u0111\u1ec3 gi\u00fap kh\u00e1ch h\u00e0ng c\u00f3 th\u1ec3 y\u00ean t\u00e2m h\u01a1n, Thi\u00ean H\u00e0 \u0111\u00e3 s\u1eed d\u1ee5ng ch\u1ea5t li\u1ec7u in hiflex \u0111\u1ec3 ti\u1ebfn h\u00e0nh in b\u0103ng r\u00f4n qu\u1ea3ng c\u00e1o m\u1eebng n\u0103m m\u1edbi. B\u1edfi hiflex \u0111\u01b0\u1ee3c c\u1ea5u t\u1ea1o t\u1eeb nh\u1ef1a PVC b\u1ec1n d\u1ebbo c\u00f3 kh\u1ea3 n\u0103ng ch\u1ed1ng th\u1ea5m cao, b\u00e1m m\u00e0u t\u1ed1t, ph\u00f9 h\u1ee3p cho vi\u1ec7c s\u1eed d\u1ee5ng ngo\u00e0i tr\u1eddi m\u00e0 gi\u00e1 th\u00e0nh l\u1ea1i c\u00f2n h\u1ebft s\u1ee9c h\u1ee3p l\u00fd.<\/p>\n<p>Do c\u00f3 kh\u1ea3 n\u0103ng t\u1ef1 thi\u1ebft k\u1ebf v\u00e0 in \u1ea5n th\u00e0nh ph\u1ea9m ngay t\u1ea1i x\u01b0\u1edfng m\u00e0 kh\u00f4ng c\u1ea7n t\u1edbi \u0111\u1ed1i t\u00e1c trung gian n\u00ean gi\u00e1 th\u00e0nh in b\u0103ng r\u00f4n m\u1eebng n\u0103m m\u1edbi c\u1ee7a Thi\u00ean H\u00e0 lu\u00f4n c\u00f3 \u0111\u1ed9 c\u1ea1nh tranh cao nh\u1ea5t tr\u00ean th\u1ecb tr\u01b0\u1eddng. B\u00ean c\u1ea1nh \u0111\u00f3, v\u1edbi h\u1ec7 th\u1ed1ng m\u00e1y in m\u00e0u kh\u1ed5 l\u1edbn cao c\u1ea5p, ti\u00ean ti\u1ebfn, hi\u1ec7n \u0111\u1ea1i b\u1eadc nh\u1ea5t, Thi\u00ean H\u00e0 c\u00f3 th\u1ec3 \u0111\u00e1p \u1ee9ng m\u1ecdi nhu c\u1ea7u in nhanh, l\u1ea5y ngay cho \u0111\u00f4ng \u0111\u1ea3o kh\u00e1ch h\u00e0ng.<\/p>\n<p>L\u1ef1a ch\u1ecdn s\u1eed d\u1ee5ng d\u1ecbch v\u1ee5 in b\u0103ng r\u00f4ng qu\u1ea3ng c\u00e1o t\u1eeb b\u1ea1t hiflex c\u1ee7a \u0111\u01a1n v\u1ecb Thi\u00ean H\u00e0 s\u1ebd mang l\u1ea1i cho qu\u00fd kh\u00e1ch h\u00e0ng nh\u1eefng l\u1ee3i \u00edch thi\u1ebft th\u1ef1c sau:<\/p>\n<p>&#8211;\u00a0\u00a0\u00a0\u00a0\u00a0\u00a0\u00a0\u00a0\u00a0 \u0110\u01b0\u1ee3c t\u01b0 v\u1ea5n thi\u1ebft k\u1ebf in v\u00e0 ch\u1ecdn lo\u1ea1i v\u1eadt li\u1ec7u in, m\u1ef1c in mi\u1ec5n ph\u00ed ph\u00f9 h\u1ee3p v\u1edbi nhu c\u1ea7u s\u1eed d\u1ee5ng.<\/p>\n<p>&#8211;\u00a0\u00a0\u00a0\u00a0\u00a0\u00a0\u00a0\u00a0\u00a0 C\u00f3 th\u1ec3 th\u1ef1c hi\u1ec7n b\u0103ng r\u00f4n v\u1edbi kh\u1ed5 l\u1edbn t\u00f9y \u00fd.<\/p>\n<p>&#8211;\u00a0\u00a0\u00a0\u00a0\u00a0\u00a0\u00a0\u00a0\u00a0 H\u1ed7 tr\u1ee3 in nhanh, l\u1ea5y ngay, gi\u00e1 r\u1ebb<\/p>\n<p>&nbsp;<\/p>\n<p>Qu\u00fd kh\u00e1ch h\u00e0ng c\u00f3 nhu c\u1ea7u s\u1eed d\u1ee5ng d\u1ecbch v\u1ee5 in b\u0103ng r\u00f4n m\u1eebng n\u0103m m\u1edbi ch\u1ea5t l\u01b0\u1ee3ng cao, gi\u00e1 r\u1ebb c\u1ee7a c\u00f4ng ty TNHH \u0111\u1ea7u t\u01b0 qu\u1ea3ng c\u00e1o Thi\u00ean H\u00e0 vui l\u00f2ng li\u00ean h\u1ec7 tr\u1ef1c ti\u1ebfp t\u1edbi s\u1ed1 hotline 0929.66.2222 \u0111\u1ec3 \u0111\u01b0\u1ee3c t\u01b0 v\u1ea5n v\u00e0 h\u1ed7 tr\u1ee3 t\u1ed1t nh\u1ea5t.<\/p>\n","protected":false},"excerpt":{"rendered":"<p>V\u1edbi s\u1ef1 uy t\u00edn c\u00f9ng b\u1ec1 d\u00e0y kinh nghi\u1ec7m c\u1ee7a m\u00ecnh trong l\u0129nh v\u1ef1c in \u1ea5n qu\u1ea3ng c\u00e1o, Thi\u00ean H\u00e0 \u0111\u1ea3m b\u1ea3o s\u1ebd mang l\u1ea1i cho qu\u00fd kh\u00e1ch h\u00e0ng d\u1ecbch v\u1ee5 in b\u0103n r\u00f4n m\u1eebng n\u0103m m\u1edbi nhanh, r\u1ebb, \u0111\u1eb9p. H\u00e3y tranh th\u1ee7 nh\u1eefng th\u1eddi \u0111i\u1ec3m ngh\u1ec9 t\u1ebft \u0111\u1ec3 thu h\u00fat c\u00e1c kh\u00e1ch h\u00e0ng \u0111\u1ebfn [&#8230;]\n","protected":false},"author":1,"featured_media":753,"parent":0,"menu_order":0,"comment_status":"closed","ping_status":"closed","template":"page-left-sidebar.php","meta":[],"_links":{"self":[{"href":"https:\/\/demo.bmconnect.vn\/inbat\/wp-json\/wp\/v2\/pages\/752"}],"collection":[{"href":"https:\/\/demo.bmconnect.vn\/inbat\/wp-json\/wp\/v2\/pages"}],"about":[{"href":"https:\/\/demo.bmconnect.vn\/inbat\/wp-json\/wp\/v2\/types\/page"}],"author":[{"embeddable":true,"href":"https:\/\/demo.bmconnect.vn\/inbat\/wp-json\/wp\/v2\/users\/1"}],"replies":[{"embeddable":true,"href":"https:\/\/demo.bmconnect.vn\/inbat\/wp-json\/wp\/v2\/comments?post=752"}],"version-history":[{"count":1,"href":"https:\/\/demo.bmconnect.vn\/inbat\/wp-json\/wp\/v2\/pages\/752\/revisions"}],"predecessor-version":[{"id":754,"href":"https:\/\/demo.bmconnect.vn\/inbat\/wp-json\/wp\/v2\/pages\/752\/revisions\/754"}],"wp:featuredmedia":[{"embeddable":true,"href":"https:\/\/demo.bmconnect.vn\/inbat\/wp-json\/wp\/v2\/media\/753"}],"wp:attachment":[{"href":"https:\/\/demo.bmconnect.vn\/inbat\/wp-json\/wp\/v2\/media?parent=752"}],"curies":[{"name":"wp","href":"https:\/\/api.w.org\/{rel}","templated":true}]}}