{"id":50,"date":"2017-10-26T16:25:16","date_gmt":"2017-10-26T09:25:16","guid":{"rendered":"https:\/\/demo.bmconnect.vn\/inbat\/?page_id=50"},"modified":"2018-03-01T19:18:24","modified_gmt":"2018-03-01T12:18:24","slug":"lien-he","status":"publish","type":"page","link":"https:\/\/demo.bmconnect.vn\/inbat\/lien-he\/","title":{"rendered":"Li\u00ean h\u1ec7"},"content":{"rendered":"<p><strong>X\u01af\u1edeNG IN K\u1ef8 THU\u1eacT S\u1ed0 KH\u1ed4 L\u1edaN PH\u00c1T T\u00cdN<\/strong><\/p>\n<p>\u0110\u1ecba ch\u1ec9: S\u1ed1 3510, QL 80, Th\u1ea1nh Ti\u1ebfn, V\u0129nh Th\u1ea1nh, Tp. C\u1ea7n Th\u01a1<\/p>\n<p>\u0110i\u1ec7n Tho\u1ea1i: 0909009009<\/p>\n<p>Email: in@gmail.com<\/p>\n<p>Facebook: www.facebook.com\/-\u00a0Skype: inan<\/p>\n<p>Website: www.webdesign.com<\/p>\n<p><strong>TH\u00d4NG TIN THANH TO\u00c1N<\/strong><\/p>\n<p>Ch\u1ee7 t\u00e0i kho\u1ea3n: Nguy\u1ec5n Thanh T\u00edn<\/p>\n<p>Ng\u00e2n h\u00e0ng Vietcombank H\u00e0 T\u00e2y &#8211; STK: 0621548921<\/p>\n<p>Ng\u00e2n h\u00e0ng Agribank \u0110\u00e0 N\u1eb5ng &#8211; STK: 7894213554<\/p>\n<p><a href=\"https:\/\/www.google.com\/maps\/place\/In+K%E1%BB%B9+Thu%E1%BA%ADt+S%E1%BB%91+Kh%E1%BB%95+L%E1%BB%9Bn+Ph%C3%A1t+T%C3%ADn\/@10.1631528,105.3211488,15z\/data=!4m8!1m2!2m1!1zMzUxMCBRdeG7kWMgbOG7mSA4MCwgdHQuIFRo4bqhbmggQW4sIFbEqW5oIFRo4bqhbmgsIEPhuqduIFRoxqE!3m4!1s0x31a0a140000001d7:0xf56c8b4e150f45f7!8m2!3d10.170761!4d105.337125\">Xem b\u1ea3n \u0111\u1ed3 t\u1edbi c\u1eeda h\u00e0ng<\/a><\/p>\n","protected":false},"excerpt":{"rendered":"<p>X\u01af\u1edeNG IN K\u1ef8 THU\u1eacT S\u1ed0 KH\u1ed4 L\u1edaN PH\u00c1T T\u00cdN \u0110\u1ecba ch\u1ec9: S\u1ed1 3510, QL 80, Th\u1ea1nh Ti\u1ebfn, V\u0129nh Th\u1ea1nh, Tp. C\u1ea7n Th\u01a1 \u0110i\u1ec7n Tho\u1ea1i: 0909009009 Email: in@gmail.com Facebook: www.facebook.com\/-\u00a0Skype: inan Website: www.webdesign.com TH\u00d4NG TIN THANH TO\u00c1N Ch\u1ee7 t\u00e0i kho\u1ea3n: Nguy\u1ec5n Thanh T\u00edn Ng\u00e2n h\u00e0ng Vietcombank H\u00e0 T\u00e2y &#8211; STK: 0621548921 Ng\u00e2n h\u00e0ng Agribank \u0110\u00e0 N\u1eb5ng [&#8230;]\n","protected":false},"author":1,"featured_media":0,"parent":0,"menu_order":0,"comment_status":"closed","ping_status":"closed","template":"page-left-sidebar.php","meta":[],"_links":{"self":[{"href":"https:\/\/demo.bmconnect.vn\/inbat\/wp-json\/wp\/v2\/pages\/50"}],"collection":[{"href":"https:\/\/demo.bmconnect.vn\/inbat\/wp-json\/wp\/v2\/pages"}],"about":[{"href":"https:\/\/demo.bmconnect.vn\/inbat\/wp-json\/wp\/v2\/types\/page"}],"author":[{"embeddable":true,"href":"https:\/\/demo.bmconnect.vn\/inbat\/wp-json\/wp\/v2\/users\/1"}],"replies":[{"embeddable":true,"href":"https:\/\/demo.bmconnect.vn\/inbat\/wp-json\/wp\/v2\/comments?post=50"}],"version-history":[{"count":3,"href":"https:\/\/demo.bmconnect.vn\/inbat\/wp-json\/wp\/v2\/pages\/50\/revisions"}],"predecessor-version":[{"id":915,"href":"https:\/\/demo.bmconnect.vn\/inbat\/wp-json\/wp\/v2\/pages\/50\/revisions\/915"}],"wp:attachment":[{"href":"https:\/\/demo.bmconnect.vn\/inbat\/wp-json\/wp\/v2\/media?parent=50"}],"curies":[{"name":"wp","href":"https:\/\/api.w.org\/{rel}","templated":true}]}}