{"id":437,"date":"2017-10-27T15:46:14","date_gmt":"2017-10-27T08:46:14","guid":{"rendered":"https:\/\/demo.bmconnect.vn\/inbat\/?page_id=437"},"modified":"2017-10-27T21:05:39","modified_gmt":"2017-10-27T14:05:39","slug":"in-backlit-film","status":"publish","type":"page","link":"https:\/\/demo.bmconnect.vn\/inbat\/in-backlit-film\/","title":{"rendered":"In Backlit Film"},"content":{"rendered":"<p>C\u00f4ng ty TNHH \u0111\u1ea7u t\u01b0 qu\u1ea3ng c\u00e1o Thi\u00ean H\u00e0 nh\u1eadn in backlit film trang tr\u00ed cho showroom gi\u00e1 r\u1ebb, uy t\u00edn, ch\u1ea5t l\u01b0\u1ee3ng nh\u1ea5t th\u1ecb tr\u01b0\u1eddng hi\u1ec7n nay. V\u1edbi h\u1ec7 th\u1ed1ng m\u00e1y in ti\u00ean ti\u1ebfn hi\u1ec7n \u0111\u1ea1i c\u00f9ng \u0111\u1ed9i ng\u0169 k\u1ef9 thu\u1eadt in l\u00e0nh ngh\u1ec1, Thi\u00ean H\u00e0 lu\u00f4n t\u1ef1 tin s\u1ebd mang l\u1ea1i nh\u1eefng th\u00e0nh ph\u1ea9m in backlit film t\u1ed1t nh\u1ea5t cho kh\u00e1ch h\u00e0ng. \u00a0\u2026<\/p>\n<p>B\u1ea1n \u0111ang c\u00f3 nhu c\u1ea7u s\u1eed d\u1ee5ng d\u1ecbch v\u1ee5 in backlit film v\u00e0 c\u1ea7n t\u00ecm m\u1ed9t \u0111\u1ecba ch\u1ec9 in backlit film t\u1ed1t nh\u1ea5t. Ch\u00fang t\u00f4i xin g\u1ee3i \u00fd \u0111\u1ebfn b\u1ea1n d\u1ecbch v\u1ee5 in backlit film c\u1ee7a c\u00f4ng ty TNHH \u0111\u1ea7u t\u01b0 qu\u1ea3ng c\u00e1o Thi\u00ean H\u00e0. \u0110\u00e2y l\u00e0 \u0111\u01a1n v\u1ecb c\u00f3 th\u00e2m ni\u00ean ho\u1ea1t \u0111\u1ed9ng trong l\u0129nh v\u1ef1c in \u1ea5n v\u00e0 \u0111\u01b0\u1ee3c \u0111\u00f4ng \u0111\u1ea3o kh\u00e1ch h\u00e0ng\u2026<\/p>\n\n  \n    <div class=\"row large-columns-3 medium-columns-1 small-columns-1\">\n  \t\t<div class=\"col post-item\" >\n\t\t\t<div class=\"col-inner\">\n\t\t\t<a href=\"https:\/\/demo.bmconnect.vn\/inbat\/in-backlit-film-la-gi-in-backlit-film-chat-luong-cao\/\" class=\"plain\">\n\t\t\t\t<div class=\"box box-normal box-text-bottom box-blog-post has-hover\">\n            \t\t\t\t\t<div class=\"box-image\" >\n  \t\t\t\t\t\t<div class=\"image-cover\" style=\"padding-top:56.25%;\">\n  \t\t\t\t\t\t\t<img width=\"300\" height=\"200\" src=\"https:\/\/demo.bmconnect.vn\/inbat\/wp-content\/uploads\/2017\/10\/in_backlit_film-300x200.jpg\" class=\"attachment-medium size-medium wp-post-image\" alt=\"\" loading=\"lazy\" srcset=\"https:\/\/demo.bmconnect.vn\/inbat\/wp-content\/uploads\/2017\/10\/in_backlit_film-300x200.jpg 300w, https:\/\/demo.bmconnect.vn\/inbat\/wp-content\/uploads\/2017\/10\/in_backlit_film-768x512.jpg 768w, https:\/\/demo.bmconnect.vn\/inbat\/wp-content\/uploads\/2017\/10\/in_backlit_film-1024x683.jpg 1024w, https:\/\/demo.bmconnect.vn\/inbat\/wp-content\/uploads\/2017\/10\/in_backlit_film.jpg 1600w\" sizes=\"(max-width: 300px) 100vw, 300px\" \/>  \t\t\t\t\t\t\t  \t\t\t\t\t\t\t  \t\t\t\t\t\t<\/div>\n  \t\t\t\t\t\t  \t\t\t\t\t<\/div><!-- .box-image -->\n          \t\t\t\t\t<div class=\"box-text text-center\" >\n\t\t\t\t\t<div class=\"box-text-inner blog-post-inner\">\n\n\t\t\t\t\t\n\t\t\t\t\t\t\t\t\t\t<h5 class=\"post-title is-large \">In backlit film l\u00e0 g\u00ec? in backlit film ch\u1ea5t l\u01b0\u1ee3ng cao<\/h5>\n\t\t\t\t\t\t\t\t\t\t<div class=\"is-divider\"><\/div>\n\t\t\t\t\t\t\t\t\t\t<p class=\"from_the_blog_excerpt \">Theo \u0111\u00f3, c\u00e1c h\u00ecnh \u1ea3nh s\u1ebd \u0111\u01b0\u1ee3c in tr\u00ean ch\u1ea5t li\u1ec7u backlit film. \u0110\u00e2y l\u00e0 [...]\t\t\t\t\t<\/p>\n\t\t\t\t\t                    \n\t\t\t\t\t\n\t\t\t\t\t\n\t\t\t\t\t<\/div><!-- .box-text-inner -->\n\t\t\t\t\t<\/div><!-- .box-text -->\n\t\t\t\t\t\t\t\t\t<\/div><!-- .box -->\n\t\t\t\t<\/a><!-- .link -->\n\t\t\t<\/div><!-- .col-inner -->\n\t\t<\/div><!-- .col -->\n\t\t<div class=\"col post-item\" >\n\t\t\t<div class=\"col-inner\">\n\t\t\t<a href=\"https:\/\/demo.bmconnect.vn\/inbat\/dia-chi-in-backlit-film-tot-nhat-hien-nay\/\" class=\"plain\">\n\t\t\t\t<div class=\"box box-normal box-text-bottom box-blog-post has-hover\">\n            \t\t\t\t\t<div class=\"box-image\" >\n  \t\t\t\t\t\t<div class=\"image-cover\" style=\"padding-top:56.25%;\">\n  \t\t\t\t\t\t\t<img width=\"300\" height=\"224\" src=\"https:\/\/demo.bmconnect.vn\/inbat\/wp-content\/uploads\/2017\/10\/dia-chi-in-backlit-film-tot-nhat-hien-nay-02-300x224.jpg\" class=\"attachment-medium size-medium wp-post-image\" alt=\"\" loading=\"lazy\" srcset=\"https:\/\/demo.bmconnect.vn\/inbat\/wp-content\/uploads\/2017\/10\/dia-chi-in-backlit-film-tot-nhat-hien-nay-02-300x224.jpg 300w, https:\/\/demo.bmconnect.vn\/inbat\/wp-content\/uploads\/2017\/10\/dia-chi-in-backlit-film-tot-nhat-hien-nay-02-768x573.jpg 768w, https:\/\/demo.bmconnect.vn\/inbat\/wp-content\/uploads\/2017\/10\/dia-chi-in-backlit-film-tot-nhat-hien-nay-02.jpg 800w\" sizes=\"(max-width: 300px) 100vw, 300px\" \/>  \t\t\t\t\t\t\t  \t\t\t\t\t\t\t  \t\t\t\t\t\t<\/div>\n  \t\t\t\t\t\t  \t\t\t\t\t<\/div><!-- .box-image -->\n          \t\t\t\t\t<div class=\"box-text text-center\" >\n\t\t\t\t\t<div class=\"box-text-inner blog-post-inner\">\n\n\t\t\t\t\t\n\t\t\t\t\t\t\t\t\t\t<h5 class=\"post-title is-large \">\u0110\u1ecba ch\u1ec9 in backlit film t\u1ed1t nh\u1ea5t hi\u1ec7n nay<\/h5>\n\t\t\t\t\t\t\t\t\t\t<div class=\"is-divider\"><\/div>\n\t\t\t\t\t\t\t\t\t\t<p class=\"from_the_blog_excerpt \">B\u1ea1n \u0111ang c\u00f3 nhu c\u1ea7u s\u1eed d\u1ee5ng d\u1ecbch v\u1ee5 in backlit film v\u00e0 c\u1ea7n t\u00ecm [...]\t\t\t\t\t<\/p>\n\t\t\t\t\t                    \n\t\t\t\t\t\n\t\t\t\t\t\n\t\t\t\t\t<\/div><!-- .box-text-inner -->\n\t\t\t\t\t<\/div><!-- .box-text -->\n\t\t\t\t\t\t\t\t\t<\/div><!-- .box -->\n\t\t\t\t<\/a><!-- .link -->\n\t\t\t<\/div><!-- .col-inner -->\n\t\t<\/div><!-- .col -->\n\t\t<div class=\"col post-item\" >\n\t\t\t<div class=\"col-inner\">\n\t\t\t<a href=\"https:\/\/demo.bmconnect.vn\/inbat\/in-backlit-film-trang-tri-showroom-gia-re\/\" class=\"plain\">\n\t\t\t\t<div class=\"box box-normal box-text-bottom box-blog-post has-hover\">\n            \t\t\t\t\t<div class=\"box-image\" >\n  \t\t\t\t\t\t<div class=\"image-cover\" style=\"padding-top:56.25%;\">\n  \t\t\t\t\t\t\t<img width=\"300\" height=\"225\" src=\"https:\/\/demo.bmconnect.vn\/inbat\/wp-content\/uploads\/2017\/10\/in-backlit-film-trang-tri-showroom-gia-re-02-300x225.jpg\" class=\"attachment-medium size-medium wp-post-image\" alt=\"\" loading=\"lazy\" srcset=\"https:\/\/demo.bmconnect.vn\/inbat\/wp-content\/uploads\/2017\/10\/in-backlit-film-trang-tri-showroom-gia-re-02-300x225.jpg 300w, https:\/\/demo.bmconnect.vn\/inbat\/wp-content\/uploads\/2017\/10\/in-backlit-film-trang-tri-showroom-gia-re-02-768x576.jpg 768w, https:\/\/demo.bmconnect.vn\/inbat\/wp-content\/uploads\/2017\/10\/in-backlit-film-trang-tri-showroom-gia-re-02.jpg 800w\" sizes=\"(max-width: 300px) 100vw, 300px\" \/>  \t\t\t\t\t\t\t  \t\t\t\t\t\t\t  \t\t\t\t\t\t<\/div>\n  \t\t\t\t\t\t  \t\t\t\t\t<\/div><!-- .box-image -->\n          \t\t\t\t\t<div class=\"box-text text-center\" >\n\t\t\t\t\t<div class=\"box-text-inner blog-post-inner\">\n\n\t\t\t\t\t\n\t\t\t\t\t\t\t\t\t\t<h5 class=\"post-title is-large \">In backlit film trang tr\u00ed showroom gi\u00e1 r\u1ebb<\/h5>\n\t\t\t\t\t\t\t\t\t\t<div class=\"is-divider\"><\/div>\n\t\t\t\t\t\t\t\t\t\t<p class=\"from_the_blog_excerpt \">C\u00f4ng ty TNHH \u0111\u1ea7u t\u01b0 qu\u1ea3ng c\u00e1o Thi\u00ean H\u00e0 nh\u1eadn in backlit film trang tr\u00ed [...]\t\t\t\t\t<\/p>\n\t\t\t\t\t                    \n\t\t\t\t\t\n\t\t\t\t\t\n\t\t\t\t\t<\/div><!-- .box-text-inner -->\n\t\t\t\t\t<\/div><!-- .box-text -->\n\t\t\t\t\t\t\t\t\t<\/div><!-- .box -->\n\t\t\t\t<\/a><!-- .link -->\n\t\t\t<\/div><!-- .col-inner -->\n\t\t<\/div><!-- .col -->\n<\/div>\n","protected":false},"excerpt":{"rendered":"<p>C\u00f4ng ty TNHH \u0111\u1ea7u t\u01b0 qu\u1ea3ng c\u00e1o Thi\u00ean H\u00e0 nh\u1eadn in backlit film trang tr\u00ed cho showroom gi\u00e1 r\u1ebb, uy t\u00edn, ch\u1ea5t l\u01b0\u1ee3ng nh\u1ea5t th\u1ecb tr\u01b0\u1eddng hi\u1ec7n nay. V\u1edbi h\u1ec7 th\u1ed1ng m\u00e1y in ti\u00ean ti\u1ebfn hi\u1ec7n \u0111\u1ea1i c\u00f9ng \u0111\u1ed9i ng\u0169 k\u1ef9 thu\u1eadt in l\u00e0nh ngh\u1ec1, Thi\u00ean H\u00e0 lu\u00f4n t\u1ef1 tin s\u1ebd mang l\u1ea1i nh\u1eefng th\u00e0nh [&#8230;]\n","protected":false},"author":1,"featured_media":726,"parent":0,"menu_order":0,"comment_status":"closed","ping_status":"closed","template":"page-left-sidebar.php","meta":[],"_links":{"self":[{"href":"https:\/\/demo.bmconnect.vn\/inbat\/wp-json\/wp\/v2\/pages\/437"}],"collection":[{"href":"https:\/\/demo.bmconnect.vn\/inbat\/wp-json\/wp\/v2\/pages"}],"about":[{"href":"https:\/\/demo.bmconnect.vn\/inbat\/wp-json\/wp\/v2\/types\/page"}],"author":[{"embeddable":true,"href":"https:\/\/demo.bmconnect.vn\/inbat\/wp-json\/wp\/v2\/users\/1"}],"replies":[{"embeddable":true,"href":"https:\/\/demo.bmconnect.vn\/inbat\/wp-json\/wp\/v2\/comments?post=437"}],"version-history":[{"count":5,"href":"https:\/\/demo.bmconnect.vn\/inbat\/wp-json\/wp\/v2\/pages\/437\/revisions"}],"predecessor-version":[{"id":770,"href":"https:\/\/demo.bmconnect.vn\/inbat\/wp-json\/wp\/v2\/pages\/437\/revisions\/770"}],"wp:featuredmedia":[{"embeddable":true,"href":"https:\/\/demo.bmconnect.vn\/inbat\/wp-json\/wp\/v2\/media\/726"}],"wp:attachment":[{"href":"https:\/\/demo.bmconnect.vn\/inbat\/wp-json\/wp\/v2\/media?parent=437"}],"curies":[{"name":"wp","href":"https:\/\/api.w.org\/{rel}","templated":true}]}}