{"id":39,"date":"2017-10-26T16:24:37","date_gmt":"2017-10-26T09:24:37","guid":{"rendered":"https:\/\/demo.bmconnect.vn\/inbat\/?page_id=39"},"modified":"2017-10-27T20:59:13","modified_gmt":"2017-10-27T13:59:13","slug":"in-bang-ron","status":"publish","type":"page","link":"https:\/\/demo.bmconnect.vn\/inbat\/in-bang-ron\/","title":{"rendered":"In b\u0103ng r\u00f4n"},"content":{"rendered":"<p>\u0110\u1ebfn in\u00a0b\u0103ng r\u00f4n t\u1ea1i c\u00f4ng ty c\u1ee7a ch\u00fang t\u00f4i, kh\u00e1ch h\u00e0ng s\u1ebd \u0111\u01b0\u1ee3c t\u01b0 v\u1ea5n ti\u1ebfp tr\u1ef1c ti\u1ebfp v\u1ec1 m\u00e0u s\u1eafc v\u00e0 ch\u1ea5t li\u1ec7u s\u1ea3n ph\u1ea9m, \u0111\u1eb7c bi\u1ec7t kh\u00e1ch h\u00e0ng c\u00f3 th\u1ec3 ch\u1edd \u0111\u1ec3 l\u1ea5y b\u0103ng r\u00f4n ngay m\u00e0 kh\u00f4ng c\u1ea7n ch\u1edd h\u1eb9n. \u0110\u01b0\u1ee3c s\u1ef1 t\u00edn nhi\u1ec7m c\u1ee7a kh\u00e1ch h\u00e0ng v\u00e0 kinh nhi\u1ec7m nhi\u1ec1u n\u0103m trong l\u0129nh v\u1ef1c in \u1ea5n qu\u1ea3ng c\u00e1o, ch\u00fang t\u00f4i \u0111\u1ea3m b\u1ea3o kh\u00e1ch h\u00e0ng s\u1ebd \u0111\u01b0\u1ee3c h\u00e0i l\u00f2ng khi \u0111\u1ebfn\u00a0 in b\u0103ng r\u00f4n v\u00e0 b\u1ea5t k\u00ec s\u1ea3n ph\u1ea9m n\u00e0o t\u1ea1i c\u00f4ng ty InBat.com.vn<\/p>\n\n  \n    <div class=\"row large-columns-3 medium-columns-1 small-columns-1\">\n  \t\t<div class=\"col post-item\" >\n\t\t\t<div class=\"col-inner\">\n\t\t\t<a href=\"https:\/\/demo.bmconnect.vn\/inbat\/nen-in-bang-ron-quang-cao-bang-chat-lieu-gi\/\" class=\"plain\">\n\t\t\t\t<div class=\"box box-normal box-text-bottom box-blog-post has-hover\">\n            \t\t\t\t\t<div class=\"box-image\" >\n  \t\t\t\t\t\t<div class=\"image-cover\" style=\"padding-top:56.25%;\">\n  \t\t\t\t\t\t\t<img width=\"300\" height=\"188\" src=\"https:\/\/demo.bmconnect.vn\/inbat\/wp-content\/uploads\/2017\/10\/in-bang-ron-quang-cao-01-300x188.jpg\" class=\"attachment-medium size-medium wp-post-image\" alt=\"\" loading=\"lazy\" srcset=\"https:\/\/demo.bmconnect.vn\/inbat\/wp-content\/uploads\/2017\/10\/in-bang-ron-quang-cao-01-300x188.jpg 300w, https:\/\/demo.bmconnect.vn\/inbat\/wp-content\/uploads\/2017\/10\/in-bang-ron-quang-cao-01-768x480.jpg 768w, https:\/\/demo.bmconnect.vn\/inbat\/wp-content\/uploads\/2017\/10\/in-bang-ron-quang-cao-01.jpg 800w\" sizes=\"(max-width: 300px) 100vw, 300px\" \/>  \t\t\t\t\t\t\t  \t\t\t\t\t\t\t  \t\t\t\t\t\t<\/div>\n  \t\t\t\t\t\t  \t\t\t\t\t<\/div><!-- .box-image -->\n          \t\t\t\t\t<div class=\"box-text text-center\" >\n\t\t\t\t\t<div class=\"box-text-inner blog-post-inner\">\n\n\t\t\t\t\t\n\t\t\t\t\t\t\t\t\t\t<h5 class=\"post-title is-large \">N\u00ean in b\u0103ng r\u00f4n qu\u1ea3ng c\u00e1o b\u1eb1ng ch\u1ea5t li\u1ec7u g\u00ec?<\/h5>\n\t\t\t\t\t\t\t\t\t\t<div class=\"is-divider\"><\/div>\n\t\t\t\t\t\t\t\t\t\t<p class=\"from_the_blog_excerpt \">B\u1ea1n mu\u1ed1n c\u00f3 m\u1ed9t b\u0103ng r\u00f4n ho\u00e0nh tr\u00e1ng v\u00e0 \u0111\u1ed9c \u0111\u00e1o nh\u01b0ng gi\u00e1 th\u00e0nh ph\u1ea3i [...]\t\t\t\t\t<\/p>\n\t\t\t\t\t                    \n\t\t\t\t\t\n\t\t\t\t\t\n\t\t\t\t\t<\/div><!-- .box-text-inner -->\n\t\t\t\t\t<\/div><!-- .box-text -->\n\t\t\t\t\t\t\t\t\t<\/div><!-- .box -->\n\t\t\t\t<\/a><!-- .link -->\n\t\t\t<\/div><!-- .col-inner -->\n\t\t<\/div><!-- .col -->\n\t\t<div class=\"col post-item\" >\n\t\t\t<div class=\"col-inner\">\n\t\t\t<a href=\"https:\/\/demo.bmconnect.vn\/inbat\/in-bang-ron-khau-hieu-chao-mung-20102016-gia-re-uy-tin-chat-luong\/\" class=\"plain\">\n\t\t\t\t<div class=\"box box-normal box-text-bottom box-blog-post has-hover\">\n            \t\t\t\t\t<div class=\"box-image\" >\n  \t\t\t\t\t\t<div class=\"image-cover\" style=\"padding-top:56.25%;\">\n  \t\t\t\t\t\t\t<img width=\"300\" height=\"225\" src=\"https:\/\/demo.bmconnect.vn\/inbat\/wp-content\/uploads\/2017\/10\/in-bang-ron-khau-hieu-chao-mung-20-10-2016-gia-re-uy-tin-chat-luong-02-300x225.jpg\" class=\"attachment-medium size-medium wp-post-image\" alt=\"\" loading=\"lazy\" srcset=\"https:\/\/demo.bmconnect.vn\/inbat\/wp-content\/uploads\/2017\/10\/in-bang-ron-khau-hieu-chao-mung-20-10-2016-gia-re-uy-tin-chat-luong-02-300x225.jpg 300w, https:\/\/demo.bmconnect.vn\/inbat\/wp-content\/uploads\/2017\/10\/in-bang-ron-khau-hieu-chao-mung-20-10-2016-gia-re-uy-tin-chat-luong-02-768x576.jpg 768w, https:\/\/demo.bmconnect.vn\/inbat\/wp-content\/uploads\/2017\/10\/in-bang-ron-khau-hieu-chao-mung-20-10-2016-gia-re-uy-tin-chat-luong-02.jpg 800w\" sizes=\"(max-width: 300px) 100vw, 300px\" \/>  \t\t\t\t\t\t\t  \t\t\t\t\t\t\t  \t\t\t\t\t\t<\/div>\n  \t\t\t\t\t\t  \t\t\t\t\t<\/div><!-- .box-image -->\n          \t\t\t\t\t<div class=\"box-text text-center\" >\n\t\t\t\t\t<div class=\"box-text-inner blog-post-inner\">\n\n\t\t\t\t\t\n\t\t\t\t\t\t\t\t\t\t<h5 class=\"post-title is-large \">In b\u0103ng r\u00f4n, kh\u1ea9u hi\u1ec7u ch\u00e0o m\u1eebng 20\/10\/2016 gi\u00e1 r\u1ebb, uy t\u00edn, ch\u1ea5t l\u01b0\u1ee3ng<\/h5>\n\t\t\t\t\t\t\t\t\t\t<div class=\"is-divider\"><\/div>\n\t\t\t\t\t\t\t\t\t\t<p class=\"from_the_blog_excerpt \">Nh\u00e2n d\u1ecbp 20\/10, c\u00f4ng ty TNHH \u0111\u1ea7u t\u01b0 qu\u1ea3ng c\u00e1o Thi\u00ean H\u00e0 c\u00f3 nhi\u1ec1u \u01b0u [...]\t\t\t\t\t<\/p>\n\t\t\t\t\t                    \n\t\t\t\t\t\n\t\t\t\t\t\n\t\t\t\t\t<\/div><!-- .box-text-inner -->\n\t\t\t\t\t<\/div><!-- .box-text -->\n\t\t\t\t\t\t\t\t\t<\/div><!-- .box -->\n\t\t\t\t<\/a><!-- .link -->\n\t\t\t<\/div><!-- .col-inner -->\n\t\t<\/div><!-- .col -->\n\t\t<div class=\"col post-item\" >\n\t\t\t<div class=\"col-inner\">\n\t\t\t<a href=\"https:\/\/demo.bmconnect.vn\/inbat\/in-bang-ron-mung-nam-moi-chat-luong-cao-gia-re\/\" class=\"plain\">\n\t\t\t\t<div class=\"box box-normal box-text-bottom box-blog-post has-hover\">\n            \t\t\t\t\t<div class=\"box-image\" >\n  \t\t\t\t\t\t<div class=\"image-cover\" style=\"padding-top:56.25%;\">\n  \t\t\t\t\t\t\t<img width=\"259\" height=\"194\" src=\"https:\/\/demo.bmconnect.vn\/inbat\/wp-content\/uploads\/2017\/10\/images-1.jpg\" class=\"attachment-medium size-medium wp-post-image\" alt=\"\" loading=\"lazy\" \/>  \t\t\t\t\t\t\t  \t\t\t\t\t\t\t  \t\t\t\t\t\t<\/div>\n  \t\t\t\t\t\t  \t\t\t\t\t<\/div><!-- .box-image -->\n          \t\t\t\t\t<div class=\"box-text text-center\" >\n\t\t\t\t\t<div class=\"box-text-inner blog-post-inner\">\n\n\t\t\t\t\t\n\t\t\t\t\t\t\t\t\t\t<h5 class=\"post-title is-large \">In b\u0103ng r\u00f4n m\u1eebng n\u0103m m\u1edbi ch\u1ea5t l\u01b0\u1ee3ng cao, gi\u00e1 r\u1ebb<\/h5>\n\t\t\t\t\t\t\t\t\t\t<div class=\"is-divider\"><\/div>\n\t\t\t\t\t\t\t\t\t\t<p class=\"from_the_blog_excerpt \">C\u00f4ng ty TNHH \u0111\u1ea7u t\u01b0 qu\u1ea3ng c\u00e1o Thi\u00ean H\u00e0 t\u1ef1 h\u00e0o mang \u0111\u1ebfn cho qu\u00fd [...]\t\t\t\t\t<\/p>\n\t\t\t\t\t                    \n\t\t\t\t\t\n\t\t\t\t\t\n\t\t\t\t\t<\/div><!-- .box-text-inner -->\n\t\t\t\t\t<\/div><!-- .box-text -->\n\t\t\t\t\t\t\t\t\t<\/div><!-- .box -->\n\t\t\t\t<\/a><!-- .link -->\n\t\t\t<\/div><!-- .col-inner -->\n\t\t<\/div><!-- .col -->\n<\/div>\n","protected":false},"excerpt":{"rendered":"<p>\u0110\u1ebfn in\u00a0b\u0103ng r\u00f4n t\u1ea1i c\u00f4ng ty c\u1ee7a ch\u00fang t\u00f4i, kh\u00e1ch h\u00e0ng s\u1ebd \u0111\u01b0\u1ee3c t\u01b0 v\u1ea5n ti\u1ebfp tr\u1ef1c ti\u1ebfp v\u1ec1 m\u00e0u s\u1eafc v\u00e0 ch\u1ea5t li\u1ec7u s\u1ea3n ph\u1ea9m, \u0111\u1eb7c bi\u1ec7t kh\u00e1ch h\u00e0ng c\u00f3 th\u1ec3 ch\u1edd \u0111\u1ec3 l\u1ea5y b\u0103ng r\u00f4n ngay m\u00e0 kh\u00f4ng c\u1ea7n ch\u1edd h\u1eb9n. \u0110\u01b0\u1ee3c s\u1ef1 t\u00edn nhi\u1ec7m c\u1ee7a kh\u00e1ch h\u00e0ng v\u00e0 kinh nhi\u1ec7m nhi\u1ec1u n\u0103m [&#8230;]\n","protected":false},"author":1,"featured_media":432,"parent":0,"menu_order":0,"comment_status":"closed","ping_status":"closed","template":"page-left-sidebar.php","meta":[],"_links":{"self":[{"href":"https:\/\/demo.bmconnect.vn\/inbat\/wp-json\/wp\/v2\/pages\/39"}],"collection":[{"href":"https:\/\/demo.bmconnect.vn\/inbat\/wp-json\/wp\/v2\/pages"}],"about":[{"href":"https:\/\/demo.bmconnect.vn\/inbat\/wp-json\/wp\/v2\/types\/page"}],"author":[{"embeddable":true,"href":"https:\/\/demo.bmconnect.vn\/inbat\/wp-json\/wp\/v2\/users\/1"}],"replies":[{"embeddable":true,"href":"https:\/\/demo.bmconnect.vn\/inbat\/wp-json\/wp\/v2\/comments?post=39"}],"version-history":[{"count":3,"href":"https:\/\/demo.bmconnect.vn\/inbat\/wp-json\/wp\/v2\/pages\/39\/revisions"}],"predecessor-version":[{"id":760,"href":"https:\/\/demo.bmconnect.vn\/inbat\/wp-json\/wp\/v2\/pages\/39\/revisions\/760"}],"wp:featuredmedia":[{"embeddable":true,"href":"https:\/\/demo.bmconnect.vn\/inbat\/wp-json\/wp\/v2\/media\/432"}],"wp:attachment":[{"href":"https:\/\/demo.bmconnect.vn\/inbat\/wp-json\/wp\/v2\/media?parent=39"}],"curies":[{"name":"wp","href":"https:\/\/api.w.org\/{rel}","templated":true}]}}