{"id":33,"date":"2017-10-26T16:24:06","date_gmt":"2017-10-26T09:24:06","guid":{"rendered":"https:\/\/demo.bmconnect.vn\/inbat\/?page_id=33"},"modified":"2017-10-27T20:38:25","modified_gmt":"2017-10-27T13:38:25","slug":"in-decal-pp","status":"publish","type":"page","link":"https:\/\/demo.bmconnect.vn\/inbat\/in-decal-pp\/","title":{"rendered":"In decal PP"},"content":{"rendered":"<p><strong>IN DECAL PP\u00a0<\/strong>t\u1ea1i c\u00f4ng ty in 3 mi\u1ec1n ch\u00fang t\u00f4i v\u1edbi\u00a0\u0111\u01a1n gi\u00e1 ch\u1ec9 35.000\/m2, decan pp\u00a0\u0111\u00e1p\u00a0\u1ee9ng\u00a0\u0111\u01b0\u1ee3c nhu c\u1ea7u s\u1ed1\u00a0\u0111\u00f4ng kh\u00e1ch h\u00e0ng.\u00a0In decal PP c\u00f3 nhi\u1ec1u t\u00ednh n\u0103ng t\u00e1c d\u1ee5ng kh\u00e1c nhau d\u00f9ng cho s\u1eed d\u1ee5ng d\u00e1n l\u00ean c\u00e1c b\u1ec1 m\u1eb7t, d\u00e1n trang tr\u00ed c\u1eeda h\u00e0ng, d\u00e1n formex.<\/p>\n<p>DECAL PP c\u00f3 2 lo\u1ea1i, c\u00f3 keo v\u00e0 kh\u00f4ng keo b\u1ea1n c\u00f3 th\u1ec3 l\u1ef1a ch\u1ecdn theo nhu c\u1ea7u c\u1ea7n s\u1eed d\u1ee5ng. DECAL pp in t\u1ea1i c\u00f4ng ty 3 mi\u1ec1n\u00a0\u0111\u01b0\u1ee3c in phun tr\u00ean m\u00e1y m\u00f3c hi\u1ec7n\u00a0\u0111\u1ea1i nh\u1ea5t v\u1edbi h\u1ec7 th\u1ed1ng m\u00e1y nh\u1eadt\u00a0\u0111\u1ea7u phun\u00a0epson. Ngo\u00e0i ch\u1ea5t li\u1ec7u PP\u00a0b\u1ea1n c\u00f3 th\u1ec3 l\u1ef1a chon\u00a0\u0111\u1ec1 can trong, \u0111\u1ec1 can PP ngo\u00e0i tr\u1eddi \u0111\u1ec1 can d\u00e1n k\u00ednh, decal \u00f4 t\u00f4, decal l\u01b0\u1edbi d\u00e1n k\u00ednh, backlit film\u2026<\/p>\n<p>\u0110\u1ebfn v\u1edbi c\u00f4ng ty ch\u00fang t\u00f4i l\u00e0 \u0111\u1ebfn v\u1edbi h\u1ec7 th\u1ed1ng in k\u1ef9 thu\u1eadt s\u1ed1 chuy\u00ean nghi\u1ec7p gi\u00e1 r\u1ebb\u00a0l\u00e0 s\u1ef1 l\u1ef1a ch\u1ecdn \u0111\u00fang \u0111\u1eafn c\u1ee7a qu\u00fd kh\u00e1ch h\u00e0ng. C\u00f9ng v\u1edbi \u0111\u1ed9i ng\u0169 nh\u00e2n vi\u00ean tr\u1ebb nhanh nh\u1eb9n n\u0103ng \u0111\u1ed9ng nhi\u1ec7t t\u00ecnh, ch\u00fang t\u00f4i lu\u00f4n ho\u00e0n th\u00e0nh su\u1ea5t s\u1eafc m\u1ecdi y\u00eau c\u00e0u c\u1ee7a b\u1ea1n. Ngo\u00e0i ra, ch\u00fang t\u00f4i h\u1ed7 tr\u1ee3 test m\u00e0u tr\u01b0\u1edbc khi in \u0111\u1ec3 \u0111\u1ea3m b\u1ea3o ch\u00ednh x\u00e1c v\u1ec1 m\u00e0u s\u1eafc ch\u00e2n th\u1ef1c c\u1ee7a s\u1ea3n ph\u1ea9m theo \u00fd c\u1ee7a kh\u00e1ch h\u00e0ng v\u00e0 ch\u1ecbu ho\u00e0n to\u00e0n ch\u1ecbu tr\u00e1ch nhi\u1ec7m v\u1ec1 sai s\u00f3t trong qu\u00e1 tr\u00ecnh in \u1ea5n.<\/p>\n\n  \n    <div class=\"row large-columns-3 medium-columns-1 small-columns-1\">\n  \t\t<div class=\"col post-item\" >\n\t\t\t<div class=\"col-inner\">\n\t\t\t<a href=\"https:\/\/demo.bmconnect.vn\/inbat\/in-decal-gia-re-in-decal-chat-luong-cao\/\" class=\"plain\">\n\t\t\t\t<div class=\"box box-normal box-text-bottom box-blog-post has-hover\">\n            \t\t\t\t\t<div class=\"box-image\" >\n  \t\t\t\t\t\t<div class=\"image-zoom image-cover\" style=\"padding-top:56.25%;\">\n  \t\t\t\t\t\t\t<img width=\"300\" height=\"252\" src=\"https:\/\/demo.bmconnect.vn\/inbat\/wp-content\/uploads\/2017\/10\/in-decal-gia-re-13082013-300x252.jpg\" class=\"attachment-medium size-medium wp-post-image\" alt=\"\" loading=\"lazy\" srcset=\"https:\/\/demo.bmconnect.vn\/inbat\/wp-content\/uploads\/2017\/10\/in-decal-gia-re-13082013-300x252.jpg 300w, https:\/\/demo.bmconnect.vn\/inbat\/wp-content\/uploads\/2017\/10\/in-decal-gia-re-13082013.jpg 340w\" sizes=\"(max-width: 300px) 100vw, 300px\" \/>  \t\t\t\t\t\t\t  \t\t\t\t\t\t\t  \t\t\t\t\t\t<\/div>\n  \t\t\t\t\t\t  \t\t\t\t\t<\/div><!-- .box-image -->\n          \t\t\t\t\t<div class=\"box-text text-center\" >\n\t\t\t\t\t<div class=\"box-text-inner blog-post-inner\">\n\n\t\t\t\t\t\n\t\t\t\t\t\t\t\t\t\t<h5 class=\"post-title is-large \">In Decal Gi\u00e1 R\u1ebb, In Decal Ch\u1ea5t l\u01b0\u1ee3ng cao<\/h5>\n\t\t\t\t\t\t\t\t\t\t<div class=\"is-divider\"><\/div>\n\t\t\t\t\t\t\t\t\t\t<p class=\"from_the_blog_excerpt \">T\u00f9y v\u00e0o ch\u1ea5t li\u1ec7u m\u00e0 gi\u00e1 in decal c\u0169ng kh\u00e1c nhau, v\u00e0 m\u1ed7i c\u00f4ng ty [...]\t\t\t\t\t<\/p>\n\t\t\t\t\t                    \n\t\t\t\t\t\n\t\t\t\t\t\n\t\t\t\t\t<\/div><!-- .box-text-inner -->\n\t\t\t\t\t<\/div><!-- .box-text -->\n\t\t\t\t\t\t\t\t\t<\/div><!-- .box -->\n\t\t\t\t<\/a><!-- .link -->\n\t\t\t<\/div><!-- .col-inner -->\n\t\t<\/div><!-- .col -->\n\t\t<div class=\"col post-item\" >\n\t\t\t<div class=\"col-inner\">\n\t\t\t<a href=\"https:\/\/demo.bmconnect.vn\/inbat\/in-decal-la-gi-in-decal-pp-dep-tai-ha-noi\/\" class=\"plain\">\n\t\t\t\t<div class=\"box box-normal box-text-bottom box-blog-post has-hover\">\n            \t\t\t\t\t<div class=\"box-image\" >\n  \t\t\t\t\t\t<div class=\"image-zoom image-cover\" style=\"padding-top:56.25%;\">\n  \t\t\t\t\t\t\t<img width=\"300\" height=\"231\" src=\"https:\/\/demo.bmconnect.vn\/inbat\/wp-content\/uploads\/2017\/10\/in-pp-mang-bong-300x231.jpeg\" class=\"attachment-medium size-medium wp-post-image\" alt=\"\" loading=\"lazy\" srcset=\"https:\/\/demo.bmconnect.vn\/inbat\/wp-content\/uploads\/2017\/10\/in-pp-mang-bong-300x231.jpeg 300w, https:\/\/demo.bmconnect.vn\/inbat\/wp-content\/uploads\/2017\/10\/in-pp-mang-bong.jpeg 650w\" sizes=\"(max-width: 300px) 100vw, 300px\" \/>  \t\t\t\t\t\t\t  \t\t\t\t\t\t\t  \t\t\t\t\t\t<\/div>\n  \t\t\t\t\t\t  \t\t\t\t\t<\/div><!-- .box-image -->\n          \t\t\t\t\t<div class=\"box-text text-center\" >\n\t\t\t\t\t<div class=\"box-text-inner blog-post-inner\">\n\n\t\t\t\t\t\n\t\t\t\t\t\t\t\t\t\t<h5 class=\"post-title is-large \">In decal l\u00e0 g\u00ec? In decal PP \u0111\u1eb9p t\u1ea1i H\u00e0 N\u1ed9i?<\/h5>\n\t\t\t\t\t\t\t\t\t\t<div class=\"is-divider\"><\/div>\n\t\t\t\t\t\t\t\t\t\t<p class=\"from_the_blog_excerpt \">In decal PP l\u00e0 g\u00ec? Decal l\u00e0 m\u1ed9t lo\u1ea1i nh\u00e3n t\u1ef1 d\u00ednh, gi\u1ea5y t\u1ef1 d\u00ednh, [...]\t\t\t\t\t<\/p>\n\t\t\t\t\t                    \n\t\t\t\t\t\n\t\t\t\t\t\n\t\t\t\t\t<\/div><!-- .box-text-inner -->\n\t\t\t\t\t<\/div><!-- .box-text -->\n\t\t\t\t\t\t\t\t\t<\/div><!-- .box -->\n\t\t\t\t<\/a><!-- .link -->\n\t\t\t<\/div><!-- .col-inner -->\n\t\t<\/div><!-- .col -->\n\t\t<div class=\"col post-item\" >\n\t\t\t<div class=\"col-inner\">\n\t\t\t<a href=\"https:\/\/demo.bmconnect.vn\/inbat\/khuyen-mai-in-decal-chi-con-50-000dm2\/\" class=\"plain\">\n\t\t\t\t<div class=\"box box-normal box-text-bottom box-blog-post has-hover\">\n            \t\t\t\t\t<div class=\"box-image\" >\n  \t\t\t\t\t\t<div class=\"image-zoom image-cover\" style=\"padding-top:56.25%;\">\n  \t\t\t\t\t\t\t<img width=\"300\" height=\"206\" src=\"https:\/\/demo.bmconnect.vn\/inbat\/wp-content\/uploads\/2017\/10\/in_Decal-300x206.jpg\" class=\"attachment-medium size-medium wp-post-image\" alt=\"\" loading=\"lazy\" srcset=\"https:\/\/demo.bmconnect.vn\/inbat\/wp-content\/uploads\/2017\/10\/in_Decal-300x206.jpg 300w, https:\/\/demo.bmconnect.vn\/inbat\/wp-content\/uploads\/2017\/10\/in_Decal.jpg 518w\" sizes=\"(max-width: 300px) 100vw, 300px\" \/>  \t\t\t\t\t\t\t  \t\t\t\t\t\t\t  \t\t\t\t\t\t<\/div>\n  \t\t\t\t\t\t  \t\t\t\t\t<\/div><!-- .box-image -->\n          \t\t\t\t\t<div class=\"box-text text-center\" >\n\t\t\t\t\t<div class=\"box-text-inner blog-post-inner\">\n\n\t\t\t\t\t\n\t\t\t\t\t\t\t\t\t\t<h5 class=\"post-title is-large \">Khuy\u1ebfn m\u00e3i In decal ch\u1ec9 c\u00f2n 50.000\u0111\/m2<\/h5>\n\t\t\t\t\t\t\t\t\t\t<div class=\"is-divider\"><\/div>\n\t\t\t\t\t\t\t\t\t\t<p class=\"from_the_blog_excerpt \">Tri\u1ec3n khai ch\u01b0\u01a1ng tr\u00ecnh khuy\u1ebfn m\u00e3i th\u00e1ng h\u00e8 2015, c\u00f4ng ty Thi\u00ean H\u00e0 khuy\u1ebfn m\u00e3i [...]\t\t\t\t\t<\/p>\n\t\t\t\t\t                    \n\t\t\t\t\t\n\t\t\t\t\t\n\t\t\t\t\t<\/div><!-- .box-text-inner -->\n\t\t\t\t\t<\/div><!-- .box-text -->\n\t\t\t\t\t\t\t\t\t<\/div><!-- .box -->\n\t\t\t\t<\/a><!-- .link -->\n\t\t\t<\/div><!-- .col-inner -->\n\t\t<\/div><!-- .col -->\n\t\t<div class=\"col post-item\" >\n\t\t\t<div class=\"col-inner\">\n\t\t\t<a href=\"https:\/\/demo.bmconnect.vn\/inbat\/dia-chi-in-decal-pp-re-dep-lay-ngay-tai-can-tho\/\" class=\"plain\">\n\t\t\t\t<div class=\"box box-normal box-text-bottom box-blog-post has-hover\">\n            \t\t\t\t\t<div class=\"box-image\" >\n  \t\t\t\t\t\t<div class=\"image-zoom image-cover\" style=\"padding-top:56.25%;\">\n  \t\t\t\t\t\t\t<img width=\"297\" height=\"170\" src=\"https:\/\/demo.bmconnect.vn\/inbat\/wp-content\/uploads\/2017\/10\/t\u1ea3i-xu\u1ed1ng.jpg\" class=\"attachment-medium size-medium wp-post-image\" alt=\"\" loading=\"lazy\" \/>  \t\t\t\t\t\t\t  \t\t\t\t\t\t\t  \t\t\t\t\t\t<\/div>\n  \t\t\t\t\t\t  \t\t\t\t\t<\/div><!-- .box-image -->\n          \t\t\t\t\t<div class=\"box-text text-center\" >\n\t\t\t\t\t<div class=\"box-text-inner blog-post-inner\">\n\n\t\t\t\t\t\n\t\t\t\t\t\t\t\t\t\t<h5 class=\"post-title is-large \">\u0110\u1ecba ch\u1ec9 in decal pp r\u1ebb, \u0111\u1eb9p, l\u1ea5y ngay t\u1ea1i C\u1ea7n Th\u01a1<\/h5>\n\t\t\t\t\t\t\t\t\t\t<div class=\"is-divider\"><\/div>\n\t\t\t\t\t\t\t\t\t\t<p class=\"from_the_blog_excerpt \">B\u1ea1n \u0111ang c\u00f3 nhu c\u1ea7u in decal pp tuy nhi\u00ean b\u1ea1n \u0111ang g\u1eb7p kh\u00f3 kh\u0103n [...]\t\t\t\t\t<\/p>\n\t\t\t\t\t                    \n\t\t\t\t\t\n\t\t\t\t\t\n\t\t\t\t\t<\/div><!-- .box-text-inner -->\n\t\t\t\t\t<\/div><!-- .box-text -->\n\t\t\t\t\t\t\t\t\t<\/div><!-- .box -->\n\t\t\t\t<\/a><!-- .link -->\n\t\t\t<\/div><!-- .col-inner -->\n\t\t<\/div><!-- .col -->\n<\/div>\n","protected":false},"excerpt":{"rendered":"<p>IN DECAL PP\u00a0t\u1ea1i c\u00f4ng ty in 3 mi\u1ec1n ch\u00fang t\u00f4i v\u1edbi\u00a0\u0111\u01a1n gi\u00e1 ch\u1ec9 35.000\/m2, decan pp\u00a0\u0111\u00e1p\u00a0\u1ee9ng\u00a0\u0111\u01b0\u1ee3c nhu c\u1ea7u s\u1ed1\u00a0\u0111\u00f4ng kh\u00e1ch h\u00e0ng.\u00a0In decal PP c\u00f3 nhi\u1ec1u t\u00ednh n\u0103ng t\u00e1c d\u1ee5ng kh\u00e1c nhau d\u00f9ng cho s\u1eed d\u1ee5ng d\u00e1n l\u00ean c\u00e1c b\u1ec1 m\u1eb7t, d\u00e1n trang tr\u00ed c\u1eeda h\u00e0ng, d\u00e1n formex. DECAL PP c\u00f3 2 lo\u1ea1i, c\u00f3 keo v\u00e0 [&#8230;]\n","protected":false},"author":1,"featured_media":698,"parent":0,"menu_order":0,"comment_status":"closed","ping_status":"closed","template":"page-left-sidebar.php","meta":[],"_links":{"self":[{"href":"https:\/\/demo.bmconnect.vn\/inbat\/wp-json\/wp\/v2\/pages\/33"}],"collection":[{"href":"https:\/\/demo.bmconnect.vn\/inbat\/wp-json\/wp\/v2\/pages"}],"about":[{"href":"https:\/\/demo.bmconnect.vn\/inbat\/wp-json\/wp\/v2\/types\/page"}],"author":[{"embeddable":true,"href":"https:\/\/demo.bmconnect.vn\/inbat\/wp-json\/wp\/v2\/users\/1"}],"replies":[{"embeddable":true,"href":"https:\/\/demo.bmconnect.vn\/inbat\/wp-json\/wp\/v2\/comments?post=33"}],"version-history":[{"count":4,"href":"https:\/\/demo.bmconnect.vn\/inbat\/wp-json\/wp\/v2\/pages\/33\/revisions"}],"predecessor-version":[{"id":701,"href":"https:\/\/demo.bmconnect.vn\/inbat\/wp-json\/wp\/v2\/pages\/33\/revisions\/701"}],"wp:featuredmedia":[{"embeddable":true,"href":"https:\/\/demo.bmconnect.vn\/inbat\/wp-json\/wp\/v2\/media\/698"}],"wp:attachment":[{"href":"https:\/\/demo.bmconnect.vn\/inbat\/wp-json\/wp\/v2\/media?parent=33"}],"curies":[{"name":"wp","href":"https:\/\/api.w.org\/{rel}","templated":true}]}}