{"id":77,"date":"2017-03-18T02:39:53","date_gmt":"2017-03-18T02:39:53","guid":{"rendered":"http:\/\/localhost\/wordpress\/?post_type=product&#038;p=77"},"modified":"2017-03-18T02:39:53","modified_gmt":"2017-03-18T02:39:53","slug":"quat-thong-gio-can-ho","status":"publish","type":"product","link":"https:\/\/demo.bmconnect.vn\/ifan\/s\u1ea3n ph\u1ea9m\/quat-thong-gio-can-ho\/","title":{"rendered":"Qu\u1ea1t th\u00f4ng gi\u00f3 c\u0103n h\u1ed9"},"content":{"rendered":"","protected":false},"excerpt":{"rendered":"","protected":false},"featured_media":52,"comment_status":"open","ping_status":"closed","template":"","meta":[],"product_cat":[21],"product_tag":[],"_links":{"self":[{"href":"https:\/\/demo.bmconnect.vn\/ifan\/wp-json\/wp\/v2\/product\/77"}],"collection":[{"href":"https:\/\/demo.bmconnect.vn\/ifan\/wp-json\/wp\/v2\/product"}],"about":[{"href":"https:\/\/demo.bmconnect.vn\/ifan\/wp-json\/wp\/v2\/types\/product"}],"replies":[{"embeddable":true,"href":"https:\/\/demo.bmconnect.vn\/ifan\/wp-json\/wp\/v2\/comments?post=77"}],"wp:featuredmedia":[{"embeddable":true,"href":"https:\/\/demo.bmconnect.vn\/ifan\/wp-json\/wp\/v2\/media\/52"}],"wp:attachment":[{"href":"https:\/\/demo.bmconnect.vn\/ifan\/wp-json\/wp\/v2\/media?parent=77"}],"wp:term":[{"taxonomy":"product_cat","embeddable":true,"href":"https:\/\/demo.bmconnect.vn\/ifan\/wp-json\/wp\/v2\/product_cat?post=77"},{"taxonomy":"product_tag","embeddable":true,"href":"https:\/\/demo.bmconnect.vn\/ifan\/wp-json\/wp\/v2\/product_tag?post=77"}],"curies":[{"name":"wp","href":"https:\/\/api.w.org\/{rel}","templated":true}]}}