{"id":244,"date":"2018-11-17T18:23:03","date_gmt":"2018-11-17T11:23:03","guid":{"rendered":"http:\/\/demo.bmconnect.vn\/gioithieucongty2\/?post_type=product&#038;p=244"},"modified":"2018-11-17T18:23:03","modified_gmt":"2018-11-17T11:23:03","slug":"van-canh-buom-dieu-khien-bang-dien","status":"publish","type":"product","link":"https:\/\/demo.bmconnect.vn\/gioithieucongty2\/san-pham\/van-canh-buom-dieu-khien-bang-dien\/","title":{"rendered":"Van c\u00e1nh b\u01b0\u1edbm \u0111i\u1ec1u khi\u1ec3n b\u1eb1ng \u0111i\u1ec7n"},"content":{"rendered":"<div id=\"tab-1\">\n<h3><span style=\"font-size: 12pt;\"><strong>Th\u00f4ng tin chung <a href=\"http:\/\/tinhtue.vn\/san-pham\/van-canh-buom-dieu-khien-bang-dien-omal\">Van b\u01b0\u1edbm \u0111i\u1ec7n OMAL<\/a>:<\/strong><\/span><\/h3>\n<ul>\n<li>T\u00ean g\u1ecdi: <strong>Van B\u01b0\u1edbm \u0110i\u1ec1u Khi\u1ec3n \u0110i\u1ec7n OMAL<\/strong><\/li>\n<li>\u1ee8ng d\u1ee5ng:\u00a0Ng\u00e0nh c\u1ea5p n\u01b0\u1edbc, x\u1eed l\u00fd n\u01b0\u1edbc th\u1ea3i, Chiler, HVAC, ph\u00f2ng ch\u00e1y ch\u1eefa ch\u00e1y,\u2026<\/li>\n<li>Xu\u1ea5t x\u1ee9: T\u1eeb nh\u00e0 m\u00e1y OMAL t\u1ea1i Italia<\/li>\n<\/ul>\n<p><a href=\"http:\/\/tinhtue.vn\/san-pham\/van-canh-buom-dieu-khien-bang-dien-omal\"><strong>Van b\u01b0\u1edbm \u0111i\u1ec1u khi\u1ec3n b\u1eb1ng \u0111i\u1ec7n<\/strong><\/a> l\u00e0 lo\u1ea1i van b\u01b0\u1edbm \u0111\u01b0\u1ee3c \u0111i\u1ec1u khi\u1ec3n b\u1edfi d\u00f2ng \u0111i\u1ec7n qua m\u00f4 t\u01a1 \u0111i\u1ec7n t\u00e1c \u0111\u1ed9ng \u0111\u1ebfn c\u01a1 c\u1ea5u truy\u1ec1n \u0111\u1ed9ng t\u1edbi tr\u1ee5c van l\u00e0m cho c\u00e1nh van b\u01b0\u1edbm xoay 1 g\u00f3c 90 \u0111\u1ed9 gi\u00fap \u0111\u00f3ng m\u1edf d\u00f2ng n\u01b0\u1edbc \u0111i qua van.<\/p>\n<h3>\u01afu \u0111i\u1ec3m van b\u01b0\u1edbm \u0111i\u1ec1u khi\u1ec3n \u0111i\u1ec7n:<\/h3>\n<ul>\n<li>Van b\u01b0\u1edbm \u0111i\u1ec1u khi\u1ec3n \u00a0b\u1eb1ng \u0111i\u1ec7n \u0111\u01b0\u1ee3c \u0111i\u1ec1u khi\u1ec3n b\u1edfi d\u00f2ng \u0111i\u1ec7n n\u00ean vi\u1ec7c \u0111\u00f3ng m\u1edf van nhanh, linh ho\u1ea1t, t\u1ef1 \u0111\u1ed9ng h\u00f3a cao. C\u00f3 th\u1ec3 \u0111\u00f3ng m\u1edf b\u1eb1ng t\u00edn hi\u1ec7u \u0111i\u1ec1u khi\u1ec3n PLC, \u0111\u00f3ng m\u1edf b\u1eb1ng c\u00f4ng t\u1eafc \u0111i\u1ec7n<\/li>\n<li>Van l\u00e0 van b\u01b0\u1edbm n\u00ean c\u00f3 th\u1ec3 l\u1eafp m\u1eb7t b\u00edch (Ki\u1ec3u l\u1eafp ch\u1eafc ch\u1eafn h\u01a1n so v\u1edbi ki\u1ec3u l\u1eafp ren \u2013 r\u1eafc co)<\/li>\n<li>Van b\u01b0\u1edbm c\u00f3 gi\u00e1 th\u00e0nh r\u1ebb h\u01a1n, ti\u1ebft ki\u1ec7m chi ph\u00ed<\/li>\n<li>\u0110i\u1ec7n \u00e1p v\u1eadn h\u00e0nh van b\u01b0\u1edbm \u0111i\u1ec1u khi\u1ec3n \u0111i\u1ec7n r\u1ea5t \u0111a d\u1ea1ng: 220V (Th\u00f4ng d\u1ee5ng nh\u1ea5t), 380V, 24V<\/li>\n<li>V\u00ec \u0111\u01b0\u1ee3c thi\u1ebft k\u1ebf nh\u01b0 m\u1ed9t \u0111\u1ed9ng c\u01a1 ri\u00eang bi\u1ec7t n\u00ean van r\u1ea5t kh\u1ecfe, \u0111\u00f3ng m\u1edf tr\u1edf n\u00ean nh\u1eb9 nh\u00e0ng, gi\u00fap h\u1ec7 th\u1ed1ng v\u1eadn h\u00e0nh tr\u01a1n chu, \u00eam nh\u1eb9, \u0111\u1ed3ng th\u1eddi c\u0169ng t\u0103ng tu\u1ed5i th\u1ecd van<\/li>\n<li>C\u00f3 th\u1ec3 l\u1eafp cho c\u00e1c \u0111\u01b0\u1eddng \u1ed1ng l\u1edbn (L\u00ean \u0111\u1ebfn 600 mm)<\/li>\n<li>C\u00f3 th\u1ec3 d\u00f9ng cho nhi\u1ec1u m\u00f4i tr\u01b0\u1eddng kh\u00e1c nhau: h\u00f3a ch\u1ea5t, n\u01b0\u1edbc th\u1ea3i, n\u01b0\u1edbc s\u1ea1ch, kh\u00ed n\u00e9n, h\u01a1i n\u00f3ng.<\/li>\n<li>B\u1ed9 \u0111i\u1ec1u khi\u1ec3n \u0111i\u1ec7n thi\u1ebft k\u1ebf ch\u1eafc ch\u1eafn.<\/li>\n<li>Khi m\u1ea5t \u0111i\u1ec7n c\u00f3 th\u1ec3 \u0111\u00f3ng\/m\u1edf thao t\u00e1c b\u1eb1ng tay nh\u01b0 van b\u01b0\u1edbm tay quay th\u00f4ng th\u01b0\u1eddng.<\/li>\n<li>Tr\u1ea1ng th\u00e1i van c\u00f3 th\u1ec3\u00a0th\u01b0\u1eddng m\u1edf ho\u1eb7c th\u01b0\u1eddng \u0111\u00f3ng t\u00f9y v\u00e0o c\u00e1ch c\u00e0i \u0111\u1eb7t c\u1ee7a ng\u01b0\u1eddi s\u1eed d\u1ee5ng.<\/li>\n<\/ul>\n<p><span style=\"font-size: 12pt;\"><strong>\u0110\u1eb7c t\u00ednh k\u1ef9 thu\u1eadt van b\u01b0\u1edbm \u0111i\u1ec1u khi\u1ec3n b\u1eb1ng \u0111i\u1ec7n:<\/strong><\/span><\/p>\n<ul>\n<li>\u00c1p su\u1ea5t: PN 10\/PN16<\/li>\n<li>Liner: EPDM\/PTFM\/FKM<\/li>\n<li>Ngu\u1ed3n \u0111i\u1ec7n van b\u01b0\u1edbm: 230V\/1phase\/50Hz<\/li>\n<li>\u0110\u01b0\u1eddng k\u00ednh van b\u01b0\u1edbm \u0111i\u1ec7n: DN20 \u2013 DN600<\/li>\n<\/ul>\n<h3><span style=\"font-size: 12pt;\"><strong>C\u1ea5u t\u1ea1o van b\u01b0\u1edbm \u0111i\u1ec1u khi\u1ec3n b\u1eb1ng \u0111i\u1ec7n:<\/strong><\/span><\/h3>\n<ul>\n<li>Th\u00e2n van: Gang GG25<\/li>\n<li>\u0110\u0129a van: Gang GG25 \u2013 T\u00f9y ch\u1ecdn Inox 316<\/li>\n<\/ul>\n<div id=\"attachment_1672\" class=\"wp-caption aligncenter\" style=\"width: 990px;\">\n<p><img loading=\"lazy\" class=\"size-full wp-image-1672\" src=\"http:\/\/tinhtue.vn\/template\/uploads\/2016\/03\/cau-tao-van-canh-buom-dieu-khien-bang-dien-omal.jpg\" alt=\"C\u1ea5u T\u1ea1o Van C\u00e1nh B\u01b0\u1edbm \u0110i\u1ec1n Khi\u1ec3n B\u1eb1ng \u0110i\u1ec7n OMAL\" width=\"980\" height=\"1163\" \/><\/p>\n<p class=\"wp-caption-text\">C\u1ea5u T\u1ea1o Van C\u00e1nh B\u01b0\u1edbm \u0110i\u1ec1n Khi\u1ec3n B\u1eb1ng \u0110i\u1ec7n OMAL<\/p>\n<\/div>\n<\/div>\n","protected":false},"excerpt":{"rendered":"<p>Th\u01b0\u01a1ng hi\u1ec7u: OMAL<br \/>\nXu\u1ea5t x\u1ee9: \u00dd<br \/>\n\u1ee8ng d\u1ee5ng: Van b\u01b0\u1edbm \u0111i\u1ec1u khi\u1ec3n b\u1eb1ng \u0111i\u1ec7n \u0111\u01b0\u1ee3c \u1ee9ng d\u1ee5ng r\u1ed9ng r\u00e3i trong c\u00f4ng nghi\u1ec7p t\u1ef1 \u0111\u1ed9ng ho\u00e1, c\u1ea5p n\u01b0\u1edbc, tho\u00e1t n\u01b0\u1edbc, x\u1eed l\u00fd n\u01b0\u1edbc th\u1ea3i, Chiler, ph\u00f2ng ch\u00e1y ch\u1eefa ch\u00e1y.<br \/>\nDownload: Brochure<\/p>\n","protected":false},"featured_media":245,"template":"","meta":[],"product_cat":[24],"product_tag":[],"_links":{"self":[{"href":"https:\/\/demo.bmconnect.vn\/gioithieucongty2\/wp-json\/wp\/v2\/product\/244"}],"collection":[{"href":"https:\/\/demo.bmconnect.vn\/gioithieucongty2\/wp-json\/wp\/v2\/product"}],"about":[{"href":"https:\/\/demo.bmconnect.vn\/gioithieucongty2\/wp-json\/wp\/v2\/types\/product"}],"wp:featuredmedia":[{"embeddable":true,"href":"https:\/\/demo.bmconnect.vn\/gioithieucongty2\/wp-json\/wp\/v2\/media\/245"}],"wp:attachment":[{"href":"https:\/\/demo.bmconnect.vn\/gioithieucongty2\/wp-json\/wp\/v2\/media?parent=244"}],"wp:term":[{"taxonomy":"product_cat","embeddable":true,"href":"https:\/\/demo.bmconnect.vn\/gioithieucongty2\/wp-json\/wp\/v2\/product_cat?post=244"},{"taxonomy":"product_tag","embeddable":true,"href":"https:\/\/demo.bmconnect.vn\/gioithieucongty2\/wp-json\/wp\/v2\/product_tag?post=244"}],"curies":[{"name":"wp","href":"https:\/\/api.w.org\/{rel}","templated":true}]}}