{"id":238,"date":"2018-11-17T18:14:17","date_gmt":"2018-11-17T11:14:17","guid":{"rendered":"http:\/\/demo.bmconnect.vn\/gioithieucongty2\/?post_type=product&#038;p=238"},"modified":"2018-11-17T18:14:17","modified_gmt":"2018-11-17T11:14:17","slug":"van-cong-ty-chim-ayvaz","status":"publish","type":"product","link":"https:\/\/demo.bmconnect.vn\/gioithieucongty2\/san-pham\/van-cong-ty-chim-ayvaz\/","title":{"rendered":"Van c\u1ed5ng ty ch\u00ecm AYVAZ"},"content":{"rendered":"<p>Van c\u1ed5ng ty ch\u00ecm<\/p>\n<ul>\n<li>Van c\u1ed5ng ty ch\u00ecm (c\u00f3 t\u00ean g\u1ecdi kh\u00e1c l\u00e0 van c\u1eeda) l\u00e0 lo\u1ea1i van c\u00f3 t\u00e1c d\u1ee5ng ng\u0103n c\u1ea3n d\u00f2ng ch\u1ea3y b\u1eb1ng c\u00e1ch ch\u1eafn ngang khi d\u00f2ng ch\u1ea3y \u0111i qua van. \u0110\u1ed9 c\u1ea3n tr\u1edf c\u1ee7a d\u00f2ng ch\u1ea3y \u0111i qua van l\u00e0 r\u1ea5t nh\u1ecf, kh\u00f4ng c\u00f3 t\u00e1c d\u1ee5ng l\u00e0m gi\u1ea3m \u00e1p l\u1ef1c hay g\u00e2y m\u1ea5t n\u0103ng l\u01b0\u1ee3ng c\u1ee7a d\u00f2ng ch\u1ea3y.<\/li>\n<li>Van c\u1ed5ng AYVAZ GTK16 c\u00f3 ki\u1ec3u k\u1ebft n\u1ed1i v\u1edbi \u1ed1ng n\u01b0\u1edbc l\u00e0 m\u1eb7t b\u00edch (Th\u01b0\u1eddng s\u1eed d\u1ee5ng cho c\u00e1c \u0111\u01b0\u1eddng \u1ed1ng n\u01b0\u1edbc c\u00f3 \u0111\u01b0\u1eddng k\u00ednh l\u1edbn t\u1eeb DN50 tr\u1edf l\u00ean).<\/li>\n<\/ul>\n","protected":false},"excerpt":{"rendered":"<p>Th\u01b0\u01a1ng hi\u1ec7u: AYVAZ<br \/>\nXu\u1ea5t x\u1ee9: Th\u1ed5 Nh\u0129 K\u1ef3<br \/>\nSeries: GTK-16<br \/>\n\u1ee8ng d\u1ee5ng: van c\u1ed5ng ty ch\u00ecm, van c\u1ed5ng trong c\u00e1c c\u00f4ng tr\u00ecnh th\u1ee7y l\u1ee3i, c\u00f4ng nghi\u1ec7p, &#8230;<br \/>\nDownload: Brochure<\/p>\n","protected":false},"featured_media":239,"template":"","meta":[],"product_cat":[21],"product_tag":[],"_links":{"self":[{"href":"https:\/\/demo.bmconnect.vn\/gioithieucongty2\/wp-json\/wp\/v2\/product\/238"}],"collection":[{"href":"https:\/\/demo.bmconnect.vn\/gioithieucongty2\/wp-json\/wp\/v2\/product"}],"about":[{"href":"https:\/\/demo.bmconnect.vn\/gioithieucongty2\/wp-json\/wp\/v2\/types\/product"}],"wp:featuredmedia":[{"embeddable":true,"href":"https:\/\/demo.bmconnect.vn\/gioithieucongty2\/wp-json\/wp\/v2\/media\/239"}],"wp:attachment":[{"href":"https:\/\/demo.bmconnect.vn\/gioithieucongty2\/wp-json\/wp\/v2\/media?parent=238"}],"wp:term":[{"taxonomy":"product_cat","embeddable":true,"href":"https:\/\/demo.bmconnect.vn\/gioithieucongty2\/wp-json\/wp\/v2\/product_cat?post=238"},{"taxonomy":"product_tag","embeddable":true,"href":"https:\/\/demo.bmconnect.vn\/gioithieucongty2\/wp-json\/wp\/v2\/product_tag?post=238"}],"curies":[{"name":"wp","href":"https:\/\/api.w.org\/{rel}","templated":true}]}}