{"id":236,"date":"2018-11-17T18:10:36","date_gmt":"2018-11-17T11:10:36","guid":{"rendered":"http:\/\/demo.bmconnect.vn\/gioithieucongty2\/?post_type=product&#038;p=236"},"modified":"2018-11-18T10:54:25","modified_gmt":"2018-11-18T03:54:25","slug":"may-bom-mang-khi-nen-yamada-ndp-25-1-inch","status":"publish","type":"product","link":"https:\/\/demo.bmconnect.vn\/gioithieucongty2\/san-pham\/may-bom-mang-khi-nen-yamada-ndp-25-1-inch\/","title":{"rendered":"M\u00e1y b\u01a1m m\u00e0ng kh\u00ed n\u00e9n YAMADA NDP-25 (1 inch)"},"content":{"rendered":"<p>Th\u01b0\u01a1ng hi\u1ec7u: YAMADA<br \/>\nXu\u1ea5t x\u1ee9: Nh\u1eadt B\u1ea3n<br \/>\nSeries: NDP-25<br \/>\n\u1ee8ng d\u1ee5ng: M\u00e1y b\u01a1m m\u00e0ng kh\u00ed n\u00e9n trong ng\u00e0nh s\u1ea3n xu\u1ea5t s\u01a1n, ng\u00e0nh s\u1ea3n xu\u1ea5t &amp; in \u1ea5n bao b\u00ec, th\u1ef1c ph\u1ea9m, \u0111\u1ed3 u\u1ed1ng, d\u01b0\u1ee3c ph\u1ea9m, h\u00f3a \u2013 m\u1ef9 ph\u1ea9m v\u00e0 s\u1ea3n xu\u1ea5t g\u1ed1m, men s\u1ee9<br \/>\nDownload: Brochure<\/p>\n","protected":false},"excerpt":{"rendered":"<p>Th\u01b0\u01a1ng hi\u1ec7u: YAMADA<br \/>\nXu\u1ea5t x\u1ee9: Nh\u1eadt B\u1ea3n<br \/>\nSeries: NDP-25<br \/>\n\u1ee8ng d\u1ee5ng: M\u00e1y b\u01a1m m\u00e0ng kh\u00ed n\u00e9n trong ng\u00e0nh s\u1ea3n xu\u1ea5t s\u01a1n, ng\u00e0nh s\u1ea3n xu\u1ea5t &amp; in \u1ea5n bao b\u00ec, th\u1ef1c ph\u1ea9m, \u0111\u1ed3 u\u1ed1ng, d\u01b0\u1ee3c ph\u1ea9m, h\u00f3a \u2013 m\u1ef9 ph\u1ea9m v\u00e0 s\u1ea3n xu\u1ea5t g\u1ed1m, men s\u1ee9<br \/>\nDownload: Brochure<\/p>\n","protected":false},"featured_media":237,"template":"","meta":[],"product_cat":[20],"product_tag":[],"_links":{"self":[{"href":"https:\/\/demo.bmconnect.vn\/gioithieucongty2\/wp-json\/wp\/v2\/product\/236"}],"collection":[{"href":"https:\/\/demo.bmconnect.vn\/gioithieucongty2\/wp-json\/wp\/v2\/product"}],"about":[{"href":"https:\/\/demo.bmconnect.vn\/gioithieucongty2\/wp-json\/wp\/v2\/types\/product"}],"wp:featuredmedia":[{"embeddable":true,"href":"https:\/\/demo.bmconnect.vn\/gioithieucongty2\/wp-json\/wp\/v2\/media\/237"}],"wp:attachment":[{"href":"https:\/\/demo.bmconnect.vn\/gioithieucongty2\/wp-json\/wp\/v2\/media?parent=236"}],"wp:term":[{"taxonomy":"product_cat","embeddable":true,"href":"https:\/\/demo.bmconnect.vn\/gioithieucongty2\/wp-json\/wp\/v2\/product_cat?post=236"},{"taxonomy":"product_tag","embeddable":true,"href":"https:\/\/demo.bmconnect.vn\/gioithieucongty2\/wp-json\/wp\/v2\/product_tag?post=236"}],"curies":[{"name":"wp","href":"https:\/\/api.w.org\/{rel}","templated":true}]}}