{"id":61,"date":"2018-11-17T10:57:32","date_gmt":"2018-11-17T03:57:32","guid":{"rendered":"http:\/\/demo.bmconnect.vn\/gioithieucongty2\/?page_id=61"},"modified":"2018-11-18T12:49:05","modified_gmt":"2018-11-18T05:49:05","slug":"gioi-thieu","status":"publish","type":"page","link":"https:\/\/demo.bmconnect.vn\/gioithieucongty2\/gioi-thieu\/","title":{"rendered":"Gi\u1edbi thi\u1ec7u"},"content":{"rendered":"<div class=\"row\"  id=\"row-1374301226\">\n\n\t<div id=\"col-234686150\" class=\"col medium-6 small-12 large-6\"  >\n\t\t\t\t<div class=\"col-inner\"  >\n\t\t\t\n\t\t\t\n\t<div class=\"img has-hover x md-x lg-x y md-y lg-y\" id=\"image_673151117\">\n\t\t\t\t\t\t\t\t<div class=\"img-inner dark\" >\n\t\t\t<img width=\"721\" height=\"420\" src=\"https:\/\/demo.bmconnect.vn\/gioithieucongty2\/wp-content\/uploads\/2018\/11\/Office_Buildings_Demand_Response_XL_721_420_80_s_c1.jpg\" class=\"attachment-original size-original\" alt=\"\" loading=\"lazy\" srcset=\"https:\/\/demo.bmconnect.vn\/gioithieucongty2\/wp-content\/uploads\/2018\/11\/Office_Buildings_Demand_Response_XL_721_420_80_s_c1.jpg 721w, https:\/\/demo.bmconnect.vn\/gioithieucongty2\/wp-content\/uploads\/2018\/11\/Office_Buildings_Demand_Response_XL_721_420_80_s_c1-300x175.jpg 300w, https:\/\/demo.bmconnect.vn\/gioithieucongty2\/wp-content\/uploads\/2018\/11\/Office_Buildings_Demand_Response_XL_721_420_80_s_c1-600x350.jpg 600w\" sizes=\"(max-width: 721px) 100vw, 721px\" \/>\t\t\t\t\t\t\n\t\t\t\t\t<\/div>\n\t\t\t\t\t\t\t\t\n<style>\n#image_673151117 {\n  width: 100%;\n}\n<\/style>\n\t<\/div>\n\t\n\t\t<\/div>\n\t\t\t\t\t<\/div>\n\n\t\n\n\t<div id=\"col-783096356\" class=\"col medium-6 small-12 large-6\"  >\n\t\t\t\t<div class=\"col-inner\"  >\n\t\t\t\n\t\t\t\n<p><span style=\"color: #000000;\">Xin ch\u00e0o b\u1ea1n \u2013 \u0111\u1ed9c gi\u1ea3 c\u1ee7a\u00a0<a style=\"color: #000000;\" href=\"https:\/\/giuseart.com\/\">Giuseart.com<\/a>,<\/span><\/p>\n<p><span style=\"color: #000000;\">L\u1eddi \u0111\u1ea7u ti\u00ean, cho ph\u00e9p GiuseArt \u0111\u01b0\u1ee3c g\u1eedi t\u1edbi qu\u00fd kh\u00e1ch, qu\u00fd th\u00e2n nh\u00e2n v\u00e0 b\u1ea1n b\u00e8 l\u1eddi ch\u00fac s\u1ee9c kh\u1ecfe, th\u00e0nh \u0111\u1ea1t v\u00e0 h\u1ea1nh ph\u00fac.<\/span><\/p>\n<p><span style=\"color: #000000;\"><a style=\"color: #000000;\" href=\"http:\/\/giuseart.com\/\">Giuseart.com<\/a>\u00a0\u0111\u01b0\u1ee3c th\u00e0nh l\u1eadp th\u00e1ng 11\/2016 d\u01b0\u1edbi d\u1ea1ng Blog c\u00e1 nh\u00e2n, v\u1edbi m\u1ee5c \u0111\u00edch ban \u0111\u1ea7u l\u00e0 n\u01a1i\u00a0l\u01b0u tr\u1eef nh\u1eefng\u00a0<strong>b\u00e0i vi\u1ebft ki\u1ebfn th\u1ee9c<\/strong>\u00a0ho\u1eb7c nh\u1eefng<strong>\u00a0s\u1ea3n ph\u1ea9m s\u00e1ng t\u1ea1o<\/strong>\u00a0trong qu\u00e1 tr\u00ecnh h\u1ecdc t\u1eadp,\u00a0l\u00e0m vi\u1ec7c.<\/span><\/p>\n<p><span style=\"color: #000000;\">T\u1ef1 tin v\u1edbi kh\u1ea3 n\u0103ng \u0111\u00e1p \u1ee9ng m\u1ecdi y\u00eau c\u1ea7u thi\u1ebft k\u1ebf c\u1ee7a kh\u00e1ch h\u00e0ng, GiuseArt ch\u00ednh th\u1ee9c \u0111em l\u1ea1i d\u1ecbch v\u1ee5\u00a0<strong>Thi\u1ebft k\u1ebf \u0111\u1ed3 h\u1ecda<\/strong>\u00a0v\u00e0\u00a0<strong>Thi\u1ebft k\u1ebf Website chuy\u00ean nghi\u1ec7p\u00a0<\/strong>t\u1eeb \u0111\u1ea7u n\u0103m 2017.<strong>\u00a0<\/strong>S\u1ef1 \u1ee7ng h\u1ed9 v\u00e0 tin t\u01b0\u1edfng c\u1ee7a kh\u00e1ch h\u00e0ng s\u1ebd\u00a0tr\u1edf th\u00e0nh ngu\u1ed3n c\u1ea3m h\u1ee9ng\u00a0l\u1edbn lao cho GiuseArt\u00a0trong qu\u00e1 tr\u00ecnh\u00a0ph\u00e1c h\u1ecda nh\u1eefng \u00fd t\u01b0\u1edfng thi\u1ebft k\u1ebf \u0111\u01b0\u1ee3c tr\u1edf th\u00e0nh hi\u1ec7n th\u1ef1c&#8230;<\/span><\/p>\n\t\t<\/div>\n\t\t\t\t\t<\/div>\n\n\t\n<\/div>\n<div class=\"row row-sp\"  id=\"row-1182681738\">\n\n\t<div id=\"col-438939610\" class=\"col medium-6 small-12 large-6\"  >\n\t\t\t\t<div class=\"col-inner\"  >\n\t\t\t\n\t\t\t\n<h3><span style=\"color: #000000;\">C\u00e1c s\u1ea3n ph\u1ea9m ch\u00ednh<\/span><\/h3>\n<ul>\n<li><span style=\"color: #000000;\"><a style=\"color: #000000;\" href=\"\/bom-chim-nuoc-thai-eim\/\">B\u01a1m ch\u00ecm n\u01b0\u1edbc th\u1ea3i nh\u00e3n hi\u1ec7u E.I.M<\/a> \u2013 Nh\u1eadt B\u1ea3n<\/span><\/li>\n<li><span style=\"color: #000000;\"><a style=\"color: #000000;\" href=\"\/may-thoi-khi-ito-nhat-ban\/\">M\u00e1y th\u1ed5i kh\u00ed nh\u00e3n hi\u1ec7u ITO<\/a> \u2013 Nh\u1eadt B\u1ea3n<\/span><\/li>\n<li><span style=\"color: #000000;\">\u0110\u1ed3ng h\u1ed3 l\u01b0u l\u01b0\u1ee3ng \u0111i\u1ec7n t\u1eeb nh\u00e3n hi\u1ec7u ARKON \u2013 C\u1ed9ng H\u00f2a S\u00e9c<\/span><\/li>\n<li><span style=\"color: #000000;\"><a style=\"color: #000000;\" href=\"\/van-co-ayvaz\/\">Van n\u01b0\u1edbc,van cho h\u1ec7 th\u1ed1ng ch\u1eefa ch\u00e1y nh\u00e3n hi\u1ec7u Ayvaz<\/a> \u2013 Th\u1ed5 Nh\u0129 K\u1ef3<\/span><\/li>\n<li><span style=\"color: #000000;\"><a style=\"color: #000000;\" href=\"\/van-giam-ap-thuy-luc-csa\/\">Van gi\u1ea3m \u00e1p CSA<\/a> &#8211; Italy<\/span><\/li>\n<li><span style=\"color: #000000;\"><a style=\"color: #000000;\" href=\"\/van-khop-noi-tozen\/\">Van, Kh\u1edbp kh\u1edbp n\u1ed1i TOZEN<\/a> \u2013 Nh\u1eadt B\u1ea3n<\/span><\/li>\n<li><span style=\"color: #000000;\"><a style=\"color: #000000;\" href=\"\/khop-noi-chong-rung-toko\/\">Kh\u1edbp n\u1ed1i ch\u1ed1ng rung TOKO<\/a> \u2013 Trung Qu\u1ed1c<\/span><\/li>\n<li><span style=\"color: #000000;\"><a style=\"color: #000000;\" href=\"\/van-dieu-khien-omal\/\">Van \u0111i\u1ec1u khi\u1ec3n \u0111i\u1ec7n ,kh\u00ed n\u00e9n nh\u00e3n hi\u1ec7u OMAL<\/a> &#8211; Italy<\/span><\/li>\n<li><span style=\"color: #000000;\"><a style=\"color: #000000;\" href=\"\/bom-mang-khi-nen-yamada\/\">B\u01a1m M\u00e0ng kh\u00ed n\u00e9n YAMADA<\/a> \u2013 Nh\u1eadt B\u1ea3n<\/span><\/li>\n<li><span style=\"color: #000000;\"><a style=\"color: #000000;\" href=\"\/may-ep-bun-tefsa\/\">M\u00e1y \u00e9p b\u00f9n TEFSA<\/a> \u2013 T\u00e2y Ban Nha<\/span><\/li>\n<li><span style=\"color: #000000;\"><a style=\"color: #000000;\" href=\"\/may-ly-tam-saito\/\">M\u00e1y ly t\u00e2m SAITO<\/a> \u2013 Nh\u1eadt B\u1ea3n<\/span><\/li>\n<li><span style=\"color: #000000;\">M\u00e1y \u00e9p b\u00f9n CHISHUN \u2013 \u0110\u00e0i Loan<\/span><\/li>\n<\/ul>\n\t\t<\/div>\n\t\t\t\t\t<\/div>\n\n\t\n\n\t<div id=\"col-1402282329\" class=\"col medium-6 small-12 large-6\"  >\n\t\t\t\t<div class=\"col-inner\"  >\n\t\t\t\n\t\t\t\n<p><span style=\"color: #000000;\">B\u00ean c\u1ea1nh c\u00e1c s\u1ea3n ph\u1ea9m v\u1ec1 c\u00f4ng ngh\u1ec7, Ch\u00fang t\u00f4i c\u00f2n c\u00f3 \u0111\u1ed9i ng\u0169 k\u1ef9 s\u01b0 t\u1eadn t\u00ecnh, gi\u00e0u kinh nghi\u1ec7m trong l\u0129nh v\u1ef1c t\u1ee7 \u0111i\u1ec7n \u0111\u1ed9ng l\u1ef1c v\u00e0 t\u1ee7 \u0111i\u1ec7n \u0111i\u1ec1u khi\u1ec3n cho c\u00e1c h\u1ec7 th\u1ed1ng x\u1eed l\u00fd n\u01b0\u1edbc, nh\u00e0 m\u00e1y n\u01b0\u1edbc.<\/span><\/p>\n<p><span style=\"color: #000000;\"> V\u1edbi ph\u01b0\u01a1ng ch\u00e2m mang \u0111\u1ebfn cho kh\u00e1ch h\u00e0ng \u201cGi\u1ea3i ph\u00e1p t\u1ed1i \u01b0u nh\u1ea5t\u201d v\u00e0 ch\u1ebf \u0111\u1ed9 h\u1eadu m\u00e3i, b\u1ea3o h\u00e0nh, b\u1ea3o tr\u00ec tr\u00ean ch\u00ednh s\u1ea3n ph\u1ea9m c\u1ee7a Ch\u00fang t\u00f4i lu\u00f4n mang l\u1ea1i s\u1ef1 tin c\u1eady cho kh\u00e1ch h\u00e0ng, Tinh Tu\u1ec7 \u0111\u00e3 c\u00f3 uy t\u00edn t\u1ed1t t\u1ea1i th\u1ecb tr\u01b0\u1eddng trong n\u01b0\u1edbc v\u1edbi nhi\u1ec1u h\u1ee3p \u0111\u1ed3ng v\u00e0 \u0111\u01a1n \u0111\u1eb7t h\u00e0ng \u0111\u00e3 v\u00e0 \u0111ang th\u1ef1c hi\u1ec7n th\u00e0nh c\u00f4ng. Ch\u00fang t\u00f4i kh\u00f4ng nh\u1eefng\u00a0cung c\u1ea5p cho kh\u00e1ch h\u00e0ng nh\u1eefng s\u1ea3n ph\u1ea9m ch\u1ea5t l\u01b0\u1ee3ng m\u00e0 c\u00f2n l\u00e0 s\u1ef1 h\u00e0i l\u00f2ng c\u1ee7a kh\u00e1ch h\u00e0ng khi ch\u1ecdn s\u1ea3n ph\u1ea9m c\u1ee7a ch\u00fang t\u00f4i. N\u1ebfu qu\u00fd C\u00f4ng ty c\u1ea7n b\u1ea5t c\u1ee9 th\u00f4ng tin g\u00ec v\u1ec1 s\u1ea3n ph\u1ea9m m\u00e0 m\u00ecnh c\u1ea7n, xin vui l\u00f2ng li\u00ean h\u1ec7 ngay v\u1edbi ch\u00fang t\u00f4i, Ch\u00fang t\u00f4i s\u1ebd \u0111\u00e1p \u1ee9ng y\u00eau c\u1ea7u c\u1ee7a Qu\u00fd c\u00f4ng ty trong th\u1eddi gian nhanh nh\u1ea5t.<\/span><\/p>\n\t\t<\/div>\n\t\t\t\t\t<\/div>\n\n\t\n<\/div>\n\t<div id=\"gap-983476300\" class=\"gap-element clearfix\" style=\"display:block; height:auto;\">\n\t\t\n<style>\n#gap-983476300 {\n  padding-top: 30px;\n}\n<\/style>\n\t<\/div>\n\t\n<div class=\"row row-lien-he\"  id=\"row-1417585936\">\n\n\t<div id=\"col-754512184\" class=\"col small-12 large-12\"  >\n\t\t\t\t<div class=\"col-inner\"  >\n\t\t\t\n\t\t\t\n<h3><span style=\"color: #000000;\"><strong>Th\u00f4ng tin li\u00ean h\u1ec7:<\/strong><\/span><\/h3>\n<p><span style=\"color: #000000;\"><strong>+ Li\u00ean h\u1ec7:<\/strong>\u00a0L\u00ea V\u0103n Thi\u1ec7n<\/span><br \/><span style=\"color: #000000;\"><strong>+ Phone:<\/strong>\u00a00972939830<\/span><br \/><span style=\"color: #000000;\"><strong>+ Email:<\/strong>\u00a0giuselethien@gmail.com<\/span><br \/><span style=\"color: #000000;\"><strong>+ Website:<\/strong>\u00a0www.giuseart.com<\/span><br \/><span style=\"color: #000000;\"><strong>+ Flickr:<\/strong><a style=\"color: #000000;\" href=\"http:\/\/www.flickr.com\/photos\/77493237@N07\/albums\">\u00a0www.flickr.com\/photos\/77493237@N07\/albums<\/a><\/span><br \/><span style=\"color: #000000;\"><strong>+ Behance:<\/strong>\u00a0<a style=\"color: #000000;\" href=\"https:\/\/www.behance.net\/giuselethien\">https:\/\/www.behance.net\/giuselethien<\/a><\/span><br \/><span style=\"color: #000000;\"><strong>+ Pintesest:<\/strong><a style=\"color: #000000;\" href=\"https:\/\/www.pinterest.com\/giuselethien\/pins\/\">\u00a0https:\/\/www.pinterest.com\/giuselethien\/pins\/<\/a><\/span><\/p>\n\t\t<\/div>\n\t\t\t\t\t<\/div>\n\n\t\n<\/div>\n","protected":false},"excerpt":{"rendered":"","protected":false},"author":1,"featured_media":0,"parent":0,"menu_order":0,"comment_status":"closed","ping_status":"closed","template":"page-blank-featured.php","meta":[],"_links":{"self":[{"href":"https:\/\/demo.bmconnect.vn\/gioithieucongty2\/wp-json\/wp\/v2\/pages\/61"}],"collection":[{"href":"https:\/\/demo.bmconnect.vn\/gioithieucongty2\/wp-json\/wp\/v2\/pages"}],"about":[{"href":"https:\/\/demo.bmconnect.vn\/gioithieucongty2\/wp-json\/wp\/v2\/types\/page"}],"author":[{"embeddable":true,"href":"https:\/\/demo.bmconnect.vn\/gioithieucongty2\/wp-json\/wp\/v2\/users\/1"}],"replies":[{"embeddable":true,"href":"https:\/\/demo.bmconnect.vn\/gioithieucongty2\/wp-json\/wp\/v2\/comments?post=61"}],"version-history":[{"count":0,"href":"https:\/\/demo.bmconnect.vn\/gioithieucongty2\/wp-json\/wp\/v2\/pages\/61\/revisions"}],"wp:attachment":[{"href":"https:\/\/demo.bmconnect.vn\/gioithieucongty2\/wp-json\/wp\/v2\/media?parent=61"}],"curies":[{"name":"wp","href":"https:\/\/api.w.org\/{rel}","templated":true}]}}