{"id":445,"date":"2018-11-09T00:27:00","date_gmt":"2018-11-08T17:27:00","guid":{"rendered":"http:\/\/demo.bmconnect.vn\/giacongcokhi\/?page_id=445"},"modified":"2018-11-09T00:31:16","modified_gmt":"2018-11-08T17:31:16","slug":"tuyen-dung","status":"publish","type":"page","link":"https:\/\/demo.bmconnect.vn\/gioithieucongty\/tuyen-dung\/","title":{"rendered":"Tuy\u1ec3n d\u1ee5ng"},"content":{"rendered":"\t<div id=\"gap-1527051399\" class=\"gap-element clearfix\" style=\"display:block; height:auto;\">\n\t\t\n<style>\n#gap-1527051399 {\n  padding-top: 30px;\n}\n<\/style>\n\t<\/div>\n\t\n\t<section class=\"section\" id=\"section_927984482\">\n\t\t<div class=\"bg section-bg fill bg-fill  bg-loaded\" >\n\n\t\t\t\n\t\t\t\n\t\t\t\n\n\t\t<\/div>\n\n\t\t<div class=\"section-content relative\">\n\t\t\t\n<div class=\"row\"  id=\"row-475132872\">\n\n\t<div id=\"col-240305510\" class=\"col small-12 large-12\"  >\n\t\t\t\t<div class=\"col-inner\"  >\n\t\t\t\n\t\t\t\n\n  <div class=\"banner has-hover\" id=\"banner-156110028\">\n          <div class=\"banner-inner fill\">\n        <div class=\"banner-bg fill\" >\n            <div class=\"bg fill bg-fill \"><\/div>\n                        <div class=\"overlay\"><\/div>            \n                    <\/div>\n        <div class=\"banner-layers container\">\n            <div class=\"fill banner-link\"><\/div>            \n   <div id=\"text-box-616380170\" class=\"text-box banner-layer x50 md-x50 lg-x50 y50 md-y50 lg-y50 res-text\">\n                                <div class=\"text-box-content text dark\">\n              \n              <div class=\"text-inner text-center\">\n                  \n<h3 class=\"uppercase\"><strong>TH\u00d4NG TIN TUY\u1ec2N D\u1ee4NG<\/strong><\/h3>\n<p>Lorem ipsum dolor sit amet, consectetuer adipiscing elit, sed diam nonummy nibh euismod tincidunt ut laoreet dolore magna aliquam erat volutpat.<\/p>\n              <\/div>\n           <\/div>\n                            \n<style>\n#text-box-616380170 {\n  width: 60%;\n}\n#text-box-616380170 .text-box-content {\n  font-size: 100%;\n}\n<\/style>\n    <\/div>\n \n        <\/div>\n      <\/div>\n\n            \n<style>\n#banner-156110028 {\n  padding-top: 17%;\n}\n#banner-156110028 .bg.bg-loaded {\n  background-image: url(https:\/\/demo.bmconnect.vn\/gioithieucongty\/wp-content\/uploads\/2018\/11\/thi\u1ebft-k\u1ebf-website-chu\u1ea9n-seo.jpg);\n}\n#banner-156110028 .overlay {\n  background-color: rgba(0, 0, 0, 0.29);\n}\n<\/style>\n  <\/div>\n\n\n\t<div id=\"gap-1643200559\" class=\"gap-element clearfix\" style=\"display:block; height:auto;\">\n\t\t\n<style>\n#gap-1643200559 {\n  padding-top: 30px;\n}\n<\/style>\n\t<\/div>\n\t\n\n  \n    <div class=\"row large-columns-3 medium-columns-1 small-columns-1\">\n  \t\t<div class=\"col post-item\" >\n\t\t\t<div class=\"col-inner\">\n\t\t\t<a href=\"https:\/\/demo.bmconnect.vn\/gioithieucongty\/hinh-thuc-ke-toan-nhat-ky-chung-trong-doanh-nghiep\/\" class=\"plain\">\n\t\t\t\t<div class=\"box box-normal box-text-bottom box-blog-post has-hover\">\n            \t\t\t\t\t<div class=\"box-image\" >\n  \t\t\t\t\t\t<div class=\"image-overlay-add image-cover\" style=\"padding-top:65%;\">\n  \t\t\t\t\t\t\t<img width=\"300\" height=\"163\" src=\"https:\/\/demo.bmconnect.vn\/gioithieucongty\/wp-content\/uploads\/2018\/11\/ke-toan-xuat-nhap-khau-05-300x163.jpg\" class=\"attachment-medium size-medium wp-post-image\" alt=\"\" loading=\"lazy\" srcset=\"https:\/\/demo.bmconnect.vn\/gioithieucongty\/wp-content\/uploads\/2018\/11\/ke-toan-xuat-nhap-khau-05-300x163.jpg 300w, https:\/\/demo.bmconnect.vn\/gioithieucongty\/wp-content\/uploads\/2018\/11\/ke-toan-xuat-nhap-khau-05-768x418.jpg 768w, https:\/\/demo.bmconnect.vn\/gioithieucongty\/wp-content\/uploads\/2018\/11\/ke-toan-xuat-nhap-khau-05-1024x558.jpg 1024w, https:\/\/demo.bmconnect.vn\/gioithieucongty\/wp-content\/uploads\/2018\/11\/ke-toan-xuat-nhap-khau-05.jpg 1500w\" sizes=\"(max-width: 300px) 100vw, 300px\" \/>  \t\t\t\t\t\t\t<div class=\"overlay\" style=\"background-color: rgba(255, 255, 255, 0.44)\"><\/div>  \t\t\t\t\t\t\t  \t\t\t\t\t\t<\/div>\n  \t\t\t\t\t\t  \t\t\t\t\t<\/div>\n          \t\t\t\t\t<div class=\"box-text text-left\" >\n\t\t\t\t\t<div class=\"box-text-inner blog-post-inner\">\n\n\t\t\t\t\t\n\t\t\t\t\t\t\t\t\t\t<h5 class=\"post-title is-large \">Hi\u0300nh th\u01b0\u0301c k\u00ea\u0301 toa\u0301n nh\u1eadt k\u00fd chung trong doanh nghi\u1ec7p<\/h5>\n\t\t\t\t\t\t\t\t\t\t<div class=\"is-divider\"><\/div>\n\t\t\t\t\t\t\t\t\t\t<p class=\"from_the_blog_excerpt \">2.2 C\u00e1c s\u1ed5 k\u1ebf to\u00e1n chi ti\u1ebft \u2013 S\u00f4\u0309 chi ti\u00ea\u0301t ca\u0301c ta\u0300i khoa\u0309n li\u00ean quan theo h\u00ea\u0323 th\u00f4\u0301ng ta\u0300i khoa\u0309n t\u01b0\u01a1ng \u01b0\u0301ng va\u0300 theo ba\u0301o ca\u0301o ...\t\t\t\t\t<\/p>\n\t\t\t\t\t                    \n\t\t\t\t\t\n\t\t\t\t\t\n\t\t\t\t\t<\/div>\n\t\t\t\t\t<\/div>\n\t\t\t\t\t\t\t\t\t\t\t\t\t\t\t\t<div class=\"badge absolute top post-date badge-square\">\n\t\t\t\t\t\t\t<div class=\"badge-inner\">\n\t\t\t\t\t\t\t\t<span class=\"post-date-day\">08<\/span><br>\n\t\t\t\t\t\t\t\t<span class=\"post-date-month is-xsmall\">Th11<\/span>\n\t\t\t\t\t\t\t<\/div>\n\t\t\t\t\t\t<\/div>\n\t\t\t\t\t\t\t\t\t<\/div>\n\t\t\t\t<\/a>\n\t\t\t<\/div>\n\t\t<\/div>\n\t\t<div class=\"col post-item\" >\n\t\t\t<div class=\"col-inner\">\n\t\t\t<a href=\"https:\/\/demo.bmconnect.vn\/gioithieucongty\/vai-tro-cua-ke-toan-trong-phong-ke-toan\/\" class=\"plain\">\n\t\t\t\t<div class=\"box box-normal box-text-bottom box-blog-post has-hover\">\n            \t\t\t\t\t<div class=\"box-image\" >\n  \t\t\t\t\t\t<div class=\"image-overlay-add image-cover\" style=\"padding-top:65%;\">\n  \t\t\t\t\t\t\t<img width=\"300\" height=\"179\" src=\"https:\/\/demo.bmconnect.vn\/gioithieucongty\/wp-content\/uploads\/2018\/11\/vai-tro-cua-ke-toan-300x179.jpg\" class=\"attachment-medium size-medium wp-post-image\" alt=\"\" loading=\"lazy\" srcset=\"https:\/\/demo.bmconnect.vn\/gioithieucongty\/wp-content\/uploads\/2018\/11\/vai-tro-cua-ke-toan-300x179.jpg 300w, https:\/\/demo.bmconnect.vn\/gioithieucongty\/wp-content\/uploads\/2018\/11\/vai-tro-cua-ke-toan.jpg 520w\" sizes=\"(max-width: 300px) 100vw, 300px\" \/>  \t\t\t\t\t\t\t<div class=\"overlay\" style=\"background-color: rgba(255, 255, 255, 0.44)\"><\/div>  \t\t\t\t\t\t\t  \t\t\t\t\t\t<\/div>\n  \t\t\t\t\t\t  \t\t\t\t\t<\/div>\n          \t\t\t\t\t<div class=\"box-text text-left\" >\n\t\t\t\t\t<div class=\"box-text-inner blog-post-inner\">\n\n\t\t\t\t\t\n\t\t\t\t\t\t\t\t\t\t<h5 class=\"post-title is-large \">Vai tr\u00f2 c\u1ee7a k\u1ebf to\u00e1n trong ph\u00f2ng k\u1ebf to\u00e1n<\/h5>\n\t\t\t\t\t\t\t\t\t\t<div class=\"is-divider\"><\/div>\n\t\t\t\t\t\t\t\t\t\t<p class=\"from_the_blog_excerpt \">2. Vai tr\u00f2 c\u1ee7a k\u1ebf to\u00e1n \u2013\u00a0Vai tr\u00f2 c\u1ee7a k\u1ebf to\u00e1n\u00a0l\u00e0 m\u1ed9t b\u1ed9 ph\u1eadn c\u1ea5u th\u00e0nh n\u00ean h\u1ec7 th\u1ed1ng c\u00f4ng c\u1ee5 qu\u1ea3n l\u00fd n\u1ec1n kinh t\u1ebf qu\u1ed1c ...\t\t\t\t\t<\/p>\n\t\t\t\t\t                    \n\t\t\t\t\t\n\t\t\t\t\t\n\t\t\t\t\t<\/div>\n\t\t\t\t\t<\/div>\n\t\t\t\t\t\t\t\t\t\t\t\t\t\t\t\t<div class=\"badge absolute top post-date badge-square\">\n\t\t\t\t\t\t\t<div class=\"badge-inner\">\n\t\t\t\t\t\t\t\t<span class=\"post-date-day\">08<\/span><br>\n\t\t\t\t\t\t\t\t<span class=\"post-date-month is-xsmall\">Th11<\/span>\n\t\t\t\t\t\t\t<\/div>\n\t\t\t\t\t\t<\/div>\n\t\t\t\t\t\t\t\t\t<\/div>\n\t\t\t\t<\/a>\n\t\t\t<\/div>\n\t\t<\/div>\n\t\t<div class=\"col post-item\" >\n\t\t\t<div class=\"col-inner\">\n\t\t\t<a href=\"https:\/\/demo.bmconnect.vn\/gioithieucongty\/5-loi-nhan-nhu-danh-cho-sinh-vien-ke-toan-sap-tot-nghiep-2016\/\" class=\"plain\">\n\t\t\t\t<div class=\"box box-normal box-text-bottom box-blog-post has-hover\">\n            \t\t\t\t\t<div class=\"box-image\" >\n  \t\t\t\t\t\t<div class=\"image-overlay-add image-cover\" style=\"padding-top:65%;\">\n  \t\t\t\t\t\t\t<img width=\"300\" height=\"175\" src=\"https:\/\/demo.bmconnect.vn\/gioithieucongty\/wp-content\/uploads\/2018\/11\/vi-tri-cong-viec-768x449-300x175.jpg\" class=\"attachment-medium size-medium wp-post-image\" alt=\"\" loading=\"lazy\" srcset=\"https:\/\/demo.bmconnect.vn\/gioithieucongty\/wp-content\/uploads\/2018\/11\/vi-tri-cong-viec-768x449-300x175.jpg 300w, https:\/\/demo.bmconnect.vn\/gioithieucongty\/wp-content\/uploads\/2018\/11\/vi-tri-cong-viec-768x449.jpg 768w\" sizes=\"(max-width: 300px) 100vw, 300px\" \/>  \t\t\t\t\t\t\t<div class=\"overlay\" style=\"background-color: rgba(255, 255, 255, 0.44)\"><\/div>  \t\t\t\t\t\t\t  \t\t\t\t\t\t<\/div>\n  \t\t\t\t\t\t  \t\t\t\t\t<\/div>\n          \t\t\t\t\t<div class=\"box-text text-left\" >\n\t\t\t\t\t<div class=\"box-text-inner blog-post-inner\">\n\n\t\t\t\t\t\n\t\t\t\t\t\t\t\t\t\t<h5 class=\"post-title is-large \">5 \u201cl\u1eddi nh\u1eafn nh\u1ee7\u201d d\u00e0nh cho sinh vi\u00ean k\u1ebf to\u00e1n s\u1eafp t\u1ed1t nghi\u1ec7p 2016<\/h5>\n\t\t\t\t\t\t\t\t\t\t<div class=\"is-divider\"><\/div>\n\t\t\t\t\t\t\t\t\t\t<p class=\"from_the_blog_excerpt \">K\u1ebf to\u00e1n vi\u00ean\u00a0\u0111\u01b0\u1ee3c cho l\u00e0 m\u1ed9t trong nh\u1eefng ngh\u1ec1 mang t\u00ednh chuy\u00ean nghi\u1ec7p c\u0169ng nh\u01b0 \u201c\u1edf m\u1ed9t \u0111\u1eb3ng\u00a0c\u1ea5p kh\u00e1c\u201d\u00a0tr\u00ean th\u1ebf gi\u1edbi. Nh\u01b0ng m\u1ed9t th\u1ef1c t\u1ebf cho th\u1ea5y ...\t\t\t\t\t<\/p>\n\t\t\t\t\t                    \n\t\t\t\t\t\n\t\t\t\t\t\n\t\t\t\t\t<\/div>\n\t\t\t\t\t<\/div>\n\t\t\t\t\t\t\t\t\t\t\t\t\t\t\t\t<div class=\"badge absolute top post-date badge-square\">\n\t\t\t\t\t\t\t<div class=\"badge-inner\">\n\t\t\t\t\t\t\t\t<span class=\"post-date-day\">08<\/span><br>\n\t\t\t\t\t\t\t\t<span class=\"post-date-month is-xsmall\">Th11<\/span>\n\t\t\t\t\t\t\t<\/div>\n\t\t\t\t\t\t<\/div>\n\t\t\t\t\t\t\t\t\t<\/div>\n\t\t\t\t<\/a>\n\t\t\t<\/div>\n\t\t<\/div>\n\t\t<div class=\"col post-item\" >\n\t\t\t<div class=\"col-inner\">\n\t\t\t<a href=\"https:\/\/demo.bmconnect.vn\/gioithieucongty\/phuong-phap-ke-toan-chung-khoan-kinh-doanh\/\" class=\"plain\">\n\t\t\t\t<div class=\"box box-normal box-text-bottom box-blog-post has-hover\">\n            \t\t\t\t\t<div class=\"box-image\" >\n  \t\t\t\t\t\t<div class=\"image-overlay-add image-cover\" style=\"padding-top:65%;\">\n  \t\t\t\t\t\t\t<img width=\"300\" height=\"157\" src=\"https:\/\/demo.bmconnect.vn\/gioithieucongty\/wp-content\/uploads\/2018\/11\/chung-khoan-1-768x402-300x157.jpg\" class=\"attachment-medium size-medium wp-post-image\" alt=\"\" loading=\"lazy\" srcset=\"https:\/\/demo.bmconnect.vn\/gioithieucongty\/wp-content\/uploads\/2018\/11\/chung-khoan-1-768x402-300x157.jpg 300w, https:\/\/demo.bmconnect.vn\/gioithieucongty\/wp-content\/uploads\/2018\/11\/chung-khoan-1-768x402.jpg 768w\" sizes=\"(max-width: 300px) 100vw, 300px\" \/>  \t\t\t\t\t\t\t<div class=\"overlay\" style=\"background-color: rgba(255, 255, 255, 0.44)\"><\/div>  \t\t\t\t\t\t\t  \t\t\t\t\t\t<\/div>\n  \t\t\t\t\t\t  \t\t\t\t\t<\/div>\n          \t\t\t\t\t<div class=\"box-text text-left\" >\n\t\t\t\t\t<div class=\"box-text-inner blog-post-inner\">\n\n\t\t\t\t\t\n\t\t\t\t\t\t\t\t\t\t<h5 class=\"post-title is-large \">Ph\u01b0\u01a1ng ph\u00e1p k\u1ebf to\u00e1n ch\u1ee9ng kho\u00e1n kinh doanh<\/h5>\n\t\t\t\t\t\t\t\t\t\t<div class=\"is-divider\"><\/div>\n\t\t\t\t\t\t\t\t\t\t<p class=\"from_the_blog_excerpt \">\u00a0Tr\u01b0\u1eddng h\u1ee3p doanh nghi\u1ec7p nh\u01b0\u1ee3ng b\u00e1n ch\u1ee9ng kho\u00e1n kinh doanh d\u01b0\u1edbi h\u00ecnh th\u1ee9c ho\u00e1n \u0111\u1ed5i c\u1ed5 phi\u1ebfu, doanh nghi\u1ec7p ph\u1ea3i x\u00e1c \u0111\u1ecbnh gi\u00e1 tr\u1ecb h\u1ee3p l\u00fd c\u1ee7a ...\t\t\t\t\t<\/p>\n\t\t\t\t\t                    \n\t\t\t\t\t\n\t\t\t\t\t\n\t\t\t\t\t<\/div>\n\t\t\t\t\t<\/div>\n\t\t\t\t\t\t\t\t\t\t\t\t\t\t\t\t<div class=\"badge absolute top post-date badge-square\">\n\t\t\t\t\t\t\t<div class=\"badge-inner\">\n\t\t\t\t\t\t\t\t<span class=\"post-date-day\">08<\/span><br>\n\t\t\t\t\t\t\t\t<span class=\"post-date-month is-xsmall\">Th11<\/span>\n\t\t\t\t\t\t\t<\/div>\n\t\t\t\t\t\t<\/div>\n\t\t\t\t\t\t\t\t\t<\/div>\n\t\t\t\t<\/a>\n\t\t\t<\/div>\n\t\t<\/div>\n\t\t<div class=\"col post-item\" >\n\t\t\t<div class=\"col-inner\">\n\t\t\t<a href=\"https:\/\/demo.bmconnect.vn\/gioithieucongty\/lam-ke-toan-thue-trong-doanh-nghiep-can-biet-nhung-gi\/\" class=\"plain\">\n\t\t\t\t<div class=\"box box-normal box-text-bottom box-blog-post has-hover\">\n            \t\t\t\t\t<div class=\"box-image\" >\n  \t\t\t\t\t\t<div class=\"image-overlay-add image-cover\" style=\"padding-top:65%;\">\n  \t\t\t\t\t\t\t<img width=\"300\" height=\"180\" src=\"https:\/\/demo.bmconnect.vn\/gioithieucongty\/wp-content\/uploads\/2018\/11\/lam-ke-toan-thue-can-biet-nhung-gi-300x180.jpg\" class=\"attachment-medium size-medium wp-post-image\" alt=\"\" loading=\"lazy\" srcset=\"https:\/\/demo.bmconnect.vn\/gioithieucongty\/wp-content\/uploads\/2018\/11\/lam-ke-toan-thue-can-biet-nhung-gi-300x180.jpg 300w, https:\/\/demo.bmconnect.vn\/gioithieucongty\/wp-content\/uploads\/2018\/11\/lam-ke-toan-thue-can-biet-nhung-gi.jpg 500w\" sizes=\"(max-width: 300px) 100vw, 300px\" \/>  \t\t\t\t\t\t\t<div class=\"overlay\" style=\"background-color: rgba(255, 255, 255, 0.44)\"><\/div>  \t\t\t\t\t\t\t  \t\t\t\t\t\t<\/div>\n  \t\t\t\t\t\t  \t\t\t\t\t<\/div>\n          \t\t\t\t\t<div class=\"box-text text-left\" >\n\t\t\t\t\t<div class=\"box-text-inner blog-post-inner\">\n\n\t\t\t\t\t\n\t\t\t\t\t\t\t\t\t\t<h5 class=\"post-title is-large \">L\u00e0m k\u1ebf to\u00e1n thu\u1ebf trong doanh nghi\u1ec7p c\u1ea7n bi\u1ebft nh\u1eefng g\u00ec?<\/h5>\n\t\t\t\t\t\t\t\t\t\t<div class=\"is-divider\"><\/div>\n\t\t\t\t\t\t\t\t\t\t<p class=\"from_the_blog_excerpt \">K\u1ebf to\u00e1n l\u00e0 vi\u1ec7c thu th\u1eadp, x\u1eed l\u00fd v\u00e0 cung c\u1ea5p th\u00f4ng tin li\u00ean quan \u0111\u1ebfn qu\u00e1 tr\u00ecnh ho\u1ea1t \u0111\u1ed9ng, t\u00ecnh h\u00ecnh t\u00e0i ch\u00ednh c\u1ee7a doanh nghi\u1ec7p ...\t\t\t\t\t<\/p>\n\t\t\t\t\t                    \n\t\t\t\t\t\n\t\t\t\t\t\n\t\t\t\t\t<\/div>\n\t\t\t\t\t<\/div>\n\t\t\t\t\t\t\t\t\t\t\t\t\t\t\t\t<div class=\"badge absolute top post-date badge-square\">\n\t\t\t\t\t\t\t<div class=\"badge-inner\">\n\t\t\t\t\t\t\t\t<span class=\"post-date-day\">08<\/span><br>\n\t\t\t\t\t\t\t\t<span class=\"post-date-month is-xsmall\">Th11<\/span>\n\t\t\t\t\t\t\t<\/div>\n\t\t\t\t\t\t<\/div>\n\t\t\t\t\t\t\t\t\t<\/div>\n\t\t\t\t<\/a>\n\t\t\t<\/div>\n\t\t<\/div>\n\t\t<div class=\"col post-item\" >\n\t\t\t<div class=\"col-inner\">\n\t\t\t<a href=\"https:\/\/demo.bmconnect.vn\/gioithieucongty\/chao-moi-nguoi\/\" class=\"plain\">\n\t\t\t\t<div class=\"box box-normal box-text-bottom box-blog-post has-hover\">\n            \t\t\t\t\t<div class=\"box-image\" >\n  \t\t\t\t\t\t<div class=\"image-overlay-add image-cover\" style=\"padding-top:65%;\">\n  \t\t\t\t\t\t\t<img width=\"300\" height=\"163\" src=\"https:\/\/demo.bmconnect.vn\/gioithieucongty\/wp-content\/uploads\/2018\/11\/ke-toan-thue-300x163.png\" class=\"attachment-medium size-medium wp-post-image\" alt=\"\" loading=\"lazy\" srcset=\"https:\/\/demo.bmconnect.vn\/gioithieucongty\/wp-content\/uploads\/2018\/11\/ke-toan-thue-300x163.png 300w, https:\/\/demo.bmconnect.vn\/gioithieucongty\/wp-content\/uploads\/2018\/11\/ke-toan-thue.png 440w\" sizes=\"(max-width: 300px) 100vw, 300px\" \/>  \t\t\t\t\t\t\t<div class=\"overlay\" style=\"background-color: rgba(255, 255, 255, 0.44)\"><\/div>  \t\t\t\t\t\t\t  \t\t\t\t\t\t<\/div>\n  \t\t\t\t\t\t  \t\t\t\t\t<\/div>\n          \t\t\t\t\t<div class=\"box-text text-left\" >\n\t\t\t\t\t<div class=\"box-text-inner blog-post-inner\">\n\n\t\t\t\t\t\n\t\t\t\t\t\t\t\t\t\t<h5 class=\"post-title is-large \">K\u1ebf to\u00e1n thu\u1ebf trong doanh nghi\u1ec7p l\u00e0 g\u00ec?<\/h5>\n\t\t\t\t\t\t\t\t\t\t<div class=\"is-divider\"><\/div>\n\t\t\t\t\t\t\t\t\t\t<p class=\"from_the_blog_excerpt \">Ch\u00fac m\u1eebng \u0111\u1ebfn v\u1edbi WordPress. \u0110\u00e2y l\u00e0 b\u00e0i vi\u1ebft \u0111\u1ea7u ti\u00ean c\u1ee7a b\u1ea1n. H\u00e3y ch\u1ec9nh s\u1eeda hay x\u00f3a b\u00e0i vi\u1ebft n\u00e0y, v\u00e0 b\u1eaft \u0111\u1ea7u vi\u1ebft blog! ...\t\t\t\t\t<\/p>\n\t\t\t\t\t                                            <p class=\"from_the_blog_comments uppercase is-xsmall\">\n                            1 Comment                        <\/p>\n                    \n\t\t\t\t\t\n\t\t\t\t\t\n\t\t\t\t\t<\/div>\n\t\t\t\t\t<\/div>\n\t\t\t\t\t\t\t\t\t\t\t\t\t\t\t\t<div class=\"badge absolute top post-date badge-square\">\n\t\t\t\t\t\t\t<div class=\"badge-inner\">\n\t\t\t\t\t\t\t\t<span class=\"post-date-day\">08<\/span><br>\n\t\t\t\t\t\t\t\t<span class=\"post-date-month is-xsmall\">Th11<\/span>\n\t\t\t\t\t\t\t<\/div>\n\t\t\t\t\t\t<\/div>\n\t\t\t\t\t\t\t\t\t<\/div>\n\t\t\t\t<\/a>\n\t\t\t<\/div>\n\t\t<\/div>\n<\/div>\n\t\t<\/div>\n\t\t\t\t\t<\/div>\n\n\t\n<\/div>\n\t\t<\/div>\n\n\t\t\n<style>\n#section_927984482 {\n  padding-top: 0px;\n  padding-bottom: 0px;\n}\n<\/style>\n\t<\/section>\n\t\n","protected":false},"excerpt":{"rendered":"","protected":false},"author":1,"featured_media":0,"parent":0,"menu_order":0,"comment_status":"closed","ping_status":"closed","template":"page-blank.php","meta":[],"_links":{"self":[{"href":"https:\/\/demo.bmconnect.vn\/gioithieucongty\/wp-json\/wp\/v2\/pages\/445"}],"collection":[{"href":"https:\/\/demo.bmconnect.vn\/gioithieucongty\/wp-json\/wp\/v2\/pages"}],"about":[{"href":"https:\/\/demo.bmconnect.vn\/gioithieucongty\/wp-json\/wp\/v2\/types\/page"}],"author":[{"embeddable":true,"href":"https:\/\/demo.bmconnect.vn\/gioithieucongty\/wp-json\/wp\/v2\/users\/1"}],"replies":[{"embeddable":true,"href":"https:\/\/demo.bmconnect.vn\/gioithieucongty\/wp-json\/wp\/v2\/comments?post=445"}],"version-history":[{"count":0,"href":"https:\/\/demo.bmconnect.vn\/gioithieucongty\/wp-json\/wp\/v2\/pages\/445\/revisions"}],"wp:attachment":[{"href":"https:\/\/demo.bmconnect.vn\/gioithieucongty\/wp-json\/wp\/v2\/media?parent=445"}],"curies":[{"name":"wp","href":"https:\/\/api.w.org\/{rel}","templated":true}]}}