{"id":407,"date":"2018-11-09T00:18:45","date_gmt":"2018-11-08T17:18:45","guid":{"rendered":"http:\/\/demo.bmconnect.vn\/giacongcokhi\/?page_id=407"},"modified":"2018-11-09T00:25:41","modified_gmt":"2018-11-08T17:25:41","slug":"dich-vu","status":"publish","type":"page","link":"https:\/\/demo.bmconnect.vn\/gioithieucongty\/dich-vu\/","title":{"rendered":"D\u1ecbch v\u1ee5"},"content":{"rendered":"\t<div class=\"img has-hover x md-x lg-x y md-y lg-y\" id=\"image_1111368451\">\n\t\t\t\t\t\t\t\t<div class=\"img-inner image-cover dark\" style=\"padding-top:16%;\">\n\t\t\t<img width=\"1920\" height=\"480\" src=\"https:\/\/demo.bmconnect.vn\/gioithieucongty\/wp-content\/uploads\/2018\/11\/SLIDER1.jpg\" class=\"attachment-original size-original\" alt=\"\" loading=\"lazy\" srcset=\"https:\/\/demo.bmconnect.vn\/gioithieucongty\/wp-content\/uploads\/2018\/11\/SLIDER1.jpg 1920w, https:\/\/demo.bmconnect.vn\/gioithieucongty\/wp-content\/uploads\/2018\/11\/SLIDER1-300x75.jpg 300w, https:\/\/demo.bmconnect.vn\/gioithieucongty\/wp-content\/uploads\/2018\/11\/SLIDER1-768x192.jpg 768w, https:\/\/demo.bmconnect.vn\/gioithieucongty\/wp-content\/uploads\/2018\/11\/SLIDER1-1024x256.jpg 1024w\" sizes=\"(max-width: 1920px) 100vw, 1920px\" \/>\t\t\t\t\t\t\n\t\t\t\t\t<\/div>\n\t\t\t\t\t\t\t\t\n<style>\n#image_1111368451 {\n  width: 100%;\n}\n<\/style>\n\t<\/div>\n\t\n\t<section class=\"section\" id=\"section_1059452500\">\n\t\t<div class=\"bg section-bg fill bg-fill  bg-loaded\" >\n\n\t\t\t\n\t\t\t\n\t\t\t\n\n\t\t<\/div>\n\n\t\t<div class=\"section-content relative\">\n\t\t\t\n<div class=\"row\"  id=\"row-254064463\">\n\n\t<div id=\"col-2111311592\" class=\"col medium-4 small-12 large-4\"  >\n\t\t\t\t<div class=\"col-inner\"  >\n\t\t\t\n\t\t\t\n\n\t<a class=\"plain\" href=\"#\" target=\"_blank\" rel=\"noopener noreferrer\" >\t<div class=\"icon-box featured-box icon-box-top text-left\"  >\n\t\t\t\t\t<div class=\"icon-box-img\" style=\"width: 90px\">\n\t\t\t\t<div class=\"icon\">\n\t\t\t\t\t<div class=\"icon-inner\" >\n\t\t\t\t\t\t<img width=\"176\" height=\"171\" src=\"https:\/\/demo.bmconnect.vn\/gioithieucongty\/wp-content\/uploads\/2018\/11\/icon.png\" class=\"attachment-medium size-medium\" alt=\"\" loading=\"lazy\" \/>\t\t\t\t\t<\/div>\n\t\t\t\t<\/div>\n\t\t\t<\/div>\n\t\t\t\t<div class=\"icon-box-text last-reset\">\n\t\t\t\t\t\t\t\t\t\n<h3>D\u1ecbch v\u1ee5 k\u1ebf to\u00e1n t\u1ed5ng h\u1ee3p<\/h3>\n<p>K\u1ebf to\u00e1n t\u1ed5ng h\u1ee3p cho doanh nghi\u1ec7p \u0111\u1ea3m b\u1ea3o b\u1ea3o m\u1eadt, ch\u00ednh x\u00e1c<\/p>\n\t\t<\/div>\n\t<\/div>\n\t<\/a>\n\t\n\t\t<\/div>\n\t\t\t\t\t<\/div>\n\n\t\n\n\t<div id=\"col-775804648\" class=\"col medium-4 small-12 large-4\"  >\n\t\t\t\t<div class=\"col-inner\"  >\n\t\t\t\n\t\t\t\n\n\t<a class=\"plain\" href=\"#\" target=\"_blank\" rel=\"noopener noreferrer\" >\t<div class=\"icon-box featured-box icon-box-top text-left\"  >\n\t\t\t\t\t<div class=\"icon-box-img\" style=\"width: 90px\">\n\t\t\t\t<div class=\"icon\">\n\t\t\t\t\t<div class=\"icon-inner\" >\n\t\t\t\t\t\t<img width=\"176\" height=\"171\" src=\"https:\/\/demo.bmconnect.vn\/gioithieucongty\/wp-content\/uploads\/2018\/11\/icon-quyet-toan-thue.png\" class=\"attachment-medium size-medium\" alt=\"\" loading=\"lazy\" \/>\t\t\t\t\t<\/div>\n\t\t\t\t<\/div>\n\t\t\t<\/div>\n\t\t\t\t<div class=\"icon-box-text last-reset\">\n\t\t\t\t\t\t\t\t\t\n<h3>D\u1ecbch v\u1ee5 quy\u1ebft to\u00e1n thu\u1ebf<\/h3>\n<p>L\u00e0m s\u1ea1ch s\u1ed5 s\u00e1ch, quy\u1ebft to\u00e1n thu\u1ebf nhanh g\u1ecdn nh\u1eb9 cu\u1ed1i n\u0103m<\/p>\n\t\t<\/div>\n\t<\/div>\n\t<\/a>\n\t\n\t\t<\/div>\n\t\t\t\t\t<\/div>\n\n\t\n\n\t<div id=\"col-1742516072\" class=\"col medium-4 small-12 large-4\"  >\n\t\t\t\t<div class=\"col-inner\"  >\n\t\t\t\n\t\t\t\n\n\t<a class=\"plain\" href=\"#\" target=\"_blank\" rel=\"noopener noreferrer\" >\t<div class=\"icon-box featured-box icon-box-top text-left\"  >\n\t\t\t\t\t<div class=\"icon-box-img\" style=\"width: 90px\">\n\t\t\t\t<div class=\"icon\">\n\t\t\t\t\t<div class=\"icon-inner\" >\n\t\t\t\t\t\t<img width=\"176\" height=\"171\" src=\"https:\/\/demo.bmconnect.vn\/gioithieucongty\/wp-content\/uploads\/2018\/11\/icon-bao-cao-tai-chinh.png\" class=\"attachment-medium size-medium\" alt=\"\" loading=\"lazy\" \/>\t\t\t\t\t<\/div>\n\t\t\t\t<\/div>\n\t\t\t<\/div>\n\t\t\t\t<div class=\"icon-box-text last-reset\">\n\t\t\t\t\t\t\t\t\t\n<h3>D\u1ecbch v\u1ee5 b\u00e1o c\u00e1o t\u00e0i ch\u00ednh<\/h3>\n<p>D\u1ecbch v\u1ee5 b\u00e1o c\u00e1o t\u00e0i ch\u00ednh cho c\u00f4ng ty ch\u00ednh x\u00e1c v\u00e0 chuy\u00ean nghi\u1ec7p nh\u1ea5t<\/p>\n\t\t<\/div>\n\t<\/div>\n\t<\/a>\n\t\n\t\t<\/div>\n\t\t\t\t\t<\/div>\n\n\t\n<\/div>\n<div class=\"row\"  id=\"row-1342434231\">\n\n\t<div id=\"col-968417793\" class=\"col medium-4 small-12 large-4\"  >\n\t\t\t\t<div class=\"col-inner\"  >\n\t\t\t\n\t\t\t\n\n\t<a class=\"plain\" href=\"#\" target=\"_blank\" rel=\"noopener noreferrer\" >\t<div class=\"icon-box featured-box icon-box-top text-left\"  >\n\t\t\t\t\t<div class=\"icon-box-img\" style=\"width: 90px\">\n\t\t\t\t<div class=\"icon\">\n\t\t\t\t\t<div class=\"icon-inner\" >\n\t\t\t\t\t\t<img width=\"176\" height=\"171\" src=\"https:\/\/demo.bmconnect.vn\/gioithieucongty\/wp-content\/uploads\/2018\/11\/bao-cao-thue-hang-thang.png\" class=\"attachment-medium size-medium\" alt=\"\" loading=\"lazy\" \/>\t\t\t\t\t<\/div>\n\t\t\t\t<\/div>\n\t\t\t<\/div>\n\t\t\t\t<div class=\"icon-box-text last-reset\">\n\t\t\t\t\t\t\t\t\t\n<h3>B\u00e1o c\u00e1o thu\u1ebf h\u00e0ng th\u00e1ng<\/h3>\n<p>D\u1ecbch v\u1ee5 b\u00e1o c\u00e1o thu\u1ebf h\u00e0ng th\u00e1ng c\u1eb7n c\u1ebd v\u00e0 b\u1ea3o m\u1eadt nh\u1ea5t! Gi\u1ea3i quy\u1ebft n\u1ed7i lo<\/p>\n\t\t<\/div>\n\t<\/div>\n\t<\/a>\n\t\n\t\t<\/div>\n\t\t\t\t\t<\/div>\n\n\t\n\n\t<div id=\"col-1019904073\" class=\"col medium-4 small-12 large-4\"  >\n\t\t\t\t<div class=\"col-inner\"  >\n\t\t\t\n\t\t\t\n\n\t<a class=\"plain\" href=\"#\" target=\"_blank\" rel=\"noopener noreferrer\" >\t<div class=\"icon-box featured-box icon-box-top text-left\"  >\n\t\t\t\t\t<div class=\"icon-box-img\" style=\"width: 90px\">\n\t\t\t\t<div class=\"icon\">\n\t\t\t\t\t<div class=\"icon-inner\" >\n\t\t\t\t\t\t<img width=\"176\" height=\"171\" src=\"https:\/\/demo.bmconnect.vn\/gioithieucongty\/wp-content\/uploads\/2018\/11\/icon-d\u1ea1y-k\u1ebf-to\u00e1n.png\" class=\"attachment-medium size-medium\" alt=\"\" loading=\"lazy\" \/>\t\t\t\t\t<\/div>\n\t\t\t\t<\/div>\n\t\t\t<\/div>\n\t\t\t\t<div class=\"icon-box-text last-reset\">\n\t\t\t\t\t\t\t\t\t\n<h3>D\u1ecbch v\u1ee5 \u0111\u00e0o t\u1ea1o k\u1ebf to\u00e1n<\/h3>\n<p>Nh\u1eadn \u0111\u00e0o t\u1ea1o k\u1ebf to\u00e1n chuy\u00ean nghi\u1ec7p cho c\u00e1c doanh nghi\u1ec7p<\/p>\n\t\t<\/div>\n\t<\/div>\n\t<\/a>\n\t\n\t\t<\/div>\n\t\t\t\t\t<\/div>\n\n\t\n\n\t<div id=\"col-2104907180\" class=\"col medium-4 small-12 large-4\"  >\n\t\t\t\t<div class=\"col-inner\"  >\n\t\t\t\n\t\t\t\n\n\t<a class=\"plain\" href=\"#\" target=\"_blank\" rel=\"noopener noreferrer\" >\t<div class=\"icon-box featured-box icon-box-top text-left\"  >\n\t\t\t\t\t<div class=\"icon-box-img\" style=\"width: 90px\">\n\t\t\t\t<div class=\"icon\">\n\t\t\t\t\t<div class=\"icon-inner\" >\n\t\t\t\t\t\t<img width=\"176\" height=\"171\" src=\"https:\/\/demo.bmconnect.vn\/gioithieucongty\/wp-content\/uploads\/2018\/11\/icon-tu-van.png\" class=\"attachment-medium size-medium\" alt=\"\" loading=\"lazy\" \/>\t\t\t\t\t<\/div>\n\t\t\t\t<\/div>\n\t\t\t<\/div>\n\t\t\t\t<div class=\"icon-box-text last-reset\">\n\t\t\t\t\t\t\t\t\t\n<h3>D\u1ecbch v\u1ee5 t\u01b0 v\u1ea5n t\u00e0i ch\u00ednh<\/h3>\n<p>T\u01b0 v\u1ea5n t\u00e0i ch\u00ednh hi\u1ec7u qu\u1ea3 cho c\u00e1c doanh nghi\u1ec7p v\u1ec1 thu\u1ebf, h\u00f3a \u0111\u01a1n\u2026<\/p>\n\t\t<\/div>\n\t<\/div>\n\t<\/a>\n\t\n\t\t<\/div>\n\t\t\t\t\t<\/div>\n\n\t\n<\/div>\n\t<div id=\"gap-1545348219\" class=\"gap-element clearfix\" style=\"display:block; height:auto;\">\n\t\t\n<style>\n#gap-1545348219 {\n  padding-top: 30px;\n}\n<\/style>\n\t<\/div>\n\t\n<div class=\"row\"  id=\"row-2037204567\">\n\n\t<div id=\"col-1951320574\" class=\"col medium-6 small-12 large-6\"  >\n\t\t\t\t<div class=\"col-inner\"  >\n\t\t\t\n\t\t\t\n<h3><span style=\"color: #cf0000;\">Chia s\u1ebb nhu c\u1ea7u c\u1ee7a b\u1ea1n<\/span><\/h3>\n<p>H\u00e3y li\u00ean h\u1ec7 v\u1edbi ch\u00fang t\u00f4i, m\u1ecdi mong mu\u1ed1n c\u1ee7a b\u1ea1n \u0111\u1ec1u \u0111\u01b0\u1ee3c l\u1eafng nghe.<\/p>\n<div class=\"row row-small\"  id=\"row-1959175863\">\n\n\t<div id=\"col-1316977276\" class=\"col medium-5 small-12 large-5\"  >\n\t\t\t\t<div class=\"col-inner\"  >\n\t\t\t\n\t\t\t\n<a class=\"button primary lowercase expand\"  >\n    <span>01234.567.890<\/span>\n  <\/a>\n\n\t\t<\/div>\n\t\t\t\t\t<\/div>\n\n\t\n\n\t<div id=\"col-1042212077\" class=\"col medium-5 small-12 large-5\"  >\n\t\t\t\t<div class=\"col-inner\"  >\n\t\t\t\n\t\t\t\n<a class=\"button success expand\"  >\n    <span>Hotline t\u01b0 v\u1ea5n<\/span>\n  <\/a>\n\n\t\t<\/div>\n\t\t\t\t\t<\/div>\n\n\t\n<\/div>\n\t\t<\/div>\n\t\t\t\t\t<\/div>\n\n\t\n<\/div>\n\t\t<\/div>\n\n\t\t\n<style>\n#section_1059452500 {\n  padding-top: 30px;\n  padding-bottom: 30px;\n}\n<\/style>\n\t<\/section>\n\t\n","protected":false},"excerpt":{"rendered":"","protected":false},"author":1,"featured_media":0,"parent":0,"menu_order":0,"comment_status":"closed","ping_status":"closed","template":"page-blank.php","meta":[],"_links":{"self":[{"href":"https:\/\/demo.bmconnect.vn\/gioithieucongty\/wp-json\/wp\/v2\/pages\/407"}],"collection":[{"href":"https:\/\/demo.bmconnect.vn\/gioithieucongty\/wp-json\/wp\/v2\/pages"}],"about":[{"href":"https:\/\/demo.bmconnect.vn\/gioithieucongty\/wp-json\/wp\/v2\/types\/page"}],"author":[{"embeddable":true,"href":"https:\/\/demo.bmconnect.vn\/gioithieucongty\/wp-json\/wp\/v2\/users\/1"}],"replies":[{"embeddable":true,"href":"https:\/\/demo.bmconnect.vn\/gioithieucongty\/wp-json\/wp\/v2\/comments?post=407"}],"version-history":[{"count":0,"href":"https:\/\/demo.bmconnect.vn\/gioithieucongty\/wp-json\/wp\/v2\/pages\/407\/revisions"}],"wp:attachment":[{"href":"https:\/\/demo.bmconnect.vn\/gioithieucongty\/wp-json\/wp\/v2\/media?parent=407"}],"curies":[{"name":"wp","href":"https:\/\/api.w.org\/{rel}","templated":true}]}}