{"id":394,"date":"2018-11-09T00:15:18","date_gmt":"2018-11-08T17:15:18","guid":{"rendered":"http:\/\/demo.bmconnect.vn\/giacongcokhi\/?page_id=394"},"modified":"2018-11-09T00:18:17","modified_gmt":"2018-11-08T17:18:17","slug":"lien-he","status":"publish","type":"page","link":"https:\/\/demo.bmconnect.vn\/gioithieucongty\/lien-he\/","title":{"rendered":"Li\u00ean h\u1ec7"},"content":{"rendered":"\t<section class=\"section\" id=\"section_1604069670\">\n\t\t<div class=\"bg section-bg fill bg-fill  bg-loaded\" >\n\n\t\t\t\n\t\t\t\n\t\t\t\n\n\t\t<\/div>\n\n\t\t<div class=\"section-content relative\">\n\t\t\t\n<div class=\"row\"  id=\"row-2113475974\">\n\n\t<div id=\"col-2014390928\" class=\"col small-12 large-12\"  >\n\t\t\t\t<div class=\"col-inner\"  >\n\t\t\t\n\t\t\t\n<p><iframe loading=\"lazy\" src=\"https:\/\/www.google.com\/maps\/embed?pb=!1m18!1m12!1m3!1d3725.2130170374944!2d105.79226011521641!3d20.984096594676814!2m3!1f0!2f0!3f0!3m2!1i1024!2i768!4f13.1!3m3!1m2!1s0x3135acc6066cb537%3A0x4fc1c256d7cdb4d!2zR2l1c2VBcnQgLSBUaGnhur90IGvhur8gxJHhu5MgaOG7jWEgdsOgIHdlYnNpdGUgY2h1ecOqbiBuZ2hp4buHcA!5e0!3m2!1svi!2s!4v1541697329743\" width=\"100%\" height=\"250\" frameborder=\"0\" style=\"border:0\" allowfullscreen><\/iframe><\/p>\n\t\t<\/div>\n\t\t\t\t\t<\/div>\n\n\t\n\n\t<div id=\"col-331729950\" class=\"col medium-6 small-12 large-6\"  >\n\t\t\t\t<div class=\"col-inner\"  >\n\t\t\t\n\t\t\t\n<div class=\"col-inner\">\n<h2>Li\u00ean h\u1ec7 v\u1edbi ch\u00fang t\u00f4i<\/h2>\n<p>GiuseArt Funiture cung c\u1ea5p c\u00e1c s\u1ea3n ph\u1ea9m n\u1ed9i th\u1ea5t phong ph\u00fa v\u00e0 c\u00e1c d\u1ecbch v\u1ee5 s\u1eeda ch\u1eefa, x\u00e2y d\u1ef1ng c\u00f4ng tr\u00ecnh b\u1ea3o \u0111\u1ea3m an to\u00e0n, \u0111\u00fang ti\u1ebfn \u0111\u1ed9 v\u00e0 k\u1ef9 thu\u1eadt y\u00eau c\u1ea7u.<\/p>\n<p>GiuseArt Funiture cung c\u1ea5p c\u00e1c s\u1ea3n ph\u1ea9m n\u1ed9i th\u1ea5t phong ph\u00fa v\u00e0 c\u00e1c d\u1ecbch v\u1ee5 s\u1eeda ch\u1eefa, x\u00e2y d\u1ef1ng c\u00f4ng tr\u00ecnh b\u1ea3o \u0111\u1ea3m an to\u00e0n, \u0111\u00fang ti\u1ebfn \u0111\u1ed9 v\u00e0 k\u1ef9 thu\u1eadt y\u00eau c\u1ea7u.<\/p>\n<h2>Th\u00f4ng tin li\u00ean h\u1ec7<\/h2>\n<p>Lorem ipsum dolor sit amet, consectetuer adipiscing elit, sed diam nonummy nibh euismod tincidunt ut laoreet dolore magna aliquam erat volutpat.<\/p>\n<p>\u2013<strong> \u0110\u1ecba ch\u1ec9:<\/strong> S\u1ed1 29 ng\u00f5 18 L\u01b0\u01a1ng Ng\u1ecdc Quy\u1ebfn, H\u00e0 \u0110\u00f4ng, H\u00e0 N\u1ed9i<br \/>\u2013 <strong>S\u0110T:<\/strong> 0972.939.830<br \/>\u2013 <strong>Email:<\/strong> giuselethien@gmail.com<br \/>\u2013 <strong>Website:<\/strong> www.ninhbinhweb.com<\/p>\n<\/div>\n\t\t<\/div>\n\t\t\t\t\t<\/div>\n\n\t\n\n\t<div id=\"col-224555755\" class=\"col medium-6 small-12 large-6\"  >\n\t\t\t\t<div class=\"col-inner\"  >\n\t\t\t\n\t\t\t\n<div role=\"form\" class=\"wpcf7\" id=\"wpcf7-f340-o1\" lang=\"vi\" dir=\"ltr\">\n<div class=\"screen-reader-response\"><p role=\"status\" aria-live=\"polite\" aria-atomic=\"true\"><\/p> <ul><\/ul><\/div>\n<form action=\"\/gioithieucongty\/wp-json\/wp\/v2\/pages\/394#wpcf7-f340-o1\" method=\"post\" class=\"wpcf7-form init\" novalidate=\"novalidate\" data-status=\"init\">\n<div style=\"display: none;\">\n<input type=\"hidden\" name=\"_wpcf7\" value=\"340\" \/>\n<input type=\"hidden\" name=\"_wpcf7_version\" value=\"5.4.2\" \/>\n<input type=\"hidden\" name=\"_wpcf7_locale\" value=\"vi\" \/>\n<input type=\"hidden\" name=\"_wpcf7_unit_tag\" value=\"wpcf7-f340-o1\" \/>\n<input type=\"hidden\" name=\"_wpcf7_container_post\" value=\"0\" \/>\n<input type=\"hidden\" name=\"_wpcf7_posted_data_hash\" value=\"\" \/>\n<\/div>\n<div class=\"ho-tro-giai-dap\">\n<h3>H\u1ed7 tr\u1ee3 gi\u1ea3i \u0111\u00e1p<\/h3>\n<p><span class=\"wpcf7-form-control-wrap text-151\"><input type=\"text\" name=\"text-151\" value=\"\" size=\"40\" class=\"wpcf7-form-control wpcf7-text wpcf7-validates-as-required\" aria-required=\"true\" aria-invalid=\"false\" placeholder=\"H\u1ecd v\u00e0 t\u00ean...\" \/><\/span><br \/>\n<span class=\"wpcf7-form-control-wrap tel-143\"><input type=\"tel\" name=\"tel-143\" value=\"\" size=\"40\" class=\"wpcf7-form-control wpcf7-text wpcf7-tel wpcf7-validates-as-required wpcf7-validates-as-tel\" aria-required=\"true\" aria-invalid=\"false\" placeholder=\"S\u1ed1 \u0111i\u1ec7n tho\u1ea1i...\" \/><\/span><br \/>\n<span class=\"wpcf7-form-control-wrap textarea-372\"><textarea name=\"textarea-372\" cols=\"40\" rows=\"10\" class=\"wpcf7-form-control wpcf7-textarea\" aria-invalid=\"false\" placeholder=\"N\u1ed9i dung c\u1ea7n h\u1ed7 tr\u1ee3...\"><\/textarea><\/span><br \/>\n<input type=\"submit\" value=\"Ho\u00e0n th\u00e0nh\" class=\"wpcf7-form-control wpcf7-submit\" \/>\n<\/p><\/div>\n<div class=\"wpcf7-response-output\" aria-hidden=\"true\"><\/div><\/form><\/div>\n<div class=\"social-icons follow-icons\" ><a href=\"#\" target=\"_blank\" data-label=\"Facebook\" rel=\"noopener noreferrer nofollow\" class=\"icon primary button circle facebook tooltip\" title=\"Follow on Facebook\" aria-label=\"Follow on Facebook\"><i class=\"icon-facebook\" ><\/i><\/a><a href=\"#\" target=\"_blank\" rel=\"noopener noreferrer nofollow\" data-label=\"Instagram\" class=\"icon primary button circle  instagram tooltip\" title=\"Follow on Instagram\" aria-label=\"Follow on Instagram\"><i class=\"icon-instagram\" ><\/i><\/a><a href=\"mailto:#\" data-label=\"E-mail\" rel=\"nofollow\" class=\"icon primary button circle  email tooltip\" title=\"Send us an email\" aria-label=\"Send us an email\"><i class=\"icon-envelop\" ><\/i><\/a><a href=\"tel:#\" target=\"_blank\" data-label=\"Phone\" rel=\"noopener noreferrer nofollow\" class=\"icon primary button circle  phone tooltip\" title=\"Call us\" aria-label=\"Call us\"><i class=\"icon-phone\" ><\/i><\/a><\/div>\n\t\t<\/div>\n\t\t\t\t\t<\/div>\n\n\t\n<\/div>\n\t\t<\/div>\n\n\t\t\n<style>\n#section_1604069670 {\n  padding-top: 30px;\n  padding-bottom: 30px;\n}\n<\/style>\n\t<\/section>\n\t\n","protected":false},"excerpt":{"rendered":"","protected":false},"author":1,"featured_media":0,"parent":0,"menu_order":0,"comment_status":"closed","ping_status":"closed","template":"page-blank.php","meta":[],"_links":{"self":[{"href":"https:\/\/demo.bmconnect.vn\/gioithieucongty\/wp-json\/wp\/v2\/pages\/394"}],"collection":[{"href":"https:\/\/demo.bmconnect.vn\/gioithieucongty\/wp-json\/wp\/v2\/pages"}],"about":[{"href":"https:\/\/demo.bmconnect.vn\/gioithieucongty\/wp-json\/wp\/v2\/types\/page"}],"author":[{"embeddable":true,"href":"https:\/\/demo.bmconnect.vn\/gioithieucongty\/wp-json\/wp\/v2\/users\/1"}],"replies":[{"embeddable":true,"href":"https:\/\/demo.bmconnect.vn\/gioithieucongty\/wp-json\/wp\/v2\/comments?post=394"}],"version-history":[{"count":0,"href":"https:\/\/demo.bmconnect.vn\/gioithieucongty\/wp-json\/wp\/v2\/pages\/394\/revisions"}],"wp:attachment":[{"href":"https:\/\/demo.bmconnect.vn\/gioithieucongty\/wp-json\/wp\/v2\/media?parent=394"}],"curies":[{"name":"wp","href":"https:\/\/api.w.org\/{rel}","templated":true}]}}