{"id":222,"date":"2019-03-19T16:38:26","date_gmt":"2019-03-19T16:38:26","guid":{"rendered":"https:\/\/demo.bmconnect.vn\/giacongcokhi\/?post_type=product&#038;p=222"},"modified":"2019-03-29T07:25:18","modified_gmt":"2019-03-29T07:25:18","slug":"cong-nha-bang-cong-nhom-duc","status":"publish","type":"product","link":"https:\/\/demo.bmconnect.vn\/giacongcokhi\/san-pham\/cong-nha-bang-cong-nhom-duc\/","title":{"rendered":"c\u1ed5ng nh\u00e0 b\u1eb1ng c\u1ed5ng nh\u00f4m \u0111\u00fac"},"content":{"rendered":"<p>Thi\u1ebft k\u1ebf c\u1ed5ng \u0111\u1eb7c bi\u1ec7t quan tr\u1ecdng v\u00ec l\u00e0m t\u0103ng v\u1ebb \u0111\u1eb9p v\u00e0 s\u1ef1 th\u1ed1ng nh\u1ea5t cho to\u00e0n b\u1ed9 ng\u00f4i nh\u00e0. Trong t\u1ed5ng th\u1ec3 c\u00f4ng tr\u00ecnh, c\u1ed5ng lu\u00f4n \u0111\u1ee9ng \u1edf v\u1ecb tr\u00ed quan tr\u1ecdng, k\u1ebft n\u1ed1i ch\u1eb7t ch\u1ebd v\u1ec1 m\u1eb7t th\u1ecb gi\u00e1c v\u1edbi c\u00f4ng tr\u00ecnh.<\/p>\n<p>Xu h\u01b0\u1edbng l\u1ef1a ch\u1ecdn ki\u1ec3u d\u00e1ng cho c\u1ed5ng hi\u1ec7n nay thi\u00ean v\u1ec1 c\u00e1c h\u00ecnh th\u1ee9c \u0111\u01a1n gi\u1ea3n, t\u1eeb chi ti\u1ebft \u0111\u1ebfn t\u1ed5ng th\u1ec3 b\u1eb1ng c\u00e1ch l\u01b0\u1ee3c b\u1edbt c\u00e1c y\u1ebfu t\u1ed1 kh\u00f4ng c\u1ea7n thi\u1ebft.<\/p>\n<p><img src=\"http:\/\/demo1.skyvietnam.vn\/cokhi\/upload\/images\/bai-viet\/mau-cong-biet-thu-dep_1.jpg\" alt=\"C\u1ed5ng nh\u00f4m \u0111\u00fac\" \/><\/p>\n<p>Tuy nhi\u00ean v\u1edbi nh\u1eefng ng\u00f4i nh\u00e0 \u0111\u01b0\u1ee3c thi\u1ebft k\u1ebf theo phong c\u00e1ch ch\u00e2u \u00c2u, c\u1ed5 \u0111i\u1ec3n, gia ch\u1ee7 th\u01b0\u1eddng thi\u1ebft k\u1ebf c\u1ed5ng nh\u00e0 theo m\u1ed9t phong c\u00e1ch ri\u00eang, th\u01b0\u1eddng l\u00e0 c\u1ed5ng nh\u00f4m \u0111\u00fac hay c\u1ed5ng h\u1ee3p kim nh\u00f4m v\u1edbi nhi\u1ec1u h\u1ecda ti\u1ebft hoa v\u0103n, t\u1ed5ng th\u1ec3 c\u00f3 b\u1ed1 c\u1ee5c r\u00f5 r\u00e0ng v\u00e0 s\u01a1n m\u00e0u sang tr\u1ecdng.<\/p>\n","protected":false},"excerpt":{"rendered":"<p>Thi\u1ebft k\u1ebf c\u1ed5ng \u0111\u1eb7c bi\u1ec7t quan tr\u1ecdng v\u00ec l\u00e0m t\u0103ng v\u1ebb \u0111\u1eb9p v\u00e0 s\u1ef1 th\u1ed1ng nh\u1ea5t cho to\u00e0n b\u1ed9 ng\u00f4i nh\u00e0. Trong t\u1ed5ng th\u1ec3 c\u00f4ng tr\u00ecnh, c\u1ed5ng lu\u00f4n \u0111\u1ee9ng \u1edf v\u1ecb tr\u00ed quan tr\u1ecdng, k\u1ebft n\u1ed1i ch\u1eb7t ch\u1ebd v\u1ec1 m\u1eb7t th\u1ecb gi\u00e1c v\u1edbi c\u00f4ng tr\u00ecnh.<\/p>\n<p>Xu h\u01b0\u1edbng l\u1ef1a ch\u1ecdn ki\u1ec3u d\u00e1ng cho c\u1ed5ng hi\u1ec7n nay thi\u00ean v\u1ec1 c\u00e1c h\u00ecnh th\u1ee9c \u0111\u01a1n gi\u1ea3n, t\u1eeb chi ti\u1ebft \u0111\u1ebfn t\u1ed5ng th\u1ec3 b\u1eb1ng c\u00e1ch l\u01b0\u1ee3c b\u1edbt c\u00e1c y\u1ebfu t\u1ed1 kh\u00f4ng c\u1ea7n thi\u1ebft.<\/p>\n","protected":false},"featured_media":224,"comment_status":"open","ping_status":"closed","template":"","meta":[],"product_cat":[18,19],"product_tag":[],"_links":{"self":[{"href":"https:\/\/demo.bmconnect.vn\/giacongcokhi\/wp-json\/wp\/v2\/product\/222"}],"collection":[{"href":"https:\/\/demo.bmconnect.vn\/giacongcokhi\/wp-json\/wp\/v2\/product"}],"about":[{"href":"https:\/\/demo.bmconnect.vn\/giacongcokhi\/wp-json\/wp\/v2\/types\/product"}],"replies":[{"embeddable":true,"href":"https:\/\/demo.bmconnect.vn\/giacongcokhi\/wp-json\/wp\/v2\/comments?post=222"}],"wp:featuredmedia":[{"embeddable":true,"href":"https:\/\/demo.bmconnect.vn\/giacongcokhi\/wp-json\/wp\/v2\/media\/224"}],"wp:attachment":[{"href":"https:\/\/demo.bmconnect.vn\/giacongcokhi\/wp-json\/wp\/v2\/media?parent=222"}],"wp:term":[{"taxonomy":"product_cat","embeddable":true,"href":"https:\/\/demo.bmconnect.vn\/giacongcokhi\/wp-json\/wp\/v2\/product_cat?post=222"},{"taxonomy":"product_tag","embeddable":true,"href":"https:\/\/demo.bmconnect.vn\/giacongcokhi\/wp-json\/wp\/v2\/product_tag?post=222"}],"curies":[{"name":"wp","href":"https:\/\/api.w.org\/{rel}","templated":true}]}}