{"id":219,"date":"2019-03-19T16:37:46","date_gmt":"2019-03-19T16:37:46","guid":{"rendered":"https:\/\/demo.bmconnect.vn\/giacongcokhi\/?post_type=product&#038;p=219"},"modified":"2019-03-19T16:37:46","modified_gmt":"2019-03-19T16:37:46","slug":"cua-lua-nhom-kinh-cao-cap","status":"publish","type":"product","link":"https:\/\/demo.bmconnect.vn\/giacongcokhi\/san-pham\/cua-lua-nhom-kinh-cao-cap\/","title":{"rendered":"C\u1eeda l\u00f9a nh\u00f4m k\u00ednh cao c\u1ea5p"},"content":{"rendered":"<p>Th\u1eadt ti\u1ec7n l\u1ee3i khi s\u1eed d\u1ee5ng h\u1ec7 t\u1ee7 \u0111\u1ed3 b\u1eb1ng nh\u00f4m k\u00ednh, ch\u1eb3ng h\u1ea1n nh\u01b0 t\u1ee7 thu\u1ed1c, t\u1ee7 k\u1ec7 ch\u1ee9a \u0111i\u1ec7n tho\u1ea1i, hay c\u00e1c t\u1ee7 k\u1ec7 cho c\u00e1c c\u1eeda h\u00e0ng th\u1eddi trang.<\/p>\n<p>V\u1edbi s\u1ea3n ph\u1ea9m n\u00e0y kh\u00e1ch h\u00e0ng c\u00f3 th\u1ec3 y\u00ean t\u00e2m s\u1eed d\u1ee5ng m\u00e0 kh\u00f4ng lo b\u1ecb \u1ea9m m\u1ed1c, cong v\u00eanh hay m\u1ed1i m\u1ecdt nh\u01b0 c\u00e1c s\u1ea3n ph\u1ea9m g\u1ed7 th\u00f4ng th\u01b0\u1eddng, M\u1ed9t \u01b0u \u0111i\u1ec3m n\u1eefa khi s\u1eed d\u1ee5ng t\u1ee7 nh\u00f4m k\u00ednh l\u00e0 gi\u00e1 th\u00e0nh r\u1ebb h\u01a1n r\u1ea5t nhi\u1ec1u so v\u1edbi s\u1ea3n ph\u1ea9m l\u00e0m t\u1eeb c\u00e1c ch\u1ea5t li\u1ec7u kh\u00e1c v\u00e0 \u0111\u1ed9 b\u1ec1n th\u1eadm ch\u00ed c\u00f2n h\u01a1n h\u1eb3n.<\/p>\n<p>C\u00f2n r\u1ea5t nhi\u1ec1u s\u1ea3n ph\u1ea9m t\u1eeb nh\u00f4m k\u00ednh kh\u00e1c m\u00e0 ch\u00fang t\u00f4i ch\u01b0a th\u1ec3 gi\u1edbi thi\u1ec7u trong b\u00e0i vi\u1ebft n\u00e0y ngay \u0111\u01b0\u1ee3c, qu\u00fd kh\u00e1ch n\u00e0o c\u00f3 nh\u1eefng \u00fd t\u01b0\u1edfng v\u00e0 gi\u1ea3i ph\u00e1p mu\u1ed1n s\u1eed d\u1ee5ng h\u1ec7 nh\u00f4m k\u00ednh cho kh\u00f4ng gian gia \u0111\u00ecnh m\u00ecnh c\u00f3 th\u1ec3 li\u00ean h\u1ec7 v\u1edbi ch\u00fang t\u00f4i, ch\u00fang t\u00f4i s\u1ebd \u0111\u1ebfn t\u1eadn n\u01a1i \u0111\u1ec3 t\u01b0 v\u1ea5n v\u00e0 \u0111\u01b0a gia \u00fd t\u01b0\u1edfng k\u1ebft h\u1ee3p c\u00f9ng v\u1edbi t\u00ednh n\u0103ng h\u1ee3p l\u00fd.<\/p>\n","protected":false},"excerpt":{"rendered":"<p>Cty ch\u00fang t\u00f4i chuy\u00ean s\u1ea3n xu\u1ea5t, thi c\u00f4ng, l\u1eafp \u0111\u1eb7t c\u1eeda nh\u00f4m, c\u1eeda k\u00ednh, c\u1eeda nh\u00f4m k\u00ednh, v\u00e1ch ng\u0103n k\u00ednh, v\u00e1ch ng\u0103n nh\u00f4m k\u00ednh, t\u1ee7 nh\u00f4m k\u00ednh, t\u1ee7 b\u1ebfp nh\u00f4m k\u00ednh, \u2026 v\u00e0 t\u1ea5t c\u1ea3 c\u00e1c s\u1ea3n ph\u1ea9m, h\u1ea1ng m\u1ee5c li\u00ean quan \u0111\u1ebfn nh\u00f4m k\u00ednh.<\/p>\n","protected":false},"featured_media":221,"comment_status":"open","ping_status":"closed","template":"","meta":[],"product_cat":[44,38],"product_tag":[],"_links":{"self":[{"href":"https:\/\/demo.bmconnect.vn\/giacongcokhi\/wp-json\/wp\/v2\/product\/219"}],"collection":[{"href":"https:\/\/demo.bmconnect.vn\/giacongcokhi\/wp-json\/wp\/v2\/product"}],"about":[{"href":"https:\/\/demo.bmconnect.vn\/giacongcokhi\/wp-json\/wp\/v2\/types\/product"}],"replies":[{"embeddable":true,"href":"https:\/\/demo.bmconnect.vn\/giacongcokhi\/wp-json\/wp\/v2\/comments?post=219"}],"wp:featuredmedia":[{"embeddable":true,"href":"https:\/\/demo.bmconnect.vn\/giacongcokhi\/wp-json\/wp\/v2\/media\/221"}],"wp:attachment":[{"href":"https:\/\/demo.bmconnect.vn\/giacongcokhi\/wp-json\/wp\/v2\/media?parent=219"}],"wp:term":[{"taxonomy":"product_cat","embeddable":true,"href":"https:\/\/demo.bmconnect.vn\/giacongcokhi\/wp-json\/wp\/v2\/product_cat?post=219"},{"taxonomy":"product_tag","embeddable":true,"href":"https:\/\/demo.bmconnect.vn\/giacongcokhi\/wp-json\/wp\/v2\/product_tag?post=219"}],"curies":[{"name":"wp","href":"https:\/\/api.w.org\/{rel}","templated":true}]}}