{"id":217,"date":"2019-03-19T16:36:58","date_gmt":"2019-03-19T16:36:58","guid":{"rendered":"https:\/\/demo.bmconnect.vn\/giacongcokhi\/?post_type=product&#038;p=217"},"modified":"2019-03-20T02:25:09","modified_gmt":"2019-03-20T02:25:09","slug":"cua-di-nhom-kinh-mo-truot","status":"publish","type":"product","link":"https:\/\/demo.bmconnect.vn\/giacongcokhi\/san-pham\/cua-di-nhom-kinh-mo-truot\/","title":{"rendered":"C\u1eeda \u0111i nh\u00f4m k\u00ednh m\u1edf tr\u01b0\u1ee3t"},"content":{"rendered":"<p>V\u1edbi c\u00e1ch l\u1eafp gh\u00e9p kh\u00e1 \u0111\u01a1n gi\u1ea3n m\u00e0 v\u1eabn \u0111\u1ea3m b\u1ea3o \u0111\u1ed9 b\u1ec1n v\u00e0 an to\u00e0n khi s\u1eed d\u1ee5ng, n\u00ean s\u1ea3n ph\u1ea9m\u00a0c\u1eeda \u0111i m\u1edf tr\u01b0\u1ee3t\u00a0\u0111ang r\u1ea5t \u0111\u01b0\u1ee3c \u01b0a chu\u1ed9ng v\u00e0 s\u1eed d\u1ee5ng kh\u00e1 ph\u1ed5 bi\u1ebfn \u1edf Vi\u1ec7t Nam.\u00a0C\u1eeda \u0111i m\u1edf tr\u01b0\u1ee3t\u00a0l\u00e0 lo\u1ea1i c\u1ee7a \u0111i \u0111\u01b0\u1ee3c m\u1edf b\u1eb1ng chuy\u1ec3n \u0111\u1ed9ng tr\u01b0\u1ee3t c\u1ee7a c\u00e1c c\u00e1nh, c\u00f3 t\u1eeb 1 \u0111\u1ebfn 6 c\u00e1nh v\u00e0 c\u00f3 th\u1ec3 m\u1edf \u0111\u01b0\u1ee3c t\u1eeb 1\/2 \u0111\u1ebfn 2\/3 di\u1ec7n t\u00edch \u00f4 c\u1eeda.\u00a0S\u1ea3n ph\u1ea9m th\u01b0\u1eddng \u0111\u01b0\u1ee3c s\u1eed d\u1ee5ng cho c\u00e1c nh\u00e0 cao t\u1ea7ng, bi\u1ec7t th\u1ef1, khu chung c\u01b0 cao c\u1ea5p, c\u00e1c cao \u1ed1c v\u0103n ph\u00f2ng,\u2026<\/p>\n<h2>\u0110\u1eb7c \u0111i\u1ec3m c\u1eeda \u0111i m\u1edf tr\u01b0\u1ee3t<\/h2>\n<p>C\u1eeda \u0111i m\u1edf tr\u01b0\u1ee3t Xingfa phong ph\u00fa, \u0111a d\u1ea1ng v\u1ec1 ch\u1ee7ng lo\u1ea1i, v\u1edbi c\u00e1c ch\u1ee9c n\u0103ng \u0111\u00e1p \u1ee9ng \u0111\u01b0\u1ee3c m\u1ecdi th\u1ecb hi\u1ebfu c\u1ee7a kh\u00e1ch h\u00e0ng:<\/p>\n<p>&#8211; Khi \u0111\u00f3ng m\u1edf kh\u00f4ng \u1ea3nh h\u01b0\u1edfng \u0111\u1ebfn kh\u00f4ng gian v\u00e0 di\u1ec7n t\u00edch s\u1eed d\u1ee5ng c\u1ee7a c\u0103n ph\u00f2ng.<\/p>\n<p>&#8211; Kh\u1ea3 n\u0103ng ch\u1ecbu l\u1ef1c v\u00e0 \u0111\u1ed9 an to\u00e0n cao.<\/p>\n<p>&#8211; C\u00f3 t\u00ednh th\u1ea9m m\u1ef9 cao: c\u1eeda nh\u00f4m k\u00ednh r\u1ed9ng, sang tr\u1ecdng gi\u00fap m\u1edf r\u1ed9ng kh\u00f4ng gian v\u00e0 t\u1ea1o \u0111\u01b0\u1ee3c t\u1ea7m nh\u00ecn bao qu\u00e1t cho c\u0103n ph\u00f2ng.<\/p>\n<p>&#8211; Thu\u1eadn ti\u1ec7n cho vi\u1ec7c lau ch\u00f9i v\u00e0 ti\u1ebft ki\u1ec7m chi ph\u00ed b\u1ea3o d\u01b0\u1ee1ng c\u1eeda.<\/p>\n<p>&#8211; B\u1ec1 m\u1eb7t nh\u00f4m \u0111\u01b0\u1ee3c s\u01a1n ph\u1ee7 nh\u1eb1m ch\u1ed1ng l\u1ea1i s\u1ef1 \u0103n m\u00f2n v\u00e0 s\u1ef1 phai m\u00e0u d\u01b0\u1edbi t\u00e1c \u0111\u1ed9ng c\u1ee7a th\u1eddi ti\u1ebft.<\/p>\n<p>&#8211; S\u1eed d\u1ee5ng thanh profile nh\u00f4m \u0111\u01b0\u1ee3c ng\u0103n c\u00e1ch b\u1edfi l\u1edbp c\u00e1ch nhi\u1ec7t cao, c\u00f9ng v\u1edbi h\u1ec7 gio\u0103ng EPDM v\u00e0 ph\u1ee5 ki\u1ec7n kim kh\u00ed \u0111\u1ed3ng b\u1ed9, do v\u1eady m\u00e0 c\u00f3 t\u00ednh c\u00e1ch \u00e2m, c\u00e1ch nhi\u1ec7t cao.<\/p>\n<p>&#8211; C\u1eeda \u0111\u01b0\u1ee3c thi\u1ebft k\u1ebf r\u00e3nh tr\u01b0\u1ee3t ngang \u0111\u1ed9c \u0111\u00e1o l\u00e0m t\u0103ng b\u1ec1 m\u1eb7t ti\u1ebfp x\u00fac gi\u1eefa khe v\u00e0 b\u00e1nh xe tr\u01b0\u1ee3t \u00a0gi\u00fap c\u1eeda tr\u01b0\u1ee3t \u00eam, nh\u1eb9.<\/p>\n<p>&#8211; Cho ph\u00e9p l\u00e0m c\u00e1nh c\u1eeda v\u1edbi k\u00edch th\u01b0\u1edbc l\u1edbn.<\/p>\n<p>&#8211; Thi\u1ebft k\u1ebf ch\u1ed1ng tr\u1ed9m, tho\u00e1t n\u01b0\u1edbc, c\u00e1ch nhi\u1ec7t \u0111\u01b0\u1ee3c thi\u1ebft k\u1ebf \u0111\u1ea3m b\u1ea3o v\u1eefng ch\u1eafc, k\u00edn kh\u00edt v\u00e0 an to\u00e0n trong s\u1eed d\u1ee5ng.<\/p>\n<p>&#8211; S\u1ea3n ph\u1ea9m c\u1eeda \u0111i m\u1edf tr\u01b0\u1ee3t Xingfa \u0111\u01b0\u1ee3c s\u1eed d\u1ee5ng v\u1edbi h\u1ea7u h\u1ebft c\u00e1c lo\u1ea1i k\u00ednh t\u1eeb k\u00ednh \u0111\u01a1n, k\u00ednh d\u00e1n an to\u00e0n, k\u00ednh h\u1ed9p,\u2026<\/p>\n<h2>C\u1ea5u t\u1ea1o c\u1eeda \u0111i m\u1edf tr\u01b0\u1ee3t<\/h2>\n<p>C\u1eeda \u0111i m\u1edf tr\u01b0\u1ee3t th\u01b0\u1eddng c\u00f3 c\u1ea5u t\u1ea1o c\u01a1 b\u1ea3n sau:<\/p>\n<p>&#8211; Thanh\u00a0profile nh\u00f4m\u00a0(khung bao, khung c\u00e1nh): c\u00e1c thanh profile \u0111\u01b0\u1ee3c c\u1ea5u th\u00e0nh t\u1eeb\u00a0h\u1ee3p kim nh\u00f4m\u00a0cao c\u1ea5p v\u1edbi c\u00f4ng ngh\u1ec7 s\u01a1n t\u0129nh \u0111i\u1ec7n ti\u00ean ti\u1ebfn n\u00ean s\u1ea3n ph\u1ea9m b\u1ec1n m\u00e0u v\u1edbi th\u1eddi gian, \u0111a d\u1ea1ng v\u1ec1 m\u00e0u s\u1eafc.<\/p>\n<p>&#8211; K\u00ednh: c\u00f3 th\u1ec3 s\u1eed d\u1ee5ng k\u00ednh \u0111\u01a1n,\u00a0k\u00ednh d\u00e1n an to\u00e0n,\u00a0k\u00ednh h\u1ed9p,\u2026<\/p>\n<p>&#8211; H\u1ec7 gio\u0103ng l\u1ecdc b\u1ee5i, keo Silicone.<\/p>\n<p>&#8211; H\u1ec7\u00a0ph\u1ee5 ki\u1ec7n\u00a0kim kh\u00ed: b\u00e1nh xe (b\u00e1nh xe \u0111\u00f4i ho\u1eb7c b\u00e1nh xe \u0111\u01a1n), tay n\u1eafm, kh\u00f3a (kh\u00f3a \u0111\u01a1n \u0111i\u1ec3m ho\u1eb7c kh\u00f3a \u0111a \u0111i\u1ec3m),\u2026<\/p>\n<p>&#8211; C\u00e1c v\u1eadt li\u1ec7u kh\u00e1c.<\/p>\n<h2>K\u00edch th\u01b0\u1edbc ti\u00eau chu\u1ea9n C\u1eeda \u0111i m\u1edf tr\u01b0\u1ee3t<\/h2>\n<p>C\u1eeda \u0111i m\u1edf tr\u01b0\u1ee3t th\u01b0\u1eddng c\u00f3 c\u00e1c k\u00edch th\u01b0\u1edbc c\u01a1 b\u1ea3n sau:<\/p>\n<h2>Ph\u00e2n lo\u1ea1i C\u1eeda \u0111i m\u1edf tr\u01b0\u1ee3t:<\/h2>\n<p>*<strong>Ph\u00e2n lo\u1ea1i theo s\u1ed1 l\u01b0\u1ee3ng c\u00e1nh c\u1eeda:<\/strong>\u00a0C\u1eeda \u0111i m\u1edf tr\u01b0\u1ee3t 1 c\u00e1nh; C\u1eeda \u0111i m\u1edf tr\u01b0\u1ee3t 2 c\u00e1nh; C\u1eeda \u0111i m\u1edf tr\u01b0\u1ee3t 3 c\u00e1nh; C\u1eeda \u0111i m\u1edf tr\u01b0\u1ee3t nhi\u1ec1u c\u00e1nh.\u00a0S\u1ea3n ph\u1ea9m th\u01b0\u1eddng \u0111\u01b0\u1ee3c s\u1eed d\u1ee5ng cho c\u00e1c nh\u00e0 cao t\u1ea7ng, bi\u1ec7t th\u1ef1, khu chung c\u01b0 cao c\u1ea5p, c\u00e1c cao \u1ed1c v\u0103n ph\u00f2ng,\u2026<\/p>\n<p><strong>*Ph\u00e2n lo\u1ea1i theo h\u1ec7 nh\u00f4m:<\/strong>\u00a0C\u1eeda \u0111i m\u1edf tr\u01b0\u1ee3t s\u1eed d\u1ee5ng nh\u00f4m Xingfa; C\u1eeda \u0111i m\u1edf tr\u01b0\u1ee3t s\u1eed d\u1ee5ng nh\u00f4m Hyundai; C\u1eeda \u0111i m\u1edf tr\u01b0\u1ee3t s\u1eed d\u1ee5ng h\u00e3ng nh\u00f4m kh\u00e1c.<\/p>\n<p>C\u1eeda \u0111i m\u1edf tr\u01b0\u1ee3t s\u1eed d\u1ee5ng nh\u00f4m Xingfa c\u00f3 c\u00e1c lo\u1ea1i sau: Lo\u1ea1i c\u1eeda d\u00f9ng Profile nh\u00f4m c\u00f3 c\u1ea7u c\u00e1ch nhi\u1ec7t c\u00f3 c\u00e1c h\u1ec7: h\u1ec7 2005, h\u1ec7 100, h\u1ec7 95, h\u1ec7 SC95TT, h\u1ec7 100, h\u1ec7 120, h\u1ec7 SC140TT.<\/p>\n<p>Lo\u1ea1i c\u1eeda d\u00f9ng Profile nh\u00f4m kh\u00f4ng c\u00f3 c\u1ea7u c\u00e1ch nhi\u1ec7t c\u00f3 c\u00e1c h\u1ec7 sau: h\u1ec7 2001, h\u1ec7 SC 95.<\/p>\n<p>Trong c\u00e1c h\u1ec7 c\u1eeda tr\u00ean, c\u1eeda \u0111i m\u1edf tr\u01b0\u1ee3t h\u1ec7 2001 kh\u00f4ng c\u1ea7u c\u00e1ch nhi\u1ec7t l\u00e0 h\u1ec7 nh\u00f4m ph\u1ed5 bi\u1ebfn m\u00e0 Vi\u1ec7t \u0110\u1ee9c s\u1eed d\u1ee5ng cho c\u00e1c c\u00f4ng tr\u00ecnh v\u00ec t\u00ednh \u01b0u vi\u1ec7t c\u1ee7a n\u00f3 so v\u1edbi c\u00e1c h\u1ec7 kh\u00e1c nh\u01b0: \u0111\u1eb9p, thanh tho\u00e1t, gi\u00e1 th\u00e0nh h\u1ee3p l\u00fd. H\u01a1n n\u1eefa, h\u1ec7 nh\u00f4m 2001 Xingfa c\u00f3 th\u1ec3 l\u1eafp \u0111\u1eb7t v\u1edbi t\u1ea5t c\u1ea3 c\u00e1c lo\u1ea1i k\u00ednh t\u1eeb k\u00ednh \u0111\u01a1n \u0111\u1ebfn k\u00ednh d\u00e1n an to\u00e0n, k\u00ednh h\u1ed9p,\u2026<\/p>\n<p><strong>C\u00e1c thanh profile c\u1eeda \u0111i m\u1edf tr\u01b0\u1ee3t h\u1ec7 2001 kh\u00f4ng c\u1ea7u c\u00e1ch nhi\u1ec7t:<\/strong><\/p>\n<h2>\u1ee8ng d\u1ee5ng c\u1eeda \u0111i m\u1edf tr\u01b0\u1ee3t<\/h2>\n<p>S\u1ea3n ph\u1ea9m th\u01b0\u1eddng \u0111\u01b0\u1ee3c s\u1eed d\u1ee5ng cho c\u00e1c nh\u00e0 cao t\u1ea7ng, bi\u1ec7t th\u1ef1, khu chung c\u01b0 cao c\u1ea5p, c\u00e1c cao \u1ed1c v\u0103n ph\u00f2ng,\u2026<\/p>\n<p>C\u1eeda \u0111i m\u1edf tr\u01b0\u1ee3t nh\u00f4m k\u00ednh l\u00e0 m\u1ed9t trong nh\u1eefng s\u1ea3n ph\u1ea9m th\u1ebf m\u1ea1nh c\u1ee7a nh\u00e0 th\u1ea7u Vi\u1ec7t \u0110\u1ee9c v\u00e0 \u0111\u01b0\u1ee3c l\u1eafp \u0111\u1eb7t \u1edf r\u1ea5t nhi\u1ec1u c\u00e1c c\u00f4ng tr\u00ecnh ti\u00eau bi\u1ec3u nh\u01b0: Golden Palace, Kh\u00e1ch s\u1ea1n the Reed Ninh B\u00ecnh, Golden Land, Time\u2019s City, Dragon Hill, S\u00f4ng H\u1ed3ng Park View, Ho\u00e0ng Th\u00e0nh Tower, Tr\u01b0\u1eddng m\u1ea7m non Qu\u1ed1c t\u1ebf C\u1ea7u Gi\u1ea5y, Bi\u1ec7t th\u1ef1 Flamingo \u0110\u1ea1i L\u1ea3i&#8230;<\/p>\n","protected":false},"excerpt":{"rendered":"<p>V\u1edbi c\u00e1ch l\u1eafp gh\u00e9p kh\u00e1 \u0111\u01a1n gi\u1ea3n m\u00e0 v\u1eabn \u0111\u1ea3m b\u1ea3o \u0111\u1ed9 b\u1ec1n v\u00e0 an to\u00e0n khi s\u1eed d\u1ee5ng, n\u00ean s\u1ea3n ph\u1ea9m\u00a0c\u1eeda \u0111i m\u1edf tr\u01b0\u1ee3t\u00a0\u0111ang r\u1ea5t \u0111\u01b0\u1ee3c \u01b0a chu\u1ed9ng v\u00e0 s\u1eed d\u1ee5ng kh\u00e1 ph\u1ed5 bi\u1ebfn \u1edf Vi\u1ec7t Nam.\u00a0C\u1eeda \u0111i m\u1edf tr\u01b0\u1ee3t\u00a0l\u00e0 lo\u1ea1i c\u1ee7a \u0111i \u0111\u01b0\u1ee3c m\u1edf b\u1eb1ng chuy\u1ec3n \u0111\u1ed9ng tr\u01b0\u1ee3t c\u1ee7a c\u00e1c c\u00e1nh, c\u00f3 t\u1eeb 1 \u0111\u1ebfn 6 c\u00e1nh v\u00e0 c\u00f3 th\u1ec3 m\u1edf \u0111\u01b0\u1ee3c t\u1eeb 1\/2 \u0111\u1ebfn 2\/3 di\u1ec7n t\u00edch \u00f4 c\u1eeda.\u00a0S\u1ea3n ph\u1ea9m th\u01b0\u1eddng \u0111\u01b0\u1ee3c s\u1eed d\u1ee5ng cho c\u00e1c nh\u00e0 cao t\u1ea7ng, bi\u1ec7t th\u1ef1, khu chung c\u01b0 cao c\u1ea5p, c\u00e1c cao \u1ed1c v\u0103n ph\u00f2ng,\u2026<\/p>\n","protected":false},"featured_media":218,"comment_status":"open","ping_status":"closed","template":"","meta":[],"product_cat":[15,44],"product_tag":[],"_links":{"self":[{"href":"https:\/\/demo.bmconnect.vn\/giacongcokhi\/wp-json\/wp\/v2\/product\/217"}],"collection":[{"href":"https:\/\/demo.bmconnect.vn\/giacongcokhi\/wp-json\/wp\/v2\/product"}],"about":[{"href":"https:\/\/demo.bmconnect.vn\/giacongcokhi\/wp-json\/wp\/v2\/types\/product"}],"replies":[{"embeddable":true,"href":"https:\/\/demo.bmconnect.vn\/giacongcokhi\/wp-json\/wp\/v2\/comments?post=217"}],"wp:featuredmedia":[{"embeddable":true,"href":"https:\/\/demo.bmconnect.vn\/giacongcokhi\/wp-json\/wp\/v2\/media\/218"}],"wp:attachment":[{"href":"https:\/\/demo.bmconnect.vn\/giacongcokhi\/wp-json\/wp\/v2\/media?parent=217"}],"wp:term":[{"taxonomy":"product_cat","embeddable":true,"href":"https:\/\/demo.bmconnect.vn\/giacongcokhi\/wp-json\/wp\/v2\/product_cat?post=217"},{"taxonomy":"product_tag","embeddable":true,"href":"https:\/\/demo.bmconnect.vn\/giacongcokhi\/wp-json\/wp\/v2\/product_tag?post=217"}],"curies":[{"name":"wp","href":"https:\/\/api.w.org\/{rel}","templated":true}]}}