{"id":215,"date":"2019-03-19T16:36:29","date_gmt":"2019-03-19T16:36:29","guid":{"rendered":"https:\/\/demo.bmconnect.vn\/giacongcokhi\/?post_type=product&#038;p=215"},"modified":"2019-03-19T16:36:29","modified_gmt":"2019-03-19T16:36:29","slug":"lam-vach-ngan-phong-ngu-gia-re","status":"publish","type":"product","link":"https:\/\/demo.bmconnect.vn\/giacongcokhi\/san-pham\/lam-vach-ngan-phong-ngu-gia-re\/","title":{"rendered":"L\u00e0m v\u00e1ch ng\u0103n ph\u00f2ng ng\u1ee7 gi\u00e1 r\u1ebb"},"content":{"rendered":"<p><strong>V\u00e1ch ng\u0103n ph\u00f2ng ng\u1ee7 l\u00e0 lo\u1ea1i v\u00e1ch ng\u0103n gi\u00fap ng\u0103n c\u00e1ch gi\u1eefa ph\u00f2ng kh\u00e1ch v\u00e0 ph\u00f2ng ng\u1ee7, gi\u00fap cho m\u1ed7i ng\u01b0\u1eddi trong gia \u0111\u00ecnh c\u00f3 kh\u00f4ng gian ri\u00eang. Tuy nhi\u00ean, v\u00e1ch ng\u0103n ph\u00f2ng ng\u1ee7 gi\u00e1 r\u1ebb ch\u1ec9 c\u00f3 th\u1ec3 l\u00e0m b\u1eb1ng ch\u1ea5t li\u1ec7u nh\u00f4m. V\u1eady l\u00e0m v\u00e1ch ng\u0103n ph\u00f2ng ng\u1ee7 b\u1eb1ng nh\u00f4m gi\u00e1 r\u1ebb \u1edf \u0111\u00e2u, quy tr\u00ecnh thi c\u00f4ng nh\u01b0 th\u1ebf nao? D\u01b0\u1edbi \u0111\u00e2y, Nh\u00f4m k\u00ednh Ti\u00ean Phong s\u1ebd tr\u1ea3 l\u1eddi gi\u00fap b\u1ea1n.<\/strong><\/p>\n<p><a href=\"http:\/\/lamcuanhomgiare.com\/wp-content\/uploads\/2017\/12\/vach-ngan-nhom-kinh-cho-phong-ngu_03-1.jpg\"><img loading=\"lazy\" class=\"size-medium wp-image-375 aligncenter\" src=\"http:\/\/lamcuanhomgiare.com\/wp-content\/uploads\/2017\/12\/vach-ngan-nhom-kinh-cho-phong-ngu_03-1-300x234.jpg\" sizes=\"(max-width: 300px) 100vw, 300px\" srcset=\"http:\/\/lamcuanhomgiare.com\/wp-content\/uploads\/2017\/12\/vach-ngan-nhom-kinh-cho-phong-ngu_03-1-300x234.jpg 300w, http:\/\/lamcuanhomgiare.com\/wp-content\/uploads\/2017\/12\/vach-ngan-nhom-kinh-cho-phong-ngu_03-1.jpg 600w\" alt=\"\" width=\"300\" height=\"234\" \/><\/a><\/p>\n<h1><strong>V\u00e1ch ng\u0103n ph\u00f2ng ng\u1ee7 c\u00f3 \u01b0u \u0111i\u1ec3m g\u00ec<\/strong><\/h1>\n<ul>\n<li>\u2013 B\u1ec1n, tu\u1ed5i th\u1ecd cao<\/li>\n<\/ul>\n<p>V\u00ec \u0111\u01b0\u1ee3c l\u00e0m t\u1eeb ch\u1ea5t li\u1ec7u nh\u00f4m cao c\u1ea5p n\u00ean s\u1ea3n ph\u1ea9m r\u1ea5t b\u1ec1n, ch\u1ed1ng \u1ea9m m\u1ed1c, m\u1ed1i m\u1ecdt, ch\u1ed1ng h\u00f3a ch\u1ea5t \u0103n m\u00f2n. Tu\u1ed5i th\u1ecd c\u1ee7a v\u1eadt li\u1ec7u cao n\u00ean b\u1ea1n \u00edt ph\u1ea3i s\u1eeda ch\u1eefa hay thay th\u1ebf, ti\u1ebft ki\u1ec7m chi ph\u00ed t\u1ed1i \u0111a. Tr\u01b0\u1eddng h\u1ee3p b\u1ea1n s\u1eed d\u1ee5ng k\u1ebft h\u1ee3p v\u1edbi k\u00ednh c\u01b0\u1eddng l\u1ef1c, c\u00f2n t\u0103ng \u0111\u01b0\u1ee3c kh\u1ea3 n\u0103ng c\u00e1ch \u00e2m, ch\u1ed1ng \u1ed3n.<\/p>\n<ul>\n<li>\u2013 \u0110a d\u1ea1ng m\u1eabu m\u00e3<\/li>\n<\/ul>\n<p>C\u0169ng nh\u01b0 c\u00e1c lo\u1ea1i v\u00e1ch ng\u0103n kh\u00e1c,\u00a0v\u00e1ch ng\u0103n ph\u00f2ng ng\u1ee7 b\u1eb1ng nh\u00f4m\u00a0r\u1ea5t \u0111a d\u1ea1ng v\u1ec1 ki\u1ec3u d\u00e1ng v\u00e0 m\u1eabu m\u00e3. T\u00f9y thu\u1ed9c v\u00e0o y\u00eau c\u1ea7u c\u1ee7a gia ch\u1ee7, \u0111\u01a1n v\u1ecb thi\u1ebft k\u1ebf thi c\u00f4ng s\u1ebd ti\u1ebfn h\u00e0nh l\u00e0m v\u00e1ch ng\u0103n ph\u00f9 h\u1ee3p nh\u1ea5t.<\/p>\n<ul>\n<li>\u2013 D\u1ec5 l\u1eafp \u0111\u1eb7t, th\u00e1o d\u1ee1<\/li>\n<\/ul>\n<p>C\u00f4ng \u0111o\u1ea1n l\u1eafp \u0111\u1eb7t, th\u00e1o d\u1ee1 v\u00e1ch ng\u0103n b\u1eb1ng nh\u00f4m c\u1ef1c k\u1ef3 \u0111\u01a1n gi\u1ea3n, n\u1ebfu b\u1ea1n ch\u1ecdn lo\u1ea1i di \u0111\u1ed9ng th\u00ec c\u00e0ng d\u1ec5 d\u00e0ng h\u01a1n n\u1eefa. Sau khi th\u00e1o d\u1ee1, kh\u00f4ng gian c\u1ee7a b\u1ea1n s\u1ebd tr\u1edf l\u1ea1i nguy\u00ean m\u1eabu m\u00e0 kh\u00f4ng h\u1ec1 \u201cx\u00e2y x\u00e1t\u201d hay m\u1ea5t \u0111i 1 ph\u00e2n. B\u1ea1n c\u00f3 th\u1ec3 t\u00e1i s\u1eed d\u1ee5ng l\u1ea1i v\u1ec1 sau n\u1ebfu c\u00f3 nhu c\u1ea7u.<\/p>\n<p><a href=\"http:\/\/lamcuanhomgiare.com\/wp-content\/uploads\/2017\/12\/vach-ngan-phong-ngu-bang-nhom.jpg\"><img loading=\"lazy\" class=\"size-medium wp-image-376 aligncenter\" src=\"http:\/\/lamcuanhomgiare.com\/wp-content\/uploads\/2017\/12\/vach-ngan-phong-ngu-bang-nhom-277x300.jpg\" sizes=\"(max-width: 277px) 100vw, 277px\" srcset=\"http:\/\/lamcuanhomgiare.com\/wp-content\/uploads\/2017\/12\/vach-ngan-phong-ngu-bang-nhom-277x300.jpg 277w, http:\/\/lamcuanhomgiare.com\/wp-content\/uploads\/2017\/12\/vach-ngan-phong-ngu-bang-nhom.jpg 554w\" alt=\"\" width=\"277\" height=\"300\" \/><\/a><\/p>\n<h1><strong>V\u00e1ch ng\u0103n ph\u00f2ng ng\u1ee7 b\u1eb1ng nh\u00f4m<\/strong><\/h1>\n<p>C\u00e1c thi\u1ebft k\u1ebf d\u00e0nh cho ph\u00f2ng ng\u1ee7 ri\u00eang v\u1edbi v\u00e1ch d\u1ef1ng ng\u0103n b\u1eb1ng nh\u00f4m k\u00ednh th\u01b0\u01a1\u0300ng kh\u00f4ng c\u1ea7n \u0111\u00f2i h\u1ecfi qu\u00e1 d\u00e0y, ch\u1ee7 y\u1ebfu t\u1ea1o v\u00e1ch ng\u0103n chia kh\u00f4ng gian sinh ho\u1ea1t trong ph\u00f3ng ri\u00eang nh\u01b0ng kh\u00f4ng l\u00e0m m\u1ea5t \u0111i s\u1ef1 th\u00f4ng tho\u00e1ng v\u00e0 r\u1ed7ng r\u00e3i c\u1ee7a ng\u00f4i nh\u00e0 v\u1edbi nh\u1eefng v\u00e1ch ng\u0103n n\u00e0y, th\u01b0\u1eddng c\u00e1c b\u1ea1n c\u00f3 th\u1ec3 ch\u1ecdn v\u00e1ch ng\u0103n ho\u00e0n to\u00e0n b\u1eb1ng k\u00ednh v\u00e0 c\u00f3 khung nh\u00f4m bao quanh b\u00ean ngo\u00e0i v\u00e0 ti\u1ebfp n\u1ed1i ch\u00ednh x\u00e1c v\u1edbi kho\u1ea3ng c\u00e1ch chia \u0111\u1ec3 d\u1ef1ng v\u00e1ch ng\u0103n, ph\u1ea3i \u0111\u1ea3m b\u1ea3o ch\u00ednh x\u00e1c t\u1eebng chi ti\u1ebft v\u00e0 k\u00edch th\u01b0\u1edbc, kh\u00f4ng m\u00e9o hay l\u1ec7ch s\u1ebd l\u00e0m m\u1ea5t t\u00ednh th\u1ea9m m\u1ef9 c\u1ee7a kh\u00f4ng gain, v\u1edbi nh\u1eefng thi\u1ebft k\u1ebf v\u00e1ch ng\u0103n ph\u00f2ng ng\u1ee7 n\u00e0y th\u01b0\u1eddng c\u00f3 ph\u1ea7n r\u00e8m ph\u00eda b\u00ean trong \u0111\u1ec3 h\u1ea1 xu\u1ed1ng khi c\u00e1c b\u1ea1n ngh\u1ec9 ng\u01a1i, th\u01b0 gi\u00e3n tr\u00e1nh \u00e1nh s\u00e1ng l\u00e0m \u1ea3nh h\u01b0\u1edfng t\u1edbi nhu c\u1ea7u sinh ho\u1ea1t, ngh\u1ec9 ng\u01a1i c\u1ee7a c\u00e1c b\u1ea1n.<\/p>\n<h1><strong>Quy tr\u00ecnh thi c\u00f4ng v\u00e1ch ng\u0103n ph\u00f2ng ng\u1ee7 nh\u00f4m<\/strong><\/h1>\n<p>B\u01b0\u1edbc 1: B\u00e1o gi\u00e1 chi ph\u00ed ho\u00e0n thi\u1ec7n<\/p>\n<p>Ch\u00fang t\u00f4i s\u1ebd g\u1eedi b\u00e1o gi\u00e1 cho qu\u00fd kh\u00e1ch qua \u0111\u1ecba ch\u1ec9 email.<\/p>\n<p>Sau khi qu\u00fd kh\u00e1ch ki\u1ec3m tra v\u00e0 \u0111\u1ed3ng \u00fd b\u00e1o gi\u00e1 ch\u00fang t\u00f4i s\u1ebd c\u1eed ng\u01b0\u1eddi nh\u00e2n vi\u00ean k\u1ef9 thu\u1eadt \u0111\u1ebfn \u0111o \u0111\u1ea1c v\u00e0 c\u00e1c m\u1eabu catolog cho qu\u00fd kh\u00e1ch th\u00f4ng qua.<\/p>\n<p>B\u01b0\u1edbc 2: Kh\u1ea3o s\u00e1t c\u00f4ng tr\u00ecnh\u00a0thi c\u00f4ng v\u00e1ch nh\u00f4m k\u00ednh<\/p>\n<p>C\u1ea7n kh\u1ea3o s\u00e1t k\u1ef9 v\u1ec1 v\u1ecb tr\u00ed\u00a0thi c\u00f4ng v\u00e1ch k\u00ednh\u00a0c\u1ee7a d\u1ef1 \u00e1n \u0111\u1ec3 \u0111\u01b0a ra ph\u01b0\u01a1ng ph\u00e1p l\u1ef1a ch\u1ecdn\u00a0v\u00e1ch k\u00ednh\u00a0h\u1ee3p l\u00fd nh\u1ea5t. X\u00e1c \u0111\u1ecbnh nh\u1eefng v\u1ecb tr\u00ed c\u1ea7n khoan, \u0111\u1ee5c,\u2026nh\u1eefng v\u1ecb tr\u00ed \u0111\u1eb7c bi\u1ec7t \u0111\u1ec3 gia c\u00f4ng k\u00ednh tr\u01b0\u1edbc.<\/p>\n<p>B\u01b0\u1edbc 3: Th\u1ed1ng nh\u1ea5t ph\u01b0\u01a1ng \u00e1n l\u1eafp \u0111\u1eb7t v\u00e0 l\u1ef1a ch\u1ecdn k\u00ednh<\/p>\n<p>Sau khi ti\u1ebfn h\u00e0nh kh\u1ea3o s\u00e1t v\u00e0 ch\u1ecdn l\u1ef1a ph\u01b0\u01a1ng \u00e1n th\u00edch h\u1ee3p, ti\u1ebfn h\u00e0nh thi c\u00f4ng, l\u1eafp \u0111\u1eb7t\u00a0v\u00e1ch k\u00ednh\u00a0\u0111\u1ec3 \u0111\u1ea3m b\u1ea3o th\u1eddi gian, ti\u1ebfn \u0111\u1ed9 c\u00f4ng vi\u1ec7c.<\/p>\n<p>T\u00f9y thu\u1ed9c v\u00e0o nhu c\u1ea7u c\u1ee7a ch\u1ee7 \u0111\u1ea7u t\u01b0 \u0111\u1ec3 \u0111\u01b0a ra nh\u1eefng ph\u01b0\u01a1ng \u00e1n th\u00edch h\u1ee3p l\u1ef1a ch\u1ecdn \u0111\u1ed9 d\u00e0y c\u1ee7a k\u00ednh. C\u00e1c lo\u1ea1i\u00a0v\u00e1ch nh\u00f4m k\u00ednh\u00a0\u0111\u01b0\u1ee3c s\u1eed d\u1ee5ng ph\u1ed5 bi\u1ebfn hi\u1ec7n nay l\u00e0: 5mm, 8mm, 10mm v\u00e0 12mm.<\/p>\n<p>B\u01b0\u1edbc 4: Thi c\u00f4ng, l\u1eafp \u0111\u1eb7t ph\u1ea7n k\u1eb9p tr\u00ean v\u00e0 k\u1eb9p d\u01b0\u1edbi v\u00e0 khung:<\/p>\n<p>Ti\u1ebfn h\u00e0nh l\u1eafp \u0111\u1eb7t ph\u1ea7n k\u1eb9p tr\u00ean v\u00e0 k\u1eb9p d\u01b0\u1edbi c\u1ee7a\u00a0v\u00e1ch k\u00ednh\u00a0\u0111\u1ec3 c\u1ed1 \u0111\u1ecbnh\u00a0v\u00e1ch k\u00ednh. Ch\u00fa \u00fd trong khi l\u1eafp \u0111\u1eb7t kh\u00f4ng \u0111\u01b0\u1ee3c \u0111\u1ec3 khe h\u1edf gi\u1eefa hai t\u1ea5m k\u00ednh.<\/p>\n<p>C\u00f3 th\u1ec3 l\u1eafp th\u00eam khung \u0111\u1ec3 b\u1ea3o v\u1ec7\u00a0v\u00e1ch k\u00ednh\u00a0t\u1ed1t h\u01a1n n\u1ebfu ch\u1ee7 \u0111\u1ea7u t\u01b0 y\u00eau c\u1ea7u. C\u00f3 2 lo\u1ea1i khung th\u01b0\u1eddng s\u1eed d\u1ee5ng l\u00e0 khung b\u1eb1ng inox 304 ho\u1eb7c khung nh\u00f4m.<\/p>\n<p>B\u01b0\u1edbc 5: B\u00e0n giao v\u00e0 nghi\u1ec7m thu c\u00f4ng tr\u00ecnh.<\/p>\n<p>Ti\u1ebfn h\u00e0nh b\u00e0n giao c\u00f4ng tr\u00ecnh v\u00e0 nghi\u1ec7m thu c\u00f4ng tr\u00ecnh \u0111\u1ed3ng th\u1eddi h\u01b0\u1edbng d\u1eabn c\u00e1ch s\u1eed d\u1ee5ng v\u00e0 v\u1ec7 sinh \u0111\u1ec3 \u0111\u1ea3m b\u1ea3o\u00a0v\u00e1ch nh\u00f4m k\u00ednh\u00a0lu\u00f4n s\u00e1ng, b\u00f3ng.<\/p>\n<p>Sau khi l\u1eafp \u0111\u1eb7t xong trong v\u00f2ng 1 \u2013 3 gi\u1edd \u0111\u1ed3ng h\u1ed3 qu\u00fd kh\u00e1ch kh\u00f4ng \u0111\u1ed9ng ch\u1ea1m hay lau ch\u00f9i tr\u00ean k\u00ednh,\u2026.\u0111\u1ec3 \u0111\u1ea3m b\u1ea3o \u0111\u00fang ti\u00eau chu\u1ea9n k\u1ef9 thu\u1eadt v\u00e0 \u0111\u1ed9 b\u1ec1n c\u1ee7a keo Silicon d\u00e1n k\u00ednh.<\/p>\n<p><em>=&gt;&gt;Tham kh\u1ea3o th\u00eam\u00a0<a href=\"http:\/\/lamcuanhomgiare.com\/top-nhung-mau-cua-nhom-kinh-gia-re-duoc-ua-chuong\/\">c\u00e1c c\u00f4ng tr\u00ecnh thi c\u00f4ng c\u1eeda nh\u00f4m k\u00ednh gi\u00e1 r\u1ebb<\/a>\u00a0t\u1ea1i \u0111\u00e2y.<\/em><\/p>\n<p>\u0110\u1ec3 \u0111\u01b0\u1ee3c t\u01b0 v\u1ea5n v\u00e0 l\u1ef1a ch\u1ecdn m\u1eabu v\u00e1ch k\u00ednh ph\u00f9 h\u1ee3p v\u1edbi kh\u00f4ng gian nh\u00e0 b\u1ea1n thfi b\u1ea1n c\u00f3 th\u1ec3 li\u00ean h\u1ec7 \u0111\u1ebfn Nh\u00f4m k\u00ednh Ti\u00ean Phong \u0111\u1ec3 \u0111\u01b0\u1ee3c t\u01b0 v\u1ea5n chi ti\u1ebft nh\u1ea5t v\u1ec1 s\u1ea3n ph\u1ea9m. M\u1ecdi th\u00f4ng tin li\u00ean h\u1ec7:<\/p>\n<p>+ Hotline k\u1ef9 thu\u1eadt: 0977 009 353<\/p>\n<p>+ Hotline kinh doanh: 0931 077 704<\/p>\n<p>+ \u0110\u1ecba ch\u1ec9: S\u1ed1 39A, \u0110\u01b0\u1eddng 23,Ph\u01b0\u1eddng Hi\u1ec7p B\u00ecnh Ch\u00e1nh, Qu\u1eadn Th\u1ee7 \u0110\u1ee9c, Tp. HCM<\/p>\n","protected":false},"excerpt":{"rendered":"<p>V\u00e1ch ng\u0103n ph\u00f2ng ng\u1ee7 l\u00e0 lo\u1ea1i v\u00e1ch ng\u0103n gi\u00fap ng\u0103n c\u00e1ch gi\u1eefa ph\u00f2ng kh\u00e1ch v\u00e0 ph\u00f2ng ng\u1ee7, gi\u00fap cho m\u1ed7i ng\u01b0\u1eddi trong gia \u0111\u00ecnh c\u00f3 kh\u00f4ng gian ri\u00eang. Tuy nhi\u00ean, v\u00e1ch ng\u0103n ph\u00f2ng ng\u1ee7 gi\u00e1 r\u1ebb ch\u1ec9 c\u00f3 th\u1ec3 l\u00e0m b\u1eb1ng ch\u1ea5t li\u1ec7u nh\u00f4m. V\u1eady l\u00e0m v\u00e1ch ng\u0103n ph\u00f2ng ng\u1ee7 b\u1eb1ng nh\u00f4m gi\u00e1 r\u1ebb \u1edf &#8230;<\/p>\n","protected":false},"featured_media":216,"comment_status":"open","ping_status":"closed","template":"","meta":[],"product_cat":[15,26],"product_tag":[],"_links":{"self":[{"href":"https:\/\/demo.bmconnect.vn\/giacongcokhi\/wp-json\/wp\/v2\/product\/215"}],"collection":[{"href":"https:\/\/demo.bmconnect.vn\/giacongcokhi\/wp-json\/wp\/v2\/product"}],"about":[{"href":"https:\/\/demo.bmconnect.vn\/giacongcokhi\/wp-json\/wp\/v2\/types\/product"}],"replies":[{"embeddable":true,"href":"https:\/\/demo.bmconnect.vn\/giacongcokhi\/wp-json\/wp\/v2\/comments?post=215"}],"wp:featuredmedia":[{"embeddable":true,"href":"https:\/\/demo.bmconnect.vn\/giacongcokhi\/wp-json\/wp\/v2\/media\/216"}],"wp:attachment":[{"href":"https:\/\/demo.bmconnect.vn\/giacongcokhi\/wp-json\/wp\/v2\/media?parent=215"}],"wp:term":[{"taxonomy":"product_cat","embeddable":true,"href":"https:\/\/demo.bmconnect.vn\/giacongcokhi\/wp-json\/wp\/v2\/product_cat?post=215"},{"taxonomy":"product_tag","embeddable":true,"href":"https:\/\/demo.bmconnect.vn\/giacongcokhi\/wp-json\/wp\/v2\/product_tag?post=215"}],"curies":[{"name":"wp","href":"https:\/\/api.w.org\/{rel}","templated":true}]}}