{"id":212,"date":"2019-03-19T16:36:01","date_gmt":"2019-03-19T16:36:01","guid":{"rendered":"https:\/\/demo.bmconnect.vn\/giacongcokhi\/?post_type=product&#038;p=212"},"modified":"2019-03-19T16:36:01","modified_gmt":"2019-03-19T16:36:01","slug":"chuyen-gia-cong-cac-mat-hang-bang-inox-hop-theo-dung-yeu-2","status":"publish","type":"product","link":"https:\/\/demo.bmconnect.vn\/giacongcokhi\/san-pham\/chuyen-gia-cong-cac-mat-hang-bang-inox-hop-theo-dung-yeu-2\/","title":{"rendered":"Chuy\u00ean gia c\u00f4ng c\u00e1c m\u1eb7t h\u00e0ng b\u1eb1ng inox h\u1ed9p theo \u0111\u00fang y\u00eau &#8230;"},"content":{"rendered":"<p><strong>Khi b\u1ea1n \u0111\u00e3 l\u1ef1a ch\u1ecdn \u0111\u01b0\u1ee3c v\u1eadt li\u1ec7u cho v\u00e1ch ng\u0103n ph\u00f2ng ng\u1ee7 nh\u00e0 b\u1ea1n th\u00ec vi\u1ec7c ti\u1ebfp theo b\u1ea1n c\u1ea7n l\u00e0m \u0111\u00f3 l\u00e0 l\u1ef1a ch\u1ecdn \u0111\u01a1n v\u1ecb thi c\u00f4ng v\u00e1ch ng\u0103n uy t\u00edn ch\u1ea5t l\u01b0\u1ee3ng. V\u1eady ch\u1ecdn \u0111\u01a1n v\u1ecb thi c\u00f4ng v\u00e1ch ng\u0103n ph\u00f2ng ng\u1ee7 n\u00e0o th\u00ec uy t\u00edn ch\u1ea5t l\u01b0\u1ee3ng? \u0110\u1ec3 c\u00f3 \u0111\u01b0\u1ee3c \u0111\u01a1n v\u1ecb thi c\u00f4ng v\u00e1ch ng\u0103n ph\u00f2ng ng\u1ee7 t\u1ed1t th\u00ec m\u1eddi c\u00e1c b\u1ea1n tham kh\u1ea3o b\u00e0o vi\u1ebft d\u01b0\u1edbi \u0111\u00e2y c\u1ee7a Nh\u00f4m k\u00ednh Ti\u00ean Phong.<\/strong><\/p>\n<h1><strong>V\u00e1ch ng\u0103n ph\u00f2ng ng\u1ee7 nh\u00f4m k\u00ednh<\/strong><\/h1>\n<p>Hay nh\u1eefng thi\u1ebft k\u1ebf c\u00f3 khung nh\u00f4m b\u00ean d\u01b0\u1edbi v\u00e0 c\u00f3 l\u1edbp k\u00ednh b\u00ean tr\u00ean, k\u00ednh n\u00e0y c\u00f3 th\u1ec3 s\u1eed d\u1ee5ng k\u00ednh m\u1edd, hay k\u00ednh trong, k\u00ednh c\u00f3 h\u1ecda ti\u1ebft trang tr\u00ed \u0111\u1ec3 l\u00e0m \u0111\u1ea3m b\u1ea3o t\u00ednh ch\u1ea5t kh\u00f4ng gian sinh ho\u1ea1t ri\u00eang c\u1ee7a t\u1eebng ng\u01b0\u1eddi, t\u1ea5t nhi\u00ean c\u00f3 r\u00e8m c\u1eeda \u0111i k\u00e8m \u0111\u1ec3 c\u00f3 th\u1ec3 s\u1eed d\u1ee5ng khi c\u1ea7n thi\u1ebft cho m\u1ed7i ng\u01b0\u1eddi. T\u00ednh \u1ee9ng d\u1ee5ng c\u1ee7a nh\u1eefng\u00a0v\u00e1ch ng\u0103n ph\u00f2ng ng\u1ee7 b\u1eb1ng nh\u00f4m k\u00ednh c\u01b0\u1eddng l\u1ef1c\u00a0n\u00e0y r\u1ea5t cao, mang t\u00ednh th\u1ea9m m\u1ef9 cho kh\u00f4ng gian s\u1ed1ng v\u00e0 ph\u1ea3i \u0111\u1ea3m b\u1ea3o \u0111\u00fang t\u00ednh ch\u1ea5t kh\u00f4ng gian ri\u00eang c\u1ee7a m\u1ed7i ng\u01b0\u1eddi. Ch\u00fang t\u00f4i s\u1ebd t\u00f9 thu\u1ed9c v\u00e0o kh\u00f4ng gian di\u1ec7n t\u00edch c\u1ee7a ng\u00f4i nh\u00e0 c\u00e1c b\u1ea1n v\u00e0 s\u1ebd ti\u1ebfp nh\u1eadn nh\u1eefng th\u00f4ng tin c\u0169ng nh\u01b0 nhu c\u1ea7u mong mu\u1ed1n c\u1ee7a qu\u00fd kh\u00e1ch v\u00e0 ti\u1ebfn h\u00e0nh thi\u1ebft k\u1ebf theo \u0111\u00fang nhu c\u1ea7u v\u00e0 sinh ho\u1ea1t c\u1ee7a gia \u0111\u00ecnh c\u1ee7a c\u00e1c b\u1ea1n.<\/p>\n<p><a href=\"http:\/\/lamcuanhomgiare.com\/wp-content\/uploads\/2017\/12\/vach-ngan-phong-ngu-bang-nhom-kinh-02.jpg\"><img loading=\"lazy\" class=\"size-medium wp-image-366 aligncenter\" src=\"http:\/\/lamcuanhomgiare.com\/wp-content\/uploads\/2017\/12\/vach-ngan-phong-ngu-bang-nhom-kinh-02-300x200.jpg\" sizes=\"(max-width: 300px) 100vw, 300px\" srcset=\"http:\/\/lamcuanhomgiare.com\/wp-content\/uploads\/2017\/12\/vach-ngan-phong-ngu-bang-nhom-kinh-02-300x200.jpg 300w, http:\/\/lamcuanhomgiare.com\/wp-content\/uploads\/2017\/12\/vach-ngan-phong-ngu-bang-nhom-kinh-02.jpg 500w\" alt=\"\" width=\"300\" height=\"200\" \/><\/a><\/p>\n<h1><strong>\u0110i\u1ec3m n\u1ed5i b\u1eadt c\u1ee7a v\u00e1ch ng\u0103n nh\u00f4m k\u00ednh ph\u00f2ng ng\u1ee7<\/strong><\/h1>\n<p>V\u1edbi nh\u1eefng \u01b0u \u0111i\u1ec3m v\u00e0 t\u00ednh n\u0103ng tuy\u1ec7t v\u1eddi, v\u00e1ch k\u00ednh c\u01b0\u1eddng l\u1ef1c \u0111ang l\u00e0 s\u1ef1 l\u1ef1a ch\u1ecdn h\u00e0ng \u0111\u1ea7u c\u1ee7a ki\u1ebfn tr\u00fac s\u01b0:<\/p>\n<ul>\n<li>T\u0103ng t\u00ednh th\u1ea9m m\u1ef9 cho kh\u00f4ng gian n\u1ed9i th\u1ea5t ph\u00f2ng ng\u1ee7: Thay v\u00ec s\u1eed d\u1ee5ng c\u00e1c lo\u1ea1i\u00a0v\u00e1ch nagwn ph\u00f2ngtruy\u1ec1n th\u1ed1ng th\u00ec ch\u00fang ta s\u1eed d\u1ee5ng v\u00e1ch ng\u0103n b\u1eb1ng k\u00ednh c\u01b0\u1eddng l\u1ef1c<\/li>\n<li>T\u1ea1o c\u1ea3m gi\u00e1c kh\u00f4ng gian tho\u00e1ng h\u01a1n<\/li>\n<li>V\u00e1ch ng\u0103n k\u00ednh ng\u0103n gi\u1eefa ph\u00f2ng ng\u1ee7 v\u00e0 ph\u00f2ng t\u1eafm g\u00f3p ph\u1ea7n v\u00e0o vi\u1ec7c trang tr\u00ed n\u1ed9i th\u1eadt t\u1ed5ng th\u1ec3 c\u1ee7a ph\u00f2ng ng\u1ee7<\/li>\n<li>B\u00ean c\u1ea1nh \u0111\u00f3 n\u00f3 gi\u00fap ti\u1ebft ki\u1ec7m di\u1ec7n t\u00edch cho kh\u00f4ng gian c\u0103n ph\u00f2ng b\u1edfi v\u00e1ch k\u00ednh c\u01b0\u1eddng l\u1ef1c ch\u1ec9 c\u00f3 \u0111\u1ed9 d\u00e0y kho\u1ea3ng 10 \u2013 12mm.<\/li>\n<\/ul>\n<h1><strong>Thi c\u00f4ng v\u00e1ch ng\u0103n ph\u00f2ng ng\u1ee7 nh\u00f4m k\u00ednh t\u1ea1i HCM<\/strong><\/h1>\n<ul>\n<li>\u2013 V\u1ec1 thi\u1ebft k\u1ebf:<\/li>\n<\/ul>\n<p>Ch\u00fang t\u00f4i mi\u00ea\u0303n phi\u0301 t\u01b0 v\u00e2\u0301n v\u00e0 thi\u1ebft k\u1ebf c\u00e1c s\u1ea3n ph\u1ea9m v\u00e1ch k\u00ednh ph\u00f2ng ng\u1ee7 t\u1ea5t c\u1ea3 c\u00e1c ng\u00e0y trong tu\u1ea7n k\u1ec3 c\u1ea3 ng\u00e0y l\u1ec5 v\u00e0 ch\u1ee7 nh\u1eadt v\u1edbi th\u1eddi gian 24h trong ng\u00e0y cho quy\u0301 kha\u0301ch ha\u0300ng co\u0301 nhu c\u00e2\u0300u<\/p>\n<p>\u01afu th\u1ebf v\u1ec1 m\u1ef9 thu\u1eadt v\u00e0 ki\u1ec3u d\u00e1ng: K\u00ednh c\u00f3 m\u00e0u s\u1eafc, \u0111\u1ed9 d\u00e0y, k\u00edch th\u01b0\u1edbc v\u00e0 h\u00ecnh th\u1ec3 \u0111a d\u1ea1ng gi\u00fap c\u00e1c ki\u1ebfn tr\u00fac s\u01b0 c\u00f3 nhi\u1ec1u s\u1ef1 l\u1ef1a ch\u1ecdn h\u01a1n<\/p>\n<p>C\u00e1c m\u1eabu thi\u1ebft k\u1ebf v\u00e1ch ng\u0103n k\u00ednh c\u1ee7a ch\u00fang t\u00f4i lu\u00f4n \u0111\u1ea1t ti\u00eau chu\u1ea9n nh\u01b0 v\u1ecb tr\u00ed \u0111\u1eb7t c\u1eeda, c\u0169ng nh\u01b0 h\u01b0\u1edbng m\u1edf c\u1eeda sao cho h\u1ee3p l\u00fd nh\u1ea5t \u0111\u1ed1i v\u1edbi di\u1ec7n t\u00edch v\u00e0 kh\u00f4ng gian hi\u1ec7n t\u1ea1i c\u1ee7a ph\u00f2ng ng\u1ee7<\/p>\n<ul>\n<li>\u2013 V\u1ec1 ch\u1ea5t l\u01b0\u1ee3ng s\u1ea3n ph\u1ea9m:<\/li>\n<\/ul>\n<p>S\u1ea3n ph\u1ea9m ho\u1ea1t \u0111\u1ed9ng \u1ed5n \u0111\u1ecbnh v\u00e0 ch\u1eafc ch\u1eafn.<\/p>\n<p>\u0110\u1ea1t ti\u00eau chu\u1ea9n v\u1ec1 k\u1ef9 thu\u1eadt nh\u01b0: Hai c\u00e1nh c\u1eeda kh\u00f4ng b\u1ecb v\u00eanh, chi\u1ec1u cao b\u1eb1ng nhau.<\/p>\n<p>Ph\u1ee5 ki\u1ec7n \u0111\u01b0\u1ee3c nh\u1eadp kh\u1ea9u ch\u00ednh h\u00e3ng VVP Th\u00e1i Lan, Hand, Newstar, Hafler..<\/p>\n<p>Gi\u00e1 v\u00e1ch ng\u0103n ph\u00f2ng ng\u1ee7 b\u1eb1ng k\u00ednh c\u1ee7a ch\u00fang t\u00f4i\u00a0lu\u00f4n r\u1ebb h\u01a1n so v\u1edbi c\u00e1c \u0111\u01a1n v\u1ecb kh\u00e1c tr\u00ean th\u1ecb tr\u01b0\u1eddng H\u00e0 N\u1ed9i, HCM.<\/p>\n<ul>\n<li>\u2013 V\u1ec1 d\u1ecbch v\u1ee5:<\/li>\n<\/ul>\n<p>Th\u1eddi gian v\u1eadn chuy\u1ec3n v\u00e0 l\u1eafp \u0111\u1eb7t v\u00e1ch ng\u0103n k\u00ednh ph\u00f2ng ng\u1ee7 sau 5 ng\u00e0y k\u1ec3 t\u1eeb ng\u00e0y k\u00fd h\u1ee3p \u0111\u1ed3ng ( tr\u1eeb ng\u00e0y l\u1ec5, v\u00e0 c\u00e1c ch\u1ee7 nh\u1eadt).<\/p>\n<p>Mi\u1ec5n ph\u00ed v\u1eadn chuy\u1ec3n giao h\u00e0ng khu v\u1ef1c n\u1ed9i th\u00e0nh, tr\u01b0\u1eddng h\u1ee3p ngo\u1ea1i th\u00e0nh s\u1ebd t\u00ednh th\u00eam ph\u00ed 15.000\u0111\/1km (l\u1ea5y b\u1ebfn xe l\u00e0m g\u1ed1c).<\/p>\n<p>Th\u1eddi gian b\u1ea3o h\u00e0nh: 1 n\u0103m v\u1ec1 ph\u1ee5 ki\u1ec7n c\u1eeda, k\u00ednh b\u1ea3o h\u00e0nh 2 n\u0103m ( tr\u1eeb c\u00e1c tr\u01b0\u1eddng h\u1ee3p do ch\u00ednh kh\u00e1ch h\u00e0ng t\u00e1c \u0111\u1ed9ng tr\u1ef1c ti\u1ebfp).<\/p>\n<p><a href=\"http:\/\/lamcuanhomgiare.com\/wp-content\/uploads\/2017\/12\/vach-ngan-phong-ngu-bang-nhom.jpg\"><img loading=\"lazy\" class=\"size-medium wp-image-376 aligncenter\" src=\"http:\/\/lamcuanhomgiare.com\/wp-content\/uploads\/2017\/12\/vach-ngan-phong-ngu-bang-nhom-277x300.jpg\" sizes=\"(max-width: 277px) 100vw, 277px\" srcset=\"http:\/\/lamcuanhomgiare.com\/wp-content\/uploads\/2017\/12\/vach-ngan-phong-ngu-bang-nhom-277x300.jpg 277w, http:\/\/lamcuanhomgiare.com\/wp-content\/uploads\/2017\/12\/vach-ngan-phong-ngu-bang-nhom.jpg 554w\" alt=\"\" width=\"277\" height=\"300\" \/><\/a><\/p>\n<h1><strong>Quy tr\u00ecnh l\u1eafp \u0111\u1eb7t v\u00e1ch ng\u0103n nh\u00f4m k\u00ednh t\u1ea1i Nh\u00f4m k\u00ednh Ti\u00ean Phong<\/strong><\/h1>\n<p>\u2013 C\u00e1c kh\u00e1ch h\u00e0ng c\u00f3 nhu c\u1ea7u l\u1eafp \u0111\u1eb7t khi li\u00ean h\u1ec7 s\u1ebd \u0111\u01b0\u1ee3c nh\u00e2n vi\u00ean t\u01b0 v\u1ea5n t\u1ea1i c\u00f4ng ty gi\u1edbi thi\u1ec7u c\u1ee5 th\u1ec3 v\u1ec1 c\u00e1c m\u1eabu v\u1eadt li\u1ec7u, v\u00e1ch nh\u00f4m k\u00ednh ph\u00f9 h\u1ee3p.<\/p>\n<p>\u2013 Nh\u00e2n vi\u00ean k\u1ef9 thu\u1eadt tr\u1ef1c ti\u1ebfp \u0111\u1ebfn nh\u00e0 \u1edf, c\u00f4ng trinh \u0111\u1ec3 kh\u1ea3o s\u00e1t v\u00e0 t\u01b0 v\u1ea5n l\u1ef1a ch\u1ecdn m\u1eabu thi\u1ebft k\u1ebf ph\u00f9 h\u1ee3p v\u1edbi kh\u00f4ng gian nh\u00e0 b\u1ea1n. Sau \u0111\u00f3 s\u1ebd b\u00e1o gi\u00e1 chi ti\u1ebft v\u1ec1 d\u1ecbch v\u1ee5.<\/p>\n<p>\u2013 Sau khi th\u1ed1ng nh\u1ea5t v\u1ec1 thi\u1ebft k\u1ebf c\u0169ng nh\u01b0 b\u00e1o gi\u00e1 s\u1ea3n ph\u1ea9m v\u1edbi kh\u00e1ch h\u00e0ng, ch\u00fang t\u00f4i s\u1ebd ti\u1ebfn h\u00e0nh \u0111o \u0111\u1ea1c ch\u00ednh x\u00e1c.<\/p>\n<p>\u2013 Thi c\u00f4ng v\u00e0 v\u1eadn chuy\u1ec3n v\u1eadt li\u1ec7u \u0111\u1ebfn c\u00f4ng tr\u00ecnh.<\/p>\n<p>\u2013 Ti\u1ebfn h\u00e0nh l\u1eafp \u0111\u1eb7t s\u1ea3n ph\u1ea9m trong th\u1eddi gian nhanh nh\u1ea5t v\u00e0 b\u00e0n giao cho kh\u00e1ch h\u00e0ng<\/p>\n<p>\u2013 Ti\u1ebfn h\u00e0nh thanh to\u00e1n h\u1ee3p \u0111\u1ed3ng v\u1edbi kh\u00e1ch h\u00e0ng.<\/p>\n<p>\u0110\u1ec3 c\u00f3 nh\u1eefng th\u00f4ng tin ch\u00ednh x\u00e1c c\u0169ng nh\u01b0 d\u1ecbch v\u1ee5 t\u01b0 v\u1ea5n mi\u1ec5n ph\u00ed c\u00f9ng v\u1edbi c\u00e1c m\u1eabu m\u00e3 thi\u1ebft k\u1ebf,\u00a0d\u1ecbch v\u1ee5 l\u00e0m c\u1eeda nh\u00f4m k\u00ednh\u00a0t\u1ea1i Nh\u00f4m k\u00ednh Ti\u00ean Phong, h\u00e3y li\u00ean h\u1ec7 v\u1edbi ch\u00fang t\u00f4i. Ch\u00fang t\u00f4i lu\u00f4n cam k\u1ebft mang l\u1ea1i nh\u1eefng d\u1ecbch v\u1ee5 t\u1ed1t nh\u1ea5t cho qu\u00fd kh\u00e1ch h\u00e0ng.\u00a0 M\u1ecdi th\u00f4ng tin chi ti\u1ebft xin vui l\u00f2ng li\u00ean h\u1ec7 v\u1edbi Nh\u00f4m k\u00ednh Ti\u00ean Phong:<\/p>\n<p>+ Hotline k\u1ef9 thu\u1eadt: 0977 009 353<\/p>\n<p>+ Hotline kinh doanh: 0931 077 704<\/p>\n<p>+ \u0110\u1ecba ch\u1ec9: S\u1ed1 39A, \u0110\u01b0\u1eddng 23,Ph\u01b0\u1eddng Hi\u1ec7p B\u00ecnh Ch\u00e1nh, Qu\u1eadn Th\u1ee7 \u0110\u1ee9c, Tp. HCM<\/p>\n","protected":false},"excerpt":{"rendered":"<p>Khi b\u1ea1n \u0111\u00e3 l\u1ef1a ch\u1ecdn \u0111\u01b0\u1ee3c v\u1eadt li\u1ec7u cho v\u00e1ch ng\u0103n ph\u00f2ng ng\u1ee7 nh\u00e0 b\u1ea1n th\u00ec vi\u1ec7c ti\u1ebfp theo b\u1ea1n c\u1ea7n l\u00e0m \u0111\u00f3 l\u00e0 l\u1ef1a ch\u1ecdn \u0111\u01a1n v\u1ecb thi c\u00f4ng v\u00e1ch ng\u0103n uy t\u00edn ch\u1ea5t l\u01b0\u1ee3ng. V\u1eady ch\u1ecdn \u0111\u01a1n v\u1ecb thi c\u00f4ng v\u00e1ch ng\u0103n ph\u00f2ng ng\u1ee7 n\u00e0o th\u00ec uy t\u00edn ch\u1ea5t l\u01b0\u1ee3ng? \u0110\u1ec3 c\u00f3 \u0111\u01b0\u1ee3c &#8230;<\/p>\n","protected":false},"featured_media":214,"comment_status":"open","ping_status":"closed","template":"","meta":[],"product_cat":[27,26],"product_tag":[],"_links":{"self":[{"href":"https:\/\/demo.bmconnect.vn\/giacongcokhi\/wp-json\/wp\/v2\/product\/212"}],"collection":[{"href":"https:\/\/demo.bmconnect.vn\/giacongcokhi\/wp-json\/wp\/v2\/product"}],"about":[{"href":"https:\/\/demo.bmconnect.vn\/giacongcokhi\/wp-json\/wp\/v2\/types\/product"}],"replies":[{"embeddable":true,"href":"https:\/\/demo.bmconnect.vn\/giacongcokhi\/wp-json\/wp\/v2\/comments?post=212"}],"wp:featuredmedia":[{"embeddable":true,"href":"https:\/\/demo.bmconnect.vn\/giacongcokhi\/wp-json\/wp\/v2\/media\/214"}],"wp:attachment":[{"href":"https:\/\/demo.bmconnect.vn\/giacongcokhi\/wp-json\/wp\/v2\/media?parent=212"}],"wp:term":[{"taxonomy":"product_cat","embeddable":true,"href":"https:\/\/demo.bmconnect.vn\/giacongcokhi\/wp-json\/wp\/v2\/product_cat?post=212"},{"taxonomy":"product_tag","embeddable":true,"href":"https:\/\/demo.bmconnect.vn\/giacongcokhi\/wp-json\/wp\/v2\/product_tag?post=212"}],"curies":[{"name":"wp","href":"https:\/\/api.w.org\/{rel}","templated":true}]}}