{"id":199,"date":"2019-03-19T16:27:13","date_gmt":"2019-03-19T16:27:13","guid":{"rendered":"https:\/\/demo.bmconnect.vn\/giacongcokhi\/?post_type=product&#038;p=199"},"modified":"2019-03-19T16:27:14","modified_gmt":"2019-03-19T16:27:14","slug":"cua-cong-dep-sat-kem-sp-48535","status":"publish","type":"product","link":"https:\/\/demo.bmconnect.vn\/giacongcokhi\/san-pham\/cua-cong-dep-sat-kem-sp-48535\/","title":{"rendered":"C\u1eeda C\u1ed5ng \u0110\u1eb9p S\u1eaft K\u1ebdm SP-48535"},"content":{"rendered":"<p>Ch\u1ea5t Li\u1ec7u: S\u1eaft nh\u1eadp, s\u1ea3n ph\u1ea9m \u0111\u01b0\u1ee3c m\u1ea1 K\u1ebdm, s\u01a1n hai th\u00e0nh ph\u1ea7n(Lo\u1ea1i S\u01a1n T\u1ea7u Bi\u1ec3n) kh\u00f4ng s\u00e9t r\u1ec9 ,m\u1ea7u lu\u00f4n lu\u00f4n m\u1edbi ,<\/p>\n<p>kh\u00f4ng phai m\u1ea7u&#8230;<\/p>\n<p>Ki\u1ec3u d\u00e1ng: Hi\u1ec7n \u0111\u1ea1i, \u0111\u01a1n gi\u1ea3n, \u0111\u1ed9c \u0111\u00e1o, ph\u00e1 c\u00e1ch .<\/p>\n<p>M\u00e0u s\u1eafc: T\u00f9y theo s\u1ef1 ch\u1ecdn l\u1ef1a c\u1ee7a Ch\u1ee7 \u0110\u1ea7u T\u01b0<\/p>\n<p>S\u1ea3n xu\u1ea5t :C\u01a1 Kh\u00ed X\u00e2y D\u1ef1ng V\u0169 Khanh<\/p>\n","protected":false},"excerpt":{"rendered":"<p><strong>Ch\u1ea5t Li\u1ec7u:\u00a0<\/strong>S\u1eaft nh\u1eadp, s\u1ea3n ph\u1ea9m \u0111\u01b0\u1ee3c m\u1ea1 K\u1ebdm, s\u01a1n hai th\u00e0nh ph\u1ea7n(Lo\u1ea1i S\u01a1n T\u1ea7u Bi\u1ec3n) kh\u00f4ng s\u00e9t r\u1ec9 ,m\u1ea7u lu\u00f4n lu\u00f4n m\u1edbi, kh\u00f4ng phai m\u1ea7u&#8230;<\/p>\n<p><strong>Ki\u1ec3u d\u00e1ng:<\/strong>\u00a0Hi\u1ec7n \u0111\u1ea1i, \u0111\u01a1n gi\u1ea3n, \u0111\u1ed9c \u0111\u00e1o, ph\u00e1 c\u00e1ch .<\/p>\n<p><strong>M\u00e0u s\u1eafc:\u00a0<\/strong>T\u00f9y theo s\u1ef1 ch\u1ecdn l\u1ef1a c\u1ee7a Ch\u1ee7 \u0110\u1ea7u T\u01b0<\/p>\n<p><strong>S\u1ea3n xu\u1ea5t :<\/strong>C\u01a1 Kh\u00ed X\u00e2y D\u1ef1ng Th\u1ee7 \u0110\u00f4<\/p>\n","protected":false},"featured_media":200,"comment_status":"open","ping_status":"closed","template":"","meta":[],"product_cat":[15,17,20,19],"product_tag":[],"_links":{"self":[{"href":"https:\/\/demo.bmconnect.vn\/giacongcokhi\/wp-json\/wp\/v2\/product\/199"}],"collection":[{"href":"https:\/\/demo.bmconnect.vn\/giacongcokhi\/wp-json\/wp\/v2\/product"}],"about":[{"href":"https:\/\/demo.bmconnect.vn\/giacongcokhi\/wp-json\/wp\/v2\/types\/product"}],"replies":[{"embeddable":true,"href":"https:\/\/demo.bmconnect.vn\/giacongcokhi\/wp-json\/wp\/v2\/comments?post=199"}],"wp:featuredmedia":[{"embeddable":true,"href":"https:\/\/demo.bmconnect.vn\/giacongcokhi\/wp-json\/wp\/v2\/media\/200"}],"wp:attachment":[{"href":"https:\/\/demo.bmconnect.vn\/giacongcokhi\/wp-json\/wp\/v2\/media?parent=199"}],"wp:term":[{"taxonomy":"product_cat","embeddable":true,"href":"https:\/\/demo.bmconnect.vn\/giacongcokhi\/wp-json\/wp\/v2\/product_cat?post=199"},{"taxonomy":"product_tag","embeddable":true,"href":"https:\/\/demo.bmconnect.vn\/giacongcokhi\/wp-json\/wp\/v2\/product_tag?post=199"}],"curies":[{"name":"wp","href":"https:\/\/api.w.org\/{rel}","templated":true}]}}