{"id":196,"date":"2019-03-19T16:25:49","date_gmt":"2019-03-19T16:25:49","guid":{"rendered":"https:\/\/demo.bmconnect.vn\/giacongcokhi\/?post_type=product&#038;p=196"},"modified":"2019-03-19T16:25:49","modified_gmt":"2019-03-19T16:25:49","slug":"mau-lan-can-cau-thang-inox-01","status":"publish","type":"product","link":"https:\/\/demo.bmconnect.vn\/giacongcokhi\/san-pham\/mau-lan-can-cau-thang-inox-01\/","title":{"rendered":"M\u1eabu lan can c\u1ea7u thang inox 01"},"content":{"rendered":"<p>Ch\u00fang t\u00f4i xin cung c\u1ea5p m\u1ed9t s\u1ed1 m\u1eabu lan can tay v\u1ecbn c\u1ea7u thang inox \u0111\u1eb9p. Nh\u1eefng m\u1eabu n\u00e0y \u0111ang s\u1eed d\u1ee5ng trong x\u00e2y d\u1ef1ng d\u00e2n d\u1ee5ng hi\u1ec7n nay m\u00e0 chung t\u00f4i \u0111\u00e3 cung c\u1ea5p cho kh\u00e1ch h\u00e0ng. Xin \u0111\u01b0a ra cho qu\u00fd kh\u00e1ch tham kh\u1ea3o<\/p>\n","protected":false},"excerpt":{"rendered":"<p>Ch\u00fang t\u00f4i xin cung c\u1ea5p m\u1ed9t s\u1ed1 m\u1eabu lan can tay v\u1ecbn c\u1ea7u thang inox \u0111\u1eb9p. Nh\u1eefng m\u1eabu n\u00e0y \u0111ang s\u1eed d\u1ee5ng trong x\u00e2y d\u1ef1ng d\u00e2n d\u1ee5ng hi\u1ec7n nay m\u00e0 chung t\u00f4i \u0111\u00e3 cung c\u1ea5p cho kh\u00e1ch h\u00e0ng. Xin \u0111\u01b0a ra cho qu\u00fd kh\u00e1ch tham kh\u1ea3o<\/p>\n","protected":false},"featured_media":197,"comment_status":"open","ping_status":"closed","template":"","meta":[],"product_cat":[15,16],"product_tag":[],"_links":{"self":[{"href":"https:\/\/demo.bmconnect.vn\/giacongcokhi\/wp-json\/wp\/v2\/product\/196"}],"collection":[{"href":"https:\/\/demo.bmconnect.vn\/giacongcokhi\/wp-json\/wp\/v2\/product"}],"about":[{"href":"https:\/\/demo.bmconnect.vn\/giacongcokhi\/wp-json\/wp\/v2\/types\/product"}],"replies":[{"embeddable":true,"href":"https:\/\/demo.bmconnect.vn\/giacongcokhi\/wp-json\/wp\/v2\/comments?post=196"}],"wp:featuredmedia":[{"embeddable":true,"href":"https:\/\/demo.bmconnect.vn\/giacongcokhi\/wp-json\/wp\/v2\/media\/197"}],"wp:attachment":[{"href":"https:\/\/demo.bmconnect.vn\/giacongcokhi\/wp-json\/wp\/v2\/media?parent=196"}],"wp:term":[{"taxonomy":"product_cat","embeddable":true,"href":"https:\/\/demo.bmconnect.vn\/giacongcokhi\/wp-json\/wp\/v2\/product_cat?post=196"},{"taxonomy":"product_tag","embeddable":true,"href":"https:\/\/demo.bmconnect.vn\/giacongcokhi\/wp-json\/wp\/v2\/product_tag?post=196"}],"curies":[{"name":"wp","href":"https:\/\/api.w.org\/{rel}","templated":true}]}}