{"id":34,"date":"2019-03-19T10:17:05","date_gmt":"2019-03-19T10:17:05","guid":{"rendered":"https:\/\/demo.bmconnect.vn\/giacongcokhi\/?page_id=34"},"modified":"2019-03-19T20:24:57","modified_gmt":"2019-03-19T20:24:57","slug":"lien-he","status":"publish","type":"page","link":"https:\/\/demo.bmconnect.vn\/giacongcokhi\/lien-he\/","title":{"rendered":"Li\u00ean h\u1ec7"},"content":{"rendered":"<p><strong>C\u00d4NG TY C\u1ed4 PH\u1ea6N C\u01a0 KH\u00cd TH\u1ee6 \u0110\u00d4<\/strong><\/p>\n<p>\u0110\u1ecba ch\u1ec9: P12A13 S\u1ea3nh B, To\u00e0 nh\u00e0 HH2 B\u1eafc H\u00e0, T\u1ed1 H\u1eefu, Thanh Xu\u00e2n, H\u00e0 N\u1ed9i<\/p>\n<p>\u0110i\u1ec7n tho\u1ea1i: 04.668.628.57 &#8211; Hotline: 0888 0888 28<\/p>\n<p>Email: info@cokhithudo.vn | Website: www.cokhithudo.vn<\/p>\n<p>C\u1ea3m \u01a1n qu\u00fd v\u1ecb \u0111\u00e3 v\u00e0o th\u0103m Website c\u1ee7a ch\u00fang t\u00f4i! N\u1ebfu Qu\u00fd v\u1ecb c\u00f3 y\u00eau c\u1ea7u hay \u00fd ki\u1ebfn \u0111\u00f3ng g\u00f3p n\u00e0o, xin h\u00e3y s\u1eed d\u1ee5ng m\u1eabu d\u01b0\u1edbi \u0111\u00e2y. Ch\u00fang t\u00f4i s\u1ebd tr\u1ea3 l\u1eddi nh\u1eefng y\u00eau c\u1ea7u c\u1ee7a Qu\u00fd v\u1ecb trong th\u1eddi gian s\u1edbm nh\u1ea5t.<\/p>\n<div role=\"form\" class=\"wpcf7\" id=\"wpcf7-f394-o1\" lang=\"vi\" dir=\"ltr\">\n<div class=\"screen-reader-response\"><p role=\"status\" aria-live=\"polite\" aria-atomic=\"true\"><\/p> <ul><\/ul><\/div>\n<form action=\"\/giacongcokhi\/wp-json\/wp\/v2\/pages\/34#wpcf7-f394-o1\" method=\"post\" class=\"wpcf7-form init\" novalidate=\"novalidate\" data-status=\"init\">\n<div style=\"display: none;\">\n<input type=\"hidden\" name=\"_wpcf7\" value=\"394\" \/>\n<input type=\"hidden\" name=\"_wpcf7_version\" value=\"5.4.2\" \/>\n<input type=\"hidden\" name=\"_wpcf7_locale\" value=\"vi\" \/>\n<input type=\"hidden\" name=\"_wpcf7_unit_tag\" value=\"wpcf7-f394-o1\" \/>\n<input type=\"hidden\" name=\"_wpcf7_container_post\" value=\"0\" \/>\n<input type=\"hidden\" name=\"_wpcf7_posted_data_hash\" value=\"\" \/>\n<\/div>\n<div class=\"form-lien-he\">\n<h3>Th\u00f4ng tin kh\u00e1ch h\u00e0ng<\/h3>\n<p><span class=\"wpcf7-form-control-wrap text-592\"><input type=\"text\" name=\"text-592\" value=\"\" size=\"40\" class=\"wpcf7-form-control wpcf7-text wpcf7-validates-as-required\" aria-required=\"true\" aria-invalid=\"false\" placeholder=\"H\u1ecd t\u00ean c\u1ee7a b\u1ea1n...\" \/><\/span><br \/>\n<span class=\"wpcf7-form-control-wrap tel-245\"><input type=\"tel\" name=\"tel-245\" value=\"\" size=\"40\" class=\"wpcf7-form-control wpcf7-text wpcf7-tel wpcf7-validates-as-required wpcf7-validates-as-tel\" aria-required=\"true\" aria-invalid=\"false\" placeholder=\"S\u1ed1 \u0111i\u1ec7n tho\u1ea1i\" \/><\/span><br \/>\n<span class=\"wpcf7-form-control-wrap email-577\"><input type=\"email\" name=\"email-577\" value=\"\" size=\"40\" class=\"wpcf7-form-control wpcf7-text wpcf7-email wpcf7-validates-as-email\" aria-invalid=\"false\" placeholder=\"\u0110\u1ecba ch\u1ec9 email...\" \/><\/span><br \/>\n<span class=\"wpcf7-form-control-wrap textarea-136\"><textarea name=\"textarea-136\" cols=\"40\" rows=\"10\" class=\"wpcf7-form-control wpcf7-textarea\" aria-invalid=\"false\" placeholder=\"Ghi ch\u00fa...\"><\/textarea><\/span><br \/>\n<input type=\"submit\" value=\"G\u1eedi li\u00ean h\u1ec7\" class=\"wpcf7-form-control wpcf7-submit\" \/>\n<\/p><\/div>\n<div class=\"wpcf7-response-output\" aria-hidden=\"true\"><\/div><\/form><\/div>\n","protected":false},"excerpt":{"rendered":"<p>C\u00d4NG TY C\u1ed4 PH\u1ea6N C\u01a0 KH\u00cd TH\u1ee6 \u0110\u00d4 \u0110\u1ecba ch\u1ec9: P12A13 S\u1ea3nh B, To\u00e0 nh\u00e0 HH2 B\u1eafc H\u00e0, T\u1ed1 H\u1eefu, Thanh Xu\u00e2n, H\u00e0 N\u1ed9i \u0110i\u1ec7n tho\u1ea1i: 04.668.628.57 &#8211; Hotline: 0888 0888 28 Email: info@cokhithudo.vn | Website: www.cokhithudo.vn C\u1ea3m \u01a1n qu\u00fd v\u1ecb \u0111\u00e3 v\u00e0o th\u0103m Website c\u1ee7a ch\u00fang t\u00f4i! N\u1ebfu Qu\u00fd v\u1ecb c\u00f3 y\u00eau c\u1ea7u hay &#8230;<\/p>\n","protected":false},"author":1,"featured_media":0,"parent":0,"menu_order":0,"comment_status":"closed","ping_status":"closed","template":"page-right-sidebar.php","meta":[],"_links":{"self":[{"href":"https:\/\/demo.bmconnect.vn\/giacongcokhi\/wp-json\/wp\/v2\/pages\/34"}],"collection":[{"href":"https:\/\/demo.bmconnect.vn\/giacongcokhi\/wp-json\/wp\/v2\/pages"}],"about":[{"href":"https:\/\/demo.bmconnect.vn\/giacongcokhi\/wp-json\/wp\/v2\/types\/page"}],"author":[{"embeddable":true,"href":"https:\/\/demo.bmconnect.vn\/giacongcokhi\/wp-json\/wp\/v2\/users\/1"}],"replies":[{"embeddable":true,"href":"https:\/\/demo.bmconnect.vn\/giacongcokhi\/wp-json\/wp\/v2\/comments?post=34"}],"version-history":[{"count":3,"href":"https:\/\/demo.bmconnect.vn\/giacongcokhi\/wp-json\/wp\/v2\/pages\/34\/revisions"}],"predecessor-version":[{"id":538,"href":"https:\/\/demo.bmconnect.vn\/giacongcokhi\/wp-json\/wp\/v2\/pages\/34\/revisions\/538"}],"wp:attachment":[{"href":"https:\/\/demo.bmconnect.vn\/giacongcokhi\/wp-json\/wp\/v2\/media?parent=34"}],"curies":[{"name":"wp","href":"https:\/\/api.w.org\/{rel}","templated":true}]}}