{"id":117,"date":"2017-03-20T11:34:54","date_gmt":"2017-03-20T04:34:54","guid":{"rendered":"http:\/\/furniture.fonicweb.com\/?post_type=product&#038;p=117"},"modified":"2017-03-20T11:35:32","modified_gmt":"2017-03-20T04:35:32","slug":"ban-cafe-tron-go-dep","status":"publish","type":"product","link":"https:\/\/demo.bmconnect.vn\/furniture\/cua-hang\/ban-cafe-tron-go-dep\/","title":{"rendered":"B\u00e0n cafe tr\u00f2n g\u1ed7 \u0111\u1eb9p"},"content":{"rendered":"<p>Ch\u1ea5t li\u00eau: S\u1ea3n xu\u1ea5t t\u1eeb G\u1ed7 MDF s\u01a1n B\u1ec7t 2k<\/p>\n<p>K\u00edch th\u01b0\u1edbc: 800x800x350mm(Qu\u00fd kh\u00e1ch c\u00f3 th\u1ec3 \u0111\u1eb7t k\u00edch th\u01b0\u1edbc kh\u00e1c \u0111\u1ec3 ph\u00f9 h\u1ee3p v\u1edbi ph\u00f2ng nh\u00e0 m\u00ecnh)<\/p>\n<p>M\u00e0u: n\u00e2u<\/p>\n<p>Ch\u1ea5t l\u01b0\u1ee3ng: G\u1ed7 c\u00f4ng nghi\u1ec7p MDF nh\u1eadp kh\u1ea9u nguy\u00ean t\u1ea5m t\u1eeb Malaysia, v\u1eadt li\u1ec7u ch\u1ea5t l\u01b0\u1ee3ng cao. V\u1edbi 100% nh\u1ef1a nguy\u00ean ch\u1ea5t, \u0111\u1ea3m b\u1ea3o kh\u00f4ng \u0111\u1ed9c h\u1ea1i, kh\u00f4ng m\u1ed1i m\u1ecdt, \u1ea9m \u01b0\u1edbt..v..v &#8230;<\/p>\n","protected":false},"excerpt":{"rendered":"<p>Ch\u1ea5t li\u00eau: S\u1ea3n xu\u1ea5t t\u1eeb G\u1ed7 MDF s\u01a1n B\u1ec7t 2k K\u00edch th\u01b0\u1edbc: 800x800x350mm(Qu\u00fd kh\u00e1ch c\u00f3 th\u1ec3 \u0111\u1eb7t k\u00edch th\u01b0\u1edbc kh\u00e1c \u0111\u1ec3 ph\u00f9 h\u1ee3p v\u1edbi ph\u00f2ng nh\u00e0 m\u00ecnh) M\u00e0u: n\u00e2u Ch\u1ea5t l\u01b0\u1ee3ng: G\u1ed7 c\u00f4ng nghi\u1ec7p MDF nh\u1eadp kh\u1ea9u nguy\u00ean t\u1ea5m t\u1eeb Malaysia, v\u1eadt li\u1ec7u ch\u1ea5t l\u01b0\u1ee3ng cao. V\u1edbi 100% nh\u1ef1a nguy\u00ean ch\u1ea5t, \u0111\u1ea3m b\u1ea3o kh\u00f4ng \u0111\u1ed9c [&#8230;]\n","protected":false},"featured_media":87,"comment_status":"open","ping_status":"closed","template":"","meta":[],"product_cat":[23,22,14,16,18,28,27,30,29,32,11,31,19,26,25,24,20,6,13,10,7,8,9,33,21,15,12,17],"product_tag":[],"_links":{"self":[{"href":"https:\/\/demo.bmconnect.vn\/furniture\/wp-json\/wp\/v2\/product\/117"}],"collection":[{"href":"https:\/\/demo.bmconnect.vn\/furniture\/wp-json\/wp\/v2\/product"}],"about":[{"href":"https:\/\/demo.bmconnect.vn\/furniture\/wp-json\/wp\/v2\/types\/product"}],"replies":[{"embeddable":true,"href":"https:\/\/demo.bmconnect.vn\/furniture\/wp-json\/wp\/v2\/comments?post=117"}],"wp:featuredmedia":[{"embeddable":true,"href":"https:\/\/demo.bmconnect.vn\/furniture\/wp-json\/wp\/v2\/media\/87"}],"wp:attachment":[{"href":"https:\/\/demo.bmconnect.vn\/furniture\/wp-json\/wp\/v2\/media?parent=117"}],"wp:term":[{"taxonomy":"product_cat","embeddable":true,"href":"https:\/\/demo.bmconnect.vn\/furniture\/wp-json\/wp\/v2\/product_cat?post=117"},{"taxonomy":"product_tag","embeddable":true,"href":"https:\/\/demo.bmconnect.vn\/furniture\/wp-json\/wp\/v2\/product_tag?post=117"}],"curies":[{"name":"wp","href":"https:\/\/api.w.org\/{rel}","templated":true}]}}