{"id":115,"date":"2017-03-20T11:31:59","date_gmt":"2017-03-20T04:31:59","guid":{"rendered":"http:\/\/furniture.fonicweb.com\/?post_type=product&#038;p=115"},"modified":"2017-03-20T11:35:47","modified_gmt":"2017-03-20T04:35:47","slug":"sofa-phong-khach-mau-ghi","status":"publish","type":"product","link":"https:\/\/demo.bmconnect.vn\/furniture\/cua-hang\/sofa-phong-khach-mau-ghi\/","title":{"rendered":"Sofa ph\u00f2ng kh\u00e1ch m\u00e0u ghi"},"content":{"rendered":"<p>Thi\u1ebft k\u1ebf hi\u1ec7n \u0111\u1ea1i, sang tr\u1ecdng C\u00f3 3 m\u00e0u: Ghi nh\u1ea1t, ghi \u0111\u1eadm v\u00e0 \u0111\u1ecf G\u1ed3m 1 b\u00e0n v\u00e0 4 gh\u1ebf sofa Ch\u00e2n gh\u1ebf : t\u1ef1 ch\u1ecdn ( ch\u00e2n inox &#8211; ch\u00e2n g\u1ed7) \u0110\u1ec7m m\u00fat : C\u1ee9ng ho\u1eb7c m\u1ec1m &#8211; b\u00f4ng m\u00fat ( t\u00f9y ch\u1ecdn ) B\u1ed9 b\u00e0n gh\u1ebf sopha \u0111\u01a1n nh\u1ecf g\u1ecdn d\u1ec5&#8230;<\/p>\n","protected":false},"excerpt":{"rendered":"<p>Thi\u1ebft k\u1ebf hi\u1ec7n \u0111\u1ea1i, sang tr\u1ecdng C\u00f3 3 m\u00e0u: Ghi nh\u1ea1t, ghi \u0111\u1eadm v\u00e0 \u0111\u1ecf G\u1ed3m 1 b\u00e0n v\u00e0 4 gh\u1ebf sofa Ch\u00e2n gh\u1ebf : t\u1ef1 ch\u1ecdn ( ch\u00e2n inox &#8211; ch\u00e2n g\u1ed7) \u0110\u1ec7m m\u00fat : C\u1ee9ng ho\u1eb7c m\u1ec1m &#8211; b\u00f4ng m\u00fat ( t\u00f9y ch\u1ecdn ) B\u1ed9 b\u00e0n gh\u1ebf sopha \u0111\u01a1n nh\u1ecf g\u1ecdn d\u1ec5&#8230;<\/p>\n","protected":false},"featured_media":83,"comment_status":"open","ping_status":"closed","template":"","meta":[],"product_cat":[23,22,14,16,18,28,27,30,29,32,11,31,19,26,25,24,20,6,13,10,7,8,9,33,21,15,12,17],"product_tag":[],"_links":{"self":[{"href":"https:\/\/demo.bmconnect.vn\/furniture\/wp-json\/wp\/v2\/product\/115"}],"collection":[{"href":"https:\/\/demo.bmconnect.vn\/furniture\/wp-json\/wp\/v2\/product"}],"about":[{"href":"https:\/\/demo.bmconnect.vn\/furniture\/wp-json\/wp\/v2\/types\/product"}],"replies":[{"embeddable":true,"href":"https:\/\/demo.bmconnect.vn\/furniture\/wp-json\/wp\/v2\/comments?post=115"}],"wp:featuredmedia":[{"embeddable":true,"href":"https:\/\/demo.bmconnect.vn\/furniture\/wp-json\/wp\/v2\/media\/83"}],"wp:attachment":[{"href":"https:\/\/demo.bmconnect.vn\/furniture\/wp-json\/wp\/v2\/media?parent=115"}],"wp:term":[{"taxonomy":"product_cat","embeddable":true,"href":"https:\/\/demo.bmconnect.vn\/furniture\/wp-json\/wp\/v2\/product_cat?post=115"},{"taxonomy":"product_tag","embeddable":true,"href":"https:\/\/demo.bmconnect.vn\/furniture\/wp-json\/wp\/v2\/product_tag?post=115"}],"curies":[{"name":"wp","href":"https:\/\/api.w.org\/{rel}","templated":true}]}}