{"id":6,"date":"2018-03-13T10:14:43","date_gmt":"2018-03-13T03:14:43","guid":{"rendered":"https:\/\/bizhostvn.com\/w\/funiture\/?page_id=6"},"modified":"2018-03-14T10:01:43","modified_gmt":"2018-03-14T03:01:43","slug":"quy-trinh","status":"publish","type":"page","link":"https:\/\/demo.bmconnect.vn\/funiture\/quy-trinh\/","title":{"rendered":"Quy tr\u00ecnh"},"content":{"rendered":"\t<div class=\"img has-hover x md-x lg-x y md-y lg-y\" id=\"image_365206971\">\n\t\t\t\t\t\t\t\t<div class=\"img-inner image-cover dark\" style=\"padding-top:25%;\">\n\t\t\t<img width=\"1600\" height=\"1042\" src=\"https:\/\/demo.bmconnect.vn\/funiture\/wp-content\/uploads\/2018\/03\/home-4.jpg\" class=\"attachment-original size-original\" alt=\"\" loading=\"lazy\" srcset=\"https:\/\/demo.bmconnect.vn\/funiture\/wp-content\/uploads\/2018\/03\/home-4.jpg 1600w, https:\/\/demo.bmconnect.vn\/funiture\/wp-content\/uploads\/2018\/03\/home-4-300x195.jpg 300w, https:\/\/demo.bmconnect.vn\/funiture\/wp-content\/uploads\/2018\/03\/home-4-768x500.jpg 768w, https:\/\/demo.bmconnect.vn\/funiture\/wp-content\/uploads\/2018\/03\/home-4-1024x667.jpg 1024w, https:\/\/demo.bmconnect.vn\/funiture\/wp-content\/uploads\/2018\/03\/home-4-600x391.jpg 600w\" sizes=\"(max-width: 1600px) 100vw, 1600px\" \/>\t\t\t\t\t\t\n\t\t\t\t\t<\/div>\n\t\t\t\t\t\t\t\t\n<style>\n#image_365206971 {\n  width: 100%;\n}\n<\/style>\n\t<\/div>\n\t\n\t<div id=\"gap-738373544\" class=\"gap-element clearfix\" style=\"display:block; height:auto;\">\n\t\t\n<style>\n#gap-738373544 {\n  padding-top: 30px;\n}\n<\/style>\n\t<\/div>\n\t\n<div class=\"row align-middle\" style=\"max-width:1000px\" id=\"row-113869163\">\n\n\t<div id=\"col-466881308\" class=\"col medium-5 small-12 large-5\"  >\n\t\t\t\t<div class=\"col-inner\"  >\n\t\t\t\n\t\t\t\n\t<div class=\"img has-hover x md-x lg-x y md-y lg-y\" id=\"image_990594508\">\n\t\t\t\t\t\t\t\t<div class=\"img-inner dark\" >\n\t\t\t<img width=\"465\" height=\"290\" src=\"https:\/\/demo.bmconnect.vn\/funiture\/wp-content\/uploads\/2018\/03\/largo-workflow-step01.jpg\" class=\"attachment-original size-original\" alt=\"\" loading=\"lazy\" srcset=\"https:\/\/demo.bmconnect.vn\/funiture\/wp-content\/uploads\/2018\/03\/largo-workflow-step01.jpg 465w, https:\/\/demo.bmconnect.vn\/funiture\/wp-content\/uploads\/2018\/03\/largo-workflow-step01-300x187.jpg 300w\" sizes=\"(max-width: 465px) 100vw, 465px\" \/>\t\t\t\t\t\t\n\t\t\t\t\t<\/div>\n\t\t\t\t\t\t\t\t\n<style>\n#image_990594508 {\n  width: 100%;\n}\n<\/style>\n\t<\/div>\n\t\n\t\t<\/div>\n\t\t\t\t\t<\/div>\n\n\t\n\n\t<div id=\"col-1178387793\" class=\"col medium-7 small-12 large-7\"  >\n\t\t\t\t<div class=\"col-inner\"  >\n\t\t\t\n\t\t\t\n<p><span style=\"color: #000000;\"><strong>B\u01af\u1edaC 1: Y\u00caU C\u1ea6U<\/strong><\/span><\/p>\n<p><span style=\"font-size: 95%; color: #333333;\">Vui l\u00f2ng li\u00ean h\u1ec7 tr\u01b0\u1edbc v\u1edbi ch\u00fang t\u00f4i b\u1eb1ng \u0111i\u1ec7n tho\u1ea1i ho\u1eb7c email. <\/span><br \/><span style=\"font-size: 95%; color: #333333;\">Vui l\u00f2ng cho ch\u00fang t\u00f4i bi\u1ebft v\u1ec1 ng\u00e2n s\u00e1ch, th\u00f4ng tin v\u1ec1 b\u1ea5t \u0111\u1ed9ng s\u1ea3n c\u1ee7a b\u1ea1n v\u00e0 lo\u1ea1i kh\u00f4ng gian b\u1ea1n mu\u1ed1n t\u1ea1o. <\/span><br \/><span style=\"font-size: 95%; color: #333333;\">N\u1ebfu t\u00e0i s\u1ea3n \u0111\u01b0\u1ee3c quy\u1ebft \u0111\u1ecbnh, ch\u00fang t\u00f4i s\u1ebd h\u1eb9n v\u1edbi b\u1ea1n \u0111\u1ec3 thu\u1eadn ti\u1ec7n cho b\u1ea1n.<\/span><\/p>\n<p>\u00a0<\/p>\n\t\t<\/div>\n\t\t\t\t\t<\/div>\n\n\t\n<\/div>\n<div class=\"row align-middle\" style=\"max-width:1000px\" id=\"row-754948251\">\n\n\t<div id=\"col-1880575808\" class=\"col medium-5 small-12 large-5\"  >\n\t\t\t\t<div class=\"col-inner\"  >\n\t\t\t\n\t\t\t\n\t<div class=\"img has-hover x md-x lg-x y md-y lg-y\" id=\"image_862230198\">\n\t\t\t\t\t\t\t\t<div class=\"img-inner dark\" >\n\t\t\t<img width=\"465\" height=\"290\" src=\"https:\/\/demo.bmconnect.vn\/funiture\/wp-content\/uploads\/2018\/03\/largo-workflow-step02.jpg\" class=\"attachment-original size-original\" alt=\"\" loading=\"lazy\" srcset=\"https:\/\/demo.bmconnect.vn\/funiture\/wp-content\/uploads\/2018\/03\/largo-workflow-step02.jpg 465w, https:\/\/demo.bmconnect.vn\/funiture\/wp-content\/uploads\/2018\/03\/largo-workflow-step02-300x187.jpg 300w\" sizes=\"(max-width: 465px) 100vw, 465px\" \/>\t\t\t\t\t\t\n\t\t\t\t\t<\/div>\n\t\t\t\t\t\t\t\t\n<style>\n#image_862230198 {\n  width: 100%;\n}\n<\/style>\n\t<\/div>\n\t\n\t\t<\/div>\n\t\t\t\t\t<\/div>\n\n\t\n\n\t<div id=\"col-1966921667\" class=\"col medium-7 small-12 large-7\"  >\n\t\t\t\t<div class=\"col-inner\"  >\n\t\t\t\n\t\t\t\n<p><span style=\"color: #000000;\"><strong>B\u01af\u1edaC 2: KH\u1ea2O S\u00c1T TH\u1ef0C \u0110\u1ecaA<\/strong><\/span><\/p>\n<p><span style=\"font-size: 95%; color: #333333;\">Trong tr\u01b0\u1eddng h\u1ee3p quy\u1ebft \u0111\u1ecbnh \u0111\u1ed5i m\u1edbi ho\u1eb7c c\u1ea3i t\u1ea1o c\u00e1c \u0111\u1ecba \u0111i\u1ec3m m\u1edbi, ng\u01b0\u1eddi ph\u1ee5 tr\u00e1ch s\u1ebd tr\u1ef1c ti\u1ebfp \u0111\u1ebfn th\u0103m c\u00f4ng tr\u00ecnh v\u00e0 x\u00e1c nh\u1eadn k\u00edch th\u01b0\u1edbc c\u1ee7a ng\u01b0\u1eddi thu\u00ea v\u00e0 t\u00ecnh h\u00ecnh th\u1ef1c t\u1ebf, vv <\/span><br \/><span style=\"font-size: 95%; color: #333333;\">Nh\u1eefng ng\u01b0\u1eddi kh\u00f4ng th\u1ec3 quy\u1ebft \u0111\u1ecbnh t\u00e0i s\u1ea3n s\u1ebd c\u00f3 th\u1ec3 gi\u00fap b\u1ea1n t\u1eeb giai \u0111o\u1ea1n t\u00ecm t\u00e0i s\u1ea3n. <\/span><br \/><span style=\"font-size: 95%; color: #333333;\">V\u00e0o giai \u0111o\u1ea1n n\u00e0y, ch\u00fang t\u00f4i s\u1ebd th\u00f4ng b\u00e1o cho b\u1ea1n v\u1ec1 ng\u00e2n s\u00e1ch, l\u1ecbch tr\u00ecnh v\u00e0 h\u00ecnh \u1ea3nh c\u1ee7a c\u1eeda h\u00e0ng.<\/span><\/p>\n<p>\u00a0<\/p>\n\t\t<\/div>\n\t\t\t\t\t<\/div>\n\n\t\n<\/div>\n<div class=\"row align-middle\" style=\"max-width:1000px\" id=\"row-1122180976\">\n\n\t<div id=\"col-2063470104\" class=\"col medium-5 small-12 large-5\"  >\n\t\t\t\t<div class=\"col-inner\"  >\n\t\t\t\n\t\t\t\n\t<div class=\"img has-hover x md-x lg-x y md-y lg-y\" id=\"image_1840804850\">\n\t\t\t\t\t\t\t\t<div class=\"img-inner dark\" >\n\t\t\t<img width=\"465\" height=\"290\" src=\"https:\/\/demo.bmconnect.vn\/funiture\/wp-content\/uploads\/2018\/03\/largo-workflow-step03.jpg\" class=\"attachment-original size-original\" alt=\"\" loading=\"lazy\" srcset=\"https:\/\/demo.bmconnect.vn\/funiture\/wp-content\/uploads\/2018\/03\/largo-workflow-step03.jpg 465w, https:\/\/demo.bmconnect.vn\/funiture\/wp-content\/uploads\/2018\/03\/largo-workflow-step03-300x187.jpg 300w\" sizes=\"(max-width: 465px) 100vw, 465px\" \/>\t\t\t\t\t\t\n\t\t\t\t\t<\/div>\n\t\t\t\t\t\t\t\t\n<style>\n#image_1840804850 {\n  width: 100%;\n}\n<\/style>\n\t<\/div>\n\t\n\t\t<\/div>\n\t\t\t\t\t<\/div>\n\n\t\n\n\t<div id=\"col-1803473177\" class=\"col medium-7 small-12 large-7\"  >\n\t\t\t\t<div class=\"col-inner\"  >\n\t\t\t\n\t\t\t\n<p><span style=\"color: #000000;\"><strong>B\u01af\u1edaC 3: \u0110\u1ec0 XU\u1ea4T B\u1ed0 C\u1ee4C<\/strong><\/span><\/p>\n<p><span style=\"font-size: 95%; color: #333333;\">Tr\u01b0\u1edbc khi \u0111\u1ec1 xu\u1ea5t k\u1ebf ho\u1ea1ch cu\u1ed1i c\u00f9ng nh\u01b0 thi\u1ebft k\u1ebf vv t\u1ea1i c\u00f4ng ty c\u1ee7a ch\u00fang t\u00f4i, ch\u00fang t\u00f4i s\u1ebd \u0111\u1ea7u ti\u00ean b\u1ed1 tr\u00ed v\u1edbi kh\u00e1ch h\u00e0ng \u0111\u1ea7u ti\u00ean. <\/span><br \/><span style=\"font-size: 95%; color: #333333;\">B\u1ed1 c\u1ee5c l\u00e0 m\u1ed9t y\u1ebfu t\u1ed1 r\u1ea5t quan tr\u1ecdng trong vi\u1ec7c th\u00fac \u0111\u1ea9y thi\u1ebft k\u1ebf c\u1ee7a giai \u0111o\u1ea1n ti\u1ebfp theo, ch\u00fang t\u00f4i \u0111\u00e3 \u00e1p d\u1ee5ng ph\u01b0\u01a1ng ph\u00e1p n\u00e0y \u0111\u1ec3 \u0111\u01b0a ra \u0111\u1ec1 xu\u1ea5t thi\u1ebft k\u1ebf theo c\u00e1ch b\u1ed1 tr\u00ed suy ngh\u0129 c\u1ee7a kh\u00e1ch h\u00e0ng.<\/span><\/p>\n<p>\u00a0<\/p>\n\t\t<\/div>\n\t\t\t\t\t<\/div>\n\n\t\n<\/div>\n<div class=\"row align-middle\" style=\"max-width:1000px\" id=\"row-1588697554\">\n\n\t<div id=\"col-1938643975\" class=\"col medium-5 small-12 large-5\"  >\n\t\t\t\t<div class=\"col-inner\"  >\n\t\t\t\n\t\t\t\n\t<div class=\"img has-hover x md-x lg-x y md-y lg-y\" id=\"image_254695609\">\n\t\t\t\t\t\t\t\t<div class=\"img-inner dark\" >\n\t\t\t<img width=\"465\" height=\"290\" src=\"https:\/\/demo.bmconnect.vn\/funiture\/wp-content\/uploads\/2018\/03\/largo-workflow-step04.jpg\" class=\"attachment-original size-original\" alt=\"\" loading=\"lazy\" srcset=\"https:\/\/demo.bmconnect.vn\/funiture\/wp-content\/uploads\/2018\/03\/largo-workflow-step04.jpg 465w, https:\/\/demo.bmconnect.vn\/funiture\/wp-content\/uploads\/2018\/03\/largo-workflow-step04-300x187.jpg 300w\" sizes=\"(max-width: 465px) 100vw, 465px\" \/>\t\t\t\t\t\t\n\t\t\t\t\t<\/div>\n\t\t\t\t\t\t\t\t\n<style>\n#image_254695609 {\n  width: 100%;\n}\n<\/style>\n\t<\/div>\n\t\n\t\t<\/div>\n\t\t\t\t\t<\/div>\n\n\t\n\n\t<div id=\"col-1459726377\" class=\"col medium-7 small-12 large-7\"  >\n\t\t\t\t<div class=\"col-inner\"  >\n\t\t\t\n\t\t\t\n<p><span style=\"color: #000000;\"><strong>B\u01af\u1edaC 4: \u0110\u1ec0 XU\u1ea4T<\/strong><\/span><\/p>\n<p><span style=\"font-size: 95%; color: #333333;\">Ch\u00fang t\u00f4i s\u1ebd \u0111\u1ec1 xu\u1ea5t m\u1ed9t \u0111\u1ec1 xu\u1ea5t thi\u1ebft k\u1ebf v\u00e0 m\u1ed9t \u01b0\u1edbc t\u00ednh vv d\u1ef1a tr\u00ean b\u1ed1 tr\u00ed x\u00e1c nh\u1eadn th\u00f4ng qua c\u00e1c s\u1eafp x\u1ebfp l\u1eb7p \u0111i l\u1eb7p l\u1ea1i. <\/span><br \/><span style=\"color: #333333; font-size: 95%;\">\u0110\u1ed1i v\u1edbi h\u00ecnh \u1ea3nh kh\u00e1ch h\u00e0ng d\u1ec5 d\u00e0ng, t\u00f4i s\u1ebd gi\u1ea3i th\u00edch chi ti\u1ebft b\u1eb1ng c\u00e1ch s\u1eed d\u1ee5ng m\u1eabu ph\u00e2n t\u00edch c\u00fa ph\u00e1p CG &#8230;<\/span><\/p>\n<p>\u00a0<\/p>\n\t\t<\/div>\n\t\t\t\t\t<\/div>\n\n\t\n<\/div>\n<div class=\"row align-middle\" style=\"max-width:1000px\" id=\"row-2108902852\">\n\n\t<div id=\"col-1843510997\" class=\"col medium-5 small-12 large-5\"  >\n\t\t\t\t<div class=\"col-inner\"  >\n\t\t\t\n\t\t\t\n\t<div class=\"img has-hover x md-x lg-x y md-y lg-y\" id=\"image_260819730\">\n\t\t\t\t\t\t\t\t<div class=\"img-inner dark\" >\n\t\t\t<img width=\"465\" height=\"290\" src=\"https:\/\/demo.bmconnect.vn\/funiture\/wp-content\/uploads\/2018\/03\/largo-workflow-step05.jpg\" class=\"attachment-original size-original\" alt=\"\" loading=\"lazy\" srcset=\"https:\/\/demo.bmconnect.vn\/funiture\/wp-content\/uploads\/2018\/03\/largo-workflow-step05.jpg 465w, https:\/\/demo.bmconnect.vn\/funiture\/wp-content\/uploads\/2018\/03\/largo-workflow-step05-300x187.jpg 300w\" sizes=\"(max-width: 465px) 100vw, 465px\" \/>\t\t\t\t\t\t\n\t\t\t\t\t<\/div>\n\t\t\t\t\t\t\t\t\n<style>\n#image_260819730 {\n  width: 100%;\n}\n<\/style>\n\t<\/div>\n\t\n\t\t<\/div>\n\t\t\t\t\t<\/div>\n\n\t\n\n\t<div id=\"col-95800351\" class=\"col medium-7 small-12 large-7\"  >\n\t\t\t\t<div class=\"col-inner\"  >\n\t\t\t\n\t\t\t\n<p><span style=\"color: #000000;\"><strong>B\u01af\u1edaC 5: S\u1eecA \u0110\u1ed4I THI\u1ebeT K\u1ebe &#8211; \u0110I\u1ec0U CH\u1ec8NH GI\u00c1<\/strong><\/span><\/p>\n<p><span style=\"font-size: 95%; color: #333333;\">Ch\u00fang t\u00f4i s\u1ebd xem x\u00e9t l\u1ea1i v\u1ea5n \u0111\u1ec1 v\u00e0 s\u1eeda \u0111\u1ed5i thi\u1ebft k\u1ebf v\u00e0 chi ph\u00ed m\u00e0 ch\u00fang t\u00f4i \u0111\u00e3 \u0111\u01b0a ra \u1edf l\u1ea7n \u0111\u1ec7 tr\u00ecnh \u0111\u1ea7u ti\u00ean v\u00e0 ch\u00fang t\u00f4i s\u1ebd s\u1eeda l\u1ea1i c\u00e1c \u0111\u1ec1 xu\u1ea5t c\u1ee7a b\u1ea1n theo y\u00eau c\u1ea7u c\u1ee7a b\u1ea1n. <\/span><br \/><span style=\"font-size: 95%; color: #333333;\">B\u01b0\u1edbc n\u00e0y l\u00e0 m\u1ed9t \u0111i\u1ec3m r\u1ea5t quan tr\u1ecdng trong vi\u1ec7c t\u1ea1o ra m\u1ed9t c\u1eeda h\u00e0ng. <\/span><br \/><span style=\"font-size: 95%; color: #333333;\">Ch\u00fang t\u00f4i mong mu\u1ed1n t\u1ea1o ra m\u1ed9t kh\u00f4ng gian c\u00e2n b\u1eb1ng \u0111\u1ec3 x\u00f3a b\u1ecf c\u00e1c \u0111i\u1ec1u ki\u1ec7n kh\u00e1c nhau nh\u01b0 chi ph\u00ed, c\u00e1ch b\u1ed1 tr\u00ed, d\u00e2y d\u1eabn, thi\u1ebft b\u1ecb, ch\u1ee9c n\u0103ng, \u0111\u1ed9 b\u1ec1n &#8230; v\u00e0 ch\u00fang t\u00f4i s\u1ebd ti\u1ebfp t\u1ee5c x\u00e2y d\u1ef1ng v\u00e0 s\u1eeda \u0111\u1ed5i n\u00f3 nhi\u1ec1u l\u1ea7n v\u00ec ch\u00fang t\u00f4i c\u00f3 th\u1ec3 thuy\u1ebft ph\u1ee5c kh\u00e1ch h\u00e0ng. <\/span><br \/><span style=\"font-size: 95%; color: #333333;\">Ngo\u00e0i ra, ch\u00fang t\u00f4i s\u1ebd l\u00e0m n\u00f3 mi\u1ec5n ph\u00ed cho giai \u0111o\u1ea1n n\u00e0y.<\/span><\/p>\n<p>\u00a0<\/p>\n\t\t<\/div>\n\t\t\t\t\t<\/div>\n\n\t\n<\/div>\n<div class=\"row align-middle\" style=\"max-width:1000px\" id=\"row-1802211500\">\n\n\t<div id=\"col-1686481257\" class=\"col medium-5 small-12 large-5\"  >\n\t\t\t\t<div class=\"col-inner\"  >\n\t\t\t\n\t\t\t\n\t<div class=\"img has-hover x md-x lg-x y md-y lg-y\" id=\"image_1076372500\">\n\t\t\t\t\t\t\t\t<div class=\"img-inner dark\" >\n\t\t\t<img width=\"465\" height=\"290\" src=\"https:\/\/demo.bmconnect.vn\/funiture\/wp-content\/uploads\/2018\/03\/largo-workflow-step06.jpg\" class=\"attachment-original size-original\" alt=\"\" loading=\"lazy\" srcset=\"https:\/\/demo.bmconnect.vn\/funiture\/wp-content\/uploads\/2018\/03\/largo-workflow-step06.jpg 465w, https:\/\/demo.bmconnect.vn\/funiture\/wp-content\/uploads\/2018\/03\/largo-workflow-step06-300x187.jpg 300w\" sizes=\"(max-width: 465px) 100vw, 465px\" \/>\t\t\t\t\t\t\n\t\t\t\t\t<\/div>\n\t\t\t\t\t\t\t\t\n<style>\n#image_1076372500 {\n  width: 100%;\n}\n<\/style>\n\t<\/div>\n\t\n\t\t<\/div>\n\t\t\t\t\t<\/div>\n\n\t\n\n\t<div id=\"col-269261709\" class=\"col medium-7 small-12 large-7\"  >\n\t\t\t\t<div class=\"col-inner\"  >\n\t\t\t\n\t\t\t\n<p><span style=\"color: #000000;\"><strong>B\u01af\u1edaC 6: H\u1ee2P \u0110\u1ed2NG<\/strong><\/span><\/p>\n<p><span style=\"font-size: 95%; color: #333333;\">Ch\u00fang t\u00f4i s\u1ebd k\u00fd h\u1ee3p \u0111\u1ed3ng m\u1ed9t l\u1ea7n n\u1eefa sau khi \u0111\u00e3 s\u1eafp x\u1ebfp, n\u1ebfu b\u1ea1n c\u00f3 th\u1ec3 thuy\u1ebft ph\u1ee5c \u0111\u01b0\u1ee3c thi\u1ebft k\u1ebf v\u00e0 cung c\u1ea5p c\u1ee7a c\u00f4ng ty ch\u00fang t\u00f4i. <\/span><br \/><span style=\"font-size: 95%; color: #333333;\">S\u1ebd m\u1ea5t kho\u1ea3ng m\u1ed9t tu\u1ea7n \u0111\u1ec3 chu\u1ea9n b\u1ecb cho vi\u1ec7c x\u00e2y d\u1ef1ng.<\/span><\/p>\n<p>\u00a0<\/p>\n\t\t<\/div>\n\t\t\t\t\t<\/div>\n\n\t\n<\/div>\n<div class=\"row align-middle\" style=\"max-width:1000px\" id=\"row-50676075\">\n\n\t<div id=\"col-1525373321\" class=\"col medium-5 small-12 large-5\"  >\n\t\t\t\t<div class=\"col-inner\"  >\n\t\t\t\n\t\t\t\n\t<div class=\"img has-hover x md-x lg-x y md-y lg-y\" id=\"image_2051847269\">\n\t\t\t\t\t\t\t\t<div class=\"img-inner dark\" >\n\t\t\t<img width=\"465\" height=\"290\" src=\"https:\/\/demo.bmconnect.vn\/funiture\/wp-content\/uploads\/2018\/03\/largo-workflow-step07.jpg\" class=\"attachment-original size-original\" alt=\"\" loading=\"lazy\" srcset=\"https:\/\/demo.bmconnect.vn\/funiture\/wp-content\/uploads\/2018\/03\/largo-workflow-step07.jpg 465w, https:\/\/demo.bmconnect.vn\/funiture\/wp-content\/uploads\/2018\/03\/largo-workflow-step07-300x187.jpg 300w\" sizes=\"(max-width: 465px) 100vw, 465px\" \/>\t\t\t\t\t\t\n\t\t\t\t\t<\/div>\n\t\t\t\t\t\t\t\t\n<style>\n#image_2051847269 {\n  width: 100%;\n}\n<\/style>\n\t<\/div>\n\t\n\t\t<\/div>\n\t\t\t\t\t<\/div>\n\n\t\n\n\t<div id=\"col-1620930012\" class=\"col medium-7 small-12 large-7\"  >\n\t\t\t\t<div class=\"col-inner\"  >\n\t\t\t\n\t\t\t\n<p><span style=\"color: #000000;\"><strong>B\u01af\u1edaC 7: X\u00c2Y D\u1ef0NG<\/strong><\/span><\/p>\n<p><span style=\"font-size: 95%; color: #333333;\">Ch\u00fang t\u00f4i s\u1ebd ti\u1ebfn h\u00e0nh x\u00e2y d\u1ef1ng m\u1ed9t c\u00e1ch an to\u00e0n d\u01b0\u1edbi s\u1ef1 qu\u1ea3n l\u00fd c\u1ee7a v\u0103n ph\u00f2ng gi\u00e1m s\u00e1t c\u1ee7a c\u00f4ng ty ch\u00fang t\u00f4i. <\/span><br \/><span style=\"font-size: 95%; color: #333333;\">Trong Largo, \u0111\u1ec3 li\u00ean t\u1ee5c th\u1ef1c hi\u1ec7n t\u1eeb thi\u1ebft k\u1ebf \u0111\u1ebfn x\u00e2y d\u1ef1ng, ch\u00fang t\u00f4i s\u1ebd x\u00e2y d\u1ef1ng m\u1ed9t \u0111\u1ed9i bao g\u1ed3m x\u00e2y d\u1ef1ng, thi\u1ebft k\u1ebf v\u00e0 gi\u00e1m \u0111\u1ed1c trong c\u00f4ng ty, v\u00e0 s\u1ebd ti\u1ebfn h\u00e0nh x\u00e2y d\u1ef1ng d\u01b0\u1edbi ki\u1ec3m tra nghi\u00eam tr\u1ecdng. <\/span><br \/><span style=\"font-size: 95%; color: #333333;\">Tr\u01b0\u1edbc khi b\u1eaft \u0111\u1ea7u x\u00e2y d\u1ef1ng, h\u00e3y ch\u1eafc ch\u1eafn \u0111\u01b0a ra m\u1ed9t m\u1ef1c \u0111en tr\u00ean trang web, v\u00e0 ch\u00fang t\u00f4i \u0111ang b\u1eaft \u0111\u1ea7u c\u00f4ng vi\u1ec7c x\u00e2y d\u1ef1ng sau khi th\u1ef1c s\u1ef1 l\u00e0m vi\u1ec7c ki\u1ec3m tra cu\u1ed1i c\u00f9ng c\u1ee7a k\u00edch th\u01b0\u1edbc vv t\u1ea1i trang web.<\/span><\/p>\n<p>\u00a0<\/p>\n\t\t<\/div>\n\t\t\t\t\t<\/div>\n\n\t\n<\/div>\n<div class=\"row align-middle\" style=\"max-width:1000px\" id=\"row-119136057\">\n\n\t<div id=\"col-1705908624\" class=\"col medium-5 small-12 large-5\"  >\n\t\t\t\t<div class=\"col-inner\"  >\n\t\t\t\n\t\t\t\n\t<div class=\"img has-hover x md-x lg-x y md-y lg-y\" id=\"image_56301984\">\n\t\t\t\t\t\t\t\t<div class=\"img-inner dark\" >\n\t\t\t<img width=\"465\" height=\"290\" src=\"https:\/\/demo.bmconnect.vn\/funiture\/wp-content\/uploads\/2018\/03\/largo-workflow-step08.jpg\" class=\"attachment-original size-original\" alt=\"\" loading=\"lazy\" srcset=\"https:\/\/demo.bmconnect.vn\/funiture\/wp-content\/uploads\/2018\/03\/largo-workflow-step08.jpg 465w, https:\/\/demo.bmconnect.vn\/funiture\/wp-content\/uploads\/2018\/03\/largo-workflow-step08-300x187.jpg 300w\" sizes=\"(max-width: 465px) 100vw, 465px\" \/>\t\t\t\t\t\t\n\t\t\t\t\t<\/div>\n\t\t\t\t\t\t\t\t\n<style>\n#image_56301984 {\n  width: 100%;\n}\n<\/style>\n\t<\/div>\n\t\n\t\t<\/div>\n\t\t\t\t\t<\/div>\n\n\t\n\n\t<div id=\"col-641680680\" class=\"col medium-7 small-12 large-7\"  >\n\t\t\t\t<div class=\"col-inner\"  >\n\t\t\t\n\t\t\t\n<p><span style=\"color: #000000;\"><strong>B\u01af\u1edaC 8: X\u00c1C NH\u1eacN &#8211; KI\u1ec2M SO\u00c1T CH\u1ea4T L\u01af\u1ee2NG<\/strong><\/span><\/p>\n<p><span style=\"font-size: 95%; color: #333333;\">Ngay c\u1ea3 khi b\u1eaft \u0111\u1ea7u x\u00e2y d\u1ef1ng, ch\u00fang t\u00f4i s\u1ebd ti\u1ebfp t\u1ee5c ki\u1ec3m tra chi ti\u1ebft nh\u01b0 ki\u1ec3m tra ch\u1ea5t l\u01b0\u1ee3ng nh\u01b0 x\u00e2y d\u1ef1ng \u0111ang \u0111\u01b0\u1ee3c th\u1ef1c hi\u1ec7n nh\u01b0 \u0111\u01b0\u1ee3c hi\u1ec3n th\u1ecb v\u00e0 qu\u1ea3n l\u00fd ti\u1ebfn \u0111\u1ed9. <\/span><br \/><span style=\"font-size: 95%; color: #333333;\">Ngo\u00e0i ra, n\u1ebfu c\u1ea7n thi\u1ebft, ch\u00fang t\u00f4i s\u1ebd b\u00e1o c\u00e1o k\u1ecbp th\u1eddi cho kh\u00e1ch h\u00e0ng khi c\u1ea3i ti\u1ebfn x\u1ea3y ra, ch\u00fang t\u00f4i s\u1ebd th\u1ef1c hi\u1ec7n c\u00e1c c\u1ea3i ti\u1ebfn d\u1ef1a tr\u00ean x\u00e1c nh\u1eadn.<\/span><\/p>\n<p>\u00a0<\/p>\n\t\t<\/div>\n\t\t\t\t\t<\/div>\n\n\t\n<\/div>\n","protected":false},"excerpt":{"rendered":"","protected":false},"author":1,"featured_media":0,"parent":0,"menu_order":0,"comment_status":"closed","ping_status":"closed","template":"page-blank.php","meta":[],"_links":{"self":[{"href":"https:\/\/demo.bmconnect.vn\/funiture\/wp-json\/wp\/v2\/pages\/6"}],"collection":[{"href":"https:\/\/demo.bmconnect.vn\/funiture\/wp-json\/wp\/v2\/pages"}],"about":[{"href":"https:\/\/demo.bmconnect.vn\/funiture\/wp-json\/wp\/v2\/types\/page"}],"author":[{"embeddable":true,"href":"https:\/\/demo.bmconnect.vn\/funiture\/wp-json\/wp\/v2\/users\/1"}],"replies":[{"embeddable":true,"href":"https:\/\/demo.bmconnect.vn\/funiture\/wp-json\/wp\/v2\/comments?post=6"}],"version-history":[{"count":15,"href":"https:\/\/demo.bmconnect.vn\/funiture\/wp-json\/wp\/v2\/pages\/6\/revisions"}],"predecessor-version":[{"id":890,"href":"https:\/\/demo.bmconnect.vn\/funiture\/wp-json\/wp\/v2\/pages\/6\/revisions\/890"}],"wp:attachment":[{"href":"https:\/\/demo.bmconnect.vn\/funiture\/wp-json\/wp\/v2\/media?parent=6"}],"curies":[{"name":"wp","href":"https:\/\/api.w.org\/{rel}","templated":true}]}}