{"id":10,"date":"2018-03-13T10:15:05","date_gmt":"2018-03-13T03:15:05","guid":{"rendered":"https:\/\/bizhostvn.com\/w\/funiture\/?page_id=10"},"modified":"2018-03-14T16:22:11","modified_gmt":"2018-03-14T09:22:11","slug":"lien-he","status":"publish","type":"page","link":"https:\/\/demo.bmconnect.vn\/funiture\/lien-he\/","title":{"rendered":"Li\u00ean h\u1ec7"},"content":{"rendered":"\t<div class=\"img has-hover x md-x lg-x y md-y lg-y\" id=\"image_904795256\">\n\t\t\t\t\t\t\t\t<div class=\"img-inner image-cover dark\" style=\"padding-top:25%;\">\n\t\t\t<img width=\"1600\" height=\"1042\" src=\"https:\/\/demo.bmconnect.vn\/funiture\/wp-content\/uploads\/2018\/03\/home-4.jpg\" class=\"attachment-original size-original\" alt=\"\" loading=\"lazy\" srcset=\"https:\/\/demo.bmconnect.vn\/funiture\/wp-content\/uploads\/2018\/03\/home-4.jpg 1600w, https:\/\/demo.bmconnect.vn\/funiture\/wp-content\/uploads\/2018\/03\/home-4-300x195.jpg 300w, https:\/\/demo.bmconnect.vn\/funiture\/wp-content\/uploads\/2018\/03\/home-4-768x500.jpg 768w, https:\/\/demo.bmconnect.vn\/funiture\/wp-content\/uploads\/2018\/03\/home-4-1024x667.jpg 1024w, https:\/\/demo.bmconnect.vn\/funiture\/wp-content\/uploads\/2018\/03\/home-4-600x391.jpg 600w\" sizes=\"(max-width: 1600px) 100vw, 1600px\" \/>\t\t\t\t\t\t\n\t\t\t\t\t<\/div>\n\t\t\t\t\t\t\t\t\n<style>\n#image_904795256 {\n  width: 100%;\n}\n<\/style>\n\t<\/div>\n\t\n\t<section class=\"section\" id=\"section_2051015732\">\n\t\t<div class=\"bg section-bg fill bg-fill  bg-loaded\" >\n\n\t\t\t\n\t\t\t\n\t\t\t\n\n\t\t<\/div>\n\n\t\t<div class=\"section-content relative\">\n\t\t\t\n<div class=\"row\"  id=\"row-439138580\">\n\n\t<div id=\"col-1059746845\" class=\"col medium-7 small-12 large-7\"  >\n\t\t\t\t<div class=\"col-inner\"  >\n\t\t\t\n\t\t\t\n<p><span style=\"font-size: 130%; color: #000000;\"><strong>Li\u00ean h\u1ec7 v\u1edbi ch\u00fang t\u00f4i<\/strong><\/span><\/p>\n<p><span style=\"color: #333333; font-size: 95%;\">WEBDESIGN Funiture cung c\u1ea5p c\u00e1c s\u1ea3n ph\u1ea9m n\u1ed9i th\u1ea5t phong ph\u00fa v\u00e0 c\u00e1c d\u1ecbch v\u1ee5 s\u1eeda ch\u1eefa, x\u00e2y d\u1ef1ng c\u00f4ng tr\u00ecnh b\u1ea3o \u0111\u1ea3m an to\u00e0n, \u0111\u00fang ti\u1ebfn \u0111\u1ed9 v\u00e0 k\u1ef9 thu\u1eadt y\u00eau c\u1ea7u.<\/span><\/p>\n<p><span style=\"color: #333333; font-size: 95%;\">WEBDESIGN Funiture cung c\u1ea5p c\u00e1c s\u1ea3n ph\u1ea9m n\u1ed9i th\u1ea5t phong ph\u00fa v\u00e0 c\u00e1c d\u1ecbch v\u1ee5 s\u1eeda ch\u1eefa, x\u00e2y d\u1ef1ng c\u00f4ng tr\u00ecnh b\u1ea3o \u0111\u1ea3m an to\u00e0n, \u0111\u00fang ti\u1ebfn \u0111\u1ed9 v\u00e0 k\u1ef9 thu\u1eadt y\u00eau c\u1ea7u.<\/span><\/p>\n\t\t<\/div>\n\t\t\t\t\t<\/div>\n\n\t\n\n\t<div id=\"col-799615116\" class=\"col medium-5 small-12 large-5\"  >\n\t\t\t\t<div class=\"col-inner\"  >\n\t\t\t\n\t\t\t\n<p><span style=\"font-size: 130%;\"><strong><span style=\"color: #000000;\">Th\u00f4ng tin li\u00ean h\u1ec7<\/span><\/strong><\/span><\/p>\n<p><span style=\"font-size: 95%; color: #333333;\">Lorem ipsum dolor sit amet, consectetuer adipiscing elit, sed diam nonummy nibh euismod tincidunt ut laoreet dolore magna aliquam erat volutpat.<\/span><\/p>\n<p><span style=\"font-size: 95%; color: #333333;\">&#8211;<strong> \u0110\u1ecba ch\u1ec9:<\/strong> S\u1ed1 29 ng\u00f5 18 L\u01b0\u01a1ng Ng\u1ecdc Quy\u1ebfn, H\u00e0 \u0110\u00f4ng, H\u00e0 N\u1ed9i<\/span><br \/><span style=\"font-size: 95%; color: #333333;\">&#8211; <strong>S\u0110T:<\/strong> 0909.009.009<\/span><br \/><span style=\"font-size: 95%; color: #333333;\">&#8211; <strong>Email:<\/strong> webdesign@gmail.com<\/span><br \/><span style=\"font-size: 95%; color: #333333;\">&#8211; <strong>Website:<\/strong> www.webdemo.com<\/span><\/p>\n\t\t<\/div>\n\t\t\t\t\t<\/div>\n\n\t\n\n\t<div id=\"col-1056590794\" class=\"col small-12 large-12\"  >\n\t\t\t\t<div class=\"col-inner\"  >\n\t\t\t\n\t\t\t\n<p><span style=\"color: #000000; font-size: 130%;\"><strong>T\u00ecm \u0111\u01b0\u1eddng \u0111i:<\/strong><\/span><\/p>\n<p><iframe loading=\"lazy\" src=\"https:\/\/www.google.com\/maps\/embed?pb=!1m14!1m8!1m3!1d14900.931775031808!2d105.79967699999999!3d20.9832975!3m2!1i1024!2i768!4f13.1!3m3!1m2!1s0x0%3A0x4fc1c256d7cdb4d!2zR2l1c2VBcnQgLSBUaGnhur90IGvhur8gxJHhu5MgaOG7jWEgdsOgIHdlYnNpdGUgY2h1ecOqbiBuZ2hp4buHcA!5e0!3m2!1svi!2s!4v1521019331240\" width=\"100%\" height=\"350\" frameborder=\"0\" style=\"border:0\" allowfullscreen><\/iframe><\/p>\n\t\t<\/div>\n\t\t\t\t\t<\/div>\n\n\t\n<\/div>\n\t\t<\/div>\n\n\t\t\n<style>\n#section_2051015732 {\n  padding-top: 30px;\n  padding-bottom: 30px;\n}\n<\/style>\n\t<\/section>\n\t\n","protected":false},"excerpt":{"rendered":"","protected":false},"author":1,"featured_media":0,"parent":0,"menu_order":0,"comment_status":"closed","ping_status":"closed","template":"page-blank.php","meta":[],"_links":{"self":[{"href":"https:\/\/demo.bmconnect.vn\/funiture\/wp-json\/wp\/v2\/pages\/10"}],"collection":[{"href":"https:\/\/demo.bmconnect.vn\/funiture\/wp-json\/wp\/v2\/pages"}],"about":[{"href":"https:\/\/demo.bmconnect.vn\/funiture\/wp-json\/wp\/v2\/types\/page"}],"author":[{"embeddable":true,"href":"https:\/\/demo.bmconnect.vn\/funiture\/wp-json\/wp\/v2\/users\/1"}],"replies":[{"embeddable":true,"href":"https:\/\/demo.bmconnect.vn\/funiture\/wp-json\/wp\/v2\/comments?post=10"}],"version-history":[{"count":6,"href":"https:\/\/demo.bmconnect.vn\/funiture\/wp-json\/wp\/v2\/pages\/10\/revisions"}],"predecessor-version":[{"id":1293,"href":"https:\/\/demo.bmconnect.vn\/funiture\/wp-json\/wp\/v2\/pages\/10\/revisions\/1293"}],"wp:attachment":[{"href":"https:\/\/demo.bmconnect.vn\/funiture\/wp-json\/wp\/v2\/media?parent=10"}],"curies":[{"name":"wp","href":"https:\/\/api.w.org\/{rel}","templated":true}]}}