{"id":692,"date":"2017-05-18T09:02:24","date_gmt":"2017-05-18T09:02:24","guid":{"rendered":"http:\/\/demo.bmconnect.vn\/fashion4\/?page_id=692"},"modified":"2017-05-18T09:51:10","modified_gmt":"2017-05-18T09:51:10","slug":"huong-dan-mua-hang-online","status":"publish","type":"page","link":"https:\/\/demo.bmconnect.vn\/fashion4\/huong-dan-mua-hang-online\/","title":{"rendered":"H\u01b0\u1edbng d\u1eabn mua h\u00e0ng Online"},"content":{"rendered":"<h3><strong>H\u01af\u1edaNG D\u1eaaN MUA H\u00c0NG ONLINE<\/strong><\/h3>\n<h5><strong>B\u01b0\u1edbc 1:<\/strong> Truy c\u1eadp v\u00e0o\u00a0website: <a href=\"http:\/\/tk3.com.vn\/\">tk3.com.vn<\/a><\/h5>\n<h5><strong>B\u01b0\u1edbc 2:<\/strong> L\u1ef1a ch\u1ecdn s\u1ea3n ph\u1ea9m, ch\u1ecdn size, m\u00e0u s\u1eafc v\u00e0 s\u1ed1 l\u01b0\u1ee3ng. Sau \u0111\u00f3, click chu\u1ed9t v\u00e0o bi\u1ec3u t\u01b0\u1ee3ng \u201cTh\u00eam v\u00e0o gi\u1ecf h\u00e0ng\u201d<\/h5>\n<h5><strong>B\u01b0\u1edbc 3:<\/strong>\u00a0Click chu\u1ed9t v\u00e0o \u201cXem gi\u1ecf h\u00e0ng\u201d ho\u1eb7c bi\u1ec3u t\u01b0\u1ee3ng xe\u00a0\u0111\u1ea9y h\u00e0ng\u00a0\u1edf g\u00f3c ph\u1ea3i tr\u00ean c\u00f9ng c\u1ee7a website.<\/h5>\n<h5><strong>B\u01b0\u1edbc 4:<\/strong>\u00a0Kh\u00e1ch h\u00e0ng \u0111i\u1ec1n m\u00e3 \u01b0u \u0111\u00e3i (n\u1ebfu c\u00f3), sau\u00a0\u0111\u00f3\u00a0\u1ea5n \u201cThanh to\u00e1n\u201d<\/h5>\n<p><strong>B\u01b0\u1edbc 5:<\/strong> Qu\u00fd kh\u00e1ch vui l\u00f2ng\u00a0\u0111i\u1ec1n\u00a0\u0111\u1ea9y\u00a0\u0111\u1ee7 th\u00f4ng tin c\u1ea7n thi\u1ebft v\u00e0 ch\u1ecdn\u00a0\u201c\u0110\u1eb7t h\u00e0ng\u201d<\/p>\n<p><strong>B\u01b0\u1edbc 6:\u00a0<\/strong>C\u1eeda s\u1ed5 thanh to\u00e1n hi\u1ec7n ra, qu\u00fd kh\u00e1ch c\u00f3 th\u1ec3 ch\u1ecdn m\u1ed9t t\u00e0i kho\u1ea3n thu\u1eadn ti\u1ec7n v\u00e0 l\u00e0m theo h\u01b0\u1edbng d\u1eabn hi\u1ec7n ra.<\/p>\n<p><strong>B\u01b0\u1edbc 7:<\/strong> Nh\u00e2n vi\u00ean c\u1ee7a TK3 Moda s\u1ebd li\u00ean l\u1ea1c v\u1edbi qu\u00fd kh\u00e1ch\u00a0\u0111\u1ec3 x\u00e1c nh\u1eadn\u00a0\u0111\u01a1n h\u00e0ng v\u00e0 l\u00e0m th\u1ee7 t\u1ee5c chuy\u1ec3n h\u00e0ng cho qu\u00fd kh\u00e1ch.<\/p>\n<p>*H\u00e0ng ch\u1ec9 \u0111\u01b0\u1ee3c chuy\u1ec3n \u0111i sau khi \u0111\u00e3 nh\u1eadn \u0111\u01b0\u1ee3c th\u00f4ng tin thanh to\u00e1n t\u1eeb kh\u00e1ch h\u00e0ng*<\/p>\n<p>*Ch\u00fang t\u00f4i s\u1ebd gi\u1eef h\u00e0ng cho qu\u00fd kh\u00e1ch trong v\u00f2ng 24 ti\u1ebfng k\u1ec3 t\u1eeb l\u00fac g\u1eedi th\u00f4ng b\u00e1o x\u00e1c nh\u1eadn \u0111\u01a1n h\u00e0ng.*<\/p>\n<p>&nbsp;<\/p>\n<h3><strong>H\u00ccNH TH\u1ee8C THANH TO\u00c1N<\/strong><\/h3>\n<p>Hi\u1ec7n t\u1ea1i TK3 Moda ch\u1ec9\u00a0\u00e1p d\u1ee5ng duy nh\u1ea5t h\u00ecnh th\u1ee9c thanh to\u00e1n chuy\u1ec3n kho\u1ea3n qua ng\u00e2n h\u00e0ng.<\/p>\n<p>Mong qu\u00fd kh\u00e1ch nhanh ch\u00f3ng ti\u1ebfn h\u00e0nh vi\u1ec7c chuy\u1ec3n kho\u1ea3n \u0111\u1ec3 tr\u00e1nh tr\u01b0\u1eddng h\u1ee3p h\u1ebft h\u00e0ng sau 24 ti\u1ebfng.<\/p>\n<p>L\u01b0u \u00fd: Nh\u1eb1m m\u1ee5c \u0111\u00edch cung c\u1ea5p d\u1ecbch v\u1ee5 c\u0169ng nh\u01b0 h\u00e0ng h\u00f3a t\u1ed1t nh\u1ea5t cho qu\u00fd kh\u00e1ch, trong v\u00e0i tr\u01b0\u1eddng h\u1ee3p b\u1ea5t kh\u1ea3 kh\u00e1ng, ch\u00fang t\u00f4i c\u00f3 quy\u1ec1n t\u1eeb ch\u1ed1i \u0111\u01a1n h\u00e0ng c\u1ee7a qu\u00fd kh\u00e1ch. N\u1ebfu qu\u00fd kh\u00e1ch \u0111\u00e3 thanh to\u00e1n, ch\u00fang t\u00f4i cam k\u1ebft ho\u00e0n tr\u1ea3 100% gi\u00e1 tr\u1ecb \u0111\u00e3 thanh to\u00e1n.<\/p>\n<p>Mong qu\u00fd kh\u00e1ch th\u00f4ng c\u1ea3m.<\/p>\n<p>Ch\u00fac qu\u00fd kh\u00e1ch mua s\u1eafm vui v\u1ebb!<\/p>\n","protected":false},"excerpt":{"rendered":"<p>H\u01af\u1edaNG D\u1eaaN MUA H\u00c0NG ONLINE B\u01b0\u1edbc 1: Truy c\u1eadp v\u00e0o\u00a0website: tk3.com.vn B\u01b0\u1edbc 2: L\u1ef1a ch\u1ecdn s\u1ea3n ph\u1ea9m, ch\u1ecdn size, m\u00e0u s\u1eafc v\u00e0 s\u1ed1 l\u01b0\u1ee3ng. Sau \u0111\u00f3, click chu\u1ed9t v\u00e0o bi\u1ec3u t\u01b0\u1ee3ng \u201cTh\u00eam v\u00e0o gi\u1ecf h\u00e0ng\u201d B\u01b0\u1edbc 3:\u00a0Click chu\u1ed9t v\u00e0o \u201cXem gi\u1ecf h\u00e0ng\u201d ho\u1eb7c bi\u1ec3u t\u01b0\u1ee3ng xe\u00a0\u0111\u1ea9y h\u00e0ng\u00a0\u1edf g\u00f3c ph\u1ea3i tr\u00ean c\u00f9ng c\u1ee7a website. B\u01b0\u1edbc 4:\u00a0Kh\u00e1ch [&#8230;]\n","protected":false},"author":1,"featured_media":0,"parent":0,"menu_order":0,"comment_status":"closed","ping_status":"closed","template":"","meta":[],"_links":{"self":[{"href":"https:\/\/demo.bmconnect.vn\/fashion4\/wp-json\/wp\/v2\/pages\/692"}],"collection":[{"href":"https:\/\/demo.bmconnect.vn\/fashion4\/wp-json\/wp\/v2\/pages"}],"about":[{"href":"https:\/\/demo.bmconnect.vn\/fashion4\/wp-json\/wp\/v2\/types\/page"}],"author":[{"embeddable":true,"href":"https:\/\/demo.bmconnect.vn\/fashion4\/wp-json\/wp\/v2\/users\/1"}],"replies":[{"embeddable":true,"href":"https:\/\/demo.bmconnect.vn\/fashion4\/wp-json\/wp\/v2\/comments?post=692"}],"version-history":[{"count":2,"href":"https:\/\/demo.bmconnect.vn\/fashion4\/wp-json\/wp\/v2\/pages\/692\/revisions"}],"predecessor-version":[{"id":770,"href":"https:\/\/demo.bmconnect.vn\/fashion4\/wp-json\/wp\/v2\/pages\/692\/revisions\/770"}],"wp:attachment":[{"href":"https:\/\/demo.bmconnect.vn\/fashion4\/wp-json\/wp\/v2\/media?parent=692"}],"curies":[{"name":"wp","href":"https:\/\/api.w.org\/{rel}","templated":true}]}}