{"id":688,"date":"2017-05-18T09:02:02","date_gmt":"2017-05-18T09:02:02","guid":{"rendered":"http:\/\/demo.bmconnect.vn\/fashion4\/?page_id=688"},"modified":"2017-05-18T09:50:25","modified_gmt":"2017-05-18T09:50:25","slug":"chinh-sach-doi-tra-hang","status":"publish","type":"page","link":"https:\/\/demo.bmconnect.vn\/fashion4\/chinh-sach-doi-tra-hang\/","title":{"rendered":"Ch\u00ednh s\u00e1ch \u0111\u1ed5i &#038; tr\u1ea3 h\u00e0ng"},"content":{"rendered":"<ul>\n<li>Qu\u00fd kh\u00e1ch vui l\u00f2ng xu\u1ea5t tr\u00ecnh h\u00f3a \u0111\u01a1n mua h\u00e0ng khi c\u00f3 y\u00eau c\u1ea7u \u0111\u1ed5i h\u00e0ng.<\/li>\n<li>TK3 Moda ch\u1ec9 ch\u1ea5p nh\u1eadn kh\u00e1ch h\u00e0ng\u00a0\u0111\u1ed5i sang m\u1eb7t h\u00e0ng kh\u00e1c c\u00f3 gi\u00e1 tr\u1ecb t\u01b0\u01a1ng\u00a0\u0111\u01b0\u01a1ng ho\u1eb7c l\u1edbn h\u01a1n, kh\u00f4ng ch\u1ea5p nh\u1eadn tr\u1ea3 h\u00e0ng quy\u00a0\u0111\u1ed5i ra ti\u1ec1n (bao g\u1ed3m ti\u1ec1m m\u1eb7t v\u00e0 chuy\u1ec3n kho\u1ea3n).<\/li>\n<li>Trong b\u1ea5t k\u1ef3 t\u00ecnh hu\u1ed1ng n\u00e0o, TK3 Moda\u00a0ch\u1ec9 ch\u1ea5p nh\u1eadn vi\u1ec7c \u0111\u1ed5i h\u00e0ng c\u00f2n m\u1edbi, ch\u01b0a qua s\u1eed d\u1ee5ng, trong v\u00f2ng 2\u00a0ng\u00e0y k\u1ec3 t\u1eeb ng\u00e0y mua h\u00e0ng.<\/li>\n<li>H\u00e0ng \u0111\u1ed5i ph\u1ea3i c\u00f2n m\u1edbi v\u00e0 gi\u1eef nguy\u00ean t\u00ecnh tr\u1ea1ng ban \u0111\u1ea7u, c\u00f2n nguy\u00ean tem, nh\u00e3n m\u00e1c.<\/li>\n<li>H\u00e0ng ch\u01b0a qua s\u1eed d\u1ee5ng, ch\u01b0a gi\u1eb7t v\u00e0 kh\u00f4ng b\u1ecb h\u01b0 h\u1ea1i. H\u00e0ng kh\u00f4ng b\u1ecb b\u1ea9n, kh\u00f4ng d\u00ednh c\u00e1c v\u1ebft m\u1ef9 ph\u1ea9m, kh\u00f4ng nhi\u1ec5m m\u00f9i nh\u01b0 n\u01b0\u1edbc hoa, kem c\u1ea1o r\u00e2u, ch\u1ea5t kh\u1eed m\u00f9i c\u01a1 th\u1ec3 hay kh\u00f3i thu\u1ed1c l\u00e1, v.v\u2026<\/li>\n<li>H\u00e0ng b\u00e1n trong th\u1eddi gian khuy\u1ebfn m\u00e3i, ho\u1eb7c h\u00e0ng \u0111\u00e3 \u0111\u01b0\u1ee3c \u0111\u1ed5i m\u1ed9t l\u1ea7n tr\u01b0\u1edbc \u0111\u00f3 s\u1ebd kh\u00f4ng \u00e1p d\u1ee5ng ch\u00ednh s\u00e1ch \u0111\u1ed5i tr\u1ea3 h\u00e0ng.<\/li>\n<\/ul>\n","protected":false},"excerpt":{"rendered":"<p>Qu\u00fd kh\u00e1ch vui l\u00f2ng xu\u1ea5t tr\u00ecnh h\u00f3a \u0111\u01a1n mua h\u00e0ng khi c\u00f3 y\u00eau c\u1ea7u \u0111\u1ed5i h\u00e0ng. TK3 Moda ch\u1ec9 ch\u1ea5p nh\u1eadn kh\u00e1ch h\u00e0ng\u00a0\u0111\u1ed5i sang m\u1eb7t h\u00e0ng kh\u00e1c c\u00f3 gi\u00e1 tr\u1ecb t\u01b0\u01a1ng\u00a0\u0111\u01b0\u01a1ng ho\u1eb7c l\u1edbn h\u01a1n, kh\u00f4ng ch\u1ea5p nh\u1eadn tr\u1ea3 h\u00e0ng quy\u00a0\u0111\u1ed5i ra ti\u1ec1n (bao g\u1ed3m ti\u1ec1m m\u1eb7t v\u00e0 chuy\u1ec3n kho\u1ea3n). Trong b\u1ea5t k\u1ef3 t\u00ecnh hu\u1ed1ng n\u00e0o, [&#8230;]\n","protected":false},"author":1,"featured_media":0,"parent":0,"menu_order":0,"comment_status":"closed","ping_status":"closed","template":"","meta":[],"_links":{"self":[{"href":"https:\/\/demo.bmconnect.vn\/fashion4\/wp-json\/wp\/v2\/pages\/688"}],"collection":[{"href":"https:\/\/demo.bmconnect.vn\/fashion4\/wp-json\/wp\/v2\/pages"}],"about":[{"href":"https:\/\/demo.bmconnect.vn\/fashion4\/wp-json\/wp\/v2\/types\/page"}],"author":[{"embeddable":true,"href":"https:\/\/demo.bmconnect.vn\/fashion4\/wp-json\/wp\/v2\/users\/1"}],"replies":[{"embeddable":true,"href":"https:\/\/demo.bmconnect.vn\/fashion4\/wp-json\/wp\/v2\/comments?post=688"}],"version-history":[{"count":2,"href":"https:\/\/demo.bmconnect.vn\/fashion4\/wp-json\/wp\/v2\/pages\/688\/revisions"}],"predecessor-version":[{"id":768,"href":"https:\/\/demo.bmconnect.vn\/fashion4\/wp-json\/wp\/v2\/pages\/688\/revisions\/768"}],"wp:attachment":[{"href":"https:\/\/demo.bmconnect.vn\/fashion4\/wp-json\/wp\/v2\/media?parent=688"}],"curies":[{"name":"wp","href":"https:\/\/api.w.org\/{rel}","templated":true}]}}