{"id":684,"date":"2017-05-18T09:01:45","date_gmt":"2017-05-18T09:01:45","guid":{"rendered":"http:\/\/demo.bmconnect.vn\/fashion4\/?page_id=684"},"modified":"2017-05-18T09:01:45","modified_gmt":"2017-05-18T09:01:45","slug":"chinh-sach-quy-dinh-chung","status":"publish","type":"page","link":"https:\/\/demo.bmconnect.vn\/fashion4\/chinh-sach-quy-dinh-chung\/","title":{"rendered":"Ch\u00ednh s\u00e1ch &#038; Quy \u0111\u1ecbnh chung"},"content":{"rendered":"","protected":false},"excerpt":{"rendered":"","protected":false},"author":1,"featured_media":0,"parent":0,"menu_order":0,"comment_status":"closed","ping_status":"closed","template":"","meta":[],"_links":{"self":[{"href":"https:\/\/demo.bmconnect.vn\/fashion4\/wp-json\/wp\/v2\/pages\/684"}],"collection":[{"href":"https:\/\/demo.bmconnect.vn\/fashion4\/wp-json\/wp\/v2\/pages"}],"about":[{"href":"https:\/\/demo.bmconnect.vn\/fashion4\/wp-json\/wp\/v2\/types\/page"}],"author":[{"embeddable":true,"href":"https:\/\/demo.bmconnect.vn\/fashion4\/wp-json\/wp\/v2\/users\/1"}],"replies":[{"embeddable":true,"href":"https:\/\/demo.bmconnect.vn\/fashion4\/wp-json\/wp\/v2\/comments?post=684"}],"version-history":[{"count":1,"href":"https:\/\/demo.bmconnect.vn\/fashion4\/wp-json\/wp\/v2\/pages\/684\/revisions"}],"predecessor-version":[{"id":685,"href":"https:\/\/demo.bmconnect.vn\/fashion4\/wp-json\/wp\/v2\/pages\/684\/revisions\/685"}],"wp:attachment":[{"href":"https:\/\/demo.bmconnect.vn\/fashion4\/wp-json\/wp\/v2\/media?parent=684"}],"curies":[{"name":"wp","href":"https:\/\/api.w.org\/{rel}","templated":true}]}}