{"id":292,"date":"2017-05-18T01:40:03","date_gmt":"2017-05-18T01:40:03","guid":{"rendered":"http:\/\/demo.bmconnect.vn\/fashion4\/?page_id=292"},"modified":"2017-05-18T01:54:28","modified_gmt":"2017-05-18T01:54:28","slug":"gioi-thieu","status":"publish","type":"page","link":"https:\/\/demo.bmconnect.vn\/fashion4\/gioi-thieu\/","title":{"rendered":"Gi\u1edbi thi\u1ec7u"},"content":{"rendered":"<p>\u2666L\u1ecbch s\u1eed h\u00ecnh th\u00e0nh:<br \/>\nTk3 Moda ti\u1ec1n th\u00e2n l\u00e0 Garallotten l\u00e0 th\u01b0\u01a1ng hi\u1ec7u th\u1eddi trang c\u00f4ng s\u1edf n\u1eef cao c\u1ea5p \u0111\u00e3 ho\u1ea1t \u0111\u1ed9ng tr\u00ean 10 n\u0103m \u1edf kh\u1eafp c\u00e1c t\u1ec9nh th\u00e0nh mi\u1ec1n B\u1eafc.<\/p>\n<p>D\u01b0\u1edbi t\u00ean th\u01b0\u01a1ng hi\u1ec7u Garallotten, trong nh\u1eefng n\u0103m qua ch\u00fang t\u00f4i \u0111\u00e3 mang l\u1ea1i cho qu\u00fd kh\u00e1ch nhi\u1ec1u s\u1ea3n ph\u1ea9m th\u1eddi trang c\u00f4ng s\u1edf n\u1eef cao c\u1ea5p, \u0111\u01b0\u1ee3c nhi\u1ec1u qu\u00fd kh\u00e1ch h\u00e0ng tin d\u00f9ng. \u0110\u00f3n nh\u1eadn \u00fd ki\u1ebfn \u0111\u00f3ng g\u00f3p t\u1eeb ph\u00eda kh\u00e1ch h\u00e0ng, nh\u1eb1m h\u01b0\u1edbng t\u1edbi qu\u1ea3ng b\u00e1, ph\u00e1t tri\u1ec3n th\u01b0\u01a1ng hi\u1ec7u, \u0111\u1ec3 kh\u00e1ch h\u00e0ng d\u1ec5 nh\u1edb h\u01a1n, h\u01b0\u1edbng t\u1edbi nhi\u1ec1u \u0111\u1ed1i t\u01b0\u1ee3ng kh\u00e1ch h\u00e0ng h\u01a1n n\u1eefa, nay ch\u00fang t\u00f4i chuy\u1ec3n \u0111\u1ed5i t\u00ean th\u01b0\u01a1ng hi\u1ec7u t\u1eeb Garallotten sang th\u01b0\u01a1ng hi\u1ec7u Tk3 Moda.<\/p>\n<p>Tk3 Moda lu\u00f4n l\u00e0m h\u00e0i l\u00f2ng kh\u00e1ch h\u00e0ng t\u1eeb ch\u1ea5t l\u01b0\u1ee3ng, m\u1eabu m\u00e3 v\u00e0 gi\u00e1 th\u00e0nh s\u1ea3n ph\u1ea9m.<\/p>\n<p>\u0110\u1ec3 s\u1ea3n ph\u1ea9m t\u1edbi \u0111\u01b0\u1ee3c tay kh\u00e1ch h\u00e0ng, Tk3 Moda \u0111\u00e3 ph\u1ea3i l\u1ef1a ch\u1ecdn s\u00e1t xao t\u1eeb thi\u1ebft k\u1ebf, ch\u1ea5t li\u1ec7u, c\u00e1c s\u1ea3n ph\u1ea9m \u0111\u01b0\u1ee3c l\u00e0m ho\u00e0n to\u00e0n th\u1ee7 c\u00f4ng t\u1eeb nh\u1eefng ng\u01b0\u1eddi th\u1ee3 tay ngh\u1ec1 cao.<\/p>\n<p>\u2666T\u1ea7m nh\u00ecn \u2013 s\u1ee9 m\u1ec7nh:<br \/>\nSang tr\u1ecdng, qu\u00fd ph\u00e1i nh\u01b0ng c\u0169ng kh\u00f4ng k\u00e9m ph\u1ea7n duy\u00ean d\u00e1ng v\u00e0 phong c\u00e1ch l\u00e0 ti\u00eau ch\u00ed m\u00e0 ch\u00fang t\u00f4i lu\u00f4n h\u01b0\u1edbng t\u1edbi nh\u1eb1m t\u1ea1o ra c\u00e1c s\u1ea3n ph\u1ea9m ch\u1ea5t l\u01b0\u1ee3ng t\u1edbi tay kh\u00e1ch h\u00e0ng.<\/p>\n<p>Ch\u00fang t\u00f4i kh\u00f4ng ng\u1eebng h\u1ecdc h\u1ecfi, ti\u1ebfp thu \u00fd ki\u1ebfn \u0111\u00f3ng g\u00f3p c\u1ee7a kh\u00e1ch h\u00e0ng \u0111\u1ec3 t\u1ea1o ra c\u00e1c s\u1ea3n ph\u1ea9m \u0111\u1eb7c tr\u01b0ng mang th\u01b0\u01a1ng hi\u1ec7u Tk3 Moda. C\u00e1c s\u1ea3n ph\u1ea9m c\u1ee7a Tk3 Moda lu\u00f4n kh\u00e1c bi\u1ec7t b\u1edfi ch\u1ea5t l\u01b0\u1ee3ng s\u1ea3n ph\u1ea9m c\u00f9ng v\u1edbi phong c\u00e1ch thi\u1ebft k\u1ebf tinh t\u1ebf.<\/p>\n","protected":false},"excerpt":{"rendered":"<p>\u2666L\u1ecbch s\u1eed h\u00ecnh th\u00e0nh: Tk3 Moda ti\u1ec1n th\u00e2n l\u00e0 Garallotten l\u00e0 th\u01b0\u01a1ng hi\u1ec7u th\u1eddi trang c\u00f4ng s\u1edf n\u1eef cao c\u1ea5p \u0111\u00e3 ho\u1ea1t \u0111\u1ed9ng tr\u00ean 10 n\u0103m \u1edf kh\u1eafp c\u00e1c t\u1ec9nh th\u00e0nh mi\u1ec1n B\u1eafc. D\u01b0\u1edbi t\u00ean th\u01b0\u01a1ng hi\u1ec7u Garallotten, trong nh\u1eefng n\u0103m qua ch\u00fang t\u00f4i \u0111\u00e3 mang l\u1ea1i cho qu\u00fd kh\u00e1ch nhi\u1ec1u s\u1ea3n ph\u1ea9m th\u1eddi trang [&#8230;]\n","protected":false},"author":1,"featured_media":0,"parent":0,"menu_order":0,"comment_status":"closed","ping_status":"closed","template":"page-blank-title-center.php","meta":[],"_links":{"self":[{"href":"https:\/\/demo.bmconnect.vn\/fashion4\/wp-json\/wp\/v2\/pages\/292"}],"collection":[{"href":"https:\/\/demo.bmconnect.vn\/fashion4\/wp-json\/wp\/v2\/pages"}],"about":[{"href":"https:\/\/demo.bmconnect.vn\/fashion4\/wp-json\/wp\/v2\/types\/page"}],"author":[{"embeddable":true,"href":"https:\/\/demo.bmconnect.vn\/fashion4\/wp-json\/wp\/v2\/users\/1"}],"replies":[{"embeddable":true,"href":"https:\/\/demo.bmconnect.vn\/fashion4\/wp-json\/wp\/v2\/comments?post=292"}],"version-history":[{"count":2,"href":"https:\/\/demo.bmconnect.vn\/fashion4\/wp-json\/wp\/v2\/pages\/292\/revisions"}],"predecessor-version":[{"id":312,"href":"https:\/\/demo.bmconnect.vn\/fashion4\/wp-json\/wp\/v2\/pages\/292\/revisions\/312"}],"wp:attachment":[{"href":"https:\/\/demo.bmconnect.vn\/fashion4\/wp-json\/wp\/v2\/media?parent=292"}],"curies":[{"name":"wp","href":"https:\/\/api.w.org\/{rel}","templated":true}]}}