{"id":205,"date":"2017-03-21T23:34:06","date_gmt":"2017-03-21T16:34:06","guid":{"rendered":"https:\/\/demo.bmconnect.vn\/education\/?page_id=205"},"modified":"2017-03-22T00:02:53","modified_gmt":"2017-03-21T17:02:53","slug":"phu-huynh","status":"publish","type":"page","link":"https:\/\/demo.bmconnect.vn\/education\/phan-hoi\/phu-huynh\/","title":{"rendered":"Ph\u1ee5 huynh"},"content":{"rendered":"<div class=\"container section-title-container\" ><h3 class=\"section-title section-title-center\"><b><\/b><span class=\"section-title-main\" ><i class=\"icon-checkmark\" ><\/i>Ph\u1ea3n h\u1ed3i c\u1ee7a ph\u1ee5 huynh v\u1ec1 Gia s\u01b0 27<\/span><b><\/b><\/h3><\/div>\n<div class=\"row\"  id=\"row-1685052455\">\n\n\t<div id=\"col-1016068644\" class=\"col small-12 large-12\"  >\n\t\t\t\t<div class=\"col-inner text-left box-shadow-1 box-shadow-3-hover\"  >\n\t\t\t\n\t\t\t\n  <div class=\"icon-box testimonial-box icon-box-left text-left is-large\">\n                <div class=\"icon-box-img testimonial-image circle\" style=\"width: 300px\">\n              <img width=\"150\" height=\"150\" src=\"https:\/\/demo.bmconnect.vn\/education\/wp-content\/uploads\/2017\/03\/people-avatar-2-150x150.jpg\" class=\"attachment-thumbnail size-thumbnail\" alt=\"\" loading=\"lazy\" srcset=\"https:\/\/demo.bmconnect.vn\/education\/wp-content\/uploads\/2017\/03\/people-avatar-2-150x150.jpg 150w, https:\/\/demo.bmconnect.vn\/education\/wp-content\/uploads\/2017\/03\/people-avatar-2.jpg 300w\" sizes=\"(max-width: 150px) 100vw, 150px\" \/>        <\/div>\n                <div class=\"icon-box-text p-last-0\">\n          <div class=\"star-rating\"><span style=\"width:100%\"><strong class=\"rating\"><\/strong><\/span><\/div>  \t\t\t\t<div class=\"testimonial-text line-height-small italic test_text first-reset last-reset is-italic\">\n            \n<p>&#8211; T\u00f4i r\u1ea5t h\u00e0i l\u00f2ng v\u1ec1 m\u1ecdi m\u1eb7t t\u1eeb \u0103n u\u1ed1ng \u0111\u1ebfn qu\u1ea7n \u00e1o \u1ee7i th\u1eb3ng . N\u01a1i \u1edf s\u1ea1ch s\u1ebd (qu\u1ea1t, m\u00e1y l\u1ea1nh \u0111\u1ea7y \u0111\u1ee7)<\/p>\n<p>&#8211; Vi\u1ec7c h\u1ecdc c\u1ee7a em Quang c\u0169ng \u0111\u01b0\u1ee3c th\u1ea7y c\u00f4\u00a0truong thpt tu thuc\u00a0\u00a0Nh\u00e2n Vi\u1ec7t quan t\u00e2m d\u1ea1y k\u1ef9 t\u1eebng m\u00f4n.<\/p>\n<p>&#8211; Vi\u1ec7c r\u00e8n luy\u1ec7n h\u1ea1nh ki\u1ec3m c\u1ee7a Quang c\u0169ng \u0111\u01b0\u1ee3c GVCN v\u00e0 th\u1ea7y c\u00f4 c\u0169ng nh\u01b0 BGH r\u1ea5t quan t\u00e2m n\u00ean v\u1ec1 nh\u00e0 em l\u1ec5 ph\u00e9p h\u01a1n.<\/p>\n          <\/div>\n          <div class=\"testimonial-meta pt-half\">\n             <strong class=\"testimonial-name test_name\">Nguy\u1ec5n V\u0103n A<\/strong>\n             <span class=\"testimonial-name-divider\"> \/ <\/span>             <span class=\"testimonial-company test_company\">Gi\u00e1m \u0110\u1ed1c C\u00f4ng Ty ABC<\/span>\n          <\/div>\n        <\/div>\n  <\/div>\n\n  \n\t\t<\/div>\n\t\t\t\t\t<\/div>\n\n\t\n\n\t<div id=\"col-2029640048\" class=\"col small-12 large-12\"  >\n\t\t\t\t<div class=\"col-inner text-left box-shadow-1 box-shadow-3-hover\"  >\n\t\t\t\n\t\t\t\n  <div class=\"icon-box testimonial-box icon-box-left text-left is-large\">\n                <div class=\"icon-box-img testimonial-image circle\" style=\"width: 300px\">\n              <img width=\"150\" height=\"150\" src=\"https:\/\/demo.bmconnect.vn\/education\/wp-content\/uploads\/2017\/03\/people-avatar-1-150x150.jpg\" class=\"attachment-thumbnail size-thumbnail\" alt=\"\" loading=\"lazy\" srcset=\"https:\/\/demo.bmconnect.vn\/education\/wp-content\/uploads\/2017\/03\/people-avatar-1-150x150.jpg 150w, https:\/\/demo.bmconnect.vn\/education\/wp-content\/uploads\/2017\/03\/people-avatar-1-300x300.jpg 300w, https:\/\/demo.bmconnect.vn\/education\/wp-content\/uploads\/2017\/03\/people-avatar-1.jpg 480w\" sizes=\"(max-width: 150px) 100vw, 150px\" \/>        <\/div>\n                <div class=\"icon-box-text p-last-0\">\n          <div class=\"star-rating\"><span style=\"width:100%\"><strong class=\"rating\"><\/strong><\/span><\/div>  \t\t\t\t<div class=\"testimonial-text line-height-small italic test_text first-reset last-reset is-italic\">\n            \n<p>Em \u0110\u1ea1i \u1edf nh\u00e0 th\u1eadt nh\u00fat nh\u00e1t d\u00f9 em h\u1ecdc gi\u1ecfi. Qua m\u1ea5y th\u00e1ng \u1edf n\u1ed9i tr\u00fa \u1edf tr\u01b0\u1eddng \u0110\u1ea1i \u0111\u00e3 d\u1ea1n d\u0129, t\u00f4i r\u1ea5t c\u00e1m \u01a1n tr\u01b0\u1eddng \u0111\u00e3 r\u00e8n luy\u1ec7n nh\u00e2n c\u00e1ch c\u1ee7a ch\u00e1u, ch\u00e1u c\u00f3 t\u00ednh c\u00e1ch ng\u01b0\u1eddi l\u1edbn h\u01a1n, bi\u1ebft nghe l\u1eddi v\u00e0 quan t\u00e2m \u0111\u1ebfn cha m\u1eb9, ch\u1ecb g\u00e1i h\u01a1n qua vi\u1ec7c m\u01b0\u1ee3n \u0111i\u1ec7n tho\u1ea1i h\u1ecfi th\u0103m s\u1ee9c kh\u1ecfe t\u1eebng ng\u01b0\u1eddi trong gia \u0111\u00ecnh.<\/p>\n          <\/div>\n          <div class=\"testimonial-meta pt-half\">\n             <strong class=\"testimonial-name test_name\">Di\u1ec7u Linh<\/strong>\n             <span class=\"testimonial-name-divider\"> \/ <\/span>             <span class=\"testimonial-company test_company\">H\u00e0 N\u1ed9i<\/span>\n          <\/div>\n        <\/div>\n  <\/div>\n\n  \n\t\t<\/div>\n\t\t\t\t\t<\/div>\n\n\t\n<\/div>\n","protected":false},"excerpt":{"rendered":"","protected":false},"author":1,"featured_media":0,"parent":201,"menu_order":0,"comment_status":"closed","ping_status":"closed","template":"page-right-sidebar.php","meta":[],"_links":{"self":[{"href":"https:\/\/demo.bmconnect.vn\/education\/wp-json\/wp\/v2\/pages\/205"}],"collection":[{"href":"https:\/\/demo.bmconnect.vn\/education\/wp-json\/wp\/v2\/pages"}],"about":[{"href":"https:\/\/demo.bmconnect.vn\/education\/wp-json\/wp\/v2\/types\/page"}],"author":[{"embeddable":true,"href":"https:\/\/demo.bmconnect.vn\/education\/wp-json\/wp\/v2\/users\/1"}],"replies":[{"embeddable":true,"href":"https:\/\/demo.bmconnect.vn\/education\/wp-json\/wp\/v2\/comments?post=205"}],"version-history":[{"count":3,"href":"https:\/\/demo.bmconnect.vn\/education\/wp-json\/wp\/v2\/pages\/205\/revisions"}],"predecessor-version":[{"id":221,"href":"https:\/\/demo.bmconnect.vn\/education\/wp-json\/wp\/v2\/pages\/205\/revisions\/221"}],"up":[{"embeddable":true,"href":"https:\/\/demo.bmconnect.vn\/education\/wp-json\/wp\/v2\/pages\/201"}],"wp:attachment":[{"href":"https:\/\/demo.bmconnect.vn\/education\/wp-json\/wp\/v2\/media?parent=205"}],"curies":[{"name":"wp","href":"https:\/\/api.w.org\/{rel}","templated":true}]}}