{"id":203,"date":"2017-03-21T23:33:34","date_gmt":"2017-03-21T16:33:34","guid":{"rendered":"https:\/\/demo.bmconnect.vn\/education\/?page_id=203"},"modified":"2017-03-21T23:56:57","modified_gmt":"2017-03-21T16:56:57","slug":"hoc-sinh","status":"publish","type":"page","link":"https:\/\/demo.bmconnect.vn\/education\/phan-hoi\/hoc-sinh\/","title":{"rendered":"H\u1ecdc sinh"},"content":{"rendered":"<div class=\"container section-title-container\" ><h3 class=\"section-title section-title-center\"><b><\/b><span class=\"section-title-main\" ><i class=\"icon-checkmark\" ><\/i>Ph\u1ea3n h\u1ed3i c\u1ee7a h\u1ecdc sinh v\u1ec1 Gia s\u01b0 27<\/span><b><\/b><\/h3><\/div>\n<div class=\"row\"  id=\"row-93464964\">\n\n\t<div id=\"col-928533876\" class=\"col small-12 large-12\"  >\n\t\t\t\t<div class=\"col-inner text-left box-shadow-1 box-shadow-3-hover\"  >\n\t\t\t\n\t\t\t\n  <div class=\"icon-box testimonial-box icon-box-left text-left is-large\">\n                <div class=\"icon-box-img testimonial-image circle\" style=\"width: 300px\">\n              <img width=\"150\" height=\"150\" src=\"https:\/\/demo.bmconnect.vn\/education\/wp-content\/uploads\/2017\/03\/people-avatar-2-150x150.jpg\" class=\"attachment-thumbnail size-thumbnail\" alt=\"\" loading=\"lazy\" srcset=\"https:\/\/demo.bmconnect.vn\/education\/wp-content\/uploads\/2017\/03\/people-avatar-2-150x150.jpg 150w, https:\/\/demo.bmconnect.vn\/education\/wp-content\/uploads\/2017\/03\/people-avatar-2.jpg 300w\" sizes=\"(max-width: 150px) 100vw, 150px\" \/>        <\/div>\n                <div class=\"icon-box-text p-last-0\">\n          <div class=\"star-rating\"><span style=\"width:100%\"><strong class=\"rating\"><\/strong><\/span><\/div>  \t\t\t\t<div class=\"testimonial-text line-height-small italic test_text first-reset last-reset is-italic\">\n            \n<p>B\u1ea1n Nguy\u1ec5n Kh\u1eafc B\u00ecnh, sinh Vi\u00ean Tr\u01b0\u1eddng \u0110H Nha Trang: \u201cChu\u1ea9n b\u1ecb t\u1ed1t nghi\u1ec7p n\u00ean vi\u1ec7c trau d\u1ed3i k\u1ef9 n\u0103ng giao ti\u1ebfp ti\u1ebfng Anh l\u00e0 c\u1ef1c k\u1ef3 quan tr\u1ecdng \u0111\u1ec3 em c\u00f3 th\u1ec3 t\u00ecm \u0111\u01b0\u1ee3c m\u1ed9t c\u00f4ng vi\u1ec7c t\u1ed1t, m\u1ee9c l\u01b0\u01a1ng cao. Sau hai kh\u00f3a h\u1ecdc Ti\u1ebfng Anh, em ho\u00e0n to\u00e0n c\u00f3 th\u1ec3 t\u1ef1 tin \u1ee9ng d\u1ee5ng ti\u1ebfng Anh trong m\u1ecdi ng\u1eef c\u1ea3nh. Gi\u00e1o vi\u00ean c\u00f2n d\u1ea1y cho em nhi\u1ec1u k\u1ef9 n\u0103ng r\u1ea5t c\u1ea7n thi\u1ebft cho c\u00f4ng vi\u1ec7c nh\u01b0: vi\u1ebft email hay, tr\u1ea3 l\u1eddi ph\u1ecfng v\u1ea5n, thuy\u1ebft tr\u00ecnh\u2026<\/p>\n          <\/div>\n          <div class=\"testimonial-meta pt-half\">\n             <strong class=\"testimonial-name test_name\">Nguy\u1ec5n Kh\u1eafc B\u00ecnh<\/strong>\n             <span class=\"testimonial-name-divider\"> \/ <\/span>             <span class=\"testimonial-company test_company\">Gi\u00e1m S\u00e1t Nh\u00e0 H\u00e0ng<\/span>\n          <\/div>\n        <\/div>\n  <\/div>\n\n  \n\t\t<\/div>\n\t\t\t\t\t<\/div>\n\n\t\n\n\t<div id=\"col-1343894063\" class=\"col small-12 large-12\"  >\n\t\t\t\t<div class=\"col-inner text-left box-shadow-1 box-shadow-3-hover\"  >\n\t\t\t\n\t\t\t\n  <div class=\"icon-box testimonial-box icon-box-left text-left is-large\">\n                <div class=\"icon-box-img testimonial-image circle\" style=\"width: 300px\">\n              <img width=\"150\" height=\"150\" src=\"https:\/\/demo.bmconnect.vn\/education\/wp-content\/uploads\/2017\/03\/people-avatar-1-150x150.jpg\" class=\"attachment-thumbnail size-thumbnail\" alt=\"\" loading=\"lazy\" srcset=\"https:\/\/demo.bmconnect.vn\/education\/wp-content\/uploads\/2017\/03\/people-avatar-1-150x150.jpg 150w, https:\/\/demo.bmconnect.vn\/education\/wp-content\/uploads\/2017\/03\/people-avatar-1-300x300.jpg 300w, https:\/\/demo.bmconnect.vn\/education\/wp-content\/uploads\/2017\/03\/people-avatar-1.jpg 480w\" sizes=\"(max-width: 150px) 100vw, 150px\" \/>        <\/div>\n                <div class=\"icon-box-text p-last-0\">\n          <div class=\"star-rating\"><span style=\"width:100%\"><strong class=\"rating\"><\/strong><\/span><\/div>  \t\t\t\t<div class=\"testimonial-text line-height-small italic test_text first-reset last-reset is-italic\">\n            \n<p>B\u1ea1n Kh\u00e1nh Ng\u1ecdc, sinh Vi\u00ean Tr\u01b0\u1eddng \u0110H Nha Trang: \u201cM\u00ecnh h\u1ecdc kh\u00f3a 53 v\u00e0 gi\u1edd \u0111\u00e3 t\u1ed1t nghi\u1ec7p. C\u01a1 s\u1edf h\u1ecdc \u1edf \u0111\u00e2y r\u1ea5t t\u1ed1t, \u0111\u1ea7y \u0111\u1ee7. C\u00f4 Nh\u00ec d\u1ea1y d\u1ec5 hi\u1ec3u v\u00e0 t\u1eadn t\u00ecnh. C\u00f4 d\u1ea1y TOEIC r\u1ea5t k\u1ef9, h\u1ecdc vi\u00ean n\u1eafm c\u00e1ch l\u00e0m b\u00e0i TOIEC v\u00e0 c\u00f3 ki\u1ebfn th\u1ee9c. M\u1ea5y em kh\u00f3a sau mu\u1ed1n ki\u1ebfm ch\u1ed7 h\u1ecdc ti\u1ebfng anh TOIEC kh\u00f4ng ch\u1ec9 \u0111\u1ec3 \u0111\u1ee7 \u0111i\u1ec1u ki\u1ec7n ra tr\u01b0\u1eddng m\u00e0 c\u00f2n v\u1eefng ti\u1ebfng anh th\u00ec n\u00ean h\u1ecdc trung t\u00e2m n\u00e0y n\u00e8 \u201d <\/p>\n          <\/div>\n          <div class=\"testimonial-meta pt-half\">\n             <strong class=\"testimonial-name test_name\">Kh\u00e1nh Ng\u1ecdc<\/strong>\n             <span class=\"testimonial-name-divider\"> \/ <\/span>             <span class=\"testimonial-company test_company\">Nh\u00e2n Vi\u00ean Ng\u00e2n H\u00e0ng<\/span>\n          <\/div>\n        <\/div>\n  <\/div>\n\n  \n\t\t<\/div>\n\t\t\t\t\t<\/div>\n\n\t\n<\/div>\n","protected":false},"excerpt":{"rendered":"","protected":false},"author":1,"featured_media":0,"parent":201,"menu_order":0,"comment_status":"closed","ping_status":"closed","template":"page-right-sidebar.php","meta":[],"_links":{"self":[{"href":"https:\/\/demo.bmconnect.vn\/education\/wp-json\/wp\/v2\/pages\/203"}],"collection":[{"href":"https:\/\/demo.bmconnect.vn\/education\/wp-json\/wp\/v2\/pages"}],"about":[{"href":"https:\/\/demo.bmconnect.vn\/education\/wp-json\/wp\/v2\/types\/page"}],"author":[{"embeddable":true,"href":"https:\/\/demo.bmconnect.vn\/education\/wp-json\/wp\/v2\/users\/1"}],"replies":[{"embeddable":true,"href":"https:\/\/demo.bmconnect.vn\/education\/wp-json\/wp\/v2\/comments?post=203"}],"version-history":[{"count":3,"href":"https:\/\/demo.bmconnect.vn\/education\/wp-json\/wp\/v2\/pages\/203\/revisions"}],"predecessor-version":[{"id":219,"href":"https:\/\/demo.bmconnect.vn\/education\/wp-json\/wp\/v2\/pages\/203\/revisions\/219"}],"up":[{"embeddable":true,"href":"https:\/\/demo.bmconnect.vn\/education\/wp-json\/wp\/v2\/pages\/201"}],"wp:attachment":[{"href":"https:\/\/demo.bmconnect.vn\/education\/wp-json\/wp\/v2\/media?parent=203"}],"curies":[{"name":"wp","href":"https:\/\/api.w.org\/{rel}","templated":true}]}}