{"id":39,"date":"2019-03-16T12:33:16","date_gmt":"2019-03-16T05:33:16","guid":{"rendered":"http:\/\/demo.bmconnect.vn\/edu5\/?page_id=39"},"modified":"2019-03-17T18:18:30","modified_gmt":"2019-03-17T11:18:30","slug":"cau-lac-bo","status":"publish","type":"page","link":"https:\/\/demo.bmconnect.vn\/edu5\/cau-lac-bo\/","title":{"rendered":"C\u00e2u l\u1ea1c b\u1ed9"},"content":{"rendered":"<p>\u201c\u1ede ch\u00e2u \u00c1 c\u00f3 3 qu\u1ed1c gia\u00a0<strong>h\u1ecdc ti\u1ebfng Anh giao ti\u1ebfp<\/strong>\u00a0\u0111\u01b0\u1ee3c gi\u1ea3ng d\u1ea1y ch\u00ednh th\u1ee9c t\u1ea1i tr\u01b0\u1eddng h\u1ecdc t\u1eeb l\u1edbp 1 \u0111\u1ebfn l\u1edbp 12: Singapore, Philippin v\u00e0 \u1ea4n \u0110\u1ed9, lao \u0111\u1ed9ng c\u1ee7a c\u00e1c n\u01b0\u1edbc n\u00e0y l\u1ee3i th\u1ebf h\u01a1n h\u1eb3n c\u00e1c n\u01b0\u1edbc c\u00f2n l\u1ea1i.<br \/>\nV\u00ed nh\u01b0 Philippin, nh\u1eefng v\u00f9ng n\u00f4ng th\u00f4n xa x\u00f4i v\u00e0 kh\u00f3 kh\u0103n, tr\u1ebb em \u1edf \u0111\u00e2y ngh\u1ec9 h\u1ecdc t\u1eeb l\u1edbp 3 nh\u01b0ng nh\u1eefng c\u00e2u ti\u1ebfng Anh \u0111\u01a1n gi\u1ea3n nh\u01b0 gi\u1eb7t \u0111\u1ed3, n\u1ea5u c\u01a1m, lau nh\u00e0 \u2026 h\u1ecd \u0111\u00e3 \u0111\u01b0\u1ee3c h\u1ecdc t\u1eeb 3 n\u0103m tr\u01b0\u1edbc n\u00ean h\u1ecd \u0111i xu\u1ea5t kh\u1ea9u lao \u0111\u1ed9ng. Ng\u01b0\u1eddi Philippin ra n\u01b0\u1edbc ngo\u00e0i, sang Vi\u1ec7t Nam l\u00e0m\u00a0<em>gi\u00e1o vi\u00ean ti\u1ebfng Anh<\/em>, ca s\u0129, y t\u00e1 c\u0169ng r\u1ea5t nhi\u1ec1u. Theo th\u1ed1ng k\u00ea n\u0103m 2012, ri\u00eang l\u01b0\u1ee3ng ngo\u1ea1i t\u1ec7 ng\u01b0\u1eddi Philippin chuy\u1ec3n v\u1ec1 \u0111\u1ec3 x\u00e2y d\u1ef1ng \u0111\u1ea5t n\u01b0\u1edbc l\u00e0 26 t\u1ef7 \u0111\u00f4 la M\u1ef9.Trong cu\u1ed1n s\u00e1ch n\u1ed5i ti\u1ebfng c\u1ee7a Thomas L Friedman \u2013 The world is Flat (Th\u1ebf gi\u1edbi ph\u1eb3ng) k\u1ec3 nhi\u1ec1u v\u1ec1 h\u00e0nh tr\u00ecnh c\u1ee7a t\u00e1c gi\u1ea3 tr\u00ean \u0111\u1ea5t \u1ea4n, c\u00f3 \u0111o\u1ea1n k\u1ec3 l\u1ea1i \u201cT\u1ea1i m\u1ed9t t\u00f2a nh\u00e0 IMB, nh\u1eefng c\u00f4 c\u1eadu t\u1ef1 x\u01b0ng m\u00ecnh l\u00e0 Mike, Robert, Emily \u2026 \u0111ang t\u01b0 v\u1ea5n cho kh\u00e1ch h\u00e0ng \u1edf n\u1eeda kia c\u1ee7a tr\u00e1i \u0111\u1ea5t b\u1eb1ng gi\u1ecdng Anh M\u1ef9 r\u1ea5t chuy\u00ean nghi\u1ec7p. Lao \u0111\u1ed9ng M\u1ef9 \u0111ang m\u1ea5t vi\u1ec7c l\u00e0m ngay tr\u00ean \u0111\u1ea5t n\u01b0\u1edbc c\u1ee7a m\u00ecnh\u201d. \u0110\u00f3 l\u00e0 nh\u1eefng g\u00ec \u0111ang x\u1ea3y ra \u1edf \u0111\u1ea5t n\u01b0\u1edbc \u1ea4n \u0110\u1ed9.<\/p>\n<p>3 th\u00e1ng g\u1ea7n \u0111\u00e2y b\u1ea1n \u0111\u00e3 tham gia bao nhi\u00eau h\u1ed9i th\u1ea3o qu\u1ed1c t\u1ebf m\u00e0 chuy\u00ean gia l\u00e0 ng\u01b0\u1eddi Singapore n\u00f3i ti\u1ebfng Anh?N\u1ebfu b\u1ed1 m\u1eb9 b\u1ea1n kh\u00f4ng\u00a0h\u1ecdc ti\u1ebfng Anh, b\u1ea1n kh\u00f4ng h\u1ecdc ti\u1ebfng Anh, r\u1ed3i \u00edt n\u1eefa con c\u1ee7a b\u1ea1n kh\u00f4ng h\u1ecdc ti\u1ebfng Anh \u2026 th\u00ec c\u00e1i vi\u1ec5n c\u1ea3nh \u201cLao \u0111\u1ed9ng Vi\u1ec7t Nam \u0111ang m\u1ea5t vi\u1ec7c ngay tr\u00ean \u0111\u1ea5t n\u01b0\u1edbc m\u00ecnh\u201d c\u0169ng kh\u00f4ng c\u00f2n xa x\u00f4i g\u00ec n\u1eefa.B\u00e1c H\u1ed3 c\u00f3 th\u1ec3 n\u00f3i tr\u00f4i ch\u1ea3y 12 ng\u00f4n ng\u1eef, c\u00f3 nh\u1eefng ngu\u1ed3n tin \u0111\u01b0a ra con s\u1ed1 l\u1edbn h\u01a1n. Th\u1eddi \u0111\u00f3 B\u00e1c h\u1ecdc ti\u1ebfng Anh nh\u01b0 th\u1ebf n\u00e0o hay v\u1eady?Ng\u01b0\u1eddi ta ch\u1ea1y ra ch\u1ee3 mua v\u00e0i t\u1edd Vietnam News hay Saigon News, d\u1ecbch h\u1ebft qua ti\u1ebfng Vi\u1ec7t, r\u1ed3i l\u1ea5y ti\u1ebfng Vi\u1ec7t d\u1ecbch l\u1ea1i ti\u1ebfng Anh, so s\u00e1nh v\u1edbi b\u1ea3n g\u1ed1c.\u0110\u1ebfn khi c\u00f3 Internet, ch\u1ec9 c\u1ea7n ng\u1ed3i \u1edf nh\u00e0, v\u1edbi v\u00e0i c\u00fa nh\u1ea5p chu\u1ed9t tr\u00ean Google l\u00e0 b\u1ea1n c\u00f3 ngay m\u1ed9t \u201cB\u00ed k\u00edp n\u00f3i ti\u1ebfng Anh\u201d hay \u201cTh\u1ea7n k\u00edp h\u1ecdc t\u1eeb v\u1ef1ng\u201d. V\u00e0i c\u1ee5m t\u1eeb \u201cFree English lesson\u201d hay \u201cLearning English\u201d tr\u00ean Youtube th\u00ec c\u00f3 \u0111\u1ebfn h\u00e0ng ng\u00e0n Video gi\u1ecdng b\u1ea3n x\u1ee9 \u0111\u01b0\u1ee3c search ra.<\/p>\n<p>B\u1ea1n th\u00e2n m\u1ebfn, n\u00f3i ti\u1ebfng Anh c\u0169ng l\u00e0 m\u1ed9t k\u1ef9 n\u0103ng, mu\u1ed1n c\u00f3 n\u00f3 b\u1ea1n ph\u1ea3i d\u00e0nh th\u1eddi gian luy\u1ec7n t\u1eadp. C\u00e0ng luy\u1ec7n t\u1eadp nhi\u1ec1u b\u1ea1n c\u00e0ng gi\u1ecfi. Th\u1eddi x\u01b0a c\u00e1c \u00f4ng c\u00e1c b\u00e1c xin v\u00e0o m\u1ea5y kh\u00e1ch s\u1ea1n l\u1edbn l\u00e0m nh\u00e2n vi\u00ean m\u1edf c\u1eeda, m\u1ea5y t\u00e0u l\u1edbn l\u00e0m ph\u1ee5 b\u1ebfp, d\u1ecdn c\u01a1m. Th\u1eddi nay c\u00f3 \u0111i\u1ec1u ki\u1ec7n h\u01a1n ng\u01b0\u1eddi ta \u0111i m\u1ea5y trung t\u00e2m, c\u00e2u l\u1ea1c b\u1ed9 hay c\u00e1c \u0111i\u1ec3m du l\u1ecbch c\u00f3 nhi\u1ec1u T\u00e2y \u0111\u1ec3 luy\u1ec7n t\u1eadp.<\/p>\n<p>D\u00f9 l\u00e0 th\u1eddi n\u00e0o, \u201cb\u00ed k\u00edp\u201d c\u00f3 th\u1ea7n k\u1ef3 \u0111\u1ebfn m\u1ea5y th\u00ec b\u1ea1n v\u1eabn PH\u1ea2I D\u00c0NH TH\u1edcI GIAN LUY\u1ec6N T\u1eacP, vi\u1ec7c BI\u1ebeT ph\u01b0\u01a1ng ph\u00e1p ch\u1ec9 gi\u00fap b\u1ea1n \u0111\u1ecbnh h\u01b0\u1edbng v\u00e0 r\u00fat ng\u1eafn th\u1eddi gian sai l\u1ea7m c\u1ee7a b\u1ea1n \u0111i m\u00e0 th\u00f4i. Kh\u00f4ng c\u00f2n c\u00e1ch n\u00e0o kh\u00e1c \u0111\u00e2u!<\/p>\n","protected":false},"excerpt":{"rendered":"<p>\u201c\u1ede ch\u00e2u \u00c1 c\u00f3 3 qu\u1ed1c gia\u00a0h\u1ecdc ti\u1ebfng Anh giao ti\u1ebfp\u00a0\u0111\u01b0\u1ee3c gi\u1ea3ng d\u1ea1y ch\u00ednh th\u1ee9c t\u1ea1i tr\u01b0\u1eddng h\u1ecdc t\u1eeb l\u1edbp 1 \u0111\u1ebfn l\u1edbp 12: Singapore, Philippin v\u00e0 \u1ea4n \u0110\u1ed9, lao \u0111\u1ed9ng c\u1ee7a c\u00e1c n\u01b0\u1edbc n\u00e0y l\u1ee3i th\u1ebf h\u01a1n h\u1eb3n c\u00e1c n\u01b0\u1edbc c\u00f2n l\u1ea1i. V\u00ed nh\u01b0 Philippin, nh\u1eefng v\u00f9ng n\u00f4ng th\u00f4n xa x\u00f4i v\u00e0 kh\u00f3 kh\u0103n,&#8230;<\/p>\n","protected":false},"author":1,"featured_media":0,"parent":0,"menu_order":0,"comment_status":"closed","ping_status":"closed","template":"page-right-sidebar.php","meta":[],"_links":{"self":[{"href":"https:\/\/demo.bmconnect.vn\/edu5\/wp-json\/wp\/v2\/pages\/39"}],"collection":[{"href":"https:\/\/demo.bmconnect.vn\/edu5\/wp-json\/wp\/v2\/pages"}],"about":[{"href":"https:\/\/demo.bmconnect.vn\/edu5\/wp-json\/wp\/v2\/types\/page"}],"author":[{"embeddable":true,"href":"https:\/\/demo.bmconnect.vn\/edu5\/wp-json\/wp\/v2\/users\/1"}],"replies":[{"embeddable":true,"href":"https:\/\/demo.bmconnect.vn\/edu5\/wp-json\/wp\/v2\/comments?post=39"}],"version-history":[{"count":0,"href":"https:\/\/demo.bmconnect.vn\/edu5\/wp-json\/wp\/v2\/pages\/39\/revisions"}],"wp:attachment":[{"href":"https:\/\/demo.bmconnect.vn\/edu5\/wp-json\/wp\/v2\/media?parent=39"}],"curies":[{"name":"wp","href":"https:\/\/api.w.org\/{rel}","templated":true}]}}