{"id":35,"date":"2019-03-16T12:33:03","date_gmt":"2019-03-16T05:33:03","guid":{"rendered":"http:\/\/demo.bmconnect.vn\/edu5\/?page_id=35"},"modified":"2019-03-17T19:38:54","modified_gmt":"2019-03-17T12:38:54","slug":"lo-trinh-hoc","status":"publish","type":"page","link":"https:\/\/demo.bmconnect.vn\/edu5\/lo-trinh-hoc\/","title":{"rendered":"L\u1ed9 tr\u00ecnh h\u1ecdc"},"content":{"rendered":"\t<div class=\"img has-hover x md-x lg-x y md-y lg-y\" id=\"image_1120167301\">\n\t\t\t\t\t\t\t\t<div class=\"img-inner dark\" >\n\t\t\t<img width=\"1920\" height=\"509\" src=\"https:\/\/demo.bmconnect.vn\/edu5\/wp-content\/uploads\/2019\/03\/banner-tieng-anh-he.jpg\" class=\"attachment-original size-original\" alt=\"\" loading=\"lazy\" srcset=\"https:\/\/demo.bmconnect.vn\/edu5\/wp-content\/uploads\/2019\/03\/banner-tieng-anh-he.jpg 1920w, https:\/\/demo.bmconnect.vn\/edu5\/wp-content\/uploads\/2019\/03\/banner-tieng-anh-he-300x80.jpg 300w, https:\/\/demo.bmconnect.vn\/edu5\/wp-content\/uploads\/2019\/03\/banner-tieng-anh-he-768x204.jpg 768w, https:\/\/demo.bmconnect.vn\/edu5\/wp-content\/uploads\/2019\/03\/banner-tieng-anh-he-1024x271.jpg 1024w\" sizes=\"(max-width: 1920px) 100vw, 1920px\" \/>\t\t\t\t\t\t\n\t\t\t\t\t<\/div>\n\t\t\t\t\t\t\t\t\n<style>\n#image_1120167301 {\n  width: 100%;\n}\n<\/style>\n\t<\/div>\n\t\n\t<section class=\"section mo-hinh-hoc-2\" id=\"section_1010224978\">\n\t\t<div class=\"bg section-bg fill bg-fill  \" >\n\n\t\t\t\n\t\t\t\n\t\t\t\n\n\t\t<\/div>\n\n\t\t<div class=\"section-content relative\">\n\t\t\t\n<div class=\"row\"  id=\"row-1279418975\">\n\n\t<div id=\"col-1100416238\" class=\"col small-12 large-12\"  >\n\t\t\t\t<div class=\"col-inner dark\"  >\n\t\t\t\n\t\t\t\n<div class=\"container section-title-container\" ><h2 class=\"section-title section-title-center\"><b><\/b><span class=\"section-title-main\" style=\"font-size:110%;color:rgb(255, 255, 255);\">M\u00f4 h\u00ecnh h\u1ecdc kh\u00e1c bi\u1ec7t<\/span><b><\/b><\/h2><\/div>\n<div class=\"box_content\">\n<p class=\"detail\"><span style=\"font-size: 100%;\">Th\u1ea5u hi\u1ec3u nh\u1eefng kh\u00f3 kh\u0103n tr\u00ean con \u0111\u01b0\u1eddng b\u1eaft \u0111\u1ea7u chinh ph\u1ee5c kh\u1ea3 n\u0103ng ti\u1ebfng Anh c\u1ee7a c\u00e1c b\u1ea1n h\u1ecdc vi\u00ean t\u1ea1i Vi\u1ec7t Nam, Langmaster \u0111\u00e3 x\u00e2y d\u1ef1ng l\u1ed9 tr\u00ecnh kh\u1edfi \u0111\u1ea7u n\u1ec1n t\u1ea3ng. V\u1edbi l\u1ed9 tr\u00ecnh n\u00e0y, c\u00e1c b\u1ea1n s\u1ebd \u0111\u01b0\u1ee3c b\u1eaft \u0111\u1ea7u ho\u00e0n thi\u1ec7n kh\u1ea3 n\u0103ng ph\u00e1t \u00e2m v\u00e0 t\u1eeb \u0111\u00f3 x\u00e2y d\u1ef1ng n\u1ec1n t\u1ea3ng giao ti\u1ebfp nh\u1eefng ch\u1ee7 \u0111\u1ec1 c\u0103n b\u1ea3n trong ti\u1ebfng Anh.<\/span><\/p>\n<p class=\"detail\"><span style=\"font-size: 100%;\">Song song v\u1edbi con \u0111\u01b0\u1eddng n\u00e2ng cao n\u0103ng l\u1ef1c ti\u1ebfng Anh, Langmaster mong mu\u1ed1n gi\u00fap c\u00e1c b\u1ea1n c\u00f3 th\u1ec3 t\u1ef1 tin h\u1ed9i nh\u1eadp trong th\u1eddi k\u1ef3 \u0111\u1ed5i m\u1edbi b\u1eb1ng c\u00e1ch n\u00e2ng cao 6 nh\u00f3m n\u0103ng l\u1ef1c l\u00e0m vi\u1ec7c thi\u1ebft y\u1ebfu \u0111\u1ec3 th\u00edch nghi v\u1edbi s\u1ef1 bi\u1ebfn \u0111\u1ed5i c\u1ee7a th\u1ebf gi\u1edbi.<\/span><\/p>\n<\/div>\n\t\t<\/div>\n\t\t\t\t\t<\/div>\n\n\t\n<\/div>\n\t\t<\/div>\n\n\t\t\n<style>\n#section_1010224978 {\n  padding-top: 30px;\n  padding-bottom: 30px;\n}\n#section_1010224978 .section-bg.bg-loaded {\n  background-image: url(https:\/\/demo.bmconnect.vn\/edu5\/wp-content\/uploads\/2019\/03\/bg-2.jpg);\n}\n<\/style>\n\t<\/section>\n\t\n","protected":false},"excerpt":{"rendered":"","protected":false},"author":1,"featured_media":0,"parent":0,"menu_order":0,"comment_status":"closed","ping_status":"closed","template":"page-right-sidebar.php","meta":[],"_links":{"self":[{"href":"https:\/\/demo.bmconnect.vn\/edu5\/wp-json\/wp\/v2\/pages\/35"}],"collection":[{"href":"https:\/\/demo.bmconnect.vn\/edu5\/wp-json\/wp\/v2\/pages"}],"about":[{"href":"https:\/\/demo.bmconnect.vn\/edu5\/wp-json\/wp\/v2\/types\/page"}],"author":[{"embeddable":true,"href":"https:\/\/demo.bmconnect.vn\/edu5\/wp-json\/wp\/v2\/users\/1"}],"replies":[{"embeddable":true,"href":"https:\/\/demo.bmconnect.vn\/edu5\/wp-json\/wp\/v2\/comments?post=35"}],"version-history":[{"count":0,"href":"https:\/\/demo.bmconnect.vn\/edu5\/wp-json\/wp\/v2\/pages\/35\/revisions"}],"wp:attachment":[{"href":"https:\/\/demo.bmconnect.vn\/edu5\/wp-json\/wp\/v2\/media?parent=35"}],"curies":[{"name":"wp","href":"https:\/\/api.w.org\/{rel}","templated":true}]}}