{"id":31,"date":"2019-03-16T12:32:50","date_gmt":"2019-03-16T05:32:50","guid":{"rendered":"http:\/\/demo.bmconnect.vn\/edu5\/?page_id=31"},"modified":"2019-03-17T19:29:54","modified_gmt":"2019-03-17T12:29:54","slug":"doi-ngu-dao-tao","status":"publish","type":"page","link":"https:\/\/demo.bmconnect.vn\/edu5\/doi-ngu-dao-tao\/","title":{"rendered":"\u0110\u1ed9i ng\u0169 \u0111\u00e0o t\u1ea1o"},"content":{"rendered":"\t<section class=\"section giang-vien\" id=\"section_1329514153\">\n\t\t<div class=\"bg section-bg fill bg-fill  bg-loaded\" >\n\n\t\t\t\n\t\t\t\n\t\t\t\n\n\t\t<\/div>\n\n\t\t<div class=\"section-content relative\">\n\t\t\t\n<div class=\"row row-small\"  id=\"row-79755345\">\n\n\t<div id=\"col-158713008\" class=\"col medium-4 small-12 large-4\"  >\n\t\t\t\t<div class=\"col-inner\"  >\n\t\t\t\n\t\t\t\n    <div class=\"box has-hover has-hover box-bounce box-text-bottom\" >\n\n                  <div class=\"box-image \" style=\"width:80%;\">\n           <div class=\"box-image-inner image-cover\" style=\"border-radius:100%;padding-top:100%;\">\n              <img width=\"200\" height=\"236\" src=\"https:\/\/demo.bmconnect.vn\/edu5\/wp-content\/uploads\/2019\/03\/pic1.jpg\" class=\"attachment- size-\" alt=\"\" loading=\"lazy\" \/>                         <\/div>\n          <\/div>\n         \n          <div class=\"box-text text-center\" style=\"background-color:rgba(255, 253, 253, 0);\">\n                <div class=\"box-text-inner\">\n                  <h4 class=\"uppercase\">\n                    <span class=\"person-name\">B\u00f9i Th\u1ea3o Nguy\u00ean<\/span><br\/>\n                    <span class=\"person-title is-small thin-font op-7\">\n                      Teacher                    <\/span>\n                  <\/h4>\n                 <div class=\"social-icons follow-icons\" ><a href=\"#\" target=\"_blank\" data-label=\"Facebook\" rel=\"noopener noreferrer nofollow\" class=\"icon primary button circle facebook tooltip\" title=\"Follow on Facebook\" aria-label=\"Follow on Facebook\"><i class=\"icon-facebook\" ><\/i><\/a><a href=\"#\" target=\"_blank\" rel=\"noopener noreferrer nofollow\" data-label=\"Instagram\" class=\"icon primary button circle  instagram tooltip\" title=\"Follow on Instagram\" aria-label=\"Follow on Instagram\"><i class=\"icon-instagram\" ><\/i><\/a><a href=\"#\" target=\"_blank\" rel=\"noopener noreferrer nofollow\" data-label=\"YouTube\" class=\"icon primary button circle  youtube tooltip\" title=\"Follow on YouTube\" aria-label=\"Follow on YouTube\"><i class=\"icon-youtube\" ><\/i><\/a><\/div>                 \n<p>T\u1ed1t nghi\u1ec7p 2 tr\u01b0\u1eddng \u0111\u1ea1i h\u1ecdc: University of Bradford v\u00e0 University of Birmingham<\/p>\n                <\/div>\n          <\/div>\n    <\/div>\n\n    \n    \n\t\t<\/div>\n\t\t\t\t\t<\/div>\n\n\t\n\n\t<div id=\"col-520678751\" class=\"col medium-4 small-12 large-4\"  >\n\t\t\t\t<div class=\"col-inner\"  >\n\t\t\t\n\t\t\t\n    <div class=\"box has-hover has-hover box-bounce box-text-bottom\" >\n\n                  <div class=\"box-image \" style=\"width:80%;\">\n           <div class=\"box-image-inner image-cover\" style=\"border-radius:100%;padding-top:100%;\">\n              <img width=\"280\" height=\"330\" src=\"https:\/\/demo.bmconnect.vn\/edu5\/wp-content\/uploads\/2019\/03\/giangvien-3.jpg\" class=\"attachment- size-\" alt=\"\" loading=\"lazy\" srcset=\"https:\/\/demo.bmconnect.vn\/edu5\/wp-content\/uploads\/2019\/03\/giangvien-3.jpg 280w, https:\/\/demo.bmconnect.vn\/edu5\/wp-content\/uploads\/2019\/03\/giangvien-3-255x300.jpg 255w\" sizes=\"(max-width: 280px) 100vw, 280px\" \/>                         <\/div>\n          <\/div>\n         \n          <div class=\"box-text text-center\" style=\"background-color:rgba(255, 253, 253, 0);\">\n                <div class=\"box-text-inner\">\n                  <h4 class=\"uppercase\">\n                    <span class=\"person-name\">LIESEL RETIEF<\/span><br\/>\n                    <span class=\"person-title is-small thin-font op-7\">\n                      Teacher                    <\/span>\n                  <\/h4>\n                 <div class=\"social-icons follow-icons\" ><a href=\"#\" target=\"_blank\" data-label=\"Facebook\" rel=\"noopener noreferrer nofollow\" class=\"icon primary button circle facebook tooltip\" title=\"Follow on Facebook\" aria-label=\"Follow on Facebook\"><i class=\"icon-facebook\" ><\/i><\/a><a href=\"#\" target=\"_blank\" rel=\"noopener noreferrer nofollow\" data-label=\"Instagram\" class=\"icon primary button circle  instagram tooltip\" title=\"Follow on Instagram\" aria-label=\"Follow on Instagram\"><i class=\"icon-instagram\" ><\/i><\/a><a href=\"#\" target=\"_blank\" rel=\"noopener noreferrer nofollow\" data-label=\"YouTube\" class=\"icon primary button circle  youtube tooltip\" title=\"Follow on YouTube\" aria-label=\"Follow on YouTube\"><i class=\"icon-youtube\" ><\/i><\/a><\/div>                 \n<p>Chuy\u00ean gia ch\u01b0\u01a1ng tr\u00ecnh &#8211; Crack &#8217;em up, game show ph\u00e1t \u00e2m ti\u1ebfng Anh tr\u00ean VTV7<\/p>\n                <\/div>\n          <\/div>\n    <\/div>\n\n    \n    \n\t\t<\/div>\n\t\t\t\t\t<\/div>\n\n\t\n\n\t<div id=\"col-1988662776\" class=\"col medium-4 small-12 large-4\"  >\n\t\t\t\t<div class=\"col-inner\"  >\n\t\t\t\n\t\t\t\n    <div class=\"box has-hover has-hover box-bounce box-text-bottom\" >\n\n                  <div class=\"box-image \" style=\"width:80%;\">\n           <div class=\"box-image-inner image-cover\" style=\"border-radius:100%;padding-top:100%;\">\n              <img width=\"280\" height=\"330\" src=\"https:\/\/demo.bmconnect.vn\/edu5\/wp-content\/uploads\/2019\/03\/giangvien-5.jpg\" class=\"attachment- size-\" alt=\"\" loading=\"lazy\" srcset=\"https:\/\/demo.bmconnect.vn\/edu5\/wp-content\/uploads\/2019\/03\/giangvien-5.jpg 280w, https:\/\/demo.bmconnect.vn\/edu5\/wp-content\/uploads\/2019\/03\/giangvien-5-255x300.jpg 255w\" sizes=\"(max-width: 280px) 100vw, 280px\" \/>                         <\/div>\n          <\/div>\n         \n          <div class=\"box-text text-center\" style=\"background-color:rgba(255, 253, 253, 0);\">\n                <div class=\"box-text-inner\">\n                  <h4 class=\"uppercase\">\n                    <span class=\"person-name\">V\u0169 Trung Thanh Ng\u1ecdc<\/span><br\/>\n                    <span class=\"person-title is-small thin-font op-7\">\n                      Teacher                    <\/span>\n                  <\/h4>\n                 <div class=\"social-icons follow-icons\" ><a href=\"#\" target=\"_blank\" data-label=\"Facebook\" rel=\"noopener noreferrer nofollow\" class=\"icon primary button circle facebook tooltip\" title=\"Follow on Facebook\" aria-label=\"Follow on Facebook\"><i class=\"icon-facebook\" ><\/i><\/a><a href=\"#\" target=\"_blank\" rel=\"noopener noreferrer nofollow\" data-label=\"Instagram\" class=\"icon primary button circle  instagram tooltip\" title=\"Follow on Instagram\" aria-label=\"Follow on Instagram\"><i class=\"icon-instagram\" ><\/i><\/a><a href=\"#\" target=\"_blank\" rel=\"noopener noreferrer nofollow\" data-label=\"YouTube\" class=\"icon primary button circle  youtube tooltip\" title=\"Follow on YouTube\" aria-label=\"Follow on YouTube\"><i class=\"icon-youtube\" ><\/i><\/a><\/div>                 \n<p>Master of Tesol, Victoria University, Australia. Teacher of Langmaster of English since 2018<\/p>\n                <\/div>\n          <\/div>\n    <\/div>\n\n    \n    \n\t\t<\/div>\n\t\t\t\t\t<\/div>\n\n\t\n<\/div>\n\t\t<\/div>\n\n\t\t\n<style>\n#section_1329514153 {\n  padding-top: 11px;\n  padding-bottom: 11px;\n  background-color: rgb(255, 255, 255);\n}\n<\/style>\n\t<\/section>\n\t\n","protected":false},"excerpt":{"rendered":"","protected":false},"author":1,"featured_media":0,"parent":0,"menu_order":0,"comment_status":"closed","ping_status":"closed","template":"page-right-sidebar.php","meta":[],"_links":{"self":[{"href":"https:\/\/demo.bmconnect.vn\/edu5\/wp-json\/wp\/v2\/pages\/31"}],"collection":[{"href":"https:\/\/demo.bmconnect.vn\/edu5\/wp-json\/wp\/v2\/pages"}],"about":[{"href":"https:\/\/demo.bmconnect.vn\/edu5\/wp-json\/wp\/v2\/types\/page"}],"author":[{"embeddable":true,"href":"https:\/\/demo.bmconnect.vn\/edu5\/wp-json\/wp\/v2\/users\/1"}],"replies":[{"embeddable":true,"href":"https:\/\/demo.bmconnect.vn\/edu5\/wp-json\/wp\/v2\/comments?post=31"}],"version-history":[{"count":0,"href":"https:\/\/demo.bmconnect.vn\/edu5\/wp-json\/wp\/v2\/pages\/31\/revisions"}],"wp:attachment":[{"href":"https:\/\/demo.bmconnect.vn\/edu5\/wp-json\/wp\/v2\/media?parent=31"}],"curies":[{"name":"wp","href":"https:\/\/api.w.org\/{rel}","templated":true}]}}