{"id":25,"date":"2019-03-16T12:32:15","date_gmt":"2019-03-16T05:32:15","guid":{"rendered":"http:\/\/demo.bmconnect.vn\/edu5\/?page_id=25"},"modified":"2019-03-17T17:29:30","modified_gmt":"2019-03-17T10:29:30","slug":"gioi-thieu","status":"publish","type":"page","link":"https:\/\/demo.bmconnect.vn\/edu5\/gioi-thieu\/","title":{"rendered":"Gi\u1edbi thi\u1ec7u"},"content":{"rendered":"<p>Xu th\u1ebf h\u1ed9i nh\u1eadp v\u00e0 to\u00e0n c\u1ea7u h\u00f3a, ti\u1ebfng Anh \u0111\u00e3 tr\u1edf th\u00e0nh ng\u00f4n ng\u1eef chung c\u1ee7a m\u1ecdi qu\u1ed1c gia. T\u1eeb vi\u1ec7c giao ti\u1ebfp \u0111\u1ebfn nh\u1eefng c\u01a1 h\u1ed9i h\u1ecdc t\u1eadp v\u00e0 l\u00e0m vi\u1ec7c. Tuy nhi\u00ean, 90% sinh vi\u00ean Vi\u1ec7t Nam \u0111ang g\u1eb7p kh\u00f3 kh\u0103n trong vi\u1ec7c giao ti\u1ebfp b\u1eb1ng ti\u1ebfng Anh<\/p>\n<p>Trong b\u1ed1i c\u1ea3nh \u0111\u00f3, ng\u00e0y 11\/11\/2011, T\u1ed5 ch\u1ee9c gi\u00e1o d\u1ee5c qu\u1ed1c t\u1ebf Langmaster \u0111\u01b0\u1ee3c th\u00e0nh l\u1eadp nh\u1eb1m gi\u00fap th\u1ebf h\u1ec7 tr\u1ebb Vi\u1ec7t Nam b\u1eaft nh\u1ecbp v\u1edbi xu h\u01b0\u1edbng h\u1ed9i nh\u1eadp qu\u1ed1c t\u1ebf v\u00e0 nhu c\u1ea7u s\u1eed d\u1ee5ng ti\u1ebfng Anh s\u00e2u r\u1ed9ng. Ch\u00fang t\u00f4i lu\u00f4n n\u1ed7 l\u1ef1c tr\u1edf th\u00e0nh t\u1ed5 ch\u1ee9c gi\u00e1o d\u1ee5c v\u00e0 \u0111\u00e0o t\u1ea1o ti\u1ebfng Anh hi\u1ec7u qu\u1ea3 nh\u1ea5t b\u1eb1ng c\u00e1ch cung c\u1ea5p c\u00e1c ch\u01b0\u01a1ng tr\u00ecnh \u0111\u00e0o t\u1ea1o ti\u1ebfng Anh k\u1ebft h\u1ee3p v\u1edbi hu\u1ea5n luy\u1ec7n v\u1ec1 t\u01b0 duy, truy\u1ec1n c\u1ea3m h\u1ee9ng v\u00e0 t\u1ea1o \u0111\u1ed9ng l\u1ef1c gi\u00fap ng\u01b0\u1eddi h\u1ecdc ph\u00e1t tri\u1ec3n b\u1ea3n th\u00e2n.<\/p>\n<p>NLP l\u00e0 vi\u1ebft t\u1eaft c\u1ee7a Neuro-Linguistic Programming (L\u1eadp Tr\u00ecnh Ng\u00f4n Ng\u1eef T\u01b0 Duy). N\u00f3 ch\u1ee9a \u0111\u1ef1ng ba th\u00e0nh t\u1ed1 c\u00f3 \u1ea3nh h\u01b0\u1edfng l\u1edbn nh\u1ea5t \u0111\u1ebfn vi\u1ec7c h\u00ecnh th\u00e0nh nh\u1eefng kinh nghi\u1ec7m c\u00e1 nh\u00e2n c\u1ee7a m\u1ed7i ch\u00fang ta: th\u1ea7n kinh h\u1ecdc, ng\u00f4n ng\u1eef h\u1ecdc, v\u00e0 c\u00e1c m\u00f4 th\u1ee9c \u0111\u01b0\u1ee3c l\u1eadp tr\u00ecnh s\u1eb5n.<br \/>\nNLP nghi\u00ean c\u1ee9u t\u1ec9 m\u1ec9 v\u1ec1 c\u00e1ch m\u1ed7i c\u00e1 nh\u00e2n h\u00e0nh x\u1eed theo th\u00f3i quen nh\u01b0 th\u1ebf n\u00e0o. V\u1edbi NLP, ch\u00fang ta c\u00f3 th\u1ec3 h\u1ecdc h\u1ecfi t\u1eeb ng\u01b0\u1eddi kh\u00e1c nh\u1eefng m\u00f4 th\u1ee9c n\u00e0o c\u00f3 \u00edch v\u00e0 ph\u1ee5c v\u1ee5 ch\u00fang ta. Sau \u0111\u00f3 ch\u00fang ta c\u00f3 th\u1ec3 luy\u1ec7n t\u1eadp nh\u1eefng m\u00f4 th\u1ee9c m\u1edbi cho h\u00e0nh vi c\u1ee7a m\u00ecnh (gi\u1ed1ng nh\u01b0 t\u00e1i l\u1eadp tr\u00ecnh n\u00e3o b\u1ed9) nh\u1eb1m ti\u1ebfn b\u1ed9 h\u01a1n trong nh\u1eefng tr\u01b0\u1eddng h\u1ee3p m\u00e0 tr\u01b0\u1edbc kia ch\u00fang ta \u0111\u00e3 \u1ee9ng x\u1eed kh\u00f4ng hi\u1ec7u qu\u1ea3.<\/p>\n<p>NLP nh\u1eb1m v\u00e0o vi\u1ec7c thay \u0111\u1ed5i t\u1eadn g\u1ed1c c\u1ee7a h\u00e0nh vi, t\u1ee9c thay \u0111\u1ed5i l\u1ed1i t\u01b0 duy d\u1eabn \u0111\u1ebfn h\u00e0nh vi. Cu\u1ed9c s\u1ed1ng, n\u0103ng l\u1ef1c c\u0169ng nh\u01b0 tr\u00ecnh \u0111\u1ed9 \u0111\u1ec1u l\u00e0 h\u1ec7 qu\u1ea3 c\u1ee7a c\u00e1ch ch\u00fang ta suy ngh\u0129. Vi\u1ec7c thay \u0111\u1ed5i t\u1eadn g\u1ed1c v\u00ec v\u1eady l\u00e0 \u0111i\u1ec1u b\u1eaft bu\u1ed9c n\u1ebfu m\u1ed9t ng\u01b0\u1eddi mu\u1ed1n n\u00e2ng cao b\u1ea5t c\u1ee9 k\u1ef9 n\u0103ng n\u00e0o, ho\u1eb7c thay \u0111\u1ed5i c\u00e1c th\u00f3i quen \u0111\u00e3 b\u00e1m r\u1ec5. Trong nhi\u1ec1u tr\u01b0\u1eddng h\u1ee3p, vi\u1ec7c thay \u0111\u1ed5i n\u00e0y kh\u00e1 d\u1ec5 d\u00e0ng v\u00e0 mang l\u1ea1i hi\u1ec7u qu\u1ea3 cao.<br \/>\nMr Vas &#8211; M\u1ed9t trong 4 b\u1eadc th\u1ea7y v\u1ec1 \u0111\u00e0o t\u1ea1o NLP t\u1ea1i ch\u00e2u \u00c1: t\u1ed1t nghi\u1ec7p 2 tr\u01b0\u1eddng \u0111\u1ea1i h\u1ecdc NLP, \u0111\u01b0\u1ee3c \u0111\u00e0o t\u1ea1o tr\u1ef1c ti\u1ebfp b\u1edfi GS. Richard Bandler v\u00e0 GS. John Grinder 2 nh\u00e0 s\u00e1ng l\u1eadp ng\u00e0nh l\u1eadp tr\u00ecnh ng\u00f4n ng\u1eef t\u01b0 duy. Hi\u1ec7n nay \u00f4ng \u0111\u01b0\u1ee3c xem l\u00e0 m\u1ed9t trong nh\u1eefng Guru v\u1ec1 \u0111\u00e0o t\u1ea1o \u1ee9ng d\u1ee5ng L\u1eadp tr\u00ecnh Ng\u00f4n ng\u1eef T\u01b0 duy \u2013 NLP h\u00e0ng \u0111\u1ea7u t\u1ea1i Ch\u00e2u \u00c1, ki\u00eam S\u00e1ng l\u1eadp &amp; CEO Leading Performance Singapore &#8211;\u00a0 \u00f4ng c\u00f3 h\u01a1n 10 n\u0103m kinh nghi\u1ec7m \u0111\u00e0o t\u1ea1o v\u1ec1 NLP. Cho \u0111\u1ebfn th\u1eddi \u0111i\u1ec3m hi\u1ec7n t\u1ea1i, \u00f4ng \u0111\u00e3 gi\u00fap h\u00e0ng ng\u00e0n ng\u01b0\u1eddi \u1edf Singapore, Myanma, \u1ea4n \u0110\u1ed9, Vi\u1ec7t Nam&#8230;th\u00e0nh c\u00f4ng \u0111\u1ed9t ph\u00e1 trong cu\u1ed9c s\u1ed1ng b\u1eb1ng c\u00e1ch \u1ee9ng d\u1ee5ng NLP \u0111\u1ec3 khai ph\u00e1 n\u0103ng l\u1ef1c ti\u1ec1m \u1ea9n c\u1ee7a h\u1ecd .<\/p>\n<p>B\u1eb1ng vi\u1ec7c \u1ee9ng vi\u1ec7c \u1ee9ng d\u1ee5ng NLP v\u00e0o c\u00e1c ch\u01b0\u01a1ng tr\u00ecnh \u0111\u00e0o t\u1ea1o c\u1ee7a m\u00ecnh Langmaster \u0111\u00e3 t\u1ea1o ra s\u1ef1 thay \u0111\u1ed5i \u0111\u1ed9t ph\u00e1 trong cu\u1ed9c s\u1ed1ng c\u0169ng nh\u01b0 h\u1ecdc ngo\u1ea1i ng\u1eef nhanh h\u01a1n g\u1ea5p 5 &#8211; 10 l\u1ea7n so v\u1edbi c\u00e1ch h\u1ecdc truy\u1ec1n th\u1ed1ng.<br \/>\nT\u00ednh \u0111\u1ebfn th\u00e1ng 10\/2015, sau 4 n\u0103m li\u00ean t\u1ee5c nghi\u00ean c\u1ee9u v\u00e0 \u1ee9ng d\u1ee5ng c\u00e1c ph\u01b0\u01a1ng ph\u00e1p h\u1ecdc t\u1eadp hi\u1ec7n \u0111\u1ea1i, Langmaster \u0111\u00e3 \u0111\u00e0o t\u1ea1o tr\u00ean 40.000 h\u1ecdc vi\u00ean, t\u1ed5 ch\u1ee9c g\u1ea7n 200 H\u1ed9i th\u1ea3o Ti\u1ebfng Anh, t\u01b0 duy, k\u1ef9 n\u0103ng s\u1ed1ng, \u0111\u1ecbnh h\u01b0\u1edbng ngh\u1ec1 nghi\u1ec7p cho \u0111\u1ed1i t\u01b0\u1ee3ng sinh vi\u00ean c\u00e1c tr\u01b0\u1eddng \u0111\u1ea1i h\u1ecdc, cao \u0111\u1eb3ng tr\u00ean \u0111\u1ecba b\u00e0n H\u00e0 N\u1ed9i<\/p>\n","protected":false},"excerpt":{"rendered":"<p>Xu th\u1ebf h\u1ed9i nh\u1eadp v\u00e0 to\u00e0n c\u1ea7u h\u00f3a, ti\u1ebfng Anh \u0111\u00e3 tr\u1edf th\u00e0nh ng\u00f4n ng\u1eef chung c\u1ee7a m\u1ecdi qu\u1ed1c gia. T\u1eeb vi\u1ec7c giao ti\u1ebfp \u0111\u1ebfn nh\u1eefng c\u01a1 h\u1ed9i h\u1ecdc t\u1eadp v\u00e0 l\u00e0m vi\u1ec7c. Tuy nhi\u00ean, 90% sinh vi\u00ean Vi\u1ec7t Nam \u0111ang g\u1eb7p kh\u00f3 kh\u0103n trong vi\u1ec7c giao ti\u1ebfp b\u1eb1ng ti\u1ebfng Anh Trong b\u1ed1i c\u1ea3nh \u0111\u00f3,&#8230;<\/p>\n","protected":false},"author":1,"featured_media":0,"parent":0,"menu_order":0,"comment_status":"closed","ping_status":"closed","template":"page-right-sidebar.php","meta":[],"_links":{"self":[{"href":"https:\/\/demo.bmconnect.vn\/edu5\/wp-json\/wp\/v2\/pages\/25"}],"collection":[{"href":"https:\/\/demo.bmconnect.vn\/edu5\/wp-json\/wp\/v2\/pages"}],"about":[{"href":"https:\/\/demo.bmconnect.vn\/edu5\/wp-json\/wp\/v2\/types\/page"}],"author":[{"embeddable":true,"href":"https:\/\/demo.bmconnect.vn\/edu5\/wp-json\/wp\/v2\/users\/1"}],"replies":[{"embeddable":true,"href":"https:\/\/demo.bmconnect.vn\/edu5\/wp-json\/wp\/v2\/comments?post=25"}],"version-history":[{"count":0,"href":"https:\/\/demo.bmconnect.vn\/edu5\/wp-json\/wp\/v2\/pages\/25\/revisions"}],"wp:attachment":[{"href":"https:\/\/demo.bmconnect.vn\/edu5\/wp-json\/wp\/v2\/media?parent=25"}],"curies":[{"name":"wp","href":"https:\/\/api.w.org\/{rel}","templated":true}]}}