{"id":263,"date":"2017-10-12T08:59:21","date_gmt":"2017-10-12T01:59:21","guid":{"rendered":"https:\/\/demo.bmconnect.vn\/edu\/?page_id=263"},"modified":"2017-10-12T18:57:01","modified_gmt":"2017-10-12T11:57:01","slug":"nhac-cu-phuong-tay","status":"publish","type":"page","link":"https:\/\/demo.bmconnect.vn\/edu\/khoa-hoc\/nhac-cu-phuong-tay\/","title":{"rendered":"Nh\u1ea1c c\u1ee5 ph\u01b0\u01a1ng T\u00e2y"},"content":{"rendered":"<h2>C\u00c1C M\u00d4N H\u1eccC <span style=\"color: #ff6600;\">NH\u1ea0C C\u1ee4 PH\u01af\u01a0NG T\u00c2Y<\/span><\/h2>\n<p><span style=\"font-size: 90%;\">\u00a0\u00c2m nh\u1ea1c th\u1eddi ph\u1ee5c h\u01b0ng \u1edf ph\u01b0\u01a1ng T\u00e2y b\u1eaft \u0111\u1ea7u \u0111i nh\u1eefng b\u01b0\u1edbc non tr\u1ebb, song t\u1eebng b\u01b0\u1edbc c\u00f3 v\u1ecb tr\u00ed v\u1eefng v\u00e0ng. C\u00e1c lo\u1ea1i nh\u1ea1c c\u1ee5 ti\u00eau bi\u1ec3u \u1edf ph\u01b0\u01a1ng T\u00e2y g\u1ed3m: \u0111\u00e0n Luyt, \u0111\u00e0n Oocgan, \u0111\u00e0n Clavecine, \u0111\u00e0n Mandoline, \u0111\u00e0n Guitare, \u0111\u00e0n Vion, \u0111\u00e0n Violon, \u0111\u00e0n Viola, \u0111\u00e0n Violoncello, \u0111\u00e0n Contrebass, s\u00e1o Flute, k\u00e8n Oboi, k\u00e8n Clarinetto,\u00a0\u00a0k\u00e8n Fagotto, tr\u1ed1ng Timpani, tr\u1ed1ng Tamburino, tr\u1ed1ng Tamburo, \u2026 lu\u00f4n \u0111\u01b0\u1ee3c \u01b0a chu\u1ed9ng v\u00e0 \u0111\u01b0\u1ee3c s\u1eed d\u1ee5ng th\u01b0\u1eddng xuy\u00ean trong bi\u00ean ch\u1ebf d\u00e0n nh\u1ea1c. Do b\u1ea3n t\u00ednh t\u00e2m l\u00fd, t\u1eadp qu\u00e1n, truy\u1ec1n th\u1ed1ng\u2026 n\u00ean c\u00e1ch ph\u00e2n lo\u1ea1i nh\u1ea1c c\u1ee5 c\u1ee7a \u00e2m nh\u1ea1c Ph\u01b0\u01a1ng T\u00e2y kh\u00e1c h\u1eb3n so v\u1edbi \u00e2m nh\u1ea1c Ph\u01b0\u01a1ng \u0110\u00f4ng.<\/span><\/p>\n\n  \n    <div class=\"row large-columns-3 medium-columns- small-columns-2\">\n          <div class=\"page-col col\" >\n          <div class=\"col-inner\" >\n          <a class=\"plain\" href=\"https:\/\/demo.bmconnect.vn\/edu\/khoa-hoc\/nhac-cu-phuong-tay\/khoa-hoc-dan-piano-co-ban\/\" title=\"Kh\u00f3a h\u1ecdc \u0111\u00e0n Piano c\u01a1 b\u1ea3n\" target=\"\">\n            <div class=\"page-box box has-hover box-overlay dark\">\n                  <div class=\"box-image\" >\n                      <div class=\"box-image image-zoom image-cover\" style=\"padding-top:65%;\">\n                      <img width=\"600\" height=\"296\" src=\"https:\/\/demo.bmconnect.vn\/edu\/wp-content\/uploads\/2017\/10\/ba-me-kien-tri-sua-tinh-nghich-ngom-cho-con-bang-am-nhac-2697.jpg\" class=\"attachment-original size-original\" alt=\"\" loading=\"lazy\" srcset=\"https:\/\/demo.bmconnect.vn\/edu\/wp-content\/uploads\/2017\/10\/ba-me-kien-tri-sua-tinh-nghich-ngom-cho-con-bang-am-nhac-2697.jpg 600w, https:\/\/demo.bmconnect.vn\/edu\/wp-content\/uploads\/2017\/10\/ba-me-kien-tri-sua-tinh-nghich-ngom-cho-con-bang-am-nhac-2697-300x148.jpg 300w\" sizes=\"(max-width: 600px) 100vw, 600px\" \/>                      <\/div><!-- image -->\n                      <div class=\"overlay\" style=\"background-color: rgba(0,0,0,.3)\"><\/div>                                        <\/div><!-- box-image -->\n                  <div class=\"box-text text-center\" style=\"background-color:rgba(0, 0, 0, 0.62);\">\n                        <div class=\"box-text-inner\">\n                            <p>Kh\u00f3a h\u1ecdc \u0111\u00e0n Piano c\u01a1 b\u1ea3n<\/p>\n                        <\/div><!-- box-text-inner -->\n                  <\/div><!-- box-text -->\n              <\/div><!-- .image-box .box -->\n            <\/a>\n            <\/div><!-- .col-inner -->\n          <\/div><!-- .col -->\n                 <div class=\"page-col col\" >\n          <div class=\"col-inner\" >\n          <a class=\"plain\" href=\"https:\/\/demo.bmconnect.vn\/edu\/khoa-hoc\/nhac-cu-phuong-tay\/hoc-choi-dan-organ-keyboard-tai-artiest-thanh-cong\/\" title=\"H\u1ecdc ch\u01a1i \u0111\u00e0n Organ Keyboard t\u1ea1i Artiest th\u00e0nh c\u00f4ng\" target=\"\">\n            <div class=\"page-box box has-hover box-overlay dark\">\n                  <div class=\"box-image\" >\n                      <div class=\"box-image image-zoom image-cover\" style=\"padding-top:65%;\">\n                      <img width=\"600\" height=\"399\" src=\"https:\/\/demo.bmconnect.vn\/edu\/wp-content\/uploads\/2017\/10\/day-dan-organ-can-tho.jpg\" class=\"attachment-original size-original\" alt=\"\" loading=\"lazy\" srcset=\"https:\/\/demo.bmconnect.vn\/edu\/wp-content\/uploads\/2017\/10\/day-dan-organ-can-tho.jpg 600w, https:\/\/demo.bmconnect.vn\/edu\/wp-content\/uploads\/2017\/10\/day-dan-organ-can-tho-300x200.jpg 300w\" sizes=\"(max-width: 600px) 100vw, 600px\" \/>                      <\/div><!-- image -->\n                      <div class=\"overlay\" style=\"background-color: rgba(0,0,0,.3)\"><\/div>                                        <\/div><!-- box-image -->\n                  <div class=\"box-text text-center\" style=\"background-color:rgba(0, 0, 0, 0.62);\">\n                        <div class=\"box-text-inner\">\n                            <p>H\u1ecdc ch\u01a1i \u0111\u00e0n Organ Keyboard t\u1ea1i Artiest th\u00e0nh c\u00f4ng<\/p>\n                        <\/div><!-- box-text-inner -->\n                  <\/div><!-- box-text -->\n              <\/div><!-- .image-box .box -->\n            <\/a>\n            <\/div><!-- .col-inner -->\n          <\/div><!-- .col -->\n                 <div class=\"page-col col\" >\n          <div class=\"col-inner\" >\n          <a class=\"plain\" href=\"https:\/\/demo.bmconnect.vn\/edu\/khoa-hoc\/nhac-cu-phuong-tay\/hoc-dan-guitar-tai-artiest\/\" title=\"H\u1ecdc \u0111\u00e0n Guitar t\u1ea1i Artiest\" target=\"\">\n            <div class=\"page-box box has-hover box-overlay dark\">\n                  <div class=\"box-image\" >\n                      <div class=\"box-image image-zoom image-cover\" style=\"padding-top:65%;\">\n                      <img width=\"1280\" height=\"720\" src=\"https:\/\/demo.bmconnect.vn\/edu\/wp-content\/uploads\/2017\/10\/maxresdefault.jpg\" class=\"attachment-original size-original\" alt=\"\" loading=\"lazy\" srcset=\"https:\/\/demo.bmconnect.vn\/edu\/wp-content\/uploads\/2017\/10\/maxresdefault.jpg 1280w, https:\/\/demo.bmconnect.vn\/edu\/wp-content\/uploads\/2017\/10\/maxresdefault-300x169.jpg 300w, https:\/\/demo.bmconnect.vn\/edu\/wp-content\/uploads\/2017\/10\/maxresdefault-768x432.jpg 768w, https:\/\/demo.bmconnect.vn\/edu\/wp-content\/uploads\/2017\/10\/maxresdefault-1024x576.jpg 1024w\" sizes=\"(max-width: 1280px) 100vw, 1280px\" \/>                      <\/div><!-- image -->\n                      <div class=\"overlay\" style=\"background-color: rgba(0,0,0,.3)\"><\/div>                                        <\/div><!-- box-image -->\n                  <div class=\"box-text text-center\" style=\"background-color:rgba(0, 0, 0, 0.62);\">\n                        <div class=\"box-text-inner\">\n                            <p>H\u1ecdc \u0111\u00e0n Guitar t\u1ea1i Artiest<\/p>\n                        <\/div><!-- box-text-inner -->\n                  <\/div><!-- box-text -->\n              <\/div><!-- .image-box .box -->\n            <\/a>\n            <\/div><!-- .col-inner -->\n          <\/div><!-- .col -->\n                 <div class=\"page-col col\" >\n          <div class=\"col-inner\" >\n          <a class=\"plain\" href=\"https:\/\/demo.bmconnect.vn\/edu\/khoa-hoc\/nhac-cu-phuong-tay\/hoc-dan-violon-tai-artiest\/\" title=\"H\u1ecdc \u0111\u00e0n Violon t\u1ea1i Artiest\" target=\"\">\n            <div class=\"page-box box has-hover box-overlay dark\">\n                  <div class=\"box-image\" >\n                      <div class=\"box-image image-zoom image-cover\" style=\"padding-top:65%;\">\n                      <img width=\"678\" height=\"300\" src=\"https:\/\/demo.bmconnect.vn\/edu\/wp-content\/uploads\/2017\/10\/violon.jpg\" class=\"attachment-original size-original\" alt=\"\" loading=\"lazy\" srcset=\"https:\/\/demo.bmconnect.vn\/edu\/wp-content\/uploads\/2017\/10\/violon.jpg 678w, https:\/\/demo.bmconnect.vn\/edu\/wp-content\/uploads\/2017\/10\/violon-300x133.jpg 300w\" sizes=\"(max-width: 678px) 100vw, 678px\" \/>                      <\/div><!-- image -->\n                      <div class=\"overlay\" style=\"background-color: rgba(0,0,0,.3)\"><\/div>                                        <\/div><!-- box-image -->\n                  <div class=\"box-text text-center\" style=\"background-color:rgba(0, 0, 0, 0.62);\">\n                        <div class=\"box-text-inner\">\n                            <p>H\u1ecdc \u0111\u00e0n Violon t\u1ea1i Artiest<\/p>\n                        <\/div><!-- box-text-inner -->\n                  <\/div><!-- box-text -->\n              <\/div><!-- .image-box .box -->\n            <\/a>\n            <\/div><!-- .col-inner -->\n          <\/div><!-- .col -->\n                 <div class=\"page-col col\" >\n          <div class=\"col-inner\" >\n          <a class=\"plain\" href=\"https:\/\/demo.bmconnect.vn\/edu\/khoa-hoc\/nhac-cu-phuong-tay\/hoc-danh-trong-cajon-tai-artiest\/\" title=\"H\u1ecdc \u0111\u00e1nh tr\u1ed1ng Cajon t\u1ea1i Artiest\" target=\"\">\n            <div class=\"page-box box has-hover box-overlay dark\">\n                  <div class=\"box-image\" >\n                      <div class=\"box-image image-zoom image-cover\" style=\"padding-top:65%;\">\n                      <img width=\"960\" height=\"640\" src=\"https:\/\/demo.bmconnect.vn\/edu\/wp-content\/uploads\/2017\/10\/dan-guita-5-273.jpg\" class=\"attachment-original size-original\" alt=\"\" loading=\"lazy\" srcset=\"https:\/\/demo.bmconnect.vn\/edu\/wp-content\/uploads\/2017\/10\/dan-guita-5-273.jpg 960w, https:\/\/demo.bmconnect.vn\/edu\/wp-content\/uploads\/2017\/10\/dan-guita-5-273-300x200.jpg 300w, https:\/\/demo.bmconnect.vn\/edu\/wp-content\/uploads\/2017\/10\/dan-guita-5-273-768x512.jpg 768w\" sizes=\"(max-width: 960px) 100vw, 960px\" \/>                      <\/div><!-- image -->\n                      <div class=\"overlay\" style=\"background-color: rgba(0,0,0,.3)\"><\/div>                                        <\/div><!-- box-image -->\n                  <div class=\"box-text text-center\" style=\"background-color:rgba(0, 0, 0, 0.62);\">\n                        <div class=\"box-text-inner\">\n                            <p>H\u1ecdc \u0111\u00e1nh tr\u1ed1ng Cajon t\u1ea1i Artiest<\/p>\n                        <\/div><!-- box-text-inner -->\n                  <\/div><!-- box-text -->\n              <\/div><!-- .image-box .box -->\n            <\/a>\n            <\/div><!-- .col-inner -->\n          <\/div><!-- .col -->\n                 <div class=\"page-col col\" >\n          <div class=\"col-inner\" >\n          <a class=\"plain\" href=\"https:\/\/demo.bmconnect.vn\/edu\/khoa-hoc\/nhac-cu-phuong-tay\/hoc-dan-ukulele-tai-artiest-education\/\" title=\"H\u1ecdc \u0111\u00e0n Ukulele t\u1ea1i Artiest Education\" target=\"\">\n            <div class=\"page-box box has-hover box-overlay dark\">\n                  <div class=\"box-image\" >\n                      <div class=\"box-image image-zoom image-cover\" style=\"padding-top:65%;\">\n                      <img width=\"600\" height=\"600\" src=\"https:\/\/demo.bmconnect.vn\/edu\/wp-content\/uploads\/2017\/10\/DSC06604_grande.jpg\" class=\"attachment-original size-original\" alt=\"\" loading=\"lazy\" srcset=\"https:\/\/demo.bmconnect.vn\/edu\/wp-content\/uploads\/2017\/10\/DSC06604_grande.jpg 600w, https:\/\/demo.bmconnect.vn\/edu\/wp-content\/uploads\/2017\/10\/DSC06604_grande-150x150.jpg 150w, https:\/\/demo.bmconnect.vn\/edu\/wp-content\/uploads\/2017\/10\/DSC06604_grande-300x300.jpg 300w\" sizes=\"(max-width: 600px) 100vw, 600px\" \/>                      <\/div><!-- image -->\n                      <div class=\"overlay\" style=\"background-color: rgba(0,0,0,.3)\"><\/div>                                        <\/div><!-- box-image -->\n                  <div class=\"box-text text-center\" style=\"background-color:rgba(0, 0, 0, 0.62);\">\n                        <div class=\"box-text-inner\">\n                            <p>H\u1ecdc \u0111\u00e0n Ukulele t\u1ea1i Artiest Education<\/p>\n                        <\/div><!-- box-text-inner -->\n                  <\/div><!-- box-text -->\n              <\/div><!-- .image-box .box -->\n            <\/a>\n            <\/div><!-- .col-inner -->\n          <\/div><!-- .col -->\n         <\/div>\n","protected":false},"excerpt":{"rendered":"<p>C\u00c1C M\u00d4N H\u1eccC NH\u1ea0C C\u1ee4 PH\u01af\u01a0NG T\u00c2Y \u00a0\u00c2m nh\u1ea1c th\u1eddi ph\u1ee5c h\u01b0ng \u1edf ph\u01b0\u01a1ng T\u00e2y b\u1eaft \u0111\u1ea7u \u0111i nh\u1eefng b\u01b0\u1edbc non tr\u1ebb, song t\u1eebng b\u01b0\u1edbc c\u00f3 v\u1ecb tr\u00ed v\u1eefng v\u00e0ng. C\u00e1c lo\u1ea1i nh\u1ea1c c\u1ee5 ti\u00eau bi\u1ec3u \u1edf ph\u01b0\u01a1ng T\u00e2y g\u1ed3m: \u0111\u00e0n Luyt, \u0111\u00e0n Oocgan, \u0111\u00e0n Clavecine, \u0111\u00e0n Mandoline, \u0111\u00e0n Guitare, \u0111\u00e0n Vion, \u0111\u00e0n Violon, \u0111\u00e0n [&#8230;]\n","protected":false},"author":1,"featured_media":247,"parent":15,"menu_order":0,"comment_status":"closed","ping_status":"closed","template":"page-right-sidebar.php","meta":[],"_links":{"self":[{"href":"https:\/\/demo.bmconnect.vn\/edu\/wp-json\/wp\/v2\/pages\/263"}],"collection":[{"href":"https:\/\/demo.bmconnect.vn\/edu\/wp-json\/wp\/v2\/pages"}],"about":[{"href":"https:\/\/demo.bmconnect.vn\/edu\/wp-json\/wp\/v2\/types\/page"}],"author":[{"embeddable":true,"href":"https:\/\/demo.bmconnect.vn\/edu\/wp-json\/wp\/v2\/users\/1"}],"replies":[{"embeddable":true,"href":"https:\/\/demo.bmconnect.vn\/edu\/wp-json\/wp\/v2\/comments?post=263"}],"version-history":[{"count":7,"href":"https:\/\/demo.bmconnect.vn\/edu\/wp-json\/wp\/v2\/pages\/263\/revisions"}],"predecessor-version":[{"id":600,"href":"https:\/\/demo.bmconnect.vn\/edu\/wp-json\/wp\/v2\/pages\/263\/revisions\/600"}],"up":[{"embeddable":true,"href":"https:\/\/demo.bmconnect.vn\/edu\/wp-json\/wp\/v2\/pages\/15"}],"wp:featuredmedia":[{"embeddable":true,"href":"https:\/\/demo.bmconnect.vn\/edu\/wp-json\/wp\/v2\/media\/247"}],"wp:attachment":[{"href":"https:\/\/demo.bmconnect.vn\/edu\/wp-json\/wp\/v2\/media?parent=263"}],"curies":[{"name":"wp","href":"https:\/\/api.w.org\/{rel}","templated":true}]}}