{"id":15,"date":"2017-10-11T21:50:51","date_gmt":"2017-10-11T14:50:51","guid":{"rendered":"https:\/\/demo.bmconnect.vn\/edu\/?page_id=15"},"modified":"2017-10-12T18:23:06","modified_gmt":"2017-10-12T11:23:06","slug":"khoa-hoc","status":"publish","type":"page","link":"https:\/\/demo.bmconnect.vn\/edu\/khoa-hoc\/","title":{"rendered":"Kh\u00f3a h\u1ecdc"},"content":{"rendered":"<h2>C\u00c1C KH\u00d3A H\u1eccC <span style=\"color: #ff6600;\">T\u1ea0I TRUNG T\u00c2M<\/span><\/h2>\n<p>Trung t\u00e2m c\u00f3 r\u1ea5t nhi\u1ec1u kh\u00f3a h\u1ecdc khai gi\u1ea3ng th\u01b0\u1eddng xuy\u00ean v\u00e0o ng\u00e0y 10 v\u00e0 15 h\u00e0ng th\u00e1ng. Ph\u1ee5 huynh vui l\u00f2ng \u0111\u0103ng k\u00fd s\u1edbm tr\u01b0\u1edbc ng\u00e0y 5 h\u00e0ng th\u00e1ng \u0111\u1ec3 ti\u1ec7n cho vi\u1ec7c s\u1eafp x\u1ebfp l\u1edbp h\u1ecdc ph\u00f9 h\u1ee3p v\u1edbi s\u1edf th\u00edch v\u00e0 tr\u00ecnh \u0111\u1ed9 c\u1ee7a c\u00e1c con!<\/p>\n\n  \n    <div class=\"row large-columns-3 medium-columns- small-columns-2\">\n          <div class=\"page-col col\" >\n          <div class=\"col-inner\" >\n          <a class=\"plain\" href=\"https:\/\/demo.bmconnect.vn\/edu\/khoa-hoc\/nhac-cu-phuong-tay\/\" title=\"Nh\u1ea1c c\u1ee5 ph\u01b0\u01a1ng T\u00e2y\" target=\"\">\n            <div class=\"page-box box has-hover box-overlay dark\">\n                  <div class=\"box-image\" >\n                      <div class=\"box-image image-cover\" style=\"padding-top:60%;\">\n                      <img width=\"1366\" height=\"460\" src=\"https:\/\/demo.bmconnect.vn\/edu\/wp-content\/uploads\/2017\/10\/bg4.jpg\" class=\"attachment-original size-original\" alt=\"\" loading=\"lazy\" srcset=\"https:\/\/demo.bmconnect.vn\/edu\/wp-content\/uploads\/2017\/10\/bg4.jpg 1366w, https:\/\/demo.bmconnect.vn\/edu\/wp-content\/uploads\/2017\/10\/bg4-300x101.jpg 300w, https:\/\/demo.bmconnect.vn\/edu\/wp-content\/uploads\/2017\/10\/bg4-768x259.jpg 768w, https:\/\/demo.bmconnect.vn\/edu\/wp-content\/uploads\/2017\/10\/bg4-1024x345.jpg 1024w\" sizes=\"(max-width: 1366px) 100vw, 1366px\" \/>                      <\/div><!-- image -->\n                      <div class=\"overlay\" style=\"background-color: rgba(0,0,0,.3)\"><\/div>                                        <\/div><!-- box-image -->\n                  <div class=\"box-text text-center dark\" style=\"background-color:rgba(0, 0, 0, 0.59);\">\n                        <div class=\"box-text-inner\">\n                            <p>Nh\u1ea1c c\u1ee5 ph\u01b0\u01a1ng T\u00e2y<\/p>\n                        <\/div><!-- box-text-inner -->\n                  <\/div><!-- box-text -->\n              <\/div><!-- .image-box .box -->\n            <\/a>\n            <\/div><!-- .col-inner -->\n          <\/div><!-- .col -->\n                 <div class=\"page-col col\" >\n          <div class=\"col-inner\" >\n          <a class=\"plain\" href=\"https:\/\/demo.bmconnect.vn\/edu\/khoa-hoc\/nhac-cu-phuong-tay\/khoa-hoc-dan-piano-co-ban\/\" title=\"Kh\u00f3a h\u1ecdc \u0111\u00e0n Piano c\u01a1 b\u1ea3n\" target=\"\">\n            <div class=\"page-box box has-hover box-overlay dark\">\n                  <div class=\"box-image\" >\n                      <div class=\"box-image image-cover\" style=\"padding-top:60%;\">\n                      <img width=\"600\" height=\"296\" src=\"https:\/\/demo.bmconnect.vn\/edu\/wp-content\/uploads\/2017\/10\/ba-me-kien-tri-sua-tinh-nghich-ngom-cho-con-bang-am-nhac-2697.jpg\" class=\"attachment-original size-original\" alt=\"\" loading=\"lazy\" srcset=\"https:\/\/demo.bmconnect.vn\/edu\/wp-content\/uploads\/2017\/10\/ba-me-kien-tri-sua-tinh-nghich-ngom-cho-con-bang-am-nhac-2697.jpg 600w, https:\/\/demo.bmconnect.vn\/edu\/wp-content\/uploads\/2017\/10\/ba-me-kien-tri-sua-tinh-nghich-ngom-cho-con-bang-am-nhac-2697-300x148.jpg 300w\" sizes=\"(max-width: 600px) 100vw, 600px\" \/>                      <\/div><!-- image -->\n                      <div class=\"overlay\" style=\"background-color: rgba(0,0,0,.3)\"><\/div>                                        <\/div><!-- box-image -->\n                  <div class=\"box-text text-center dark\" style=\"background-color:rgba(0, 0, 0, 0.59);\">\n                        <div class=\"box-text-inner\">\n                            <p>Kh\u00f3a h\u1ecdc \u0111\u00e0n Piano c\u01a1 b\u1ea3n<\/p>\n                        <\/div><!-- box-text-inner -->\n                  <\/div><!-- box-text -->\n              <\/div><!-- .image-box .box -->\n            <\/a>\n            <\/div><!-- .col-inner -->\n          <\/div><!-- .col -->\n                 <div class=\"page-col col\" >\n          <div class=\"col-inner\" >\n          <a class=\"plain\" href=\"https:\/\/demo.bmconnect.vn\/edu\/khoa-hoc\/nhac-cu-phuong-tay\/hoc-choi-dan-organ-keyboard-tai-artiest-thanh-cong\/\" title=\"H\u1ecdc ch\u01a1i \u0111\u00e0n Organ Keyboard t\u1ea1i Artiest th\u00e0nh c\u00f4ng\" target=\"\">\n            <div class=\"page-box box has-hover box-overlay dark\">\n                  <div class=\"box-image\" >\n                      <div class=\"box-image image-cover\" style=\"padding-top:60%;\">\n                      <img width=\"600\" height=\"399\" src=\"https:\/\/demo.bmconnect.vn\/edu\/wp-content\/uploads\/2017\/10\/day-dan-organ-can-tho.jpg\" class=\"attachment-original size-original\" alt=\"\" loading=\"lazy\" srcset=\"https:\/\/demo.bmconnect.vn\/edu\/wp-content\/uploads\/2017\/10\/day-dan-organ-can-tho.jpg 600w, https:\/\/demo.bmconnect.vn\/edu\/wp-content\/uploads\/2017\/10\/day-dan-organ-can-tho-300x200.jpg 300w\" sizes=\"(max-width: 600px) 100vw, 600px\" \/>                      <\/div><!-- image -->\n                      <div class=\"overlay\" style=\"background-color: rgba(0,0,0,.3)\"><\/div>                                        <\/div><!-- box-image -->\n                  <div class=\"box-text text-center dark\" style=\"background-color:rgba(0, 0, 0, 0.59);\">\n                        <div class=\"box-text-inner\">\n                            <p>H\u1ecdc ch\u01a1i \u0111\u00e0n Organ Keyboard t\u1ea1i Artiest th\u00e0nh c\u00f4ng<\/p>\n                        <\/div><!-- box-text-inner -->\n                  <\/div><!-- box-text -->\n              <\/div><!-- .image-box .box -->\n            <\/a>\n            <\/div><!-- .col-inner -->\n          <\/div><!-- .col -->\n                 <div class=\"page-col col\" >\n          <div class=\"col-inner\" >\n          <a class=\"plain\" href=\"https:\/\/demo.bmconnect.vn\/edu\/khoa-hoc\/nhac-cu-phuong-tay\/hoc-dan-guitar-tai-artiest\/\" title=\"H\u1ecdc \u0111\u00e0n Guitar t\u1ea1i Artiest\" target=\"\">\n            <div class=\"page-box box has-hover box-overlay dark\">\n                  <div class=\"box-image\" >\n                      <div class=\"box-image image-cover\" style=\"padding-top:60%;\">\n                      <img width=\"1280\" height=\"720\" src=\"https:\/\/demo.bmconnect.vn\/edu\/wp-content\/uploads\/2017\/10\/maxresdefault.jpg\" class=\"attachment-original size-original\" alt=\"\" loading=\"lazy\" srcset=\"https:\/\/demo.bmconnect.vn\/edu\/wp-content\/uploads\/2017\/10\/maxresdefault.jpg 1280w, https:\/\/demo.bmconnect.vn\/edu\/wp-content\/uploads\/2017\/10\/maxresdefault-300x169.jpg 300w, https:\/\/demo.bmconnect.vn\/edu\/wp-content\/uploads\/2017\/10\/maxresdefault-768x432.jpg 768w, https:\/\/demo.bmconnect.vn\/edu\/wp-content\/uploads\/2017\/10\/maxresdefault-1024x576.jpg 1024w\" sizes=\"(max-width: 1280px) 100vw, 1280px\" \/>                      <\/div><!-- image -->\n                      <div class=\"overlay\" style=\"background-color: rgba(0,0,0,.3)\"><\/div>                                        <\/div><!-- box-image -->\n                  <div class=\"box-text text-center dark\" style=\"background-color:rgba(0, 0, 0, 0.59);\">\n                        <div class=\"box-text-inner\">\n                            <p>H\u1ecdc \u0111\u00e0n Guitar t\u1ea1i Artiest<\/p>\n                        <\/div><!-- box-text-inner -->\n                  <\/div><!-- box-text -->\n              <\/div><!-- .image-box .box -->\n            <\/a>\n            <\/div><!-- .col-inner -->\n          <\/div><!-- .col -->\n                 <div class=\"page-col col\" >\n          <div class=\"col-inner\" >\n          <a class=\"plain\" href=\"https:\/\/demo.bmconnect.vn\/edu\/khoa-hoc\/nhac-cu-phuong-tay\/hoc-dan-violon-tai-artiest\/\" title=\"H\u1ecdc \u0111\u00e0n Violon t\u1ea1i Artiest\" target=\"\">\n            <div class=\"page-box box has-hover box-overlay dark\">\n                  <div class=\"box-image\" >\n                      <div class=\"box-image image-cover\" style=\"padding-top:60%;\">\n                      <img width=\"678\" height=\"300\" src=\"https:\/\/demo.bmconnect.vn\/edu\/wp-content\/uploads\/2017\/10\/violon.jpg\" class=\"attachment-original size-original\" alt=\"\" loading=\"lazy\" srcset=\"https:\/\/demo.bmconnect.vn\/edu\/wp-content\/uploads\/2017\/10\/violon.jpg 678w, https:\/\/demo.bmconnect.vn\/edu\/wp-content\/uploads\/2017\/10\/violon-300x133.jpg 300w\" sizes=\"(max-width: 678px) 100vw, 678px\" \/>                      <\/div><!-- image -->\n                      <div class=\"overlay\" style=\"background-color: rgba(0,0,0,.3)\"><\/div>                                        <\/div><!-- box-image -->\n                  <div class=\"box-text text-center dark\" style=\"background-color:rgba(0, 0, 0, 0.59);\">\n                        <div class=\"box-text-inner\">\n                            <p>H\u1ecdc \u0111\u00e0n Violon t\u1ea1i Artiest<\/p>\n                        <\/div><!-- box-text-inner -->\n                  <\/div><!-- box-text -->\n              <\/div><!-- .image-box .box -->\n            <\/a>\n            <\/div><!-- .col-inner -->\n          <\/div><!-- .col -->\n                 <div class=\"page-col col\" >\n          <div class=\"col-inner\" >\n          <a class=\"plain\" href=\"https:\/\/demo.bmconnect.vn\/edu\/khoa-hoc\/nhac-cu-phuong-tay\/hoc-danh-trong-cajon-tai-artiest\/\" title=\"H\u1ecdc \u0111\u00e1nh tr\u1ed1ng Cajon t\u1ea1i Artiest\" target=\"\">\n            <div class=\"page-box box has-hover box-overlay dark\">\n                  <div class=\"box-image\" >\n                      <div class=\"box-image image-cover\" style=\"padding-top:60%;\">\n                      <img width=\"960\" height=\"640\" src=\"https:\/\/demo.bmconnect.vn\/edu\/wp-content\/uploads\/2017\/10\/dan-guita-5-273.jpg\" class=\"attachment-original size-original\" alt=\"\" loading=\"lazy\" srcset=\"https:\/\/demo.bmconnect.vn\/edu\/wp-content\/uploads\/2017\/10\/dan-guita-5-273.jpg 960w, https:\/\/demo.bmconnect.vn\/edu\/wp-content\/uploads\/2017\/10\/dan-guita-5-273-300x200.jpg 300w, https:\/\/demo.bmconnect.vn\/edu\/wp-content\/uploads\/2017\/10\/dan-guita-5-273-768x512.jpg 768w\" sizes=\"(max-width: 960px) 100vw, 960px\" \/>                      <\/div><!-- image -->\n                      <div class=\"overlay\" style=\"background-color: rgba(0,0,0,.3)\"><\/div>                                        <\/div><!-- box-image -->\n                  <div class=\"box-text text-center dark\" style=\"background-color:rgba(0, 0, 0, 0.59);\">\n                        <div class=\"box-text-inner\">\n                            <p>H\u1ecdc \u0111\u00e1nh tr\u1ed1ng Cajon t\u1ea1i Artiest<\/p>\n                        <\/div><!-- box-text-inner -->\n                  <\/div><!-- box-text -->\n              <\/div><!-- .image-box .box -->\n            <\/a>\n            <\/div><!-- .col-inner -->\n          <\/div><!-- .col -->\n                 <div class=\"page-col col\" >\n          <div class=\"col-inner\" >\n          <a class=\"plain\" href=\"https:\/\/demo.bmconnect.vn\/edu\/khoa-hoc\/nhac-cu-phuong-tay\/hoc-dan-ukulele-tai-artiest-education\/\" title=\"H\u1ecdc \u0111\u00e0n Ukulele t\u1ea1i Artiest Education\" target=\"\">\n            <div class=\"page-box box has-hover box-overlay dark\">\n                  <div class=\"box-image\" >\n                      <div class=\"box-image image-cover\" style=\"padding-top:60%;\">\n                      <img width=\"600\" height=\"600\" src=\"https:\/\/demo.bmconnect.vn\/edu\/wp-content\/uploads\/2017\/10\/DSC06604_grande.jpg\" class=\"attachment-original size-original\" alt=\"\" loading=\"lazy\" srcset=\"https:\/\/demo.bmconnect.vn\/edu\/wp-content\/uploads\/2017\/10\/DSC06604_grande.jpg 600w, https:\/\/demo.bmconnect.vn\/edu\/wp-content\/uploads\/2017\/10\/DSC06604_grande-150x150.jpg 150w, https:\/\/demo.bmconnect.vn\/edu\/wp-content\/uploads\/2017\/10\/DSC06604_grande-300x300.jpg 300w\" sizes=\"(max-width: 600px) 100vw, 600px\" \/>                      <\/div><!-- image -->\n                      <div class=\"overlay\" style=\"background-color: rgba(0,0,0,.3)\"><\/div>                                        <\/div><!-- box-image -->\n                  <div class=\"box-text text-center dark\" style=\"background-color:rgba(0, 0, 0, 0.59);\">\n                        <div class=\"box-text-inner\">\n                            <p>H\u1ecdc \u0111\u00e0n Ukulele t\u1ea1i Artiest Education<\/p>\n                        <\/div><!-- box-text-inner -->\n                  <\/div><!-- box-text -->\n              <\/div><!-- .image-box .box -->\n            <\/a>\n            <\/div><!-- .col-inner -->\n          <\/div><!-- .col -->\n                 <div class=\"page-col col\" >\n          <div class=\"col-inner\" >\n          <a class=\"plain\" href=\"https:\/\/demo.bmconnect.vn\/edu\/khoa-hoc\/nhac-cu-dan-toc\/\" title=\"Nh\u1ea1c c\u1ee5 d\u00e2n t\u1ed9c\" target=\"\">\n            <div class=\"page-box box has-hover box-overlay dark\">\n                  <div class=\"box-image\" >\n                      <div class=\"box-image image-cover\" style=\"padding-top:60%;\">\n                      <img width=\"268\" height=\"188\" src=\"https:\/\/demo.bmconnect.vn\/edu\/wp-content\/uploads\/2017\/10\/t\u1ea3i-xu\u1ed1ng-1.jpg\" class=\"attachment-original size-original\" alt=\"\" loading=\"lazy\" \/>                      <\/div><!-- image -->\n                      <div class=\"overlay\" style=\"background-color: rgba(0,0,0,.3)\"><\/div>                                        <\/div><!-- box-image -->\n                  <div class=\"box-text text-center dark\" style=\"background-color:rgba(0, 0, 0, 0.59);\">\n                        <div class=\"box-text-inner\">\n                            <p>Nh\u1ea1c c\u1ee5 d\u00e2n t\u1ed9c<\/p>\n                        <\/div><!-- box-text-inner -->\n                  <\/div><!-- box-text -->\n              <\/div><!-- .image-box .box -->\n            <\/a>\n            <\/div><!-- .col-inner -->\n          <\/div><!-- .col -->\n                 <div class=\"page-col col\" >\n          <div class=\"col-inner\" >\n          <a class=\"plain\" href=\"https:\/\/demo.bmconnect.vn\/edu\/khoa-hoc\/nhac-cu-dan-toc\/hoc-thoi-sao\/\" title=\"H\u1ecdc th\u1ed5i s\u00e1o\" target=\"\">\n            <div class=\"page-box box has-hover box-overlay dark\">\n                  <div class=\"box-image\" >\n                      <div class=\"box-image image-cover\" style=\"padding-top:60%;\">\n                      <img width=\"261\" height=\"193\" src=\"https:\/\/demo.bmconnect.vn\/edu\/wp-content\/uploads\/2017\/10\/images.jpg\" class=\"attachment-original size-original\" alt=\"\" loading=\"lazy\" \/>                      <\/div><!-- image -->\n                      <div class=\"overlay\" style=\"background-color: rgba(0,0,0,.3)\"><\/div>                                        <\/div><!-- box-image -->\n                  <div class=\"box-text text-center dark\" style=\"background-color:rgba(0, 0, 0, 0.59);\">\n                        <div class=\"box-text-inner\">\n                            <p>H\u1ecdc th\u1ed5i s\u00e1o<\/p>\n                        <\/div><!-- box-text-inner -->\n                  <\/div><!-- box-text -->\n              <\/div><!-- .image-box .box -->\n            <\/a>\n            <\/div><!-- .col-inner -->\n          <\/div><!-- .col -->\n                 <div class=\"page-col col\" >\n          <div class=\"col-inner\" >\n          <a class=\"plain\" href=\"https:\/\/demo.bmconnect.vn\/edu\/khoa-hoc\/nhac-cu-dan-toc\/hoc-dan-bau\/\" title=\"H\u1ecdc \u0111\u00e0n b\u1ea7u\" target=\"\">\n            <div class=\"page-box box has-hover box-overlay dark\">\n                  <div class=\"box-image\" >\n                      <div class=\"box-image image-cover\" style=\"padding-top:60%;\">\n                      <img width=\"321\" height=\"157\" src=\"https:\/\/demo.bmconnect.vn\/edu\/wp-content\/uploads\/2017\/10\/t\u1ea3i-xu\u1ed1ng-2.jpg\" class=\"attachment-original size-original\" alt=\"\" loading=\"lazy\" srcset=\"https:\/\/demo.bmconnect.vn\/edu\/wp-content\/uploads\/2017\/10\/t\u1ea3i-xu\u1ed1ng-2.jpg 321w, https:\/\/demo.bmconnect.vn\/edu\/wp-content\/uploads\/2017\/10\/t\u1ea3i-xu\u1ed1ng-2-300x147.jpg 300w\" sizes=\"(max-width: 321px) 100vw, 321px\" \/>                      <\/div><!-- image -->\n                      <div class=\"overlay\" style=\"background-color: rgba(0,0,0,.3)\"><\/div>                                        <\/div><!-- box-image -->\n                  <div class=\"box-text text-center dark\" style=\"background-color:rgba(0, 0, 0, 0.59);\">\n                        <div class=\"box-text-inner\">\n                            <p>H\u1ecdc \u0111\u00e0n b\u1ea7u<\/p>\n                        <\/div><!-- box-text-inner -->\n                  <\/div><!-- box-text -->\n              <\/div><!-- .image-box .box -->\n            <\/a>\n            <\/div><!-- .col-inner -->\n          <\/div><!-- .col -->\n                 <div class=\"page-col col\" >\n          <div class=\"col-inner\" >\n          <a class=\"plain\" href=\"https:\/\/demo.bmconnect.vn\/edu\/khoa-hoc\/nhac-cu-dan-toc\/hoc-dan-tranh\/\" title=\"H\u1ecdc \u0111\u00e0n tranh\" target=\"\">\n            <div class=\"page-box box has-hover box-overlay dark\">\n                  <div class=\"box-image\" >\n                      <div class=\"box-image image-cover\" style=\"padding-top:60%;\">\n                      <img width=\"275\" height=\"183\" src=\"https:\/\/demo.bmconnect.vn\/edu\/wp-content\/uploads\/2017\/10\/t\u1ea3i-xu\u1ed1ng-3.jpg\" class=\"attachment-original size-original\" alt=\"\" loading=\"lazy\" \/>                      <\/div><!-- image -->\n                      <div class=\"overlay\" style=\"background-color: rgba(0,0,0,.3)\"><\/div>                                        <\/div><!-- box-image -->\n                  <div class=\"box-text text-center dark\" style=\"background-color:rgba(0, 0, 0, 0.59);\">\n                        <div class=\"box-text-inner\">\n                            <p>H\u1ecdc \u0111\u00e0n tranh<\/p>\n                        <\/div><!-- box-text-inner -->\n                  <\/div><!-- box-text -->\n              <\/div><!-- .image-box .box -->\n            <\/a>\n            <\/div><!-- .col-inner -->\n          <\/div><!-- .col -->\n         <\/div>\n","protected":false},"excerpt":{"rendered":"<p>C\u00c1C KH\u00d3A H\u1eccC T\u1ea0I TRUNG T\u00c2M Trung t\u00e2m c\u00f3 r\u1ea5t nhi\u1ec1u kh\u00f3a h\u1ecdc khai gi\u1ea3ng th\u01b0\u1eddng xuy\u00ean v\u00e0o ng\u00e0y 10 v\u00e0 15 h\u00e0ng th\u00e1ng. Ph\u1ee5 huynh vui l\u00f2ng \u0111\u0103ng k\u00fd s\u1edbm tr\u01b0\u1edbc ng\u00e0y 5 h\u00e0ng th\u00e1ng \u0111\u1ec3 ti\u1ec7n cho vi\u1ec7c s\u1eafp x\u1ebfp l\u1edbp h\u1ecdc ph\u00f9 h\u1ee3p v\u1edbi s\u1edf th\u00edch v\u00e0 tr\u00ecnh \u0111\u1ed9 c\u1ee7a c\u00e1c con!<\/p>\n","protected":false},"author":1,"featured_media":0,"parent":0,"menu_order":0,"comment_status":"closed","ping_status":"closed","template":"page-right-sidebar.php","meta":[],"_links":{"self":[{"href":"https:\/\/demo.bmconnect.vn\/edu\/wp-json\/wp\/v2\/pages\/15"}],"collection":[{"href":"https:\/\/demo.bmconnect.vn\/edu\/wp-json\/wp\/v2\/pages"}],"about":[{"href":"https:\/\/demo.bmconnect.vn\/edu\/wp-json\/wp\/v2\/types\/page"}],"author":[{"embeddable":true,"href":"https:\/\/demo.bmconnect.vn\/edu\/wp-json\/wp\/v2\/users\/1"}],"replies":[{"embeddable":true,"href":"https:\/\/demo.bmconnect.vn\/edu\/wp-json\/wp\/v2\/comments?post=15"}],"version-history":[{"count":6,"href":"https:\/\/demo.bmconnect.vn\/edu\/wp-json\/wp\/v2\/pages\/15\/revisions"}],"predecessor-version":[{"id":570,"href":"https:\/\/demo.bmconnect.vn\/edu\/wp-json\/wp\/v2\/pages\/15\/revisions\/570"}],"wp:attachment":[{"href":"https:\/\/demo.bmconnect.vn\/edu\/wp-json\/wp\/v2\/media?parent=15"}],"curies":[{"name":"wp","href":"https:\/\/api.w.org\/{rel}","templated":true}]}}