{"id":13,"date":"2017-10-11T21:50:44","date_gmt":"2017-10-11T14:50:44","guid":{"rendered":"https:\/\/demo.bmconnect.vn\/edu\/?page_id=13"},"modified":"2018-03-03T09:18:25","modified_gmt":"2018-03-03T02:18:25","slug":"gioi-thieu","status":"publish","type":"page","link":"https:\/\/demo.bmconnect.vn\/edu\/gioi-thieu\/","title":{"rendered":"Gi\u1edbi thi\u1ec7u"},"content":{"rendered":"<div class=\"row row-large\"  id=\"row-1846474833\">\n<div class=\"col medium-4 small-12 large-4\"  ><div class=\"col-inner\"  >\n\t<div class=\"img has-hover x md-x lg-x y md-y lg-y\" id=\"image_199543867\">\n\t\t\t\t\t\t\t\t<div class=\"img-inner dark\" >\n\t\t\t<img width=\"600\" height=\"300\" src=\"https:\/\/demo.bmconnect.vn\/edu\/wp-content\/uploads\/2017\/10\/o-KIDS-ARTIST-facebook.jpg\" class=\"attachment-original size-original\" alt=\"\" loading=\"lazy\" srcset=\"https:\/\/demo.bmconnect.vn\/edu\/wp-content\/uploads\/2017\/10\/o-KIDS-ARTIST-facebook.jpg 600w, https:\/\/demo.bmconnect.vn\/edu\/wp-content\/uploads\/2017\/10\/o-KIDS-ARTIST-facebook-300x150.jpg 300w\" sizes=\"(max-width: 600px) 100vw, 600px\" \/>\t\t\t\t\t\t\n\t\t\t\t\t<\/div>\n\t\t\t\t\t\t\t\t\n<style scope=\"scope\">\n\n#image_199543867 {\n  width: 100%;\n}\n<\/style>\n\t<\/div>\n\t\n<p><span style=\"font-size: 90%;\"><strong><span style=\"color: #ff6600;\">\u0110\u1ecba ch\u1ec9:<\/span> <\/strong>S\u1ed1 28 ng\u00f5 18 L\u01b0\u01a1ng Ng\u1ecdc Quy\u1ebfn, H\u00e0 \u0110\u00f4ng, H\u00e0 N\u1ed9i (C\u00e1ch \u0111\u1ea7u ng\u00f5 kho\u1ea3ng 100m).<\/p>\n<p><\/span><strong><span style=\"color: #ff6600;\">\u0110i\u1ec7n tho\u1ea1i:<\/span>\u00a0<\/strong>1900.636.637 &#8211; 0909.009.009<\/p>\n<p><span style=\"color: #ff6600;\"><strong>Email:<\/strong><\/span> webdesign@gmail.com<\/p>\n<p><strong><span style=\"color: #ff6600;\">Website:<\/span><\/strong><\/p>\n<\/div><\/div>\n<div class=\"col medium-8 small-12 large-8\"  ><div class=\"col-inner\"  >\n<h3><span style=\"color: #ff6600;\">Trung t\u00e2m V\u0103n h\u1ecdc Ngh\u1ec7 thu\u1eadt<\/span> Tp. H\u1ed3 Ch\u00ed Minh<\/h3>\n<p class=\"sc_title sc_title_regular\"><span style=\"font-size: 90%;\">\u00c2m nh\u1ea1c v\u00e0 Ngh\u1ec7 thu\u1eadt l\u00e0 m\u1ed9t ph\u1ea7n kh\u00f4ng th\u1ec3 thi\u1ebfu trong qu\u00e1 tr\u00ecnh ph\u00e1t tri\u1ec3n nh\u00e2n c\u00e1ch c\u1ee7a tr\u1ebb nh\u1ecf. C\u00e1c em c\u1ea7n m\u1ed9t s\u00e2n ch\u01a1i l\u00e0nh m\u1ea1nh \u0111\u1ec3 th\u00eam y\u00eau th\u01b0\u01a1ng, g\u1eafn k\u1ebft, \u00a0s\u1ebb chia c\u0169ng nh\u01b0 ph\u00e1t tri\u1ec3n m\u1ecdi K\u1ef9 N\u0103ng S\u1ed1ng c\u1ee7a m\u00ecnh.<\/span><\/p>\n<p class=\"sc_title sc_title_regular\"><span style=\"font-size: 90%;\">\u0110\u1ebfn v\u1edbi Artiest Education, ch\u00fang t\u00f4i mong mu\u1ed1n mang l\u1ea1i nh\u1eefng l\u1ee3i \u00edch thi\u1ebft th\u1ef1c nh\u1ea5t cho s\u1ef1 ph\u00e1t tri\u1ec3n to\u00e0n di\u1ec7n c\u1ea3 v\u1ec1 th\u1ec3 ch\u1ea5t l\u1eabn t\u00e2m h\u1ed3n c\u1ee7a tr\u1ebb, nh\u1eb1m trang b\u1ecb t\u1ed1t nh\u1ea5t cho nh\u1eefng TH\u00c0NH C\u00d4NG TRONG T\u01af\u01a0NG LAI.<\/span><\/p>\n<div class=\"wpb_text_column wpb_content_element \">\n<div class=\"wpb_wrapper\">\n<p><span style=\"font-size: 90%;\">V\u1edbi s\u1ef1 \u0111\u1ea7u t\u01b0 nghi\u00eam t\u00fac v\u1ec1 CH\u1ea4T L\u01af\u1ee2NG CHUY\u00caN M\u00d4N v\u00e0 C\u01a0 S\u1ede V\u1eacT CH\u1ea4T CHU\u1ea8N QU\u1ed0C T\u1ebe, EAA lu\u00f4n mong mu\u1ed1n t\u1ea1o ra m\u1ed9t n\u1ec1n t\u1ea3ng gi\u00e1o d\u1ee5c t\u1ed1t nh\u1ea5t cho Thi\u1ebfu Nhi v\u1ec1 c\u1ea3 T\u00c0I N\u0102NG \u2013 T\u00c2M H\u1ed2N &amp; NH\u00c2N C\u00c1CH.<\/span><\/p>\n<\/div>\n<\/div>\n<\/div><\/div>\n<div class=\"col small-12 large-12\"  ><div class=\"col-inner\"  >\n<p>Xin ch\u00e0o b\u1ea1n \u2013 \u0111\u1ed9c gi\u1ea3,<\/p>\n<p>L\u1eddi \u0111\u1ea7u ti\u00ean, cho ph\u00e9p \u0111\u01b0\u1ee3c g\u1eedi t\u1edbi qu\u00fd kh\u00e1ch, qu\u00fd th\u00e2n nh\u00e2n v\u00e0 b\u1ea1n b\u00e8 l\u1eddi ch\u00fac s\u1ee9c kh\u1ecfe, th\u00e0nh \u0111\u1ea1t v\u00e0 h\u1ea1nh ph\u00fac.<\/p>\n<p>Website \u0111\u01b0\u1ee3c th\u00e0nh l\u1eadp th\u00e1ng 11\/2011 d\u01b0\u1edbi d\u1ea1ng Blog c\u00e1 nh\u00e2n, v\u1edbi m\u1ee5c \u0111\u00edch ban \u0111\u1ea7u l\u00e0 n\u01a1i l\u01b0u tr\u1eef nh\u1eefng b\u00e0i vi\u1ebft ki\u1ebfn th\u1ee9c ho\u1eb7c nh\u1eefng s\u1ea3n ph\u1ea9m s\u00e1ng t\u1ea1o trong qu\u00e1 tr\u00ecnh h\u1ecdc t\u1eadp, l\u00e0m vi\u1ec7c.<\/p>\n<p>Sau m\u1ed9t th\u1eddi gian ho\u1ea1t \u0111\u1ed9ng, website \u0111\u00e3 c\u00f3 nh\u1eefng b\u01b0\u1edbc ti\u1ebfn \u0111\u00e1ng k\u1ec3 c\u1ea3 v\u1ec1 ch\u1ea5t l\u01b0\u1ee3ng v\u00e0 h\u00ecnh th\u1ee9c. S\u1ed1 l\u01b0\u1ee3ng kh\u00e1ch truy c\u1eadp website tr\u1edf th\u00e0nh kh\u00e1ch h\u00e0ng s\u1eed d\u1ee5ng d\u1ecbch v\u1ee5 thi\u1ebft k\u1ebf t\u0103ng l\u00ean \u0111\u00e1ng k\u1ec3. T\u1eeb vi\u1ec7c ch\u0103m ch\u00fat n\u1ed9i dung cho website theo s\u1edf th\u00edch, website \u0111\u00e3 d\u1ea7n chinh ph\u1ee5c kh\u00e1ch h\u00e0ng v\u1edbi nh\u1eefng d\u1ecbch v\u1ee5 thi\u1ebft k\u1ebf s\u00e1ng t\u1ea1o uy t\u00edn v\u00e0 ch\u1ea5t l\u01b0\u1ee3ng.<\/p>\n<p>T\u1ef1 tin v\u1edbi kh\u1ea3 n\u0103ng \u0111\u00e1p \u1ee9ng m\u1ecdi y\u00eau c\u1ea7u thi\u1ebft k\u1ebf c\u1ee7a kh\u00e1ch h\u00e0ng, ch\u00fang t\u00f4i ch\u00ednh th\u1ee9c \u0111em l\u1ea1i d\u1ecbch v\u1ee5 Thi\u1ebft k\u1ebf \u0111\u1ed3 h\u1ecda v\u00e0 Thi\u1ebft k\u1ebf Website chuy\u00ean nghi\u1ec7p t\u1eeb \u0111\u1ea7u n\u0103m 2017. S\u1ef1 \u1ee7ng h\u1ed9 v\u00e0 tin t\u01b0\u1edfng c\u1ee7a kh\u00e1ch h\u00e0ng s\u1ebd tr\u1edf th\u00e0nh ngu\u1ed3n c\u1ea3m h\u1ee9ng l\u1edbn lao cho ch\u00fang t\u00f4i trong qu\u00e1 tr\u00ecnh ph\u00e1c h\u1ecda nh\u1eefng \u00fd t\u01b0\u1edfng thi\u1ebft k\u1ebf \u0111\u01b0\u1ee3c tr\u1edf th\u00e0nh hi\u1ec7n th\u1ef1c.<\/p>\n<p>Xin c\u00e1m \u01a1n s\u1ef1 tin t\u01b0\u1edfng v\u00e0 \u1ee7ng h\u1ed9 c\u1ee7a qu\u00fd kh\u00e1ch trong th\u1eddi gian qua.<\/p>\n<p>Tr\u00e2n tr\u1ecdng.\/.<\/p>\n<p>Admin<\/p>\n<\/div><\/div>\n\n<style scope=\"scope\">\n\n<\/style>\n<\/div>\n","protected":false},"excerpt":{"rendered":"","protected":false},"author":1,"featured_media":0,"parent":0,"menu_order":0,"comment_status":"closed","ping_status":"closed","template":"","meta":[],"_links":{"self":[{"href":"https:\/\/demo.bmconnect.vn\/edu\/wp-json\/wp\/v2\/pages\/13"}],"collection":[{"href":"https:\/\/demo.bmconnect.vn\/edu\/wp-json\/wp\/v2\/pages"}],"about":[{"href":"https:\/\/demo.bmconnect.vn\/edu\/wp-json\/wp\/v2\/types\/page"}],"author":[{"embeddable":true,"href":"https:\/\/demo.bmconnect.vn\/edu\/wp-json\/wp\/v2\/users\/1"}],"replies":[{"embeddable":true,"href":"https:\/\/demo.bmconnect.vn\/edu\/wp-json\/wp\/v2\/comments?post=13"}],"version-history":[{"count":13,"href":"https:\/\/demo.bmconnect.vn\/edu\/wp-json\/wp\/v2\/pages\/13\/revisions"}],"predecessor-version":[{"id":630,"href":"https:\/\/demo.bmconnect.vn\/edu\/wp-json\/wp\/v2\/pages\/13\/revisions\/630"}],"wp:attachment":[{"href":"https:\/\/demo.bmconnect.vn\/edu\/wp-json\/wp\/v2\/media?parent=13"}],"curies":[{"name":"wp","href":"https:\/\/api.w.org\/{rel}","templated":true}]}}