{"id":26,"date":"2018-04-22T09:09:43","date_gmt":"2018-04-22T02:09:43","guid":{"rendered":"http:\/\/duocpham3.ninhbinhweb.net\/?page_id=26"},"modified":"2018-09-25T23:38:57","modified_gmt":"2018-09-25T16:38:57","slug":"lien-he","status":"publish","type":"page","link":"https:\/\/demo.bmconnect.vn\/duocpham3\/lien-he\/","title":{"rendered":"Li\u00ean h\u1ec7"},"content":{"rendered":"<div class=\"row\"  id=\"row-937610340\">\n\n\t<div id=\"col-634392126\" class=\"col medium-6 small-12 large-6\"  >\n\t\t\t\t<div class=\"col-inner\"  >\n\t\t\t\n\t\t\t\n<h2><span style=\"font-size: 150%; color: #000000;\">Th\u00f4ng tin li\u00ean h\u1ec7:<\/span><\/h2>\n<p><span style=\"color: #000000;\"><strong>Ph\u00e2n ph\u1ed1i \u0111\u1ed9c quy\u1ec1n:<\/strong>\u00a0C\u00f4ng Ty CP Phoenik-Pharma Vietnam<\/span><br \/><span style=\"color: #000000;\"> S\u1ed1 8\/47\/43 L\u00e2m Du, B\u1ed3 \u0110\u1ec1, Long Bi\u00ean, H\u00e0 N\u1ed9i<\/span><\/p>\n<p><span style=\"color: #000000;\"><strong>V\u0103n ph\u00f2ng \u0111\u1ea1i di\u1ec7n:<\/strong>\u00a0S\u1ed1 25, Ng\u00f5 131 Th\u00e1i H\u00e0, \u0110\u1ed1ng \u0110a, H\u00e0 N\u1ed9i<\/span><\/p>\n<p><span style=\"color: #000000;\"><strong>Hotline<\/strong>: 0936144133<\/span><\/p>\n\t\t<\/div>\n\t\t\t\t\t<\/div>\n\n\t\n\n\t<div id=\"col-1123425231\" class=\"col medium-6 small-12 large-6\"  >\n\t\t\t\t<div class=\"col-inner\"  >\n\t\t\t\n\t\t\t\n<h2 style=\"text-align: left;\"><span style=\"color: #000000; font-size: 150%;\">Li\u00ean h\u1ec7 mua h\u00e0ng<\/span><\/h2>\n<div role=\"form\" class=\"wpcf7\" id=\"wpcf7-f1025-o1\" lang=\"vi\" dir=\"ltr\">\n<div class=\"screen-reader-response\"><p role=\"status\" aria-live=\"polite\" aria-atomic=\"true\"><\/p> <ul><\/ul><\/div>\n<form action=\"\/duocpham3\/wp-json\/wp\/v2\/pages\/26#wpcf7-f1025-o1\" method=\"post\" class=\"wpcf7-form init\" novalidate=\"novalidate\" data-status=\"init\">\n<div style=\"display: none;\">\n<input type=\"hidden\" name=\"_wpcf7\" value=\"1025\" \/>\n<input type=\"hidden\" name=\"_wpcf7_version\" value=\"5.4.2\" \/>\n<input type=\"hidden\" name=\"_wpcf7_locale\" value=\"vi\" \/>\n<input type=\"hidden\" name=\"_wpcf7_unit_tag\" value=\"wpcf7-f1025-o1\" \/>\n<input type=\"hidden\" name=\"_wpcf7_container_post\" value=\"0\" \/>\n<input type=\"hidden\" name=\"_wpcf7_posted_data_hash\" value=\"\" \/>\n<\/div>\n<div class=\"form-dat-hang\">\n<div class=\"title\">\n<h3 class=\"tieu-de\">\u0110\u1eb7t mua s\u1ea3n ph\u1ea9m<\/h3>\n<\/div>\n<p><span class=\"wpcf7-form-control-wrap text-378\"><input type=\"text\" name=\"text-378\" value=\"\" size=\"40\" class=\"wpcf7-form-control wpcf7-text wpcf7-validates-as-required\" aria-required=\"true\" aria-invalid=\"false\" placeholder=\"H\u1ecd v\u00e0 t\u00ean...\" \/><\/span><br \/>\n<span class=\"wpcf7-form-control-wrap tel-565\"><input type=\"tel\" name=\"tel-565\" value=\"\" size=\"40\" class=\"wpcf7-form-control wpcf7-text wpcf7-tel wpcf7-validates-as-required wpcf7-validates-as-tel\" aria-required=\"true\" aria-invalid=\"false\" placeholder=\"S\u1ed1 \u0111i\u1ec7n tho\u1ea1i...\" \/><\/span><br \/>\n<span class=\"wpcf7-form-control-wrap menu-719\"><select name=\"menu-719\" class=\"wpcf7-form-control wpcf7-select\" aria-invalid=\"false\"><option value=\"S\u1ed1 l\u01b0\u1ee3ng mua\">S\u1ed1 l\u01b0\u1ee3ng mua<\/option><option value=\"1 h\u1ed9p = 150K + 20K ship\">1 h\u1ed9p = 150K + 20K ship<\/option><option value=\"2 h\u1ed9p = 300K FREE SHIP + t\u1eb7ng l\u01b0\u1ee3c nhu\u1ed9m t\u00f3c 20k\">2 h\u1ed9p = 300K FREE SHIP + t\u1eb7ng l\u01b0\u1ee3c nhu\u1ed9m t\u00f3c 20k<\/option><option value=\"4 h\u1ed9p = 600K FREESHIP + T\u1eb7ng l\u01b0\u1ee3c nhu\u1ed9m t\u00f3c 20k+ 1 h\u1ed9p l\u00e1 th\u01a1m g\u1ed9i \u0111\u1ea7u 80k\">4 h\u1ed9p = 600K FREESHIP + T\u1eb7ng l\u01b0\u1ee3c nhu\u1ed9m t\u00f3c 20k+ 1 h\u1ed9p l\u00e1 th\u01a1m g\u1ed9i \u0111\u1ea7u 80k<\/option><\/select><\/span><br \/>\n<input type=\"submit\" value=\"\u0110\u1eb7t h\u00e0ng ngay\" class=\"wpcf7-form-control wpcf7-submit\" \/>\n<\/p><\/div>\n<div class=\"wpcf7-response-output\" aria-hidden=\"true\"><\/div><\/form><\/div>\n\t\t<\/div>\n\t\t\t\t\t<\/div>\n\n\t\n<\/div>\n","protected":false},"excerpt":{"rendered":"","protected":false},"author":1,"featured_media":0,"parent":0,"menu_order":0,"comment_status":"closed","ping_status":"closed","template":"page-right-sidebar.php","meta":[],"_links":{"self":[{"href":"https:\/\/demo.bmconnect.vn\/duocpham3\/wp-json\/wp\/v2\/pages\/26"}],"collection":[{"href":"https:\/\/demo.bmconnect.vn\/duocpham3\/wp-json\/wp\/v2\/pages"}],"about":[{"href":"https:\/\/demo.bmconnect.vn\/duocpham3\/wp-json\/wp\/v2\/types\/page"}],"author":[{"embeddable":true,"href":"https:\/\/demo.bmconnect.vn\/duocpham3\/wp-json\/wp\/v2\/users\/1"}],"replies":[{"embeddable":true,"href":"https:\/\/demo.bmconnect.vn\/duocpham3\/wp-json\/wp\/v2\/comments?post=26"}],"version-history":[{"count":0,"href":"https:\/\/demo.bmconnect.vn\/duocpham3\/wp-json\/wp\/v2\/pages\/26\/revisions"}],"wp:attachment":[{"href":"https:\/\/demo.bmconnect.vn\/duocpham3\/wp-json\/wp\/v2\/media?parent=26"}],"curies":[{"name":"wp","href":"https:\/\/api.w.org\/{rel}","templated":true}]}}