{"id":35,"date":"2018-10-02T08:36:20","date_gmt":"2018-10-02T01:36:20","guid":{"rendered":"https:\/\/demo.bmconnect.vn\/dongphuc\/?page_id=35"},"modified":"2018-10-11T23:16:17","modified_gmt":"2018-10-11T16:16:17","slug":"gioi-thieu","status":"publish","type":"page","link":"https:\/\/demo.bmconnect.vn\/dongphuc\/gioi-thieu\/","title":{"rendered":"Gi\u1edbi thi\u1ec7u"},"content":{"rendered":"<p>X\u01b0\u1edfng may Anh Th\u01b0 xin k\u00ednh ch\u00e0o qu\u00fd kh\u00e1ch!<\/p>\n<p>Ho\u1ea1t \u0111\u1ed9ng t\u1eeb n\u0103m 2013 t\u1edbi nay, xu\u1ea5t ph\u00e1t \u0111i\u1ec3m l\u00e0 m\u1ed9t x\u01b0\u1edfng may \u0111\u1ed3 nh\u1ecf l\u1ebb ch\u1ec9 v\u1edbi 2 m\u00e1y may. Cho t\u1edbi nay, ch\u00fang t\u00f4i \u0111\u00e3 ph\u00e1t tri\u1ec3n th\u1ea7n k\u1ef3 v\u00e0 tr\u1edf th\u00e0nh m\u1ed9t trong nh\u1eefng x\u01b0\u1edfng may gia c\u00f4ng \u0111\u1ed3ng ph\u1ee5c l\u1edbn v\u00e0 c\u00f3 uy t\u00edn t\u1ea1i H\u00e0 N\u1ed9i.<\/p>\n<p>V\u1edbi quy m\u00f4 hi\u1ec7n t\u1ea1i l\u00ean t\u1edbi h\u01a1n 50 m\u00e1y may, v\u1edbi g\u1ea7n 50 nh\u00e2n c\u00f4ng l\u00e0m vi\u1ec7c li\u00ean t\u1ee5c trong nh\u00e0 x\u01b0\u1edfng r\u1ed9ng &gt;300m2 t\u1ea1i khu v\u1ef1c Mai \u0110\u1ed9ng, ch\u00fang t\u00f4i t\u1ef1 h\u00e0o v\u1edbi t\u1ed1c \u0111\u1ed9 ph\u00e1t tri\u1ec3n c\u1ee7a m\u00ecnh v\u00e0 c\u0169ng h\u1ebft l\u00f2ng c\u00e1m \u01a1n s\u1ef1 tin t\u01b0\u1edfng, \u1ee7ng h\u1ed9 c\u1ee7a \u0111\u00f4ng \u0111\u1ea3o qu\u00fd kh\u00e1ch v\u00e0 \u0111\u1ed1i t\u00e1c trong su\u1ed1t th\u1eddi gian qua.<\/p>\n<p>V\u1edbi t\u1ea5t c\u1ea3 nh\u1eefng th\u00e0nh qu\u1ea3 \u0111\u00e3 \u0111\u1ea1t \u0111\u01b0\u1ee3c, ch\u00fang t\u00f4i t\u1ef1 tin cung c\u1ea5p cho qu\u00fd kh\u00e1ch h\u00e0ng nh\u1eefng d\u1ecbch v\u1ee5 \u01b0u vi\u1ec7t c\u00f9ng nh\u1eefng s\u1ea3n ph\u1ea9m ch\u1ea5t l\u01b0\u1ee3ng nh\u1ea5t, \u0111\u1eb7c bi\u1ec7t trong l\u0129nh v\u1ef1c \u0111\u1ed3ng ph\u1ee5c m\u1ea7m non.<\/p>\n<p>T\u1ea1i Anh Th\u01b0, ch\u00fang t\u00f4i \u0111ang cung c\u1ea5p d\u1ecbch v\u1ee5 ch\u00ednh l\u00e0:<\/p>\n<ul>\n<li>Thi\u1ebft k\u1ebf &#8211; may gia c\u00f4ng \u00e1o \u0111\u1ed3ng ph\u1ee5c l\u1edbp, \u00e1o nh\u00f3m, \u00e1o l\u1edbp&#8230;<\/li>\n<li>Thi\u1ebft k\u1ebf &#8211; may \u00e1o \u0111\u00f4i, \u00e1o t\u00ecnh nh\u00e2n, \u00e1o gia \u0111\u00ecnh,&#8230;<\/li>\n<li>Thi\u1ebft k\u1ebf &#8211; may \u00e1o \u0111\u1ed3ng ph\u1ee5c m\u1ea7m non, \u00e1o \u0111\u1ed3ng ph\u1ee5c gi\u00e1o vi\u00ean,&#8230;<\/li>\n<li>Thi\u1ebft k\u1ebf &#8211; may \u00e1o \u0111\u1ed3ng ph\u1ee5c c\u00f4ng ty, \u00e1o l\u1ec5 t\u00e2n, \u00e1o nh\u00e2n vi\u00ean b\u00e1n h\u00e0ng,&#8230;<\/li>\n<li>V\u00e0 r\u1ea5t nhi\u1ec1u l\u0129nh v\u1ef1c kh\u00e1c li\u00ean quan \u0111\u1ebfn may m\u1eb7c.<\/li>\n<\/ul>\n<p>M\u1ed7i l\u0129nh v\u1ef1c \u0111\u1ec1u c\u00f3 nh\u1eefng \u0111\u1eb7c \u0111i\u1ec3m ri\u00eang v\u00e0 c\u1ea7n nh\u1eefng t\u1ef7 m\u1ef7 c\u1ee5 th\u1ec3 trong tay ngh\u1ec1 v\u00e0 trong s\u1ef1 nhi\u1ec7t huy\u1ebft c\u1ee7a ngh\u1ec1 nghi\u1ec7p. Ch\u00fang t\u00f4i lu\u00f4n lu\u00f4n c\u1ed1 g\u1eafng kh\u00f4ng ng\u1eebng \u0111\u1ec3 l\u00e0m th\u1ecfa m\u00e3n m\u1ecdi nhu c\u1ea7u c\u1ee7a qu\u00fd kh\u00e1ch h\u00e0ng v\u1ec1 h\u00ecnh th\u1ee9c v\u00e0 ch\u1ea5t l\u01b0\u1ee3ng s\u1ea3n ph\u1ea9m.<\/p>\n<p>K\u00ednh mong trong th\u1eddi gian t\u1edbi ch\u00fang t\u00f4i v\u1eabn lu\u00f4n nh\u1eadn \u0111\u01b0\u1ee3c s\u1ef1 \u01b0u \u00e1i c\u1ee7a qu\u00fd kh\u00e1ch h\u00e0ng nhi\u1ec1u h\u01a1n n\u1eefa, \u0111\u1ec3 m\u1ed7i s\u1ea3n ph\u1ea9m c\u1ee7a ch\u00fang t\u00f4i xu\u1ea5t hi\u1ec7n tr\u00ean th\u1ecb tr\u01b0\u1eddng \u0111\u1ec1u l\u00e0 ni\u1ec1m t\u1ef1 h\u00e0o v\u00e0 nhi\u1ec7t huy\u1ebft \u0111\u1ebfn c\u00f9ng nh\u1eb1m ph\u1ee5c v\u1ee5 kh\u00e1ch h\u00e0ng t\u1ed1t nh\u1ea5t.<\/p>\n<p>Ch\u00fac qu\u00fd kh\u00e1ch h\u00e0ng lu\u00f4n m\u1ea1nh kh\u1ecfe v\u00e0 b\u00ecnh an.<\/p>\n<p>Tr\u00e2n tr\u1ecdng.\/.<\/p>\n<p>X\u01b0\u1edfng may Anh Th\u01b0<\/p>\n<p><span style=\"color: #ff0000;\"><strong>X\u01b0\u1edfng may \u0111\u1ed3ng ph\u1ee5c Anh Th\u01b0<\/strong><\/span><\/p>\n<ul>\n<li><strong>\u0110\u1ecba ch\u1ec9:<\/strong>\u00a0G\u1ea7n c\u1ea7u Mai L\u0129nh, H\u00e0 \u0110\u00f4ng, H\u00e0 N\u1ed9i<\/li>\n<li><strong>\u0110i\u1ec7n tho\u1ea1i:<\/strong>\u00a00971.384.636<\/li>\n<li><strong>Email:<\/strong>\u00a0taovietcuongvcu@gmail.com<\/li>\n<li><strong>Website:<\/strong>\u00a0<a href=\"http:\/\/dongphucanhthu.vn\/\">www.dongphucanhthu.vn<\/a><\/li>\n<\/ul>\n<p>&nbsp;<\/p>\n","protected":false},"excerpt":{"rendered":"<p>X\u01b0\u1edfng may Anh Th\u01b0 xin k\u00ednh ch\u00e0o qu\u00fd kh\u00e1ch! Ho\u1ea1t \u0111\u1ed9ng t\u1eeb n\u0103m 2013 t\u1edbi nay, xu\u1ea5t ph\u00e1t \u0111i\u1ec3m l\u00e0 m\u1ed9t x\u01b0\u1edfng may \u0111\u1ed3 nh\u1ecf l\u1ebb ch\u1ec9 v\u1edbi 2 m\u00e1y may. Cho t\u1edbi nay, ch\u00fang t\u00f4i \u0111\u00e3 ph\u00e1t tri\u1ec3n th\u1ea7n k\u1ef3 v\u00e0 tr\u1edf th\u00e0nh m\u1ed9t trong nh\u1eefng x\u01b0\u1edfng may gia c\u00f4ng \u0111\u1ed3ng ph\u1ee5c l\u1edbn v\u00e0 &#8230;<\/p>\n","protected":false},"author":1,"featured_media":0,"parent":0,"menu_order":0,"comment_status":"closed","ping_status":"closed","template":"page-right-sidebar.php","meta":[],"_links":{"self":[{"href":"https:\/\/demo.bmconnect.vn\/dongphuc\/wp-json\/wp\/v2\/pages\/35"}],"collection":[{"href":"https:\/\/demo.bmconnect.vn\/dongphuc\/wp-json\/wp\/v2\/pages"}],"about":[{"href":"https:\/\/demo.bmconnect.vn\/dongphuc\/wp-json\/wp\/v2\/types\/page"}],"author":[{"embeddable":true,"href":"https:\/\/demo.bmconnect.vn\/dongphuc\/wp-json\/wp\/v2\/users\/1"}],"replies":[{"embeddable":true,"href":"https:\/\/demo.bmconnect.vn\/dongphuc\/wp-json\/wp\/v2\/comments?post=35"}],"version-history":[{"count":0,"href":"https:\/\/demo.bmconnect.vn\/dongphuc\/wp-json\/wp\/v2\/pages\/35\/revisions"}],"wp:attachment":[{"href":"https:\/\/demo.bmconnect.vn\/dongphuc\/wp-json\/wp\/v2\/media?parent=35"}],"curies":[{"name":"wp","href":"https:\/\/api.w.org\/{rel}","templated":true}]}}